{"id":30035,"date":"2021-01-16T16:10:19","date_gmt":"2021-01-16T15:10:19","guid":{"rendered":"https:\/\/helvident.ch\/?page_id=30035"},"modified":"2021-07-27T14:05:20","modified_gmt":"2021-07-27T12:05:20","slug":"dental-practice-in-lausanne","status":"publish","type":"page","link":"https:\/\/helvident.ch\/en\/dental-practice-in-lausanne\/","title":{"rendered":"Dental practice Lausanne"},"content":{"rendered":"<p>At Helvident, we welcome you and your loved ones to a high-quality dental clinic staffed by qualified professionals in a comfortable environment. In addition to a wide range of general, preventive, restorative and cosmetic dental treatments, we offer state-of-the-art treatments in St-Sulpice, just outside Lausanne, such as 3D radiography, thanks to our qualified dentists and dental hygienists.<\/p>\n\n\n\n<p class=\"has-text-align-left\">Moreover, we use the latest training and technology in everything we do, so our Helvident dental clinic 5 min from Lausanne guarantees you the best possible experience and results. Call today or come and see us - we look forward to meeting you to discuss your dental care!<img decoding=\"async\" src=\"\"><\/p>\n\n\n\n<div class=\"wp-block-image\"><figure class=\"aligncenter size-large is-resized\"><img loading=\"lazy\" decoding=\"async\" src=\"https:\/\/helvident.ch\/wp-content\/uploads\/2021\/01\/cabinet_dentaire_lausanne-7-1024x870.jpg\" alt=\"dentist in lausanne\" class=\"wp-image-30041\" width=\"320\" height=\"272\" srcset=\"https:\/\/helvident.ch\/wp-content\/uploads\/2021\/01\/cabinet_dentaire_lausanne-7-1024x870.jpg 1024w, https:\/\/helvident.ch\/wp-content\/uploads\/2021\/01\/cabinet_dentaire_lausanne-7-300x255.jpg 300w, https:\/\/helvident.ch\/wp-content\/uploads\/2021\/01\/cabinet_dentaire_lausanne-7-768x652.jpg 768w, https:\/\/helvident.ch\/wp-content\/uploads\/2021\/01\/cabinet_dentaire_lausanne-7-1536x1304.jpg 1536w, https:\/\/helvident.ch\/wp-content\/uploads\/2021\/01\/cabinet_dentaire_lausanne-7-scaled.jpg 2048w\" sizes=\"auto, (max-width: 320px) 100vw, 320px\" \/><\/figure><\/div>\n\n\n\n<h2 class=\"wp-block-heading\">Why should I go to Helvident?<\/h2>\n\n\n\n<p>Our main practice and associates each have decades of experience as dentists. We also have a dental technician to fabricate dental products on site, reducing your waiting time.<\/p>\n\n\n\n<p>A wide variety of treatments under one roof, making it easier for our dentists to discuss your situation, ensuring continuity of dental treatment.<\/p>\n\n\n\n<p>Our spacious, modern reception area offers a pleasant environment while you wait for your dental appointment with your dentist.<\/p>\n\n\n\n<p>Appointments that suit you - we work Monday to Friday, so treatment is available at your convenience in our Lausanne dental practice.<\/p>\n\n\n\n<h3 class=\"wp-block-heading\">H<strong>oratory opening hours :<\/strong><\/h3>\n\n\n\n<p><strong>Monday to Friday <\/strong>with flexible appointment times (between noon and 1 p.m.) are available to meet your needs<\/p>\n\n\n\n<div class=\"wp-block-image\"><figure class=\"aligncenter size-large is-resized\"><img loading=\"lazy\" decoding=\"async\" src=\"https:\/\/helvident.ch\/wp-content\/uploads\/2021\/01\/cabinet_dentaire_lausanne-8-1024x575.jpg\" alt=\"opening hours dentist in Lausanne\" class=\"wp-image-30042\" width=\"418\" height=\"234\" srcset=\"https:\/\/helvident.ch\/wp-content\/uploads\/2021\/01\/cabinet_dentaire_lausanne-8-1024x575.jpg 1024w, https:\/\/helvident.ch\/wp-content\/uploads\/2021\/01\/cabinet_dentaire_lausanne-8-300x168.jpg 300w, https:\/\/helvident.ch\/wp-content\/uploads\/2021\/01\/cabinet_dentaire_lausanne-8-768x431.jpg 768w, https:\/\/helvident.ch\/wp-content\/uploads\/2021\/01\/cabinet_dentaire_lausanne-8-1536x863.jpg 1536w, https:\/\/helvident.ch\/wp-content\/uploads\/2021\/01\/cabinet_dentaire_lausanne-8-scaled.jpg 2048w\" sizes=\"auto, (max-width: 418px) 100vw, 418px\" \/><\/figure><\/div>\n\n\n\n<h2 class=\"wp-block-heading\"><strong>What is the dental clinic's treatment strategy?<\/strong><\/h2>\n\n\n\n<p>Our highly qualified, competent and welcoming team looks after all patients with care, dignity and comfort. Everyone in the team, from the reception staff to the practice founder, has the same caring attitude. We're straightforward and transparent, explaining all aspects of treatment from the 1st meeting, including price, so you can make an informed decision about whether to proceed.<\/p>\n\n\n\n<h2 class=\"wp-block-heading\">What products and equipment are used by our dentists in St-Sulpice near Lausanne?<\/h2>\n\n\n\n<ol class=\"wp-block-list\"><li>High-quality titanium dental implants that include a safe chewing base equal to natural teeth<\/li><li>Our teeth whitening method guarantees the whitest shade available in Lausanne, Switzerland.<\/li><li>Transparent, reversible aligners for a beautiful, pain-free smile<\/li><li>Porcelain and ceramic crowns, bridges, veneers, fillings and prostheses to match your natural teeth<\/li><\/ol>\n\n\n\n<div class=\"wp-block-image\"><figure class=\"aligncenter size-large is-resized\"><img loading=\"lazy\" decoding=\"async\" src=\"https:\/\/helvident.ch\/wp-content\/uploads\/2021\/01\/cabinet_dentaire_lausanne-10-1024x821.jpg\" alt=\"dental practice equipment\" class=\"wp-image-30044\" width=\"359\" height=\"288\" srcset=\"https:\/\/helvident.ch\/wp-content\/uploads\/2021\/01\/cabinet_dentaire_lausanne-10-1024x821.jpg 1024w, https:\/\/helvident.ch\/wp-content\/uploads\/2021\/01\/cabinet_dentaire_lausanne-10-300x241.jpg 300w, https:\/\/helvident.ch\/wp-content\/uploads\/2021\/01\/cabinet_dentaire_lausanne-10-768x616.jpg 768w, https:\/\/helvident.ch\/wp-content\/uploads\/2021\/01\/cabinet_dentaire_lausanne-10-1536x1232.jpg 1536w, https:\/\/helvident.ch\/wp-content\/uploads\/2021\/01\/cabinet_dentaire_lausanne-10-scaled.jpg 2048w\" sizes=\"auto, (max-width: 359px) 100vw, 359px\" \/><\/figure><\/div>\n\n\n\n<h2 class=\"wp-block-heading\">What does our cosmetic dentistry practice in Lausanne do?<\/h2>\n\n\n\n<p>This is the division of dentistry that looks after the appearance of your teeth.<\/p>\n\n\n\n<p>The dental care treatments we offer include:<\/p>\n\n\n\n<h3 class=\"wp-block-heading\">Teeth whitening<\/h3>\n\n\n\n<p>At Helvident in St-Sulpice near Lausanne, we aim to provide the latest and perhaps most affordable aesthetic dentistry tailored to our patients' needs. Our experienced and highly qualified team of dentists is dedicated to providing the highest level of customer support on our second floor, a truly pleasant environment in the Lausanne region.<\/p>\n\n\n\n<p>We pride ourselves on finding a solution to every dental problem or even developing a new smile for our patients. Our reception staff will welcome you, making sure you feel comfortable and safe in our treatment.<\/p>\n\n\n\n<div class=\"wp-block-image\"><figure class=\"aligncenter size-large is-resized\"><img loading=\"lazy\" decoding=\"async\" src=\"https:\/\/helvident.ch\/wp-content\/uploads\/2021\/01\/cabinet_dentaire_lausanne-4-683x1024.jpg\" alt=\"tooth whitening at the dentist\" class=\"wp-image-30038\" width=\"320\" height=\"479\" srcset=\"https:\/\/helvident.ch\/wp-content\/uploads\/2021\/01\/cabinet_dentaire_lausanne-4-683x1024.jpg 683w, https:\/\/helvident.ch\/wp-content\/uploads\/2021\/01\/cabinet_dentaire_lausanne-4-200x300.jpg 200w, https:\/\/helvident.ch\/wp-content\/uploads\/2021\/01\/cabinet_dentaire_lausanne-4-768x1152.jpg 768w, https:\/\/helvident.ch\/wp-content\/uploads\/2021\/01\/cabinet_dentaire_lausanne-4-1024x1536.jpg 1024w, https:\/\/helvident.ch\/wp-content\/uploads\/2021\/01\/cabinet_dentaire_lausanne-4-scaled.jpg 1365w\" sizes=\"auto, (max-width: 320px) 100vw, 320px\" \/><\/figure><\/div>\n\n\n\n<p>Teeth whitening with our&nbsp;<strong>dental hygienists <\/strong>is the simplest, most economical way to brighten up your smile, remove stains and discolor your teeth, giving them a whiter appearance. Our oxygenation process also reduces plaque and eliminates bleeding gums and the risk of gum disease.<\/p>\n\n\n\n<p>Our dental practice in Lausanne, Helvident provides a complete dental service, from preventive treatment and dental hygiene to restorative and cosmetic surgery. All facilities are available at our dental clinic near Lausanne, and our dental hygienist will suggest a suitable treatment.<\/p>\n\n\n\n<h3 class=\"wp-block-heading\">Dental implants by a dentist<\/h3>\n\n\n\n<p>Missing teeth can make you feel less confident when you smile, but they can also weaken surrounding teeth and damage bone structure. At our dental practice in Lausanne, our specialist dentist will take care of your implants. You'll be able to smile again, and you'll have the courage to eat whatever you want - no need to resist steaks, apples or a piece of bread.<\/p>\n\n\n\n<div class=\"wp-block-image\"><figure class=\"aligncenter size-large is-resized\"><img loading=\"lazy\" decoding=\"async\" src=\"https:\/\/helvident.ch\/wp-content\/uploads\/2021\/01\/cabinet_dentaire_lausanne-3-1024x683.jpg\" alt=\"dental implant in lausanne\" class=\"wp-image-30037\" width=\"316\" height=\"210\" srcset=\"https:\/\/helvident.ch\/wp-content\/uploads\/2021\/01\/cabinet_dentaire_lausanne-3-1024x683.jpg 1024w, https:\/\/helvident.ch\/wp-content\/uploads\/2021\/01\/cabinet_dentaire_lausanne-3-300x200.jpg 300w, https:\/\/helvident.ch\/wp-content\/uploads\/2021\/01\/cabinet_dentaire_lausanne-3-768x512.jpg 768w, https:\/\/helvident.ch\/wp-content\/uploads\/2021\/01\/cabinet_dentaire_lausanne-3-1536x1024.jpg 1536w, https:\/\/helvident.ch\/wp-content\/uploads\/2021\/01\/cabinet_dentaire_lausanne-3-scaled.jpg 2048w\" sizes=\"auto, (max-width: 316px) 100vw, 316px\" \/><\/figure><\/div>\n\n\n\n<h3 class=\"wp-block-heading\">Invisalign<\/h3>\n\n\n\n<p>Get a confident smile that can make a difference with the right care today. This highly successful treatment procedure uses a <a href=\"https:\/\/helvident.ch\/en\/services\/orthodontics-with-invisible-aligners\/\">series of customized aligners<\/a> to move teeth gradually. It's now a choice for patients who feel self-conscious about wearing visible fixed braces, and also available for treatment in Lausanne.<\/p>\n\n\n\n<h3 class=\"wp-block-heading\">Dental care near Lausanne<\/h3>\n\n\n\n<p class=\"has-text-align-left\">General dental care involves the diagnosis, prevention and treatment of a wide variety of diseases and disorders that can affect the teeth, gums and jaw. It includes automated X-rays, routine check-ups, daily brushing and polishing. Photos of your teeth are displayed on the screen to give you and your loved ones a concrete idea of the type of care you'll need. Dentists can also offer oral health and periodontal care to patients of all age groups.<\/p>\n\n\n\n<div class=\"wp-block-image\"><figure class=\"aligncenter size-large is-resized\"><img loading=\"lazy\" decoding=\"async\" src=\"https:\/\/helvident.ch\/wp-content\/uploads\/2021\/01\/cabinet_dentaire_lausanne-2-683x1024.jpg\" alt=\"\" class=\"wp-image-30046\" width=\"246\" height=\"369\" srcset=\"https:\/\/helvident.ch\/wp-content\/uploads\/2021\/01\/cabinet_dentaire_lausanne-2-683x1024.jpg 683w, https:\/\/helvident.ch\/wp-content\/uploads\/2021\/01\/cabinet_dentaire_lausanne-2-200x300.jpg 200w, https:\/\/helvident.ch\/wp-content\/uploads\/2021\/01\/cabinet_dentaire_lausanne-2-768x1152.jpg 768w, https:\/\/helvident.ch\/wp-content\/uploads\/2021\/01\/cabinet_dentaire_lausanne-2-1024x1536.jpg 1024w, https:\/\/helvident.ch\/wp-content\/uploads\/2021\/01\/cabinet_dentaire_lausanne-2-scaled.jpg 1365w\" sizes=\"auto, (max-width: 246px) 100vw, 246px\" \/><\/figure><\/div>\n\n\n\n<p><\/p>","protected":false},"excerpt":{"rendered":"<p>Chez Helvident, nous vous accueillons, vous et vos proches, dans une clinique dentaire de haute qualit\u00e9 ou pratique des professionnels qualifi\u00e9s et cela dans un environnement confortable. En plus d&#8217;une grande vari\u00e9t\u00e9 de traitement dentaires g\u00e9n\u00e9raux, pr\u00e9ventifs, r\u00e9parateurs et cosm\u00e9tiques nous offrons \u00e0 St-Sulpice, aux portes de Lausanne des traitements \u00e0 la pointe de la [&#8230;]\n","protected":false},"author":1,"featured_media":30046,"parent":0,"menu_order":0,"comment_status":"closed","ping_status":"closed","template":"","meta":{"_acf_changed":false,"footnotes":""},"class_list":["post-30035","page","type-page","status-publish","has-post-thumbnail","hentry"],"acf":[],"yoast_head":"<!-- This site is optimized with the Yoast SEO plugin v27.3 - https:\/\/yoast.com\/product\/yoast-seo-wordpress\/ -->\n<title>D\u00e9couvrez Cabinet dentaire Lausanne - Helvident<\/title>\n<meta name=\"description\" content=\"Votre cabinet dentaire \u00e0 Lausanne, pour vous et vos proches, une qualit\u00e9 \u00e9prouv\u00e9e depuis plus de 15 ans et des prix abordables !\" \/>\n<meta name=\"robots\" content=\"index, follow, max-snippet:-1, max-image-preview:large, max-video-preview:-1\" \/>\n<link rel=\"canonical\" href=\"https:\/\/helvident.ch\/en\/dental-practice-in-lausanne\/\" \/>\n<meta property=\"og:locale\" content=\"en_US\" \/>\n<meta property=\"og:type\" content=\"article\" \/>\n<meta property=\"og:title\" content=\"D\u00e9couvrez Cabinet dentaire Lausanne - Helvident\" \/>\n<meta property=\"og:description\" content=\"Votre cabinet dentaire \u00e0 Lausanne, pour vous et vos proches, une qualit\u00e9 \u00e9prouv\u00e9e depuis plus de 15 ans et des prix abordables !\" \/>\n<meta property=\"og:url\" content=\"https:\/\/helvident.ch\/en\/dental-practice-in-lausanne\/\" \/>\n<meta property=\"og:site_name\" content=\"Helvident\" \/>\n<meta property=\"article:publisher\" content=\"https:\/\/www.facebook.com\/Helvident-Centre-Dentaire-Fribourg-SA-408825345872856\/\" \/>\n<meta property=\"article:modified_time\" content=\"2021-07-27T12:05:20+00:00\" \/>\n<meta property=\"og:image\" content=\"https:\/\/helvident.ch\/wp-content\/uploads\/2021\/01\/cabinet_dentaire_lausanne-2-scaled.jpg\" \/>\n\t<meta property=\"og:image:width\" content=\"1365\" \/>\n\t<meta property=\"og:image:height\" content=\"2048\" \/>\n\t<meta property=\"og:image:type\" content=\"image\/jpeg\" \/>\n<meta name=\"twitter:card\" content=\"summary_large_image\" \/>\n<meta name=\"twitter:label1\" content=\"Est. reading time\" \/>\n\t<meta name=\"twitter:data1\" content=\"6 minutes\" \/>\n<script type=\"application\/ld+json\" class=\"yoast-schema-graph\">{\"@context\":\"https:\\\/\\\/schema.org\",\"@graph\":[{\"@type\":\"WebPage\",\"@id\":\"https:\\\/\\\/helvident.ch\\\/cabinet-dentaire-a-lausanne\\\/\",\"url\":\"https:\\\/\\\/helvident.ch\\\/cabinet-dentaire-a-lausanne\\\/\",\"name\":\"D\u00e9couvrez Cabinet dentaire Lausanne - Helvident\",\"isPartOf\":{\"@id\":\"https:\\\/\\\/helvident.ch\\\/#website\"},\"primaryImageOfPage\":{\"@id\":\"https:\\\/\\\/helvident.ch\\\/cabinet-dentaire-a-lausanne\\\/#primaryimage\"},\"image\":{\"@id\":\"https:\\\/\\\/helvident.ch\\\/cabinet-dentaire-a-lausanne\\\/#primaryimage\"},\"thumbnailUrl\":\"https:\\\/\\\/helvident.ch\\\/wp-content\\\/uploads\\\/2021\\\/01\\\/cabinet_dentaire_lausanne-2-scaled.jpg\",\"datePublished\":\"2021-01-16T15:10:19+00:00\",\"dateModified\":\"2021-07-27T12:05:20+00:00\",\"description\":\"Votre cabinet dentaire \u00e0 Lausanne, pour vous et vos proches, une qualit\u00e9 \u00e9prouv\u00e9e depuis plus de 15 ans et des prix abordables !\",\"breadcrumb\":{\"@id\":\"https:\\\/\\\/helvident.ch\\\/cabinet-dentaire-a-lausanne\\\/#breadcrumb\"},\"inLanguage\":\"en-US\",\"potentialAction\":[{\"@type\":\"ReadAction\",\"target\":[\"https:\\\/\\\/helvident.ch\\\/cabinet-dentaire-a-lausanne\\\/\"]}]},{\"@type\":\"ImageObject\",\"inLanguage\":\"en-US\",\"@id\":\"https:\\\/\\\/helvident.ch\\\/cabinet-dentaire-a-lausanne\\\/#primaryimage\",\"url\":\"https:\\\/\\\/helvident.ch\\\/wp-content\\\/uploads\\\/2021\\\/01\\\/cabinet_dentaire_lausanne-2-scaled.jpg\",\"contentUrl\":\"https:\\\/\\\/helvident.ch\\\/wp-content\\\/uploads\\\/2021\\\/01\\\/cabinet_dentaire_lausanne-2-scaled.jpg\",\"width\":1365,\"height\":2048},{\"@type\":\"BreadcrumbList\",\"@id\":\"https:\\\/\\\/helvident.ch\\\/cabinet-dentaire-a-lausanne\\\/#breadcrumb\",\"itemListElement\":[{\"@type\":\"ListItem\",\"position\":1,\"name\":\"Home\",\"item\":\"https:\\\/\\\/helvident.ch\\\/\"},{\"@type\":\"ListItem\",\"position\":2,\"name\":\"Cabinet dentaire Lausanne\"}]},{\"@type\":\"WebSite\",\"@id\":\"https:\\\/\\\/helvident.ch\\\/#website\",\"url\":\"https:\\\/\\\/helvident.ch\\\/\",\"name\":\"Helvident\",\"description\":\"Cliniques Dentaires Lausanne - Aigle - Friboug\",\"publisher\":{\"@id\":\"https:\\\/\\\/helvident.ch\\\/#organization\"},\"potentialAction\":[{\"@type\":\"SearchAction\",\"target\":{\"@type\":\"EntryPoint\",\"urlTemplate\":\"https:\\\/\\\/helvident.ch\\\/?s={search_term_string}\"},\"query-input\":{\"@type\":\"PropertyValueSpecification\",\"valueRequired\":true,\"valueName\":\"search_term_string\"}}],\"inLanguage\":\"en-US\"},{\"@type\":\"Organization\",\"@id\":\"https:\\\/\\\/helvident.ch\\\/#organization\",\"name\":\"Helvident - Cliniques Dentaires\",\"url\":\"https:\\\/\\\/helvident.ch\\\/\",\"logo\":{\"@type\":\"ImageObject\",\"inLanguage\":\"en-US\",\"@id\":\"https:\\\/\\\/helvident.ch\\\/#\\\/schema\\\/logo\\\/image\\\/\",\"url\":\"https:\\\/\\\/helvident.ch\\\/wp-content\\\/uploads\\\/2019\\\/06\\\/logo@2x.png\",\"contentUrl\":\"https:\\\/\\\/helvident.ch\\\/wp-content\\\/uploads\\\/2019\\\/06\\\/logo@2x.png\",\"width\":502,\"height\":120,\"caption\":\"Helvident - Cliniques Dentaires\"},\"image\":{\"@id\":\"https:\\\/\\\/helvident.ch\\\/#\\\/schema\\\/logo\\\/image\\\/\"},\"sameAs\":[\"https:\\\/\\\/www.facebook.com\\\/Helvident-Centre-Dentaire-Fribourg-SA-408825345872856\\\/\"]}]}<\/script>\n<!-- \/ Yoast SEO plugin. -->","yoast_head_json":{"title":"Discover Cabinet dentaire Lausanne - Helvident","description":"Your dental practice in Lausanne, for you and your loved ones, proven quality for over 15 years and affordable prices!","robots":{"index":"index","follow":"follow","max-snippet":"max-snippet:-1","max-image-preview":"max-image-preview:large","max-video-preview":"max-video-preview:-1"},"canonical":"https:\/\/helvident.ch\/en\/dental-practice-in-lausanne\/","og_locale":"en_US","og_type":"article","og_title":"D\u00e9couvrez Cabinet dentaire Lausanne - Helvident","og_description":"Votre cabinet dentaire \u00e0 Lausanne, pour vous et vos proches, une qualit\u00e9 \u00e9prouv\u00e9e depuis plus de 15 ans et des prix abordables !","og_url":"https:\/\/helvident.ch\/en\/dental-practice-in-lausanne\/","og_site_name":"Helvident","article_publisher":"https:\/\/www.facebook.com\/Helvident-Centre-Dentaire-Fribourg-SA-408825345872856\/","article_modified_time":"2021-07-27T12:05:20+00:00","og_image":[{"width":1365,"height":2048,"url":"https:\/\/helvident.ch\/wp-content\/uploads\/2021\/01\/cabinet_dentaire_lausanne-2-scaled.jpg","type":"image\/jpeg"}],"twitter_card":"summary_large_image","twitter_misc":{"Est. reading time":"6 minutes"},"schema":{"@context":"https:\/\/schema.org","@graph":[{"@type":"WebPage","@id":"https:\/\/helvident.ch\/cabinet-dentaire-a-lausanne\/","url":"https:\/\/helvident.ch\/cabinet-dentaire-a-lausanne\/","name":"Discover Cabinet dentaire Lausanne - Helvident","isPartOf":{"@id":"https:\/\/helvident.ch\/#website"},"primaryImageOfPage":{"@id":"https:\/\/helvident.ch\/cabinet-dentaire-a-lausanne\/#primaryimage"},"image":{"@id":"https:\/\/helvident.ch\/cabinet-dentaire-a-lausanne\/#primaryimage"},"thumbnailUrl":"https:\/\/helvident.ch\/wp-content\/uploads\/2021\/01\/cabinet_dentaire_lausanne-2-scaled.jpg","datePublished":"2021-01-16T15:10:19+00:00","dateModified":"2021-07-27T12:05:20+00:00","description":"Your dental practice in Lausanne, for you and your loved ones, proven quality for over 15 years and affordable prices!","breadcrumb":{"@id":"https:\/\/helvident.ch\/cabinet-dentaire-a-lausanne\/#breadcrumb"},"inLanguage":"en-US","potentialAction":[{"@type":"ReadAction","target":["https:\/\/helvident.ch\/cabinet-dentaire-a-lausanne\/"]}]},{"@type":"ImageObject","inLanguage":"en-US","@id":"https:\/\/helvident.ch\/cabinet-dentaire-a-lausanne\/#primaryimage","url":"https:\/\/helvident.ch\/wp-content\/uploads\/2021\/01\/cabinet_dentaire_lausanne-2-scaled.jpg","contentUrl":"https:\/\/helvident.ch\/wp-content\/uploads\/2021\/01\/cabinet_dentaire_lausanne-2-scaled.jpg","width":1365,"height":2048},{"@type":"BreadcrumbList","@id":"https:\/\/helvident.ch\/cabinet-dentaire-a-lausanne\/#breadcrumb","itemListElement":[{"@type":"ListItem","position":1,"name":"Home","item":"https:\/\/helvident.ch\/"},{"@type":"ListItem","position":2,"name":"Cabinet dentaire Lausanne"}]},{"@type":"WebSite","@id":"https:\/\/helvident.ch\/#website","url":"https:\/\/helvident.ch\/","name":"Helvident","description":"Cliniques Dentaires Lausanne - Aigle - Friboug","publisher":{"@id":"https:\/\/helvident.ch\/#organization"},"potentialAction":[{"@type":"SearchAction","target":{"@type":"EntryPoint","urlTemplate":"https:\/\/helvident.ch\/?s={search_term_string}"},"query-input":{"@type":"PropertyValueSpecification","valueRequired":true,"valueName":"search_term_string"}}],"inLanguage":"en-US"},{"@type":"Organization","@id":"https:\/\/helvident.ch\/#organization","name":"Helvident - Dental Clinics","url":"https:\/\/helvident.ch\/","logo":{"@type":"ImageObject","inLanguage":"en-US","@id":"https:\/\/helvident.ch\/#\/schema\/logo\/image\/","url":"https:\/\/helvident.ch\/wp-content\/uploads\/2019\/06\/logo@2x.png","contentUrl":"https:\/\/helvident.ch\/wp-content\/uploads\/2019\/06\/logo@2x.png","width":502,"height":120,"caption":"Helvident - Cliniques Dentaires"},"image":{"@id":"https:\/\/helvident.ch\/#\/schema\/logo\/image\/"},"sameAs":["https:\/\/www.facebook.com\/Helvident-Centre-Dentaire-Fribourg-SA-408825345872856\/"]}]}},"_links":{"self":[{"href":"https:\/\/helvident.ch\/en\/wp-json\/wp\/v2\/pages\/30035","targetHints":{"allow":["GET"]}}],"collection":[{"href":"https:\/\/helvident.ch\/en\/wp-json\/wp\/v2\/pages"}],"about":[{"href":"https:\/\/helvident.ch\/en\/wp-json\/wp\/v2\/types\/page"}],"author":[{"embeddable":true,"href":"https:\/\/helvident.ch\/en\/wp-json\/wp\/v2\/users\/1"}],"replies":[{"embeddable":true,"href":"https:\/\/helvident.ch\/en\/wp-json\/wp\/v2\/comments?post=30035"}],"version-history":[{"count":5,"href":"https:\/\/helvident.ch\/en\/wp-json\/wp\/v2\/pages\/30035\/revisions"}],"predecessor-version":[{"id":30245,"href":"https:\/\/helvident.ch\/en\/wp-json\/wp\/v2\/pages\/30035\/revisions\/30245"}],"wp:featuredmedia":[{"embeddable":true,"href":"https:\/\/helvident.ch\/en\/wp-json\/wp\/v2\/media\/30046"}],"wp:attachment":[{"href":"https:\/\/helvident.ch\/en\/wp-json\/wp\/v2\/media?parent=30035"}],"curies":[{"name":"wp","href":"https:\/\/api.w.org\/{rel}","templated":true}]}}