{"id":29884,"date":"2020-10-14T08:16:08","date_gmt":"2020-10-14T06:16:08","guid":{"rendered":"https:\/\/helvident.ch\/?page_id=29884"},"modified":"2021-01-16T16:07:11","modified_gmt":"2021-01-16T15:07:11","slug":"orthodontics-with-invisible-aligners","status":"publish","type":"page","link":"https:\/\/helvident.ch\/en\/services\/orthodontics-with-invisible-aligners\/","title":{"rendered":"Orthodontics with invisible aligners"},"content":{"rendered":"<section class=\"section need-toping\" id=\"section_816483918\">\n\t\t<div class=\"section-bg fill\" >\n\t\t\t\t\t\t\t\t\t\n\t\t\t\n\n\t\t<\/div>\n\n\t\t\n\n\t\t<div class=\"section-content relative\">\n\t\t\t\n\n\n  <div class=\"banner has-hover\" id=\"banner-287470732\">\n          <div class=\"banner-inner fill\">\n        <div class=\"banner-bg fill\" >\n            <img loading=\"lazy\" decoding=\"async\" width=\"1920\" height=\"350\" src=\"https:\/\/helvident.ch\/wp-content\/uploads\/2019\/06\/orthodontie-1.jpg\" class=\"bg attachment-original size-original\" alt=\"\" \/>                                    \n                    <\/div>\n\t\t\n        <div class=\"banner-layers container\">\n            <div class=\"fill banner-link\"><\/div>            \n\n   <div id=\"text-box-607237295\" class=\"text-box banner-layer x0 md-x50 lg-x50 y100 md-y50 lg-y50 res-text\">\n                                <div class=\"text-box-content text dark\">\n              \n              <div class=\"text-inner text-left\">\n                  \n\n<h1><span style=\"font-size: 75%;\">Orthodontics with invisible aligners<\/span><\/h1>\n\n              <\/div>\n           <\/div>\n                            \n<style>\n#text-box-607237295 {\n  width: 98%;\n}\n#text-box-607237295 .text-box-content {\n  font-size: 100%;\n}\n<\/style>\n    <\/div>\n \n\n        <\/div>\n      <\/div>\n\n            \n<style>\n#banner-287470732 {\n  padding-top: 300px;\n}\n#banner-287470732 .banner-bg img {\n  object-position: 61% 97%;\n}\n<\/style>\n  <\/div>\n\n\n\n\t\t<\/div>\n\n\t\t\n<style>\n#section_816483918 {\n  padding-top: 0px;\n  padding-bottom: 0px;\n}\n<\/style>\n\t<\/section>\n\t\n\n\t<section class=\"section\" id=\"section_1907934968\">\n\t\t<div class=\"section-bg fill\" >\n\t\t\t\t\t\t\t\t\t\n\t\t\t\n\n\t\t<\/div>\n\n\t\t\n\n\t\t<div class=\"section-content relative\">\n\t\t\t\n\n<div class=\"row\"  id=\"row-597206166\">\n\n\n\t<div id=\"col-848457490\" class=\"col small-12 large-12\"  >\n\t\t\t\t<div class=\"col-inner text-left\"  >\n\t\t\t\n\t\t\t\n\n<p style=\"text-align:justify\">While some people have beautiful natural smiles, others have had to struggle to get their teeth perfectly aligned. In fact, the transition to metal braces was not easy for everyone at the time. Fortunately, today there have been many advances in dentistry, particularly in orthodontics. Say goodbye to unsightly smiles with the new invisible aligners!<\/p>\n\n\t\t<\/div>\n\t\t\t\t\n<style>\n#col-848457490 > .col-inner {\n  padding: 30px 0px 0px 0px;\n}\n<\/style>\n\t<\/div>\n\n\t\n\n<\/div>\n<div class=\"row align-middle\"  id=\"row-916914197\">\n\n\n\t<div id=\"col-1259273175\" class=\"col medium-12 small-12 large-6\"  >\n\t\t\t\t<div class=\"col-inner\"  >\n\t\t\t\n\t\t\t\n\n<div class=\"container section-title-container\" ><h2 class=\"section-title section-title-normal\"><b aria-hidden=\"true\"><\/b><span class=\"section-title-main\" >ORTHODONTIC TREATMENTS<\/span><b aria-hidden=\"true\"><\/b><\/h2><\/div>\n\n<p style=\"text-align:justify\">Orthodontics is one of many dental specialties, and can be prescribed for patients of all ages. Orthodontics can be indispensable for correcting malpositioned teeth and bones. A professional orthodontist will define the nature of the problem and the most appropriate dental appliance for each case. So don't hesitate to contact a professional! <\/p>\n<p style=\"text-align:justify\">Generally speaking, orthodontic treatment is essential when a person has overlapping teeth, a malocclusion, misaligned teeth or a shifted jaw. Today, there are many choices when it comes to braces. Depending on the case, they can be fixed, removable, semi-removable or bone-anchored. In some cases, oral surgery may be required. <\/p>\n\n\t\t<\/div>\n\t\t\t\t\t<\/div>\n\n\t\n\n\t<div id=\"col-2031797937\" class=\"col medium-6 small-12 large-6\"  >\n\t\t\t\t<div class=\"col-inner\"  >\n\t\t\t\n\t\t\t\n\n<div class=\"video video-fit mb video_helv\" style=\"padding-top:56.25%;\"><div style=\"width: 640px;\" class=\"wp-video\"><video class=\"wp-video-shortcode\" id=\"video-29884-1\" width=\"640\" height=\"360\" preload=\"metadata\" controls=\"controls\"><source type=\"video\/mp4\" src=\"https:\/\/helvident.ch\/wp-content\/uploads\/2020\/10\/HELVIDENT-TRAITEMENT-V2.mp4?_=1\" \/><a href=\"https:\/\/helvident.ch\/wp-content\/uploads\/2020\/10\/HELVIDENT-TRAITEMENT-V2.mp4\">https:\/\/helvident.ch\/wp-content\/uploads\/2020\/10\/HELVIDENT-TRAITEMENT-V2.mp4<\/a><\/video><\/div><\/div>\n\n\n\t\t<\/div>\n\t\t\t\t\t<\/div>\n\n\t\n\n<\/div>\n<div class=\"row\"  id=\"row-331985564\">\n\n\n\t<div id=\"col-1046299356\" class=\"col medium-12 small-12 large-12\"  >\n\t\t\t\t<div class=\"col-inner\"  >\n\t\t\t\n\t\t\t\n\n\t<div id=\"gap-1417302722\" class=\"gap-element clearfix\" style=\"display:block; height:auto;\">\n\t\t\n<style>\n#gap-1417302722 {\n  padding-top: 30px;\n}\n<\/style>\n\t<\/div>\n\t\n\n<div class=\"container section-title-container\" ><h2 class=\"section-title section-title-normal\"><b aria-hidden=\"true\"><\/b><span class=\"section-title-main\" >WHAT IS INVISIBLE ALIGNER ORTHODONTICS?<\/span><b aria-hidden=\"true\"><\/b><\/h2><\/div>\n\n<div class=\"row\"  id=\"row-992970484\">\n\n\n\t<div id=\"col-1948280730\" class=\"col medium-6 small-12 large-6\"  >\n\t\t\t\t<div class=\"col-inner\"  >\n\t\t\t\n\t\t\t\n\n<div class=\"video video-fit mb video_helv\" style=\"padding-top:56.25%;\"><p><div style=\"width: 640px;\" class=\"wp-video\"><video class=\"wp-video-shortcode\" id=\"video-29884-2\" width=\"640\" height=\"360\" preload=\"metadata\" controls=\"controls\"><source type=\"video\/mp4\" src=\"https:\/\/helvident.ch\/wp-content\/uploads\/2020\/10\/HELVIDENT-AVANTAGES-V2-sans-decalage.mp4?_=2\" \/><a href=\"https:\/\/helvident.ch\/wp-content\/uploads\/2020\/10\/HELVIDENT-AVANTAGES-V2-sans-decalage.mp4\">https:\/\/helvident.ch\/wp-content\/uploads\/2020\/10\/HELVIDENT-AVANTAGES-V2-sans-decalage.mp4<\/a><\/video><\/div><\/p>\n<\/div>\n\n\n\t\t<\/div>\n\t\t\t\t\t<\/div>\n\n\t\n\n\t<div id=\"col-648302560\" class=\"col medium-6 small-12 large-6\"  >\n\t\t\t\t<div class=\"col-inner\"  >\n\t\t\t\n\t\t\t\n\n<p style=\"text-align:justify\">Orthodontics with invisible aligners is one of the many solutions available for orthodontic treatment. They are recommended for correcting misalignment of teeth, lack of space in the jaw, excessive spacing between teeth, or misalignment between upper and lower teeth.<\/p>\n<p style=\"text-align:justify\">Invisible aligners work quite simply. The patient receives a transparent aligner that is discreet yet comfortable. This will be perfectly adapted to the patient's dental impression. These are removable braces that need to be changed every two weeks, and worn for at least 20 hours a day. Treatment with invisible aligners generally lasts between 6 and 18 months, depending on the patient. <\/p>\n\n\t\t<\/div>\n\t\t\t\t\t<\/div>\n\n\t\n\n<\/div>\n\n\t\t<\/div>\n\t\t\t\t\t<\/div>\n\n\t\n\n<\/div>\n\n\t\t<\/div>\n\n\t\t\n<style>\n#section_1907934968 {\n  padding-top: 0px;\n  padding-bottom: 0px;\n}\n<\/style>\n\t<\/section>","protected":false},"excerpt":{"rendered":"","protected":false},"author":4,"featured_media":0,"parent":29057,"menu_order":0,"comment_status":"closed","ping_status":"closed","template":"page-blank.php","meta":{"_acf_changed":false,"footnotes":""},"class_list":["post-29884","page","type-page","status-publish","hentry"],"acf":[],"yoast_head":"<!-- This site is optimized with the Yoast SEO plugin v27.3 - https:\/\/yoast.com\/product\/yoast-seo-wordpress\/ -->\n<title>L\u2019orthodontie, sp\u00e9cialit\u00e9 dentaire - HELVIDENT SUISSE<\/title>\n<meta name=\"description\" content=\"L\u2019orthodontie est une sp\u00e9cialit\u00e9 de la m\u00e9decine dentaire. D\u00e9couvrez les services de nos cliniques dentaires \u00e0 Lausanne, Aigle, et Fribourg\" \/>\n<meta name=\"robots\" content=\"index, follow, max-snippet:-1, max-image-preview:large, max-video-preview:-1\" \/>\n<link rel=\"canonical\" href=\"https:\/\/helvident.ch\/en\/services\/orthodontics-with-invisible-aligners\/\" \/>\n<meta property=\"og:locale\" content=\"en_US\" \/>\n<meta property=\"og:type\" content=\"article\" \/>\n<meta property=\"og:title\" content=\"L\u2019orthodontie, sp\u00e9cialit\u00e9 dentaire - HELVIDENT SUISSE\" \/>\n<meta property=\"og:description\" content=\"L\u2019orthodontie est une sp\u00e9cialit\u00e9 de la m\u00e9decine dentaire. D\u00e9couvrez les services de nos cliniques dentaires \u00e0 Lausanne, Aigle, et Fribourg\" \/>\n<meta property=\"og:url\" content=\"https:\/\/helvident.ch\/en\/services\/orthodontics-with-invisible-aligners\/\" \/>\n<meta property=\"og:site_name\" content=\"Helvident\" \/>\n<meta property=\"article:publisher\" content=\"https:\/\/www.facebook.com\/Helvident-Centre-Dentaire-Fribourg-SA-408825345872856\/\" \/>\n<meta property=\"article:modified_time\" content=\"2021-01-16T15:07:11+00:00\" \/>\n<meta name=\"twitter:card\" content=\"summary_large_image\" \/>\n<meta name=\"twitter:label1\" content=\"Est. reading time\" \/>\n\t<meta name=\"twitter:data1\" content=\"2 minutes\" \/>\n<script type=\"application\/ld+json\" class=\"yoast-schema-graph\">{\"@context\":\"https:\\\/\\\/schema.org\",\"@graph\":[{\"@type\":\"WebPage\",\"@id\":\"https:\\\/\\\/helvident.ch\\\/services\\\/orthodontie-par-aligneurs-invisibles\\\/\",\"url\":\"https:\\\/\\\/helvident.ch\\\/services\\\/orthodontie-par-aligneurs-invisibles\\\/\",\"name\":\"L\u2019orthodontie, sp\u00e9cialit\u00e9 dentaire - HELVIDENT SUISSE\",\"isPartOf\":{\"@id\":\"https:\\\/\\\/helvident.ch\\\/#website\"},\"datePublished\":\"2020-10-14T06:16:08+00:00\",\"dateModified\":\"2021-01-16T15:07:11+00:00\",\"description\":\"L\u2019orthodontie est une sp\u00e9cialit\u00e9 de la m\u00e9decine dentaire. D\u00e9couvrez les services de nos cliniques dentaires \u00e0 Lausanne, Aigle, et Fribourg\",\"breadcrumb\":{\"@id\":\"https:\\\/\\\/helvident.ch\\\/services\\\/orthodontie-par-aligneurs-invisibles\\\/#breadcrumb\"},\"inLanguage\":\"en-US\",\"potentialAction\":[{\"@type\":\"ReadAction\",\"target\":[\"https:\\\/\\\/helvident.ch\\\/services\\\/orthodontie-par-aligneurs-invisibles\\\/\"]}]},{\"@type\":\"BreadcrumbList\",\"@id\":\"https:\\\/\\\/helvident.ch\\\/services\\\/orthodontie-par-aligneurs-invisibles\\\/#breadcrumb\",\"itemListElement\":[{\"@type\":\"ListItem\",\"position\":1,\"name\":\"Home\",\"item\":\"https:\\\/\\\/helvident.ch\\\/\"},{\"@type\":\"ListItem\",\"position\":2,\"name\":\"Services\",\"item\":\"https:\\\/\\\/helvident.ch\\\/services\\\/\"},{\"@type\":\"ListItem\",\"position\":3,\"name\":\"Orthodontie par aligneurs invisibles\"}]},{\"@type\":\"WebSite\",\"@id\":\"https:\\\/\\\/helvident.ch\\\/#website\",\"url\":\"https:\\\/\\\/helvident.ch\\\/\",\"name\":\"Helvident\",\"description\":\"Cliniques Dentaires Lausanne - Aigle - Friboug\",\"publisher\":{\"@id\":\"https:\\\/\\\/helvident.ch\\\/#organization\"},\"potentialAction\":[{\"@type\":\"SearchAction\",\"target\":{\"@type\":\"EntryPoint\",\"urlTemplate\":\"https:\\\/\\\/helvident.ch\\\/?s={search_term_string}\"},\"query-input\":{\"@type\":\"PropertyValueSpecification\",\"valueRequired\":true,\"valueName\":\"search_term_string\"}}],\"inLanguage\":\"en-US\"},{\"@type\":\"Organization\",\"@id\":\"https:\\\/\\\/helvident.ch\\\/#organization\",\"name\":\"Helvident - Cliniques Dentaires\",\"url\":\"https:\\\/\\\/helvident.ch\\\/\",\"logo\":{\"@type\":\"ImageObject\",\"inLanguage\":\"en-US\",\"@id\":\"https:\\\/\\\/helvident.ch\\\/#\\\/schema\\\/logo\\\/image\\\/\",\"url\":\"https:\\\/\\\/helvident.ch\\\/wp-content\\\/uploads\\\/2019\\\/06\\\/logo@2x.png\",\"contentUrl\":\"https:\\\/\\\/helvident.ch\\\/wp-content\\\/uploads\\\/2019\\\/06\\\/logo@2x.png\",\"width\":502,\"height\":120,\"caption\":\"Helvident - Cliniques Dentaires\"},\"image\":{\"@id\":\"https:\\\/\\\/helvident.ch\\\/#\\\/schema\\\/logo\\\/image\\\/\"},\"sameAs\":[\"https:\\\/\\\/www.facebook.com\\\/Helvident-Centre-Dentaire-Fribourg-SA-408825345872856\\\/\"]}]}<\/script>\n<!-- \/ Yoast SEO plugin. -->","yoast_head_json":{"title":"Orthodontics, a dental specialty - HELVIDENT SUISSE","description":"Orthodontics is a specialty of dentistry. Discover the services offered by our dental clinics in Lausanne, Aigle and Fribourg.","robots":{"index":"index","follow":"follow","max-snippet":"max-snippet:-1","max-image-preview":"max-image-preview:large","max-video-preview":"max-video-preview:-1"},"canonical":"https:\/\/helvident.ch\/en\/services\/orthodontics-with-invisible-aligners\/","og_locale":"en_US","og_type":"article","og_title":"L\u2019orthodontie, sp\u00e9cialit\u00e9 dentaire - HELVIDENT SUISSE","og_description":"L\u2019orthodontie est une sp\u00e9cialit\u00e9 de la m\u00e9decine dentaire. D\u00e9couvrez les services de nos cliniques dentaires \u00e0 Lausanne, Aigle, et Fribourg","og_url":"https:\/\/helvident.ch\/en\/services\/orthodontics-with-invisible-aligners\/","og_site_name":"Helvident","article_publisher":"https:\/\/www.facebook.com\/Helvident-Centre-Dentaire-Fribourg-SA-408825345872856\/","article_modified_time":"2021-01-16T15:07:11+00:00","twitter_card":"summary_large_image","twitter_misc":{"Est. reading time":"2 minutes"},"schema":{"@context":"https:\/\/schema.org","@graph":[{"@type":"WebPage","@id":"https:\/\/helvident.ch\/services\/orthodontie-par-aligneurs-invisibles\/","url":"https:\/\/helvident.ch\/services\/orthodontie-par-aligneurs-invisibles\/","name":"Orthodontics, a dental specialty - HELVIDENT SUISSE","isPartOf":{"@id":"https:\/\/helvident.ch\/#website"},"datePublished":"2020-10-14T06:16:08+00:00","dateModified":"2021-01-16T15:07:11+00:00","description":"Orthodontics is a specialty of dentistry. Discover the services offered by our dental clinics in Lausanne, Aigle and Fribourg.","breadcrumb":{"@id":"https:\/\/helvident.ch\/services\/orthodontie-par-aligneurs-invisibles\/#breadcrumb"},"inLanguage":"en-US","potentialAction":[{"@type":"ReadAction","target":["https:\/\/helvident.ch\/services\/orthodontie-par-aligneurs-invisibles\/"]}]},{"@type":"BreadcrumbList","@id":"https:\/\/helvident.ch\/services\/orthodontie-par-aligneurs-invisibles\/#breadcrumb","itemListElement":[{"@type":"ListItem","position":1,"name":"Home","item":"https:\/\/helvident.ch\/"},{"@type":"ListItem","position":2,"name":"Services","item":"https:\/\/helvident.ch\/services\/"},{"@type":"ListItem","position":3,"name":"Orthodontie par aligneurs invisibles"}]},{"@type":"WebSite","@id":"https:\/\/helvident.ch\/#website","url":"https:\/\/helvident.ch\/","name":"Helvident","description":"Cliniques Dentaires Lausanne - Aigle - Friboug","publisher":{"@id":"https:\/\/helvident.ch\/#organization"},"potentialAction":[{"@type":"SearchAction","target":{"@type":"EntryPoint","urlTemplate":"https:\/\/helvident.ch\/?s={search_term_string}"},"query-input":{"@type":"PropertyValueSpecification","valueRequired":true,"valueName":"search_term_string"}}],"inLanguage":"en-US"},{"@type":"Organization","@id":"https:\/\/helvident.ch\/#organization","name":"Helvident - Dental Clinics","url":"https:\/\/helvident.ch\/","logo":{"@type":"ImageObject","inLanguage":"en-US","@id":"https:\/\/helvident.ch\/#\/schema\/logo\/image\/","url":"https:\/\/helvident.ch\/wp-content\/uploads\/2019\/06\/logo@2x.png","contentUrl":"https:\/\/helvident.ch\/wp-content\/uploads\/2019\/06\/logo@2x.png","width":502,"height":120,"caption":"Helvident - Cliniques Dentaires"},"image":{"@id":"https:\/\/helvident.ch\/#\/schema\/logo\/image\/"},"sameAs":["https:\/\/www.facebook.com\/Helvident-Centre-Dentaire-Fribourg-SA-408825345872856\/"]}]}},"_links":{"self":[{"href":"https:\/\/helvident.ch\/en\/wp-json\/wp\/v2\/pages\/29884","targetHints":{"allow":["GET"]}}],"collection":[{"href":"https:\/\/helvident.ch\/en\/wp-json\/wp\/v2\/pages"}],"about":[{"href":"https:\/\/helvident.ch\/en\/wp-json\/wp\/v2\/types\/page"}],"author":[{"embeddable":true,"href":"https:\/\/helvident.ch\/en\/wp-json\/wp\/v2\/users\/4"}],"replies":[{"embeddable":true,"href":"https:\/\/helvident.ch\/en\/wp-json\/wp\/v2\/comments?post=29884"}],"version-history":[{"count":5,"href":"https:\/\/helvident.ch\/en\/wp-json\/wp\/v2\/pages\/29884\/revisions"}],"predecessor-version":[{"id":30058,"href":"https:\/\/helvident.ch\/en\/wp-json\/wp\/v2\/pages\/29884\/revisions\/30058"}],"up":[{"embeddable":true,"href":"https:\/\/helvident.ch\/en\/wp-json\/wp\/v2\/pages\/29057"}],"wp:attachment":[{"href":"https:\/\/helvident.ch\/en\/wp-json\/wp\/v2\/media?parent=29884"}],"curies":[{"name":"wp","href":"https:\/\/api.w.org\/{rel}","templated":true}]}}