{"id":29427,"date":"2019-07-17T19:44:47","date_gmt":"2019-07-17T17:44:47","guid":{"rendered":"http:\/\/helvident.ch\/?page_id=29427"},"modified":"2026-03-18T13:23:38","modified_gmt":"2026-03-18T12:23:38","slug":"dental-emergencies","status":"publish","type":"page","link":"https:\/\/helvident.ch\/en\/services\/dental-emergencies\/","title":{"rendered":"Dental emergencies"},"content":{"rendered":"<section class=\"section need-toping\" id=\"section_1127135480\">\n\t\t<div class=\"section-bg fill\" >\n\t\t\t\t\t\t\t\t\t\n\t\t\t\n\n\t\t<\/div>\n\n\t\t\n\n\t\t<div class=\"section-content relative\">\n\t\t\t\n\n\n  <div class=\"banner has-hover\" id=\"banner-1857516348\">\n          <div class=\"banner-inner fill\">\n        <div class=\"banner-bg fill\" >\n            <img loading=\"lazy\" decoding=\"async\" width=\"1020\" height=\"191\" src=\"https:\/\/helvident.ch\/wp-content\/uploads\/2019\/06\/matos-1024x192.jpg\" class=\"bg attachment-large size-large\" alt=\"\" \/>                        <div class=\"overlay\"><\/div>            \n                    <\/div>\n\t\t\n        <div class=\"banner-layers container\">\n            <div class=\"fill banner-link\"><\/div>            \n\n   <div id=\"text-box-2098475584\" class=\"text-box banner-layer x50 md-x50 lg-x50 y50 md-y50 lg-y50 res-text\">\n                                <div class=\"text-box-content text dark\">\n              \n              <div class=\"text-inner text-center\">\n                  \n\n<h1>DENTAL EMERGENCIES IN SWITZERLAND<\/h1>\n\n              <\/div>\n           <\/div>\n                            \n<style>\n#text-box-2098475584 {\n  width: 60%;\n}\n#text-box-2098475584 .text-box-content {\n  font-size: 100%;\n}\n<\/style>\n    <\/div>\n \n\n        <\/div>\n      <\/div>\n\n            \n<style>\n#banner-1857516348 {\n  padding-top: 300px;\n  background-color: rgba(0, 0, 0, 0.29);\n}\n#banner-1857516348 .overlay {\n  background-color: rgba(37, 34, 34, 0.13);\n}\n<\/style>\n  <\/div>\n\n\n\n\t\t<\/div>\n\n\t\t\n<style>\n#section_1127135480 {\n  padding-top: 0px;\n  padding-bottom: 0px;\n}\n<\/style>\n\t<\/section>\n\t\n\n\t<section class=\"section\" id=\"section_1020335521\">\n\t\t<div class=\"section-bg fill\" >\n\t\t\t\t\t\t\t\t\t\n\t\t\t\n\n\t\t<\/div>\n\n\t\t\n\n\t\t<div class=\"section-content relative\">\n\t\t\t\n\n<div class=\"row align-middle\"  id=\"row-1305823113\">\n\n\n\t<div id=\"col-515485981\" class=\"col medium-7 small-12 large-7\"  >\n\t\t\t\t<div class=\"col-inner\"  >\n\t\t\t\n\t\t\t\n\n<p><strong>Toothache, abscess or broken tooth<\/strong>you need <strong>see a dentist in a hurry<\/strong>? At <a href=\"#\">HELVIDENT<\/a>our team of <strong>dentists<\/strong> performs all routine and specialized <strong>dentistry<\/strong>. We welcome you on the same day without appointment.<\/p>\n\t<div id=\"gap-640862650\" class=\"gap-element clearfix\" style=\"display:block; height:auto;\">\n\t\t\n<style>\n#gap-640862650 {\n  padding-top: 30px;\n}\n<\/style>\n\t<\/div>\n\t\n\n<div class=\"container section-title-container\" ><h2 class=\"section-title section-title-normal\"><b aria-hidden=\"true\"><\/b><span class=\"section-title-main\" >WALK-IN DENTAL CONSULTATION<\/span><b aria-hidden=\"true\"><\/b><\/h2><\/div>\n\n<p>We accept patients in <strong>EMERGENCY<\/strong> and <strong>without appointment<\/strong> in our <a href=\"#\">dental clinic in Fribourg<\/a> or in our <a href=\"#\">dental clinic in St Sulpice<\/a> near Lausanne. Our aim will be to <strong>relieve dental or oral pain <\/strong>by making you wait as little as possible. We know very well that when the <strong>toothache<\/strong> is intense, the wait must be reduced for your comfort.<\/p>\n<p>Here are the main ones <strong>causes of dental emergencies<\/strong> :<\/p>\n<ul>\n<li>a <strong>chipped tooth<\/strong> following a fall, a blow or <strong>untreated decay<\/strong> for example<\/li>\n<li>a <strong>gingival abscess <\/strong><\/li>\n<li>a <strong>abc<\/strong><strong>\u00e8<\/strong><strong>dental<\/strong><\/li>\n<li>a <strong>tooth fracture<\/strong><\/li>\n<li>a<strong> defective obturation<\/strong> unrepaired<\/li>\n<li>a <strong>temporomandibular joint pain<\/strong><\/li>\n<li>tissue injury following the installation of a new <a href=\"#\">dentures<\/a><\/li>\n<\/ul>\n<p>Visit <strong>emergency care<\/strong> <strong>dental<\/strong> are to be paid directly to the receptionist after the consultation. Visit <strong>HELVIDENT clinics<\/strong> are equipped for card payments (Postcard, Maestro, Mastercard, Visa).<\/p>\n\n\t\t<\/div>\n\t\t\t\t\t<\/div>\n\n\t\n\n\t<div id=\"col-1972031551\" class=\"col medium-5 small-12 large-5\"  >\n\t\t\t\t<div class=\"col-inner\"  >\n\t\t\t\n\t\t\t\n\n\t<div id=\"gap-1853441842\" class=\"gap-element clearfix\" style=\"display:block; height:auto;\">\n\t\t\n<style>\n#gap-1853441842 {\n  padding-top: 30px;\n}\n<\/style>\n\t<\/div>\n\t\n\n\t<div class=\"img has-hover x md-x lg-x y md-y lg-y\" id=\"image_17771375\">\n\t\t\t\t\t\t\t\t<div class=\"img-inner box-shadow-4 dark\" >\n\t\t\t<img loading=\"lazy\" decoding=\"async\" width=\"1020\" height=\"680\" src=\"https:\/\/helvident.ch\/wp-content\/uploads\/2019\/07\/rage_de_dents_urgence_lausanne-1024x683.jpeg\" class=\"attachment-large size-large\" alt=\"toothache treatment lausanne\" srcset=\"https:\/\/helvident.ch\/wp-content\/uploads\/2019\/07\/rage_de_dents_urgence_lausanne-1024x683.jpeg 1024w, https:\/\/helvident.ch\/wp-content\/uploads\/2019\/07\/rage_de_dents_urgence_lausanne-300x200.jpeg 300w, https:\/\/helvident.ch\/wp-content\/uploads\/2019\/07\/rage_de_dents_urgence_lausanne-768x512.jpeg 768w, https:\/\/helvident.ch\/wp-content\/uploads\/2019\/07\/rage_de_dents_urgence_lausanne.jpeg 2048w\" sizes=\"auto, (max-width: 1020px) 100vw, 1020px\" \/>\t\t\t\t\t\t\n\t\t\t\t\t<\/div>\n\t\t\t\t\t\t\t\t\n<style>\n#image_17771375 {\n  width: 87%;\n}\n<\/style>\n\t<\/div>\n\t\n\n\n\t\t<\/div>\n\t\t\t\t\t<\/div>\n\n\t\n\n<\/div>\n<div class=\"row\"  id=\"row-1222889373\">\n\n\n\t<div id=\"col-1632836417\" class=\"col small-12 large-12\"  >\n\t\t\t\t<div class=\"col-inner\"  >\n\t\t\t\n\t\t\t\n\n<div class=\"container section-title-container\" ><h2 class=\"section-title section-title-normal\"><b aria-hidden=\"true\"><\/b><span class=\"section-title-main\" >TREATMENT AFTER A DENTAL EMERGENCY<\/span><b aria-hidden=\"true\"><\/b><\/h2><\/div>\n\n<p>Our <strong>dentist<\/strong> relieves <strong>tooth or mouth pain<\/strong>In some cases, however, he must schedule another appointment to treat the problem if it requires more time. You can choose to undergo the following treatments at the <strong>HELVIDENT dentist<\/strong> who received you<strong> in a hurry <\/strong>or at your <strong>dentist<\/strong> usual.<\/p>\n<p>Our team consists of a dozen <strong>dentists<\/strong> some of which specialize in <strong>orthodontics<\/strong>, <strong>periodontics<\/strong>, <strong>implantology<\/strong>, <strong>endodontics<\/strong> or in <strong>dentistry for children<\/strong>.<\/p>\n\n\t\t<\/div>\n\t\t\t\t\t<\/div>\n\n\t\n\n<\/div>\n<div class=\"row\"  id=\"row-1494159089\">\n\n\n\t<div id=\"col-1472807778\" class=\"col small-12 large-12\"  >\n\t\t\t\t<div class=\"col-inner\"  >\n\t\t\t\n\t\t\t\n\n<div class=\"container section-title-container\" ><h2 class=\"section-title section-title-normal\"><b aria-hidden=\"true\"><\/b><span class=\"section-title-main\" >OUR EMERGENCY DENTAL CLINICS<\/span><b aria-hidden=\"true\"><\/b><\/h2><\/div>\n\n<p>In case of<strong>dental or oral emergency<\/strong>we can welcome you in one of our <strong>dental clinics<\/strong> <strong>\u00e0<\/strong> <strong>Fribourg <\/strong>or in St Sulpice near Lausanne. If you speak a foreign language better than French, our staff is multilingual. There's sure to be someone who speaks your language.<\/p>\n<p>Here are our opening hours and contact details.<\/p>\n\n\t\t<\/div>\n\t\t\t\t\t<\/div>\n\n\t\n\n<\/div>\n<div class=\"row timing-row\"  id=\"row-1355438404\">\n\n\n\t<div id=\"col-1512911716\" class=\"col small-12 large-12\"  >\n\t\t\t\t<div class=\"col-inner\"  >\n\t\t\t\n\t\t\t\n\n<div class=\"row\"  id=\"row-22272800\">\n\n\n\t<div id=\"col-2126737865\" class=\"col medium-4 small-12 large-4\"  >\n\t\t\t\t<div class=\"col-inner\"  >\n\t\t\t\n\t\t\t\n\n<h3><strong>HELVIDENT DENTAL CLINIC<\/strong> DE FRIBOURG<\/h3>\n<ul>\n<li class=\"icon-time\">Monday to Friday 8 am - 6 pm,<br \/>le samedi 9 h &#8211; 13 h<\/li>\n<li class=\"icon-address\">Helvident Centre Dentaire Fribourg SA<br \/>Avenue de Beauregard 10, 1700 Fribourg<\/li>\n<li class=\"icon-call\">+41 26 309 26 26<\/li>\n<li class=\"icon-mail\">&#x66;r&#x69;&#98;&#x6f;&#x75;r&#x67;&#64;&#x68;&#x65;l&#x76;&#105;&#x64;&#x65;n&#x74;&#46;&#x63;&#x68;<\/li>\n<\/ul>\n\n\t\t<\/div>\n\t\t\t\t\t<\/div>\n\n\t\n\n\t<div id=\"col-700180169\" class=\"col medium-4 small-12 large-4\"  >\n\t\t\t\t<div class=\"col-inner\"  >\n\t\t\t\n\t\t\t\n\n<h3><strong>HELVIDENT DENTAL CLINIC<\/strong> DE ST SULPICE \/ LAUSANNE<\/h3>\n<ul>\n<li class=\"icon-time\">Monday to Friday 8 a.m. - 6 p.m.<\/li>\n<li class=\"icon-address\">Helvident Clinique Dentaire SA<br \/>\nChemin des Memises 2, 1025 St-Sulpice<\/li>\n<li class=\"icon-call\">+41 21 694 25 25<\/li>\n<li class=\"icon-mail\">st-sulpi&#99;&#101;&#64;&#104;&#101;&#108;&#118;&#105;&#100;&#101;&#x6e;&#x74;&#x2e;&#x63;&#x68;<\/li>\n<\/ul>\n\n\t\t<\/div>\n\t\t\t\t\t<\/div>\n\n\t\n\n\t<div id=\"col-474181567\" class=\"col medium-4 small-12 large-4\"  >\n\t\t\t\t<div class=\"col-inner\"  >\n\t\t\t\n\t\t\t\n\n<h3><strong>CENTER DENTAIRE DE LA TOUR<\/strong> IN AIGLE, CANTON OF VAUD<\/h3>\n<ul>\n<li class=\"icon-address\">Route Industrielle 10a<br \/>\n1860 Aigle<\/li>\n<li class=\"icon-call\">Tel. +4 24 466 55 44<\/li>\n<li class=\"icon-call\">Emergencies outside opening hours: 0848 133 133<\/li>\n<li class=\"icon-mail\"><a href=\"https:\/\/www.centredentairedelatour.ch\/contact\" target=\"_blank\" rel=\"noopener noreferrer\">Center dentaire De La Tour<\/a><\/li>\n<\/ul>\n\n\t\t<\/div>\n\t\t\t\t\t<\/div>\n\n\t\n\n<\/div>\n\n\t\t<\/div>\n\t\t\t\t\t<\/div>\n\n\t\n\n<\/div>\n\n\t\t<\/div>\n\n\t\t\n<style>\n#section_1020335521 {\n  padding-top: 60px;\n  padding-bottom: 60px;\n}\n<\/style>\n\t<\/section>","protected":false},"excerpt":{"rendered":"","protected":false},"author":1,"featured_media":0,"parent":29057,"menu_order":0,"comment_status":"closed","ping_status":"closed","template":"page-blank.php","meta":{"_acf_changed":false,"footnotes":""},"class_list":["post-29427","page","type-page","status-publish","hentry"],"acf":[],"yoast_head":"<!-- This site is optimized with the Yoast SEO plugin v27.3 - https:\/\/yoast.com\/product\/yoast-seo-wordpress\/ -->\n<title>Pose de proth\u00e8ses dentaires - HELVIDENT SUISSE<\/title>\n<meta name=\"description\" content=\"La pose de proth\u00e8ses dentaires est un acte courant en m\u00e9decine dentaire. Inlay, couronne ou dentier, D\u00e9couvrez nos cliniques dentaires \u00e0 Lausanne, Aigle, et Fribourg\" \/>\n<meta name=\"robots\" content=\"index, follow, max-snippet:-1, max-image-preview:large, max-video-preview:-1\" \/>\n<link rel=\"canonical\" href=\"https:\/\/helvident.ch\/en\/services\/dental-emergencies\/\" \/>\n<meta property=\"og:locale\" content=\"en_US\" \/>\n<meta property=\"og:type\" content=\"article\" \/>\n<meta property=\"og:title\" content=\"Pose de proth\u00e8ses dentaires - HELVIDENT SUISSE\" \/>\n<meta property=\"og:description\" content=\"La pose de proth\u00e8ses dentaires est un acte courant en m\u00e9decine dentaire. Inlay, couronne ou dentier, D\u00e9couvrez nos cliniques dentaires \u00e0 Lausanne, Aigle, et Fribourg\" \/>\n<meta property=\"og:url\" content=\"https:\/\/helvident.ch\/en\/services\/dental-emergencies\/\" \/>\n<meta property=\"og:site_name\" content=\"Helvident\" \/>\n<meta property=\"article:publisher\" content=\"https:\/\/www.facebook.com\/Helvident-Centre-Dentaire-Fribourg-SA-408825345872856\/\" \/>\n<meta property=\"article:modified_time\" content=\"2026-03-18T12:23:38+00:00\" \/>\n<meta name=\"twitter:card\" content=\"summary_large_image\" \/>\n<meta name=\"twitter:label1\" content=\"Est. reading time\" \/>\n\t<meta name=\"twitter:data1\" content=\"3 minutes\" \/>\n<script type=\"application\/ld+json\" class=\"yoast-schema-graph\">{\"@context\":\"https:\\\/\\\/schema.org\",\"@graph\":[{\"@type\":\"WebPage\",\"@id\":\"https:\\\/\\\/helvident.ch\\\/services\\\/urgences-dentaires\\\/\",\"url\":\"https:\\\/\\\/helvident.ch\\\/services\\\/urgences-dentaires\\\/\",\"name\":\"Pose de proth\u00e8ses dentaires - HELVIDENT SUISSE\",\"isPartOf\":{\"@id\":\"https:\\\/\\\/helvident.ch\\\/#website\"},\"datePublished\":\"2019-07-17T17:44:47+00:00\",\"dateModified\":\"2026-03-18T12:23:38+00:00\",\"description\":\"La pose de proth\u00e8ses dentaires est un acte courant en m\u00e9decine dentaire. Inlay, couronne ou dentier, D\u00e9couvrez nos cliniques dentaires \u00e0 Lausanne, Aigle, et Fribourg\",\"breadcrumb\":{\"@id\":\"https:\\\/\\\/helvident.ch\\\/services\\\/urgences-dentaires\\\/#breadcrumb\"},\"inLanguage\":\"en-US\",\"potentialAction\":[{\"@type\":\"ReadAction\",\"target\":[\"https:\\\/\\\/helvident.ch\\\/services\\\/urgences-dentaires\\\/\"]}]},{\"@type\":\"BreadcrumbList\",\"@id\":\"https:\\\/\\\/helvident.ch\\\/services\\\/urgences-dentaires\\\/#breadcrumb\",\"itemListElement\":[{\"@type\":\"ListItem\",\"position\":1,\"name\":\"Home\",\"item\":\"https:\\\/\\\/helvident.ch\\\/\"},{\"@type\":\"ListItem\",\"position\":2,\"name\":\"Services\",\"item\":\"https:\\\/\\\/helvident.ch\\\/services\\\/\"},{\"@type\":\"ListItem\",\"position\":3,\"name\":\"Urgences dentaires\"}]},{\"@type\":\"WebSite\",\"@id\":\"https:\\\/\\\/helvident.ch\\\/#website\",\"url\":\"https:\\\/\\\/helvident.ch\\\/\",\"name\":\"Helvident\",\"description\":\"Cliniques Dentaires Lausanne - Aigle - Friboug\",\"publisher\":{\"@id\":\"https:\\\/\\\/helvident.ch\\\/#organization\"},\"potentialAction\":[{\"@type\":\"SearchAction\",\"target\":{\"@type\":\"EntryPoint\",\"urlTemplate\":\"https:\\\/\\\/helvident.ch\\\/?s={search_term_string}\"},\"query-input\":{\"@type\":\"PropertyValueSpecification\",\"valueRequired\":true,\"valueName\":\"search_term_string\"}}],\"inLanguage\":\"en-US\"},{\"@type\":\"Organization\",\"@id\":\"https:\\\/\\\/helvident.ch\\\/#organization\",\"name\":\"Helvident - Cliniques Dentaires\",\"url\":\"https:\\\/\\\/helvident.ch\\\/\",\"logo\":{\"@type\":\"ImageObject\",\"inLanguage\":\"en-US\",\"@id\":\"https:\\\/\\\/helvident.ch\\\/#\\\/schema\\\/logo\\\/image\\\/\",\"url\":\"https:\\\/\\\/helvident.ch\\\/wp-content\\\/uploads\\\/2019\\\/06\\\/logo@2x.png\",\"contentUrl\":\"https:\\\/\\\/helvident.ch\\\/wp-content\\\/uploads\\\/2019\\\/06\\\/logo@2x.png\",\"width\":502,\"height\":120,\"caption\":\"Helvident - Cliniques Dentaires\"},\"image\":{\"@id\":\"https:\\\/\\\/helvident.ch\\\/#\\\/schema\\\/logo\\\/image\\\/\"},\"sameAs\":[\"https:\\\/\\\/www.facebook.com\\\/Helvident-Centre-Dentaire-Fribourg-SA-408825345872856\\\/\"]}]}<\/script>\n<!-- \/ Yoast SEO plugin. -->","yoast_head_json":{"title":"Dentures - HELVIDENT SUISSE","description":"The fitting of dental prostheses is a common procedure in dentistry. Inlay, crown or denture, discover our dental clinics in Lausanne, Aigle and Fribourg.","robots":{"index":"index","follow":"follow","max-snippet":"max-snippet:-1","max-image-preview":"max-image-preview:large","max-video-preview":"max-video-preview:-1"},"canonical":"https:\/\/helvident.ch\/en\/services\/dental-emergencies\/","og_locale":"en_US","og_type":"article","og_title":"Pose de proth\u00e8ses dentaires - HELVIDENT SUISSE","og_description":"La pose de proth\u00e8ses dentaires est un acte courant en m\u00e9decine dentaire. Inlay, couronne ou dentier, D\u00e9couvrez nos cliniques dentaires \u00e0 Lausanne, Aigle, et Fribourg","og_url":"https:\/\/helvident.ch\/en\/services\/dental-emergencies\/","og_site_name":"Helvident","article_publisher":"https:\/\/www.facebook.com\/Helvident-Centre-Dentaire-Fribourg-SA-408825345872856\/","article_modified_time":"2026-03-18T12:23:38+00:00","twitter_card":"summary_large_image","twitter_misc":{"Est. reading time":"3 minutes"},"schema":{"@context":"https:\/\/schema.org","@graph":[{"@type":"WebPage","@id":"https:\/\/helvident.ch\/services\/urgences-dentaires\/","url":"https:\/\/helvident.ch\/services\/urgences-dentaires\/","name":"Dentures - HELVIDENT SUISSE","isPartOf":{"@id":"https:\/\/helvident.ch\/#website"},"datePublished":"2019-07-17T17:44:47+00:00","dateModified":"2026-03-18T12:23:38+00:00","description":"The fitting of dental prostheses is a common procedure in dentistry. Inlay, crown or denture, discover our dental clinics in Lausanne, Aigle and Fribourg.","breadcrumb":{"@id":"https:\/\/helvident.ch\/services\/urgences-dentaires\/#breadcrumb"},"inLanguage":"en-US","potentialAction":[{"@type":"ReadAction","target":["https:\/\/helvident.ch\/services\/urgences-dentaires\/"]}]},{"@type":"BreadcrumbList","@id":"https:\/\/helvident.ch\/services\/urgences-dentaires\/#breadcrumb","itemListElement":[{"@type":"ListItem","position":1,"name":"Home","item":"https:\/\/helvident.ch\/"},{"@type":"ListItem","position":2,"name":"Services","item":"https:\/\/helvident.ch\/services\/"},{"@type":"ListItem","position":3,"name":"Urgences dentaires"}]},{"@type":"WebSite","@id":"https:\/\/helvident.ch\/#website","url":"https:\/\/helvident.ch\/","name":"Helvident","description":"Cliniques Dentaires Lausanne - Aigle - Friboug","publisher":{"@id":"https:\/\/helvident.ch\/#organization"},"potentialAction":[{"@type":"SearchAction","target":{"@type":"EntryPoint","urlTemplate":"https:\/\/helvident.ch\/?s={search_term_string}"},"query-input":{"@type":"PropertyValueSpecification","valueRequired":true,"valueName":"search_term_string"}}],"inLanguage":"en-US"},{"@type":"Organization","@id":"https:\/\/helvident.ch\/#organization","name":"Helvident - Dental Clinics","url":"https:\/\/helvident.ch\/","logo":{"@type":"ImageObject","inLanguage":"en-US","@id":"https:\/\/helvident.ch\/#\/schema\/logo\/image\/","url":"https:\/\/helvident.ch\/wp-content\/uploads\/2019\/06\/logo@2x.png","contentUrl":"https:\/\/helvident.ch\/wp-content\/uploads\/2019\/06\/logo@2x.png","width":502,"height":120,"caption":"Helvident - Cliniques Dentaires"},"image":{"@id":"https:\/\/helvident.ch\/#\/schema\/logo\/image\/"},"sameAs":["https:\/\/www.facebook.com\/Helvident-Centre-Dentaire-Fribourg-SA-408825345872856\/"]}]}},"_links":{"self":[{"href":"https:\/\/helvident.ch\/en\/wp-json\/wp\/v2\/pages\/29427","targetHints":{"allow":["GET"]}}],"collection":[{"href":"https:\/\/helvident.ch\/en\/wp-json\/wp\/v2\/pages"}],"about":[{"href":"https:\/\/helvident.ch\/en\/wp-json\/wp\/v2\/types\/page"}],"author":[{"embeddable":true,"href":"https:\/\/helvident.ch\/en\/wp-json\/wp\/v2\/users\/1"}],"replies":[{"embeddable":true,"href":"https:\/\/helvident.ch\/en\/wp-json\/wp\/v2\/comments?post=29427"}],"version-history":[{"count":3,"href":"https:\/\/helvident.ch\/en\/wp-json\/wp\/v2\/pages\/29427\/revisions"}],"predecessor-version":[{"id":31011,"href":"https:\/\/helvident.ch\/en\/wp-json\/wp\/v2\/pages\/29427\/revisions\/31011"}],"up":[{"embeddable":true,"href":"https:\/\/helvident.ch\/en\/wp-json\/wp\/v2\/pages\/29057"}],"wp:attachment":[{"href":"https:\/\/helvident.ch\/en\/wp-json\/wp\/v2\/media?parent=29427"}],"curies":[{"name":"wp","href":"https:\/\/api.w.org\/{rel}","templated":true}]}}