{"id":29101,"date":"2019-06-14T20:09:10","date_gmt":"2019-06-14T18:09:10","guid":{"rendered":"http:\/\/helvident.ch\/?page_id=29101"},"modified":"2019-07-18T10:37:03","modified_gmt":"2019-07-18T08:37:03","slug":"dental-prostheses","status":"publish","type":"page","link":"https:\/\/helvident.ch\/en\/services\/dental-prostheses\/","title":{"rendered":"Dental prostheses"},"content":{"rendered":"<section class=\"section need-toping\" id=\"section_229043024\">\n\t\t<div class=\"section-bg fill\" >\n\t\t\t\t\t\t\t\t\t\n\t\t\t\n\n\t\t<\/div>\n\n\t\t\n\n\t\t<div class=\"section-content relative\">\n\t\t\t\n\n  <div class=\"banner has-hover\" id=\"banner-1804312272\">\n          <div class=\"banner-inner fill\">\n        <div class=\"banner-bg fill\" >\n            <img loading=\"lazy\" decoding=\"async\" width=\"1920\" height=\"350\" src=\"https:\/\/helvident.ch\/wp-content\/uploads\/2019\/06\/Implantologie.jpg\" class=\"bg attachment-original size-original\" alt=\"\" \/>                                    \n                    <\/div>\n\t\t\n        <div class=\"banner-layers container\">\n            <div class=\"fill banner-link\"><\/div>            \n   <div id=\"text-box-1490517215\" class=\"text-box banner-layer x50 md-x50 lg-x50 y50 md-y50 lg-y50 res-text\">\n                                <div class=\"text-box-content text dark\">\n              \n              <div class=\"text-inner text-left\">\n                  \n<h1>DENTAL PROSTHESES<\/h1>\n              <\/div>\n           <\/div>\n                            \n<style>\n#text-box-1490517215 {\n  width: 98%;\n}\n#text-box-1490517215 .text-box-content {\n  font-size: 100%;\n}\n<\/style>\n    <\/div>\n \n        <\/div>\n      <\/div>\n\n            \n<style>\n#banner-1804312272 {\n  padding-top: 300px;\n}\n#banner-1804312272 .banner-bg img {\n  object-position: 76% 3%;\n}\n<\/style>\n  <\/div>\n\n\n\t\t<\/div>\n\n\t\t\n<style>\n#section_229043024 {\n  padding-top: 0px;\n  padding-bottom: 0px;\n}\n<\/style>\n\t<\/section>\n\t\n\n\t<section class=\"section\" id=\"section_1726533960\">\n\t\t<div class=\"section-bg fill\" >\n\t\t\t\t\t\t\t\t\t\n\t\t\t\n\n\t\t<\/div>\n\n\t\t\n\n\t\t<div class=\"section-content relative\">\n\t\t\t\n<div class=\"row align-middle\"  id=\"row-44234942\">\n\n\t<div id=\"col-967465980\" class=\"col medium-6 small-12 large-6\"  >\n\t\t\t\t<div class=\"col-inner\"  >\n\t\t\t\n\t\t\t\n<p>At <a href=\"http:\/\/helvident.ch\/en\/presentation\/\">HELVIDENT<\/a>some of our <strong>dentists<\/strong> specialize in the installation of <strong>dental prostheses<\/strong>. In our <strong>dental center in Fribourg<\/strong> or in our <strong>dental clinic in St Sulpice<\/strong> near Lausanne.  Find out more about the different procedures we perform.<\/p>\n\t\t<\/div>\n\t\t\t\t\t<\/div>\n\n\t\n\n\t<div id=\"col-113214535\" class=\"col medium-6 small-12 large-6\"  >\n\t\t\t\t<div class=\"col-inner\"  >\n\t\t\t\n\t\t\t\n<div class=\"video video-fit mb box-shadow-4\" style=\"padding-top:56.25%;\"><p><iframe loading=\"lazy\" title=\"Dental prosthesis manufacture in Lausanne, Aigle, Fribourg\" src=\"https:\/\/player.vimeo.com\/video\/346940180?dnt=1&#038;app_id=122963\" width=\"1020\" height=\"574\" frameborder=\"0\" allow=\"autoplay; fullscreen\" allowfullscreen><\/iframe><\/p>\n<\/div>\n\t\t<\/div>\n\t\t\t\t\t<\/div>\n\n\t\n<\/div>\n<div class=\"row\"  id=\"row-1879577369\">\n\n\t<div id=\"col-1665656401\" class=\"col small-12 large-12\"  >\n\t\t\t\t<div class=\"col-inner\"  >\n\t\t\t\n\t\t\t\n\t<div id=\"gap-1438472549\" class=\"gap-element clearfix\" style=\"display:block; height:auto;\">\n\t\t\n<style>\n#gap-1438472549 {\n  padding-top: 30px;\n}\n<\/style>\n\t<\/div>\n\t\n<div class=\"container section-title-container\" ><h2 class=\"section-title section-title-normal\"><b aria-hidden=\"true\"><\/b><span class=\"section-title-main\" >FIXED OR JOINT DENTURES<\/span><b aria-hidden=\"true\"><\/b><\/h2><\/div>\n<h3>THE VARIETY OF FIXED PROSTHESES<\/h3>\n<p>There are several types of <strong>fixed dentures<\/strong>. <strong>Onlay, inlay, overlay, veneer, crown<\/strong> or <strong>bridge<\/strong>Here are the differences:<\/p>\n<ul>\n<li>L'<strong>onlay, inlay or overlay<\/strong> This is a <strong>dentures<\/strong> designed to cover part of the <strong>tooth<\/strong>. It is indicated when the damaged part of the <strong>tooth<\/strong>is too large to be rebuilt by the<strong> dentist <\/strong>directly, but that it is too small to make a <strong>dental crown<\/strong>.<\/li>\n<li>Visit <strong>dental veneer<\/strong> is a small ceramic shell glued to the top of a <strong>tooth<\/strong>. This type of restoration is used in visible areas. It requires minimal preparation of the <strong>tooth<\/strong> for long-lasting, aesthetic results.<\/li>\n<li>Visit <strong>dental crown<\/strong> by extension, it designates the <strong>prosthetic crown<\/strong>a <strong>dentures <\/strong>to <strong>protect a tooth <\/strong>which is alive or devitalized. It covers the part of the <strong>tooth <\/strong>by reconstructing the coronary portion. This procedure preserves the <strong>tooth care<\/strong> of new aggressions, while avoiding its extraction and complete replacement. A <strong>ceramic dental crown<\/strong> offers perfect aesthetics and can hide the original shade of a <strong>tooth <\/strong>too dark.<\/li>\n<\/ul>\n<p>Visit <strong>dental bridge<\/strong> this term describes the joining of two <strong>dental crowns<\/strong> by an intermediate element, like a real bridge. When a <strong>tooth<\/strong>the <strong>dentist<\/strong> is based on <strong>teeth<\/strong> to replace it. It's a <strong>3-tooth bridge<\/strong>. Our <strong>specialized dentists <\/strong>can also perform bridges with more than 3 teeth. This type of <strong>dentures <\/strong>is made of ceramic and guarantees excellent aesthetic results.<\/p>\n<h3>LA <strong>FITTING A DENTAL PROSTHESIS<\/strong><\/h3>\n<p>Visit <strong>dentures<\/strong> is manufactured in a <strong>dental laboratory<\/strong>. It requires the intervention of a <strong>dental technician<\/strong>also known as <strong>dental technician<\/strong>. Here are the key steps:<\/p>\n<ol>\n<li>Visit <strong>dentist <\/strong>makes an impression of your teeth during the consultation.<\/li>\n<li>Visit <strong>dental technician<\/strong> then designs the prosthesis in the laboratory, using a plaster model.<\/li>\n<\/ol>\n<p>Visit <strong>prosthesis <\/strong>is placed on your <strong>teeth<\/strong> at the next <strong>dental appointment<\/strong>.<\/p>\n\t\t<\/div>\n\t\t\t\t\t<\/div>\n\n\t\n<\/div>\n<div class=\"row align-middle\"  id=\"row-512642349\">\n\n\t<div id=\"col-1065712049\" class=\"col medium-6 small-12 large-6\"  >\n\t\t\t\t<div class=\"col-inner\"  >\n\t\t\t\n\t\t\t\n<div class=\"video video-fit mb box-shadow-4\" style=\"padding-top:56.25%;\"><p><iframe loading=\"lazy\" title=\"3D tool for dental prosthesis, Lausanne, Aigle, Fribourg\" src=\"https:\/\/player.vimeo.com\/video\/346940000?dnt=1&#038;app_id=122963\" width=\"1020\" height=\"574\" frameborder=\"0\" allow=\"autoplay; fullscreen\" allowfullscreen><\/iframe><\/p>\n<\/div>\n\t\t<\/div>\n\t\t\t\t\t<\/div>\n\n\t\n\n\t<div id=\"col-748511420\" class=\"col medium-6 small-12 large-6\"  >\n\t\t\t\t<div class=\"col-inner\"  >\n\t\t\t\n\t\t\t\n<div class=\"container section-title-container\" ><h2 class=\"section-title section-title-normal\"><b aria-hidden=\"true\"><\/b><span class=\"section-title-main\" >REMOVABLE OR ATTACHED DENTURES<\/span><b aria-hidden=\"true\"><\/b><\/h2><\/div>\n<p>Visit <strong>removable dentures<\/strong> represent all types of <strong>prosthesis<\/strong> which patients can remove themselves. This makes it easier to clean the <strong>prosthesis<\/strong>the <strong>gingiva <\/strong>and <strong>teeth <\/strong>remaining, if any. More commonly known as<strong>dentures<\/strong>\".<\/p>\n<ul>\n<li>If any <strong>teeth<\/strong>this is a<strong> partial denture <\/strong>or a <strong>stellite<\/strong>. This <strong>prosthesis <\/strong>is made up of a metal frame, which is thinner and more resistant, and hooks to hold it in place. <strong>prosthesis <\/strong>on the <strong>teeth<\/strong><\/li>\n<li>If no <strong>tooth <\/strong>on the jawbone, this is a <strong>complete dentures<\/strong>. It is made of resin and rests on the largest possible mucosal surface. These<strong> prostheses <\/strong>can also be installed and held by <strong>dental implants<\/strong>.<\/li>\n<\/ul>\n\t\t<\/div>\n\t\t\t\t\t<\/div>\n\n\t\n<\/div>\n\t\t<\/div>\n\n\t\t\n<style>\n#section_1726533960 {\n  padding-top: 60px;\n  padding-bottom: 60px;\n}\n<\/style>\n\t<\/section>","protected":false},"excerpt":{"rendered":"","protected":false},"author":1,"featured_media":0,"parent":29057,"menu_order":0,"comment_status":"closed","ping_status":"closed","template":"page-blank.php","meta":{"_acf_changed":false,"footnotes":""},"class_list":["post-29101","page","type-page","status-publish","hentry"],"acf":[],"yoast_head":"<!-- This site is optimized with the Yoast SEO plugin v27.3 - https:\/\/yoast.com\/product\/yoast-seo-wordpress\/ -->\n<title>Pose de proth\u00e8ses dentaires - HELVIDENT SUISSE<\/title>\n<meta name=\"description\" content=\"La pose de proth\u00e8ses dentaires est un acte courant en m\u00e9decine dentaire. Inlay, couronne ou dentier.. Nos cliniques dentaires \u00e0 Lausanne, Aigle, et Fribourg\" \/>\n<meta name=\"robots\" content=\"index, follow, max-snippet:-1, max-image-preview:large, max-video-preview:-1\" \/>\n<link rel=\"canonical\" href=\"https:\/\/helvident.ch\/en\/services\/dental-prostheses\/\" \/>\n<meta property=\"og:locale\" content=\"en_US\" \/>\n<meta property=\"og:type\" content=\"article\" \/>\n<meta property=\"og:title\" content=\"Pose de proth\u00e8ses dentaires - HELVIDENT SUISSE\" \/>\n<meta property=\"og:description\" content=\"La pose de proth\u00e8ses dentaires est un acte courant en m\u00e9decine dentaire. Inlay, couronne ou dentier.. Nos cliniques dentaires \u00e0 Lausanne, Aigle, et Fribourg\" \/>\n<meta property=\"og:url\" content=\"https:\/\/helvident.ch\/en\/services\/dental-prostheses\/\" \/>\n<meta property=\"og:site_name\" content=\"Helvident\" \/>\n<meta property=\"article:publisher\" content=\"https:\/\/www.facebook.com\/Helvident-Centre-Dentaire-Fribourg-SA-408825345872856\/\" \/>\n<meta property=\"article:modified_time\" content=\"2019-07-18T08:37:03+00:00\" \/>\n<meta name=\"twitter:card\" content=\"summary_large_image\" \/>\n<meta name=\"twitter:label1\" content=\"Est. reading time\" \/>\n\t<meta name=\"twitter:data1\" content=\"3 minutes\" \/>\n<script type=\"application\/ld+json\" class=\"yoast-schema-graph\">{\"@context\":\"https:\\\/\\\/schema.org\",\"@graph\":[{\"@type\":\"WebPage\",\"@id\":\"https:\\\/\\\/helvident.ch\\\/services\\\/protheses-dentaires\\\/\",\"url\":\"https:\\\/\\\/helvident.ch\\\/services\\\/protheses-dentaires\\\/\",\"name\":\"Pose de proth\u00e8ses dentaires - HELVIDENT SUISSE\",\"isPartOf\":{\"@id\":\"https:\\\/\\\/helvident.ch\\\/#website\"},\"datePublished\":\"2019-06-14T18:09:10+00:00\",\"dateModified\":\"2019-07-18T08:37:03+00:00\",\"description\":\"La pose de proth\u00e8ses dentaires est un acte courant en m\u00e9decine dentaire. Inlay, couronne ou dentier.. Nos cliniques dentaires \u00e0 Lausanne, Aigle, et Fribourg\",\"breadcrumb\":{\"@id\":\"https:\\\/\\\/helvident.ch\\\/services\\\/protheses-dentaires\\\/#breadcrumb\"},\"inLanguage\":\"en-US\",\"potentialAction\":[{\"@type\":\"ReadAction\",\"target\":[\"https:\\\/\\\/helvident.ch\\\/services\\\/protheses-dentaires\\\/\"]}]},{\"@type\":\"BreadcrumbList\",\"@id\":\"https:\\\/\\\/helvident.ch\\\/services\\\/protheses-dentaires\\\/#breadcrumb\",\"itemListElement\":[{\"@type\":\"ListItem\",\"position\":1,\"name\":\"Home\",\"item\":\"https:\\\/\\\/helvident.ch\\\/\"},{\"@type\":\"ListItem\",\"position\":2,\"name\":\"Services\",\"item\":\"https:\\\/\\\/helvident.ch\\\/services\\\/\"},{\"@type\":\"ListItem\",\"position\":3,\"name\":\"Proth\u00e8ses dentaires\"}]},{\"@type\":\"WebSite\",\"@id\":\"https:\\\/\\\/helvident.ch\\\/#website\",\"url\":\"https:\\\/\\\/helvident.ch\\\/\",\"name\":\"Helvident\",\"description\":\"Cliniques Dentaires Lausanne - Aigle - Friboug\",\"publisher\":{\"@id\":\"https:\\\/\\\/helvident.ch\\\/#organization\"},\"potentialAction\":[{\"@type\":\"SearchAction\",\"target\":{\"@type\":\"EntryPoint\",\"urlTemplate\":\"https:\\\/\\\/helvident.ch\\\/?s={search_term_string}\"},\"query-input\":{\"@type\":\"PropertyValueSpecification\",\"valueRequired\":true,\"valueName\":\"search_term_string\"}}],\"inLanguage\":\"en-US\"},{\"@type\":\"Organization\",\"@id\":\"https:\\\/\\\/helvident.ch\\\/#organization\",\"name\":\"Helvident - Cliniques Dentaires\",\"url\":\"https:\\\/\\\/helvident.ch\\\/\",\"logo\":{\"@type\":\"ImageObject\",\"inLanguage\":\"en-US\",\"@id\":\"https:\\\/\\\/helvident.ch\\\/#\\\/schema\\\/logo\\\/image\\\/\",\"url\":\"https:\\\/\\\/helvident.ch\\\/wp-content\\\/uploads\\\/2019\\\/06\\\/logo@2x.png\",\"contentUrl\":\"https:\\\/\\\/helvident.ch\\\/wp-content\\\/uploads\\\/2019\\\/06\\\/logo@2x.png\",\"width\":502,\"height\":120,\"caption\":\"Helvident - Cliniques Dentaires\"},\"image\":{\"@id\":\"https:\\\/\\\/helvident.ch\\\/#\\\/schema\\\/logo\\\/image\\\/\"},\"sameAs\":[\"https:\\\/\\\/www.facebook.com\\\/Helvident-Centre-Dentaire-Fribourg-SA-408825345872856\\\/\"]}]}<\/script>\n<!-- \/ Yoast SEO plugin. -->","yoast_head_json":{"title":"Dentures - HELVIDENT SUISSE","description":"The fitting of dental prostheses is a common procedure in dentistry. Inlay, crown or denture. Our dental clinics in Lausanne, Aigle and Fribourg","robots":{"index":"index","follow":"follow","max-snippet":"max-snippet:-1","max-image-preview":"max-image-preview:large","max-video-preview":"max-video-preview:-1"},"canonical":"https:\/\/helvident.ch\/en\/services\/dental-prostheses\/","og_locale":"en_US","og_type":"article","og_title":"Pose de proth\u00e8ses dentaires - HELVIDENT SUISSE","og_description":"La pose de proth\u00e8ses dentaires est un acte courant en m\u00e9decine dentaire. Inlay, couronne ou dentier.. Nos cliniques dentaires \u00e0 Lausanne, Aigle, et Fribourg","og_url":"https:\/\/helvident.ch\/en\/services\/dental-prostheses\/","og_site_name":"Helvident","article_publisher":"https:\/\/www.facebook.com\/Helvident-Centre-Dentaire-Fribourg-SA-408825345872856\/","article_modified_time":"2019-07-18T08:37:03+00:00","twitter_card":"summary_large_image","twitter_misc":{"Est. reading time":"3 minutes"},"schema":{"@context":"https:\/\/schema.org","@graph":[{"@type":"WebPage","@id":"https:\/\/helvident.ch\/services\/protheses-dentaires\/","url":"https:\/\/helvident.ch\/services\/protheses-dentaires\/","name":"Dentures - HELVIDENT SUISSE","isPartOf":{"@id":"https:\/\/helvident.ch\/#website"},"datePublished":"2019-06-14T18:09:10+00:00","dateModified":"2019-07-18T08:37:03+00:00","description":"The fitting of dental prostheses is a common procedure in dentistry. Inlay, crown or denture. Our dental clinics in Lausanne, Aigle and Fribourg","breadcrumb":{"@id":"https:\/\/helvident.ch\/services\/protheses-dentaires\/#breadcrumb"},"inLanguage":"en-US","potentialAction":[{"@type":"ReadAction","target":["https:\/\/helvident.ch\/services\/protheses-dentaires\/"]}]},{"@type":"BreadcrumbList","@id":"https:\/\/helvident.ch\/services\/protheses-dentaires\/#breadcrumb","itemListElement":[{"@type":"ListItem","position":1,"name":"Home","item":"https:\/\/helvident.ch\/"},{"@type":"ListItem","position":2,"name":"Services","item":"https:\/\/helvident.ch\/services\/"},{"@type":"ListItem","position":3,"name":"Proth\u00e8ses dentaires"}]},{"@type":"WebSite","@id":"https:\/\/helvident.ch\/#website","url":"https:\/\/helvident.ch\/","name":"Helvident","description":"Cliniques Dentaires Lausanne - Aigle - Friboug","publisher":{"@id":"https:\/\/helvident.ch\/#organization"},"potentialAction":[{"@type":"SearchAction","target":{"@type":"EntryPoint","urlTemplate":"https:\/\/helvident.ch\/?s={search_term_string}"},"query-input":{"@type":"PropertyValueSpecification","valueRequired":true,"valueName":"search_term_string"}}],"inLanguage":"en-US"},{"@type":"Organization","@id":"https:\/\/helvident.ch\/#organization","name":"Helvident - Dental Clinics","url":"https:\/\/helvident.ch\/","logo":{"@type":"ImageObject","inLanguage":"en-US","@id":"https:\/\/helvident.ch\/#\/schema\/logo\/image\/","url":"https:\/\/helvident.ch\/wp-content\/uploads\/2019\/06\/logo@2x.png","contentUrl":"https:\/\/helvident.ch\/wp-content\/uploads\/2019\/06\/logo@2x.png","width":502,"height":120,"caption":"Helvident - Cliniques Dentaires"},"image":{"@id":"https:\/\/helvident.ch\/#\/schema\/logo\/image\/"},"sameAs":["https:\/\/www.facebook.com\/Helvident-Centre-Dentaire-Fribourg-SA-408825345872856\/"]}]}},"_links":{"self":[{"href":"https:\/\/helvident.ch\/en\/wp-json\/wp\/v2\/pages\/29101","targetHints":{"allow":["GET"]}}],"collection":[{"href":"https:\/\/helvident.ch\/en\/wp-json\/wp\/v2\/pages"}],"about":[{"href":"https:\/\/helvident.ch\/en\/wp-json\/wp\/v2\/types\/page"}],"author":[{"embeddable":true,"href":"https:\/\/helvident.ch\/en\/wp-json\/wp\/v2\/users\/1"}],"replies":[{"embeddable":true,"href":"https:\/\/helvident.ch\/en\/wp-json\/wp\/v2\/comments?post=29101"}],"version-history":[{"count":0,"href":"https:\/\/helvident.ch\/en\/wp-json\/wp\/v2\/pages\/29101\/revisions"}],"up":[{"embeddable":true,"href":"https:\/\/helvident.ch\/en\/wp-json\/wp\/v2\/pages\/29057"}],"wp:attachment":[{"href":"https:\/\/helvident.ch\/en\/wp-json\/wp\/v2\/media?parent=29101"}],"curies":[{"name":"wp","href":"https:\/\/api.w.org\/{rel}","templated":true}]}}