{"id":29092,"date":"2019-06-14T19:53:41","date_gmt":"2019-06-14T17:53:41","guid":{"rendered":"http:\/\/helvident.ch\/?page_id=29092"},"modified":"2022-02-23T15:07:14","modified_gmt":"2022-02-23T14:07:14","slug":"dental-hygiene-and-whitening","status":"publish","type":"page","link":"https:\/\/helvident.ch\/en\/services\/dental-hygiene-and-whitening\/","title":{"rendered":"Dental hygiene and whitening"},"content":{"rendered":"<section class=\"section need-toping\" id=\"section_1631033883\">\n\t\t<div class=\"section-bg fill\" >\n\t\t\t\t\t\t\t\t\t\n\t\t\t\n\n\t\t<\/div>\n\n\t\t\n\n\t\t<div class=\"section-content relative\">\n\t\t\t\n\n\n  <div class=\"banner has-hover\" id=\"banner-1310432842\">\n          <div class=\"banner-inner fill\">\n        <div class=\"banner-bg fill\" >\n            <img loading=\"lazy\" decoding=\"async\" width=\"1920\" height=\"350\" src=\"https:\/\/helvident.ch\/wp-content\/uploads\/2019\/06\/dentisterie_esthC\u0327tique.jpg\" class=\"bg attachment-original size-original\" alt=\"\" \/>                                    \n                    <\/div>\n\t\t\n        <div class=\"banner-layers container\">\n            <div class=\"fill banner-link\"><\/div>            \n\n   <div id=\"text-box-1316317291\" class=\"text-box banner-layer x50 md-x50 lg-x50 y50 md-y50 lg-y50 res-text\">\n                                <div class=\"text-box-content text dark\">\n              \n              <div class=\"text-inner text-left\">\n                  \n\n<h1>DENTAL HYGIENE<br \/>\nAND WHITENING<\/h1>\n\n              <\/div>\n           <\/div>\n                            \n<style>\n#text-box-1316317291 {\n  width: 98%;\n}\n#text-box-1316317291 .text-box-content {\n  font-size: 100%;\n}\n<\/style>\n    <\/div>\n \n\n        <\/div>\n      <\/div>\n\n            \n<style>\n#banner-1310432842 {\n  padding-top: 300px;\n}\n#banner-1310432842 .banner-bg img {\n  object-position: 49% 36%;\n}\n<\/style>\n  <\/div>\n\n\n\n\t\t<\/div>\n\n\t\t\n<style>\n#section_1631033883 {\n  padding-top: 0px;\n  padding-bottom: 0px;\n}\n<\/style>\n\t<\/section>\n\t\n\n\t<section class=\"section\" id=\"section_992299107\">\n\t\t<div class=\"section-bg fill\" >\n\t\t\t\t\t\t\t\t\t\n\t\t\t\n\n\t\t<\/div>\n\n\t\t\n\n\t\t<div class=\"section-content relative\">\n\t\t\t\n\n<div class=\"row align-middle\"  id=\"row-899936120\">\n\n\n\t<div id=\"col-885317014\" class=\"col medium-6 small-12 large-6\"  >\n\t\t\t\t<div class=\"col-inner\"  >\n\t\t\t\n\t\t\t\n\n<p>At <a href=\"http:\/\/helvident.ch\/en\/presentation\/\">HELVIDENT<\/a>our team of <strong>dentists <\/strong>performs all routine acts of <strong>dentistry<\/strong>. Your smile is our top priority. You can consult our <strong>dental center in Fribourg<\/strong> or in our <strong>dental clinic in St Sulpice<\/strong> near Lausanne.<\/p>\n\n\t\t<\/div>\n\t\t\t\t\t<\/div>\n\n\t\n\n\t<div id=\"col-1488767906\" class=\"col medium-6 small-12 large-6\"  >\n\t\t\t\t<div class=\"col-inner\"  >\n\t\t\t\n\t\t\t\n\n<div class=\"video video-fit mb box-shadow-4\" style=\"padding-top:56.25%;\"><iframe loading=\"lazy\" title=\"Dental bleaching Lausanne - Aigle - Fribourg\" src=\"https:\/\/player.vimeo.com\/video\/346940250?dnt=1&#038;app_id=122963\" width=\"1020\" height=\"574\" frameborder=\"0\" allow=\"autoplay; fullscreen\" allowfullscreen><\/iframe><\/div>\n\n\n\t\t<\/div>\n\t\t\t\t\t<\/div>\n\n\t\n\n<\/div>\n<div class=\"row\"  id=\"row-654708745\">\n\n\n\t<div id=\"col-1390906865\" class=\"col small-12 large-12\"  >\n\t\t\t\t<div class=\"col-inner\"  >\n\t\t\t\n\t\t\t\n\n<div class=\"container section-title-container\" ><h2 class=\"section-title section-title-normal\"><b aria-hidden=\"true\"><\/b><span class=\"section-title-main\" >DENTAL PLAQUE<\/span><b aria-hidden=\"true\"><\/b><\/h2><\/div>\n\n<p>Visit <strong>dental plaque <\/strong>is a whitish substance that forms on the surface of<strong> teeth<\/strong>. It's made up of food residues, saliva and bacteria. This is one of the causes of <strong>cavity formation<\/strong> and <strong>gum problems<\/strong>.<\/p>\n<p>Bacteria from the <strong>dental plaque <\/strong>feed on fast sugars. They absorb them, proliferate and secrete an acid. This acid attacks the <strong>tooth surface<\/strong> (l'<strong>enamel<\/strong>). Over time, a cavity forms and continually deepens until it reaches the <strong>dentine<\/strong>then the <strong>tooth nerve <\/strong>if not treated in time. We recommend that you seek preventive treatment to avoid <a href=\"#\">dental emergencies<\/a>.<\/p>\n\n\t\t<\/div>\n\t\t\t\t\t<\/div>\n\n\t\n\n<\/div>\n<div class=\"row\"  id=\"row-1002527973\">\n\n\n\t<div id=\"col-1019206334\" class=\"col small-12 large-12\"  >\n\t\t\t\t<div class=\"col-inner\"  >\n\t\t\t\n\t\t\t\n\n<div class=\"container section-title-container\" ><h2 class=\"section-title section-title-normal\"><b aria-hidden=\"true\"><\/b><span class=\"section-title-main\" >CARIE<\/span><b aria-hidden=\"true\"><\/b><\/h2><\/div>\n\n<p>Visit <strong>caries<\/strong> is a condition caused by<strong>enamel alteration <\/strong>or the <strong>tooth dentin<\/strong>. It is similar to a cavity formed by the progressive destruction of the <strong>tooth<\/strong>.<\/p>\n<p>Visit <strong>caries<\/strong> is the world's third most common pathology. The addition of <strong>fluor <\/strong>in food and <strong>toothpastes<\/strong>and certain dietary modifications have limited the spread of this plague. <strong>dental <\/strong>for a while.<\/p>\n<p>However, today's new eating habits (snacking, sugary drinks, soft drinks, cookies, chocolate, etc.) mean that the<strong> dental caries <\/strong>are on the increase.<\/p>\n\n\t\t<\/div>\n\t\t\t\t\t<\/div>\n\n\t\n\n<\/div>\n<div class=\"row\"  id=\"row-1995008975\">\n\n\n\t<div id=\"col-1810447879\" class=\"col small-12 large-12\"  >\n\t\t\t\t<div class=\"col-inner\"  >\n\t\t\t\n\t\t\t\n\n<div class=\"container section-title-container\" ><h2 class=\"section-title section-title-normal\"><b aria-hidden=\"true\"><\/b><span class=\"section-title-main\" >START-UP<\/span><b aria-hidden=\"true\"><\/b><\/h2><\/div>\n\n<p>Visit <strong>descaling<\/strong> is to remove the <strong>limescale <\/strong>which accumulates on the <strong>teeth<\/strong>. It is the result of calcification or mineralization of the <strong>dental plaque<\/strong> over the years.<\/p>\n<p>Unlike the <strong>dental plaque<\/strong>the <strong>limescale<\/strong> cannot be eliminated with a<strong> toothbrush <\/strong>or the <strong>dental floss<\/strong>. It requires the intervention of a professional such as a <strong>dentist<\/strong>a <strong>hygienist<\/strong> or a <strong>prophylaxis assistant<\/strong> with scraping and peeling tools. <strong>limescale<\/strong>.<\/p>\n<p>Visit<strong> limescale<\/strong> is responsible for the yellowing of your <strong>teeth<\/strong>. It irritates <strong>gums <\/strong>and ultimately leads to <strong>tooth loosening<\/strong>.<\/p>\n<p>A <strong>descaling<\/strong> supplemented by a regular <strong>dental check-up<\/strong>It reduces the risk of pathology and enables treatment before it's too late.<\/p>\n\n\n\t\t<\/div>\n\t\t\t\t\t<\/div>\n\n\t\n\n<\/div>\n<div class=\"row align-middle\"  id=\"row-1487657263\">\n\n\n\t<div id=\"col-296756092\" class=\"col medium-4 small-12 large-4\"  >\n\t\t\t\t<div class=\"col-inner\"  >\n\t\t\t\n\t\t\t\n\n\t<div class=\"img has-hover x md-x lg-x y md-y lg-y\" id=\"image_1794002857\">\n\t\t\t\t\t\t\t\t<div class=\"img-inner box-shadow-4 dark\" >\n\t\t\t<img loading=\"lazy\" decoding=\"async\" width=\"1020\" height=\"680\" src=\"https:\/\/helvident.ch\/wp-content\/uploads\/2019\/07\/Endodontie-2-1024x683.jpg\" class=\"attachment-large size-large\" alt=\"dental treatment Lausanne\" srcset=\"https:\/\/helvident.ch\/wp-content\/uploads\/2019\/07\/Endodontie-2.jpg 1024w, https:\/\/helvident.ch\/wp-content\/uploads\/2019\/07\/Endodontie-2-300x200.jpg 300w, https:\/\/helvident.ch\/wp-content\/uploads\/2019\/07\/Endodontie-2-768x512.jpg 768w\" sizes=\"auto, (max-width: 1020px) 100vw, 1020px\" \/>\t\t\t\t\t\t\n\t\t\t\t\t<\/div>\n\t\t\t\t\t\t\t\t\n<style>\n#image_1794002857 {\n  width: 83%;\n}\n<\/style>\n\t<\/div>\n\t\n\n\n\t\t<\/div>\n\t\t\t\t\t<\/div>\n\n\t\n\n\t<div id=\"col-588571429\" class=\"col medium-8 small-12 large-8\"  >\n\t\t\t\t<div class=\"col-inner\"  >\n\t\t\t\n\t\t\t\n\n<div class=\"container section-title-container\" ><h2 class=\"section-title section-title-normal\"><b aria-hidden=\"true\"><\/b><span class=\"section-title-main\" >TOOTH BRUSHING TECHNIQUES<\/span><b aria-hidden=\"true\"><\/b><\/h2><\/div>\n\n<p>In addition to <strong>dentists<\/strong>the<strong>HELVIDENT<\/strong> account of <strong>hygienists <\/strong>and <strong>prophylaxis assistants<\/strong>. These<strong>oral and dental hygiene <\/strong>have 4 main missions:<\/p>\n<ul>\n<li>make a <strong>control of teeth and oral cavity<\/strong><\/li>\n<li><strong>remove limescale<\/strong><\/li>\n<li>teach <strong>tooth brushing techniques<\/strong> best adapted to each patient's situation<\/li>\n<li>respond to your questions and requests in a personalized way.<\/li>\n<\/ul>\n<p>Every mouth is slightly different. It is therefore important to adapt the techniques and means used to each individual case.<\/p>\n\n\t\t<\/div>\n\t\t\t\t\t<\/div>\n\n\t\n\n<\/div>\n<div class=\"row align-middle\"  id=\"row-1551556831\">\n\n\n\t<div id=\"col-1865441924\" class=\"col small-12 large-12\"  >\n\t\t\t\t<div class=\"col-inner\"  >\n\t\t\t\n\t\t\t\n\n<div class=\"container section-title-container\" ><h2 class=\"section-title section-title-normal\"><b aria-hidden=\"true\"><\/b><span class=\"section-title-main\" >TEETH WHITENING<\/span><b aria-hidden=\"true\"><\/b><\/h2><\/div>\n\n<p>Visit <strong>teeth whitening <\/strong>is achieved by applying gel to the<strong> teeth<\/strong>. Depending on concentration and duration of application, this product offers more or less intense results. It consists of <strong>carbamide peroxide<\/strong>. It removes the stains accumulated on the <strong>teeth<\/strong> and in the imperfections of the<strong>enamel<\/strong>.<\/p>\n<h3>IN-OFFICE TOOTH WHITENING<\/h3>\n<p>Here's how the act of <strong>bleaching <\/strong>in a <strong>HELVIDENT dental center<\/strong> :<\/p>\n<ul>\n<li>Application of a concentrated gel to your teeth and gum protection<\/li>\n<li>First 8-minute session: the gel is activated by a special high-power lamp<\/li>\n<li>Change of gel and second 8-minute session<\/li>\n<\/ul>\n<p>A full session of <strong>teeth whitening<\/strong> usually involves 3 applications of gel under the lamp. If, after several weeks, the result is insufficient, you can have an additional session.<\/p>\n\n\t\t<\/div>\n\t\t\t\t\t<\/div>\n\n\t\n\n<\/div>\n<div class=\"row align-middle\"  id=\"row-623598851\">\n\n\n\t<div id=\"col-1190955918\" class=\"col medium-6 small-12 large-6\"  >\n\t\t\t\t<div class=\"col-inner\"  >\n\t\t\t\n\t\t\t\n\n<h3>TOOTH WHITENING AT HOME<\/h3>\n<p><strong>HELVIDENT<\/strong> offers you the option of <strong>bleaching<\/strong> in your own home. First, you make an appointment with one of our<strong> dentists<\/strong> to make the <strong>impressions of your teeth<\/strong>. Le <strong>dental laboratory<\/strong> then performs 2 <strong>gutters<\/strong> that you are invited to pick up.<\/p>\n<p>Once at home, you apply the gel provided in the <strong>gutters<\/strong> before placing them on your <strong>teeth<\/strong>. Repeat this operation every day until you achieve the desired whiteness. This may take 5 or 20 days, depending on the case.<\/p>\n\n\t\t<\/div>\n\t\t\t\t\t<\/div>\n\n\t\n\n\t<div id=\"col-1147857156\" class=\"col medium-6 small-12 large-6\"  >\n\t\t\t\t<div class=\"col-inner\"  >\n\t\t\t\n\t\t\t\n\n<div class=\"video video-fit mb box-shadow-4\" style=\"padding-top:56.25%;\"><p><iframe loading=\"lazy\" title=\"Professional teeth whitening\" src=\"https:\/\/player.vimeo.com\/video\/346940699?dnt=1&#038;app_id=122963\" width=\"1020\" height=\"574\" frameborder=\"0\" allow=\"autoplay; fullscreen\" allowfullscreen><\/iframe><\/p>\n<\/div>\n\n\n\t\t<\/div>\n\t\t\t\t\t<\/div>\n\n\t\n\n<\/div>\n\n\t\t<\/div>\n\n\t\t\n<style>\n#section_992299107 {\n  padding-top: 60px;\n  padding-bottom: 60px;\n}\n<\/style>\n\t<\/section>","protected":false},"excerpt":{"rendered":"","protected":false},"author":1,"featured_media":0,"parent":29057,"menu_order":0,"comment_status":"closed","ping_status":"closed","template":"page-blank.php","meta":{"_acf_changed":false,"footnotes":""},"class_list":["post-29092","page","type-page","status-publish","hentry"],"acf":[],"yoast_head":"<!-- This site is optimized with the Yoast SEO plugin v27.3 - https:\/\/yoast.com\/product\/yoast-seo-wordpress\/ -->\n<title>Hygi\u00e8ne dentaire et blanchiment des dents - HELVIDENT SUISSE<\/title>\n<meta name=\"description\" content=\"Plaque dentaire, carie, tartre et dents jaunes sont des probl\u00e8mes courants en m\u00e9decine dentaire. D\u00e9couvrez les services des cliniques HELVIDENT en Suisse.\" \/>\n<meta name=\"robots\" content=\"index, follow, max-snippet:-1, max-image-preview:large, max-video-preview:-1\" \/>\n<link rel=\"canonical\" href=\"https:\/\/helvident.ch\/en\/services\/dental-hygiene-and-whitening\/\" \/>\n<meta property=\"og:locale\" content=\"en_US\" \/>\n<meta property=\"og:type\" content=\"article\" \/>\n<meta property=\"og:title\" content=\"Hygi\u00e8ne dentaire et blanchiment des dents - HELVIDENT SUISSE\" \/>\n<meta property=\"og:description\" content=\"Plaque dentaire, carie, tartre et dents jaunes sont des probl\u00e8mes courants en m\u00e9decine dentaire. D\u00e9couvrez les services des cliniques HELVIDENT en Suisse.\" \/>\n<meta property=\"og:url\" content=\"https:\/\/helvident.ch\/en\/services\/dental-hygiene-and-whitening\/\" \/>\n<meta property=\"og:site_name\" content=\"Helvident\" \/>\n<meta property=\"article:publisher\" content=\"https:\/\/www.facebook.com\/Helvident-Centre-Dentaire-Fribourg-SA-408825345872856\/\" \/>\n<meta property=\"article:modified_time\" content=\"2022-02-23T14:07:14+00:00\" \/>\n<meta name=\"twitter:card\" content=\"summary_large_image\" \/>\n<meta name=\"twitter:label1\" content=\"Est. reading time\" \/>\n\t<meta name=\"twitter:data1\" content=\"5 minutes\" \/>\n<script type=\"application\/ld+json\" class=\"yoast-schema-graph\">{\"@context\":\"https:\\\/\\\/schema.org\",\"@graph\":[{\"@type\":\"WebPage\",\"@id\":\"https:\\\/\\\/helvident.ch\\\/services\\\/hygiene-dentaire-et-blanchiment\\\/\",\"url\":\"https:\\\/\\\/helvident.ch\\\/services\\\/hygiene-dentaire-et-blanchiment\\\/\",\"name\":\"Hygi\u00e8ne dentaire et blanchiment des dents - HELVIDENT SUISSE\",\"isPartOf\":{\"@id\":\"https:\\\/\\\/helvident.ch\\\/#website\"},\"datePublished\":\"2019-06-14T17:53:41+00:00\",\"dateModified\":\"2022-02-23T14:07:14+00:00\",\"description\":\"Plaque dentaire, carie, tartre et dents jaunes sont des probl\u00e8mes courants en m\u00e9decine dentaire. D\u00e9couvrez les services des cliniques HELVIDENT en Suisse.\",\"breadcrumb\":{\"@id\":\"https:\\\/\\\/helvident.ch\\\/services\\\/hygiene-dentaire-et-blanchiment\\\/#breadcrumb\"},\"inLanguage\":\"en-US\",\"potentialAction\":[{\"@type\":\"ReadAction\",\"target\":[\"https:\\\/\\\/helvident.ch\\\/services\\\/hygiene-dentaire-et-blanchiment\\\/\"]}]},{\"@type\":\"BreadcrumbList\",\"@id\":\"https:\\\/\\\/helvident.ch\\\/services\\\/hygiene-dentaire-et-blanchiment\\\/#breadcrumb\",\"itemListElement\":[{\"@type\":\"ListItem\",\"position\":1,\"name\":\"Home\",\"item\":\"https:\\\/\\\/helvident.ch\\\/\"},{\"@type\":\"ListItem\",\"position\":2,\"name\":\"Services\",\"item\":\"https:\\\/\\\/helvident.ch\\\/services\\\/\"},{\"@type\":\"ListItem\",\"position\":3,\"name\":\"Hygi\u00e8ne dentaire et blanchiment\"}]},{\"@type\":\"WebSite\",\"@id\":\"https:\\\/\\\/helvident.ch\\\/#website\",\"url\":\"https:\\\/\\\/helvident.ch\\\/\",\"name\":\"Helvident\",\"description\":\"Cliniques Dentaires Lausanne - Aigle - Friboug\",\"publisher\":{\"@id\":\"https:\\\/\\\/helvident.ch\\\/#organization\"},\"potentialAction\":[{\"@type\":\"SearchAction\",\"target\":{\"@type\":\"EntryPoint\",\"urlTemplate\":\"https:\\\/\\\/helvident.ch\\\/?s={search_term_string}\"},\"query-input\":{\"@type\":\"PropertyValueSpecification\",\"valueRequired\":true,\"valueName\":\"search_term_string\"}}],\"inLanguage\":\"en-US\"},{\"@type\":\"Organization\",\"@id\":\"https:\\\/\\\/helvident.ch\\\/#organization\",\"name\":\"Helvident - Cliniques Dentaires\",\"url\":\"https:\\\/\\\/helvident.ch\\\/\",\"logo\":{\"@type\":\"ImageObject\",\"inLanguage\":\"en-US\",\"@id\":\"https:\\\/\\\/helvident.ch\\\/#\\\/schema\\\/logo\\\/image\\\/\",\"url\":\"https:\\\/\\\/helvident.ch\\\/wp-content\\\/uploads\\\/2019\\\/06\\\/logo@2x.png\",\"contentUrl\":\"https:\\\/\\\/helvident.ch\\\/wp-content\\\/uploads\\\/2019\\\/06\\\/logo@2x.png\",\"width\":502,\"height\":120,\"caption\":\"Helvident - Cliniques Dentaires\"},\"image\":{\"@id\":\"https:\\\/\\\/helvident.ch\\\/#\\\/schema\\\/logo\\\/image\\\/\"},\"sameAs\":[\"https:\\\/\\\/www.facebook.com\\\/Helvident-Centre-Dentaire-Fribourg-SA-408825345872856\\\/\"]}]}<\/script>\n<!-- \/ Yoast SEO plugin. -->","yoast_head_json":{"title":"Dental hygiene and teeth whitening - HELVIDENT SUISSE","description":"Plaque, cavities, tartar and yellow teeth are common problems in dentistry. Find out more about the services offered by HELVIDENT clinics in Switzerland.","robots":{"index":"index","follow":"follow","max-snippet":"max-snippet:-1","max-image-preview":"max-image-preview:large","max-video-preview":"max-video-preview:-1"},"canonical":"https:\/\/helvident.ch\/en\/services\/dental-hygiene-and-whitening\/","og_locale":"en_US","og_type":"article","og_title":"Hygi\u00e8ne dentaire et blanchiment des dents - HELVIDENT SUISSE","og_description":"Plaque dentaire, carie, tartre et dents jaunes sont des probl\u00e8mes courants en m\u00e9decine dentaire. D\u00e9couvrez les services des cliniques HELVIDENT en Suisse.","og_url":"https:\/\/helvident.ch\/en\/services\/dental-hygiene-and-whitening\/","og_site_name":"Helvident","article_publisher":"https:\/\/www.facebook.com\/Helvident-Centre-Dentaire-Fribourg-SA-408825345872856\/","article_modified_time":"2022-02-23T14:07:14+00:00","twitter_card":"summary_large_image","twitter_misc":{"Est. reading time":"5 minutes"},"schema":{"@context":"https:\/\/schema.org","@graph":[{"@type":"WebPage","@id":"https:\/\/helvident.ch\/services\/hygiene-dentaire-et-blanchiment\/","url":"https:\/\/helvident.ch\/services\/hygiene-dentaire-et-blanchiment\/","name":"Dental hygiene and teeth whitening - HELVIDENT SUISSE","isPartOf":{"@id":"https:\/\/helvident.ch\/#website"},"datePublished":"2019-06-14T17:53:41+00:00","dateModified":"2022-02-23T14:07:14+00:00","description":"Plaque, cavities, tartar and yellow teeth are common problems in dentistry. Find out more about the services offered by HELVIDENT clinics in Switzerland.","breadcrumb":{"@id":"https:\/\/helvident.ch\/services\/hygiene-dentaire-et-blanchiment\/#breadcrumb"},"inLanguage":"en-US","potentialAction":[{"@type":"ReadAction","target":["https:\/\/helvident.ch\/services\/hygiene-dentaire-et-blanchiment\/"]}]},{"@type":"BreadcrumbList","@id":"https:\/\/helvident.ch\/services\/hygiene-dentaire-et-blanchiment\/#breadcrumb","itemListElement":[{"@type":"ListItem","position":1,"name":"Home","item":"https:\/\/helvident.ch\/"},{"@type":"ListItem","position":2,"name":"Services","item":"https:\/\/helvident.ch\/services\/"},{"@type":"ListItem","position":3,"name":"Hygi\u00e8ne dentaire et blanchiment"}]},{"@type":"WebSite","@id":"https:\/\/helvident.ch\/#website","url":"https:\/\/helvident.ch\/","name":"Helvident","description":"Cliniques Dentaires Lausanne - Aigle - Friboug","publisher":{"@id":"https:\/\/helvident.ch\/#organization"},"potentialAction":[{"@type":"SearchAction","target":{"@type":"EntryPoint","urlTemplate":"https:\/\/helvident.ch\/?s={search_term_string}"},"query-input":{"@type":"PropertyValueSpecification","valueRequired":true,"valueName":"search_term_string"}}],"inLanguage":"en-US"},{"@type":"Organization","@id":"https:\/\/helvident.ch\/#organization","name":"Helvident - Dental Clinics","url":"https:\/\/helvident.ch\/","logo":{"@type":"ImageObject","inLanguage":"en-US","@id":"https:\/\/helvident.ch\/#\/schema\/logo\/image\/","url":"https:\/\/helvident.ch\/wp-content\/uploads\/2019\/06\/logo@2x.png","contentUrl":"https:\/\/helvident.ch\/wp-content\/uploads\/2019\/06\/logo@2x.png","width":502,"height":120,"caption":"Helvident - Cliniques Dentaires"},"image":{"@id":"https:\/\/helvident.ch\/#\/schema\/logo\/image\/"},"sameAs":["https:\/\/www.facebook.com\/Helvident-Centre-Dentaire-Fribourg-SA-408825345872856\/"]}]}},"_links":{"self":[{"href":"https:\/\/helvident.ch\/en\/wp-json\/wp\/v2\/pages\/29092","targetHints":{"allow":["GET"]}}],"collection":[{"href":"https:\/\/helvident.ch\/en\/wp-json\/wp\/v2\/pages"}],"about":[{"href":"https:\/\/helvident.ch\/en\/wp-json\/wp\/v2\/types\/page"}],"author":[{"embeddable":true,"href":"https:\/\/helvident.ch\/en\/wp-json\/wp\/v2\/users\/1"}],"replies":[{"embeddable":true,"href":"https:\/\/helvident.ch\/en\/wp-json\/wp\/v2\/comments?post=29092"}],"version-history":[{"count":1,"href":"https:\/\/helvident.ch\/en\/wp-json\/wp\/v2\/pages\/29092\/revisions"}],"predecessor-version":[{"id":30404,"href":"https:\/\/helvident.ch\/en\/wp-json\/wp\/v2\/pages\/29092\/revisions\/30404"}],"up":[{"embeddable":true,"href":"https:\/\/helvident.ch\/en\/wp-json\/wp\/v2\/pages\/29057"}],"wp:attachment":[{"href":"https:\/\/helvident.ch\/en\/wp-json\/wp\/v2\/media?parent=29092"}],"curies":[{"name":"wp","href":"https:\/\/api.w.org\/{rel}","templated":true}]}}