{"id":29088,"date":"2019-06-14T19:47:50","date_gmt":"2019-06-14T17:47:50","guid":{"rendered":"http:\/\/helvident.ch\/?page_id=29088"},"modified":"2019-07-18T10:18:05","modified_gmt":"2019-07-18T08:18:05","slug":"endodontics","status":"publish","type":"page","link":"https:\/\/helvident.ch\/en\/services\/endodontics\/","title":{"rendered":"Endodontics"},"content":{"rendered":"<section class=\"section need-toping\" id=\"section_561517969\">\n\t\t<div class=\"section-bg fill\" >\n\t\t\t\t\t\t\t\t\t\n\t\t\t\n\n\t\t<\/div>\n\n\t\t\n\n\t\t<div class=\"section-content relative\">\n\t\t\t\n\n  <div class=\"banner has-hover\" id=\"banner-208998327\">\n          <div class=\"banner-inner fill\">\n        <div class=\"banner-bg fill\" >\n            <img loading=\"lazy\" decoding=\"async\" width=\"1920\" height=\"350\" src=\"https:\/\/helvident.ch\/wp-content\/uploads\/2019\/06\/Dentisterie-familiale.jpg\" class=\"bg attachment-original size-original\" alt=\"\" \/>                        <div class=\"overlay\"><\/div>            \n                    <\/div>\n\t\t\n        <div class=\"banner-layers container\">\n            <div class=\"fill banner-link\"><\/div>            \n   <div id=\"text-box-202157272\" class=\"text-box banner-layer x50 md-x50 lg-x50 y50 md-y50 lg-y50 res-text\">\n                                <div class=\"text-box-content text dark\">\n              \n              <div class=\"text-inner text-left\">\n                  \n<h1>ENDODONTICS<\/h1>\n              <\/div>\n           <\/div>\n                            \n<style>\n#text-box-202157272 {\n  width: 98%;\n}\n#text-box-202157272 .text-box-content {\n  font-size: 31%;\n}\n@media (min-width:550px) {\n  #text-box-202157272 .text-box-content {\n    font-size: 100%;\n  }\n}\n<\/style>\n    <\/div>\n \n        <\/div>\n      <\/div>\n\n            \n<style>\n#banner-208998327 {\n  padding-top: 300px;\n}\n#banner-208998327 .overlay {\n  background-color: rgba(0, 0, 0, 0.2);\n}\n#banner-208998327 .banner-bg img {\n  object-position: 79% 18%;\n}\n<\/style>\n  <\/div>\n\n\n\t\t<\/div>\n\n\t\t\n<style>\n#section_561517969 {\n  padding-top: 0px;\n  padding-bottom: 0px;\n}\n<\/style>\n\t<\/section>\n\t\n\n\t<section class=\"section\" id=\"section_147685614\">\n\t\t<div class=\"section-bg fill\" >\n\t\t\t\t\t\t\t\t\t\n\t\t\t\n\n\t\t<\/div>\n\n\t\t\n\n\t\t<div class=\"section-content relative\">\n\t\t\t\n<div class=\"row align-middle align-center\"  id=\"row-1499277015\">\n\n\t<div id=\"col-482984734\" class=\"col medium-6 small-12 large-6\"  >\n\t\t\t\t<div class=\"col-inner\"  >\n\t\t\t\n\t\t\t\n<p>At <a href=\"http:\/\/helvident.ch\/en\/presentation\/\">HELVIDENT<\/a>our team of <strong>dentists <\/strong>performs all routine and specialized <strong>dentistry<\/strong>. In our <strong>dental center in Fribourg<\/strong> or in our <strong>dental clinic in St Sulpice<\/strong> near Lausanne.<\/p>\n<p>Complementary specialties to the<strong>odontology<\/strong>some of which are well known, such as<a href=\"http:\/\/helvident.ch\/en\/services\/orthodontics\/\">orthodontics<\/a>while others are less so. This is the case of<strong>endodontics<\/strong>.<\/p>\n<p>L'<strong>endodontics<\/strong> refers to care that treats<strong>inside the tooth<\/strong>. They aim to prevent, diagnose and treat pathologies of the <strong>internal root canal system<\/strong>. They concern, for example, inflammations and infections affecting the <strong>dental pulp <\/strong>and<strong> periradicular tissues.<\/strong><\/p>\n<p>L'<strong>endodontist <\/strong>is a specialist who may be called upon to collaborate with other <strong>dental specialists <\/strong>from different disciplines to handle complex cases. At <strong>HELVIDENT<\/strong>we bring together all <strong>dentistry <\/strong>in a single location to offer you comprehensive, optimal endodontic care.<\/p>\n\t\t<\/div>\n\t\t\t\t\t<\/div>\n\n\t\n\n\t<div id=\"col-519368710\" class=\"col medium-6 small-12 large-6\"  >\n\t\t\t\t<div class=\"col-inner\"  >\n\t\t\t\n\t\t\t\n<div class=\"video video-fit mb box-shadow-4\" style=\"padding-top:56.25%;\"><p><iframe loading=\"lazy\" title=\"Dental microscope\" src=\"https:\/\/player.vimeo.com\/video\/346940359?dnt=1&#038;app_id=122963\" width=\"1020\" height=\"574\" frameborder=\"0\" allow=\"autoplay; fullscreen\" allowfullscreen><\/iframe><\/p>\n<\/div>\n\t\t<\/div>\n\t\t\t\t\t<\/div>\n\n\t\n<\/div>\n<div class=\"row\"  id=\"row-220876840\">\n\n\t<div id=\"col-387871076\" class=\"col small-12 large-12\"  >\n\t\t\t\t<div class=\"col-inner\"  >\n\t\t\t\n\t\t\t\n\t<div id=\"gap-1856036634\" class=\"gap-element clearfix\" style=\"display:block; height:auto;\">\n\t\t\n<style>\n#gap-1856036634 {\n  padding-top: 30px;\n}\n<\/style>\n\t<\/div>\n\t\n<div class=\"container section-title-container\" ><h2 class=\"section-title section-title-normal\"><b aria-hidden=\"true\"><\/b><span class=\"section-title-main\" >DENTAL ROOT TREATMENT<\/span><b aria-hidden=\"true\"><\/b><\/h2><\/div>\n<p>L'<strong>endodontic<\/strong> is the<strong> inner part of the tooth<\/strong>. This space, called <strong>pulp chamber<\/strong> in the jargon <strong>dental<\/strong>The pulp contains living cells, blood vessels and nerve fibers. The pulp extends into the root canals.<\/p>\n<p>Deterioration of the pulp leads to a <strong>lesion in the apical area<\/strong> (the <strong>tooth tip<\/strong>). The nerve may become necrotic. The death of the cells inside the<strong> tooth<\/strong> can lead to severe pain and infection. We recommend that you seek preventive treatment to avoid the following <a href=\"#\">dental emergencies<\/a>.<\/p>\n<p>Several factors can cause this type of<strong> endodontic lesion<\/strong> :<\/p>\n<ul>\n<li>pulpal exposure following <strong>caries<\/strong> or deep restoration<\/li>\n<li>a <strong>coronary crack<\/strong> joining the pulp<\/li>\n<li>an accident or trauma to the jaw<\/li>\n<li>severe irritation<\/li>\n<\/ul>\n<p>Visit <strong>endodontic therapy <\/strong>First, a hole is dug down to the pulp. L'<strong>endodontist <\/strong>then proceeds with chemical and mechanical cleaning of the <strong>pulp chamber <\/strong>and canals. It eliminates necrotic cells and disinfects the<strong>inside the tooth<\/strong>. The treatment is completed by tightly sealing the canals and the <strong>pulp chamber <\/strong>with a suitable product. This greatly reduces the risk of subsequent reinfection.<\/p>\n\t\t<\/div>\n\t\t\t\t\t<\/div>\n\n\t\n<\/div>\n<div class=\"row\"  id=\"row-818200903\">\n\n\t<div id=\"col-262350018\" class=\"col small-12 large-12\"  >\n\t\t\t\t<div class=\"col-inner\"  >\n\t\t\t\n\t\t\t\n<div class=\"container section-title-container\" ><h2 class=\"section-title section-title-normal\"><b aria-hidden=\"true\"><\/b><span class=\"section-title-main\" >USING THE DENTAL MICROSCOPE<\/span><b aria-hidden=\"true\"><\/b><\/h2><\/div>\n<p>The channels in the <strong>tooth root<\/strong> can sometimes have extremely small diameters. Despite the powerful lights of our <strong>dental practices<\/strong>The entrance to the root canals is sometimes difficult to see with the naked eye.<\/p>\n<p>In this case, the<strong>endodontist <\/strong>uses a <strong>dental microscope<\/strong> which allows much more precise magnification and examination of the <strong>dental, pulpal and periradicular structures<\/strong>. This considerably increases the chances of success and therefore the prognosis of your <strong>tooth <\/strong>in the long term.<\/p>\n<p>At <strong>HELVIDENT<\/strong>We do everything in our power to ensure the quality and durability of the treatments we offer our patients. Your smile is at the heart of our concerns. Do not hesitate to make an appointment as soon as you suffer from a <strong>pain of<\/strong><strong>oral or dental origin.<\/strong><\/p>\n\t\t<\/div>\n\t\t\t\t\t<\/div>\n\n\t\n<\/div>\n<div class=\"row\"  id=\"row-29891045\">\n\n\t<div id=\"col-1475207594\" class=\"col small-12 large-12\"  >\n\t\t\t\t<div class=\"col-inner\"  >\n\t\t\t\n\t\t\t\n<div class=\"container section-title-container\" ><h2 class=\"section-title section-title-normal\"><b aria-hidden=\"true\"><\/b><span class=\"section-title-main\" >PERIODONTAL TREATMENTS<\/span><b aria-hidden=\"true\"><\/b><\/h2><\/div>\n<p>To treat <strong>inflammatory diseases of the periodontium<\/strong>the <strong>toothbrush<\/strong> and the<strong> dental floss<\/strong> are not enough.<\/p>\n<p>A <strong>hygienist<\/strong>a <strong>dentist<\/strong> or a <strong>periodontologist <\/strong>must intervene quickly in order to treat you. The earlier the disease is treated, the less tissue will be destroyed and the less you will suffer the after-effects of the bacterial attack. In this way, you maximize your chances of obtaining conclusive results after the treatment.<strong> dental care<\/strong>.<\/p>\n<p>The<strong>HELVIDENT<\/strong> has a <strong>periodontologist<\/strong>. She is <strong>dentist<\/strong> specialized in this type of <strong>dental pathologies<\/strong> it deals with on a daily basis.<\/p>\n\t\t<\/div>\n\t\t\t\t\t<\/div>\n\n\t\n<\/div>\n<div class=\"row align-middle align-center\"  id=\"row-859242518\">\n\n\t<div id=\"col-1071682310\" class=\"col medium-4 small-12 large-4\"  >\n\t\t\t\t<div class=\"col-inner\"  >\n\t\t\t\n\t\t\t\n\t<div class=\"img has-hover x md-x lg-x y md-y lg-y\" id=\"image_1415217867\">\n\t\t\t\t\t\t\t\t<div class=\"img-inner box-shadow-4 dark\" >\n\t\t\t<img loading=\"lazy\" decoding=\"async\" width=\"1020\" height=\"680\" src=\"https:\/\/helvident.ch\/wp-content\/uploads\/2019\/07\/Radiographie_bouche-1024x683.jpg\" class=\"attachment-large size-large\" alt=\"Radiographie_bouche\" srcset=\"https:\/\/helvident.ch\/wp-content\/uploads\/2019\/07\/Radiographie_bouche.jpg 1024w, https:\/\/helvident.ch\/wp-content\/uploads\/2019\/07\/Radiographie_bouche-300x200.jpg 300w, https:\/\/helvident.ch\/wp-content\/uploads\/2019\/07\/Radiographie_bouche-768x512.jpg 768w\" sizes=\"auto, (max-width: 1020px) 100vw, 1020px\" \/>\t\t\t\t\t\t\n\t\t\t\t\t<\/div>\n\t\t\t\t\t\t\t\t\n<style>\n#image_1415217867 {\n  width: 87%;\n}\n<\/style>\n\t<\/div>\n\t\n\t\t<\/div>\n\t\t\t\t\t<\/div>\n\n\t\n\n\t<div id=\"col-1900051528\" class=\"col medium-8 small-12 large-8\"  >\n\t\t\t\t<div class=\"col-inner\"  >\n\t\t\t\n\t\t\t\n<div class=\"container section-title-container\" ><h2 class=\"section-title section-title-normal\"><b aria-hidden=\"true\"><\/b><span class=\"section-title-main\" >DENTAL RADIOGRAPHY<\/span><b aria-hidden=\"true\"><\/b><\/h2><\/div>\n<p>Visit <strong>HELVIDENT dental centers <\/strong>are equipped with state-of-the-art technology. Our team produces digital X-rays to reduce the dose of X-rays received by patients.<\/p>\n<p>Our <strong>periodontologist <\/strong>may be required to take you through a <strong>dental radiography<\/strong> to assess the damage caused by the bacterial attack. These images will help him to establish his diagnosis and choose the solution best suited to your situation.<\/p>\n<p>Please do not hesitate to contact us for further information on our<strong> dental treatments<\/strong> or to make an appointment with our <strong>periodontologist<\/strong>.<\/p>\n\t\t<\/div>\n\t\t\t\t\t<\/div>\n\n\t\n<\/div>\n\t\t<\/div>\n\n\t\t\n<style>\n#section_147685614 {\n  padding-top: 60px;\n  padding-bottom: 60px;\n}\n<\/style>\n\t<\/section>","protected":false},"excerpt":{"rendered":"","protected":false},"author":1,"featured_media":0,"parent":29057,"menu_order":0,"comment_status":"closed","ping_status":"closed","template":"page-blank.php","meta":{"_acf_changed":false,"footnotes":""},"class_list":["post-29088","page","type-page","status-publish","hentry"],"acf":[],"yoast_head":"<!-- This site is optimized with the Yoast SEO plugin v27.3 - https:\/\/yoast.com\/product\/yoast-seo-wordpress\/ -->\n<title>L\u2019endodontie, sp\u00e9cialit\u00e9 dentaire - HELVIDENT SUISSE<\/title>\n<meta name=\"description\" content=\"L\u2019endodontie est une sp\u00e9cialit\u00e9 de la m\u00e9decine dentaire. D\u00e9couvrez les services offerts dans les cliniques dentaires HELVIDENT \u00e0 Lausanne, Aigle, Fribourg.\" \/>\n<meta name=\"robots\" content=\"index, follow, max-snippet:-1, max-image-preview:large, max-video-preview:-1\" \/>\n<link rel=\"canonical\" href=\"https:\/\/helvident.ch\/en\/services\/endodontics\/\" \/>\n<meta property=\"og:locale\" content=\"en_US\" \/>\n<meta property=\"og:type\" content=\"article\" \/>\n<meta property=\"og:title\" content=\"L\u2019endodontie, sp\u00e9cialit\u00e9 dentaire - HELVIDENT SUISSE\" \/>\n<meta property=\"og:description\" content=\"L\u2019endodontie est une sp\u00e9cialit\u00e9 de la m\u00e9decine dentaire. D\u00e9couvrez les services offerts dans les cliniques dentaires HELVIDENT \u00e0 Lausanne, Aigle, Fribourg.\" \/>\n<meta property=\"og:url\" content=\"https:\/\/helvident.ch\/en\/services\/endodontics\/\" \/>\n<meta property=\"og:site_name\" content=\"Helvident\" \/>\n<meta property=\"article:publisher\" content=\"https:\/\/www.facebook.com\/Helvident-Centre-Dentaire-Fribourg-SA-408825345872856\/\" \/>\n<meta property=\"article:modified_time\" content=\"2019-07-18T08:18:05+00:00\" \/>\n<meta name=\"twitter:card\" content=\"summary_large_image\" \/>\n<meta name=\"twitter:label1\" content=\"Est. reading time\" \/>\n\t<meta name=\"twitter:data1\" content=\"4 minutes\" \/>\n<script type=\"application\/ld+json\" class=\"yoast-schema-graph\">{\"@context\":\"https:\\\/\\\/schema.org\",\"@graph\":[{\"@type\":\"WebPage\",\"@id\":\"https:\\\/\\\/helvident.ch\\\/services\\\/endodontie\\\/\",\"url\":\"https:\\\/\\\/helvident.ch\\\/services\\\/endodontie\\\/\",\"name\":\"L\u2019endodontie, sp\u00e9cialit\u00e9 dentaire - HELVIDENT SUISSE\",\"isPartOf\":{\"@id\":\"https:\\\/\\\/helvident.ch\\\/#website\"},\"datePublished\":\"2019-06-14T17:47:50+00:00\",\"dateModified\":\"2019-07-18T08:18:05+00:00\",\"description\":\"L\u2019endodontie est une sp\u00e9cialit\u00e9 de la m\u00e9decine dentaire. D\u00e9couvrez les services offerts dans les cliniques dentaires HELVIDENT \u00e0 Lausanne, Aigle, Fribourg.\",\"breadcrumb\":{\"@id\":\"https:\\\/\\\/helvident.ch\\\/services\\\/endodontie\\\/#breadcrumb\"},\"inLanguage\":\"en-US\",\"potentialAction\":[{\"@type\":\"ReadAction\",\"target\":[\"https:\\\/\\\/helvident.ch\\\/services\\\/endodontie\\\/\"]}]},{\"@type\":\"BreadcrumbList\",\"@id\":\"https:\\\/\\\/helvident.ch\\\/services\\\/endodontie\\\/#breadcrumb\",\"itemListElement\":[{\"@type\":\"ListItem\",\"position\":1,\"name\":\"Home\",\"item\":\"https:\\\/\\\/helvident.ch\\\/\"},{\"@type\":\"ListItem\",\"position\":2,\"name\":\"Services\",\"item\":\"https:\\\/\\\/helvident.ch\\\/services\\\/\"},{\"@type\":\"ListItem\",\"position\":3,\"name\":\"Endodontie\"}]},{\"@type\":\"WebSite\",\"@id\":\"https:\\\/\\\/helvident.ch\\\/#website\",\"url\":\"https:\\\/\\\/helvident.ch\\\/\",\"name\":\"Helvident\",\"description\":\"Cliniques Dentaires Lausanne - Aigle - Friboug\",\"publisher\":{\"@id\":\"https:\\\/\\\/helvident.ch\\\/#organization\"},\"potentialAction\":[{\"@type\":\"SearchAction\",\"target\":{\"@type\":\"EntryPoint\",\"urlTemplate\":\"https:\\\/\\\/helvident.ch\\\/?s={search_term_string}\"},\"query-input\":{\"@type\":\"PropertyValueSpecification\",\"valueRequired\":true,\"valueName\":\"search_term_string\"}}],\"inLanguage\":\"en-US\"},{\"@type\":\"Organization\",\"@id\":\"https:\\\/\\\/helvident.ch\\\/#organization\",\"name\":\"Helvident - Cliniques Dentaires\",\"url\":\"https:\\\/\\\/helvident.ch\\\/\",\"logo\":{\"@type\":\"ImageObject\",\"inLanguage\":\"en-US\",\"@id\":\"https:\\\/\\\/helvident.ch\\\/#\\\/schema\\\/logo\\\/image\\\/\",\"url\":\"https:\\\/\\\/helvident.ch\\\/wp-content\\\/uploads\\\/2019\\\/06\\\/logo@2x.png\",\"contentUrl\":\"https:\\\/\\\/helvident.ch\\\/wp-content\\\/uploads\\\/2019\\\/06\\\/logo@2x.png\",\"width\":502,\"height\":120,\"caption\":\"Helvident - Cliniques Dentaires\"},\"image\":{\"@id\":\"https:\\\/\\\/helvident.ch\\\/#\\\/schema\\\/logo\\\/image\\\/\"},\"sameAs\":[\"https:\\\/\\\/www.facebook.com\\\/Helvident-Centre-Dentaire-Fribourg-SA-408825345872856\\\/\"]}]}<\/script>\n<!-- \/ Yoast SEO plugin. -->","yoast_head_json":{"title":"Endodontics, a dental specialty - HELVIDENT SUISSE","description":"Endodontics is a specialty of dentistry. Find out more about the services offered by HELVIDENT dental clinics in Lausanne, Aigle and Fribourg.","robots":{"index":"index","follow":"follow","max-snippet":"max-snippet:-1","max-image-preview":"max-image-preview:large","max-video-preview":"max-video-preview:-1"},"canonical":"https:\/\/helvident.ch\/en\/services\/endodontics\/","og_locale":"en_US","og_type":"article","og_title":"L\u2019endodontie, sp\u00e9cialit\u00e9 dentaire - HELVIDENT SUISSE","og_description":"L\u2019endodontie est une sp\u00e9cialit\u00e9 de la m\u00e9decine dentaire. D\u00e9couvrez les services offerts dans les cliniques dentaires HELVIDENT \u00e0 Lausanne, Aigle, Fribourg.","og_url":"https:\/\/helvident.ch\/en\/services\/endodontics\/","og_site_name":"Helvident","article_publisher":"https:\/\/www.facebook.com\/Helvident-Centre-Dentaire-Fribourg-SA-408825345872856\/","article_modified_time":"2019-07-18T08:18:05+00:00","twitter_card":"summary_large_image","twitter_misc":{"Est. reading time":"4 minutes"},"schema":{"@context":"https:\/\/schema.org","@graph":[{"@type":"WebPage","@id":"https:\/\/helvident.ch\/services\/endodontie\/","url":"https:\/\/helvident.ch\/services\/endodontie\/","name":"Endodontics, a dental specialty - HELVIDENT SUISSE","isPartOf":{"@id":"https:\/\/helvident.ch\/#website"},"datePublished":"2019-06-14T17:47:50+00:00","dateModified":"2019-07-18T08:18:05+00:00","description":"Endodontics is a specialty of dentistry. Find out more about the services offered by HELVIDENT dental clinics in Lausanne, Aigle and Fribourg.","breadcrumb":{"@id":"https:\/\/helvident.ch\/services\/endodontie\/#breadcrumb"},"inLanguage":"en-US","potentialAction":[{"@type":"ReadAction","target":["https:\/\/helvident.ch\/services\/endodontie\/"]}]},{"@type":"BreadcrumbList","@id":"https:\/\/helvident.ch\/services\/endodontie\/#breadcrumb","itemListElement":[{"@type":"ListItem","position":1,"name":"Home","item":"https:\/\/helvident.ch\/"},{"@type":"ListItem","position":2,"name":"Services","item":"https:\/\/helvident.ch\/services\/"},{"@type":"ListItem","position":3,"name":"Endodontie"}]},{"@type":"WebSite","@id":"https:\/\/helvident.ch\/#website","url":"https:\/\/helvident.ch\/","name":"Helvident","description":"Cliniques Dentaires Lausanne - Aigle - Friboug","publisher":{"@id":"https:\/\/helvident.ch\/#organization"},"potentialAction":[{"@type":"SearchAction","target":{"@type":"EntryPoint","urlTemplate":"https:\/\/helvident.ch\/?s={search_term_string}"},"query-input":{"@type":"PropertyValueSpecification","valueRequired":true,"valueName":"search_term_string"}}],"inLanguage":"en-US"},{"@type":"Organization","@id":"https:\/\/helvident.ch\/#organization","name":"Helvident - Dental Clinics","url":"https:\/\/helvident.ch\/","logo":{"@type":"ImageObject","inLanguage":"en-US","@id":"https:\/\/helvident.ch\/#\/schema\/logo\/image\/","url":"https:\/\/helvident.ch\/wp-content\/uploads\/2019\/06\/logo@2x.png","contentUrl":"https:\/\/helvident.ch\/wp-content\/uploads\/2019\/06\/logo@2x.png","width":502,"height":120,"caption":"Helvident - Cliniques Dentaires"},"image":{"@id":"https:\/\/helvident.ch\/#\/schema\/logo\/image\/"},"sameAs":["https:\/\/www.facebook.com\/Helvident-Centre-Dentaire-Fribourg-SA-408825345872856\/"]}]}},"_links":{"self":[{"href":"https:\/\/helvident.ch\/en\/wp-json\/wp\/v2\/pages\/29088","targetHints":{"allow":["GET"]}}],"collection":[{"href":"https:\/\/helvident.ch\/en\/wp-json\/wp\/v2\/pages"}],"about":[{"href":"https:\/\/helvident.ch\/en\/wp-json\/wp\/v2\/types\/page"}],"author":[{"embeddable":true,"href":"https:\/\/helvident.ch\/en\/wp-json\/wp\/v2\/users\/1"}],"replies":[{"embeddable":true,"href":"https:\/\/helvident.ch\/en\/wp-json\/wp\/v2\/comments?post=29088"}],"version-history":[{"count":0,"href":"https:\/\/helvident.ch\/en\/wp-json\/wp\/v2\/pages\/29088\/revisions"}],"up":[{"embeddable":true,"href":"https:\/\/helvident.ch\/en\/wp-json\/wp\/v2\/pages\/29057"}],"wp:attachment":[{"href":"https:\/\/helvident.ch\/en\/wp-json\/wp\/v2\/media?parent=29088"}],"curies":[{"name":"wp","href":"https:\/\/api.w.org\/{rel}","templated":true}]}}