{"id":29083,"date":"2019-06-14T19:39:36","date_gmt":"2019-06-14T17:39:36","guid":{"rendered":"http:\/\/helvident.ch\/?page_id=29083"},"modified":"2022-04-14T10:21:44","modified_gmt":"2022-04-14T08:21:44","slug":"periodontics","status":"publish","type":"page","link":"https:\/\/helvident.ch\/en\/services\/periodontics\/","title":{"rendered":"Periodontics"},"content":{"rendered":"<section class=\"section need-toping\" id=\"section_772126029\">\n\t\t<div class=\"section-bg fill\" >\n\t\t\t\t\t\t\t\t\t\n\t\t\t\n\n\t\t<\/div>\n\n\t\t\n\n\t\t<div class=\"section-content relative\">\n\t\t\t\n\n\n  <div class=\"banner has-hover\" id=\"banner-605614635\">\n          <div class=\"banner-inner fill\">\n        <div class=\"banner-bg fill\" >\n            <img loading=\"lazy\" decoding=\"async\" width=\"2048\" height=\"1367\" src=\"https:\/\/helvident.ch\/wp-content\/uploads\/2019\/07\/pardontie_lausanne.jpeg\" class=\"bg attachment-original size-original\" alt=\"\" \/>                                    \n                    <\/div>\n\t\t\n        <div class=\"banner-layers container\">\n            <div class=\"fill banner-link\"><\/div>            \n\n   <div id=\"text-box-514910735\" class=\"text-box banner-layer parodontie x50 md-x50 lg-x50 y50 md-y50 lg-y50 res-text\">\n                                <div class=\"text-box-content text dark\">\n              \n              <div class=\"text-inner text-left\">\n                  \n\n<h1>PARODONTICS<\/h1>\n\n              <\/div>\n           <\/div>\n                            \n<style>\n#text-box-514910735 {\n  width: 98%;\n}\n#text-box-514910735 .text-box-content {\n  font-size: 100%;\n}\n<\/style>\n    <\/div>\n \n\n        <\/div>\n      <\/div>\n\n            \n<style>\n#banner-605614635 {\n  padding-top: 300px;\n}\n#banner-605614635 .banner-bg img {\n  object-position: 66% 27%;\n}\n<\/style>\n  <\/div>\n\n\n\n\t\t<\/div>\n\n\t\t\n<style>\n#section_772126029 {\n  padding-top: 0px;\n  padding-bottom: 0px;\n}\n<\/style>\n\t<\/section>\n\t\n\n\t<section class=\"section\" id=\"section_178486671\">\n\t\t<div class=\"section-bg fill\" >\n\t\t\t\t\t\t\t\t\t\n\t\t\t\n\n\t\t<\/div>\n\n\t\t\n\n\t\t<div class=\"section-content relative\">\n\t\t\t\n\n<div class=\"row\"  id=\"row-762178870\">\n\n\n\t<div id=\"col-1936207757\" class=\"col small-12 large-12\"  >\n\t\t\t\t<div class=\"col-inner\"  >\n\t\t\t\n\t\t\t\n\n<p>Do you suffer from sensitivity or <strong>bleeding gums<\/strong> ? We recommend that you consult a <strong>dentist<\/strong> to avoid <a href=\"#\">dental emergencies<\/a>.<\/p>\n<p>At <a href=\"http:\/\/helvident.ch\/en\/presentation\/\">HELVIDENT<\/a>our team of <strong>dentists <\/strong>performs all routine and specialized <strong>dentistry<\/strong>. You can make an appointment in our <strong>dental center in Fribourg<\/strong> or in our <strong>dental clinic in St Sulpice<\/strong> near Lausanne.<\/p>\n\t<div id=\"gap-1911060728\" class=\"gap-element clearfix\" style=\"display:block; height:auto;\">\n\t\t\n<style>\n#gap-1911060728 {\n  padding-top: 30px;\n}\n<\/style>\n\t<\/div>\n\t\n\n<div class=\"container section-title-container\" ><h2 class=\"section-title section-title-normal\"><b aria-hidden=\"true\"><\/b><span class=\"section-title-main\" >WHAT IS PERIODONTICS?<\/span><b aria-hidden=\"true\"><\/b><\/h2><\/div>\n\n<p>Visit <strong>periodontics<\/strong> is a specialty of the <strong>dentistry<\/strong>just like the<a href=\"http:\/\/helvident.ch\/en\/services\/orthodontics\/\">orthodontics<\/a> or the<a href=\"#\">endodontics<\/a>.<\/p>\n<p>Visit <strong>periodontium<\/strong> refers to all the tissues that support the <strong>tooth<\/strong> and hold it hermetically sealed in the jawbone. It groups the <strong>gingiva<\/strong>the<strong> bone tissue<\/strong>the <strong>cement <\/strong>and the<strong> periodontal ligament<\/strong>.<\/p>\n\n\t\t<\/div>\n\t\t\t\t\t<\/div>\n\n\t\n\n<\/div>\n<div class=\"row align-middle\"  id=\"row-741525178\">\n\n\n\t<div id=\"col-1635382279\" class=\"col medium-6 small-12 large-6\"  >\n\t\t\t\t<div class=\"col-inner\"  >\n\t\t\t\n\t\t\t\n\n<div class=\"container section-title-container\" ><h2 class=\"section-title section-title-normal\"><b aria-hidden=\"true\"><\/b><span class=\"section-title-main\" >GINGIVITIS OR PERIODONTITIS?<\/span><b aria-hidden=\"true\"><\/b><\/h2><\/div>\n\n<p>Visit <strong>periodontitis<\/strong> is an inflammatory disease that destroys the supporting tissues of the <strong>tooth<\/strong>. It is caused by bacteria.<\/p>\n<p>Initially, the bacterial attack occurs on the surface. It manifests itself as a <strong>gum sensitivity <\/strong>and <strong>bleeding<\/strong>. These are the very first symptoms. If treated in time, this stage of inflammation is reversible. There is no destruction of the <strong>periodontium<\/strong>. This is a <strong>gingivitis<\/strong>.<\/p>\n<p>Over time, the bacterial attack progresses deep into the tissues, moving down the <strong>tooth root<\/strong>. Bone tissue is destroyed. At this stage, the loss of material is irreversible. The <strong>dentist<\/strong> <strong>specialized<\/strong> then diagnoses a <strong>periodontitis<\/strong>. Eventually, the patient is no longer able to chew properly, and the affected tooth eventually loosens. It is estimated that 70 % of <strong>tooth loss<\/strong> in adults are caused by <strong>periodontitis<\/strong>.<\/p>\n\n\n\t\t<\/div>\n\t\t\t\t\t<\/div>\n\n\t\n\n\t<div id=\"col-898260295\" class=\"col medium-6 small-12 large-6\"  >\n\t\t\t\t<div class=\"col-inner\"  >\n\t\t\t\n\t\t\t\n\n\t<div class=\"img has-hover x md-x lg-x y md-y lg-y\" id=\"image_474983851\">\n\t\t\t\t\t\t\t\t<div class=\"img-inner box-shadow-4 dark\" >\n\t\t\t<img loading=\"lazy\" decoding=\"async\" width=\"1020\" height=\"680\" src=\"https:\/\/helvident.ch\/wp-content\/uploads\/2019\/07\/parondontite_traitement_lausanne_aigle_fribourg-1024x683.jpeg\" class=\"attachment-large size-large\" alt=\"Dental pain treatment lausanne\" srcset=\"https:\/\/helvident.ch\/wp-content\/uploads\/2019\/07\/parondontite_traitement_lausanne_aigle_fribourg-1024x683.jpeg 1024w, https:\/\/helvident.ch\/wp-content\/uploads\/2019\/07\/parondontite_traitement_lausanne_aigle_fribourg-300x200.jpeg 300w, https:\/\/helvident.ch\/wp-content\/uploads\/2019\/07\/parondontite_traitement_lausanne_aigle_fribourg-768x512.jpeg 768w, https:\/\/helvident.ch\/wp-content\/uploads\/2019\/07\/parondontite_traitement_lausanne_aigle_fribourg.jpeg 2048w\" sizes=\"auto, (max-width: 1020px) 100vw, 1020px\" \/>\t\t\t\t\t\t\n\t\t\t\t\t<\/div>\n\t\t\t\t\t\t\t\t\n<style>\n#image_474983851 {\n  width: 87%;\n}\n<\/style>\n\t<\/div>\n\t\n\n\n\t\t<\/div>\n\t\t\t\t\t<\/div>\n\n\t\n\n<\/div>\n<div class=\"row\"  id=\"row-1301182738\">\n\n\n\t<div id=\"col-1436166508\" class=\"col small-12 large-12\"  >\n\t\t\t\t<div class=\"col-inner\"  >\n\t\t\t\n\t\t\t\n\n<div class=\"container section-title-container\" ><h2 class=\"section-title section-title-normal\"><b aria-hidden=\"true\"><\/b><span class=\"section-title-main\" >PERIODONTAL TREATMENTS<\/span><b aria-hidden=\"true\"><\/b><\/h2><\/div>\n\n<p>To treat <strong>inflammatory diseases of the periodontium<\/strong>the <strong>toothbrush<\/strong> and the<strong> dental floss<\/strong> are not enough.<\/p>\n<p>A <strong>hygienist<\/strong>a <strong>dentist<\/strong> or a <strong>periodontologist <\/strong>must intervene quickly in order to treat you. The earlier the disease is treated, the less tissue will be destroyed and the less you will suffer the after-effects of the bacterial attack. In this way, you maximize your chances of obtaining conclusive results after the treatment.<strong> dental care<\/strong>.<\/p>\n<p>The<strong>HELVIDENT<\/strong> has a <strong>periodontologist<\/strong>. She is <strong>dentist<\/strong> specialized in this type of <strong>dental pathologies<\/strong> it deals with on a daily basis.<\/p>\n\n\t\t<\/div>\n\t\t\t\t\t<\/div>\n\n\t\n\n<\/div>\n<div class=\"row align-middle\"  id=\"row-996213363\">\n\n\n\t<div id=\"col-1757340998\" class=\"col medium-6 small-12 large-6\"  >\n\t\t\t\t<div class=\"col-inner\"  >\n\t\t\t\n\t\t\t\n\n<div class=\"video video-fit mb box-shadow-4\" style=\"padding-top:56.25%;\"><iframe loading=\"lazy\" title=\"Panoramic dental X-ray\" src=\"https:\/\/player.vimeo.com\/video\/348652885?dnt=1&#038;app_id=122963\" width=\"1020\" height=\"574\" frameborder=\"0\" allow=\"autoplay; fullscreen\" allowfullscreen><\/iframe><\/div>\n\n\n\t\t<\/div>\n\t\t\t\t\t<\/div>\n\n\t\n\n\t<div id=\"col-1454415374\" class=\"col medium-6 small-12 large-6\"  >\n\t\t\t\t<div class=\"col-inner\"  >\n\t\t\t\n\t\t\t\n\n<div class=\"container section-title-container\" ><h2 class=\"section-title section-title-normal\"><b aria-hidden=\"true\"><\/b><span class=\"section-title-main\" >DENTAL RADIOGRAPHY<\/span><b aria-hidden=\"true\"><\/b><\/h2><\/div>\n\n<p>Visit <strong>HELVIDENT dental centers <\/strong>are equipped with state-of-the-art technology. Our team produces digital X-rays to reduce the dose of X-rays received by patients.<\/p>\n<p>Our <strong>periodontologist <\/strong>may be required to take you through a <strong>dental radiography<\/strong> to assess the damage caused by the bacterial attack. These images will help him to establish his diagnosis and choose the solution best suited to your situation.<\/p>\n<p>Please do not hesitate to contact us for further information on our<strong> dental treatments<\/strong> or to make an appointment with our <strong>periodontologist<\/strong>.<\/p>\n\n\t\t<\/div>\n\t\t\t\t\t<\/div>\n\n\t\n\n<\/div>\n\n\t\t<\/div>\n\n\t\t\n<style>\n#section_178486671 {\n  padding-top: 60px;\n  padding-bottom: 60px;\n}\n<\/style>\n\t<\/section>","protected":false},"excerpt":{"rendered":"","protected":false},"author":1,"featured_media":0,"parent":29057,"menu_order":0,"comment_status":"closed","ping_status":"closed","template":"page-blank.php","meta":{"_acf_changed":false,"footnotes":""},"class_list":["post-29083","page","type-page","status-publish","hentry"],"acf":[],"yoast_head":"<!-- This site is optimized with the Yoast SEO plugin v27.3 - https:\/\/yoast.com\/product\/yoast-seo-wordpress\/ -->\n<title>La parodontie, sp\u00e9cialit\u00e9 dentaire - HELVIDENT SUISSE<\/title>\n<meta name=\"description\" content=\"La parodontie est une sp\u00e9cialit\u00e9 de la m\u00e9decine dentaire. D\u00e9couvrez les nombreux services offerts dans les cliniques dentaires HELVIDENT \u00e0 Fribourg et St Sulpice.\" \/>\n<meta name=\"robots\" content=\"index, follow, max-snippet:-1, max-image-preview:large, max-video-preview:-1\" \/>\n<link rel=\"canonical\" href=\"https:\/\/helvident.ch\/en\/services\/periodontics\/\" \/>\n<meta property=\"og:locale\" content=\"en_US\" \/>\n<meta property=\"og:type\" content=\"article\" \/>\n<meta property=\"og:title\" content=\"La parodontie, sp\u00e9cialit\u00e9 dentaire - HELVIDENT SUISSE\" \/>\n<meta property=\"og:description\" content=\"La parodontie est une sp\u00e9cialit\u00e9 de la m\u00e9decine dentaire. D\u00e9couvrez les nombreux services offerts dans les cliniques dentaires HELVIDENT \u00e0 Fribourg et St Sulpice.\" \/>\n<meta property=\"og:url\" content=\"https:\/\/helvident.ch\/en\/services\/periodontics\/\" \/>\n<meta property=\"og:site_name\" content=\"Helvident\" \/>\n<meta property=\"article:publisher\" content=\"https:\/\/www.facebook.com\/Helvident-Centre-Dentaire-Fribourg-SA-408825345872856\/\" \/>\n<meta property=\"article:modified_time\" content=\"2022-04-14T08:21:44+00:00\" \/>\n<meta name=\"twitter:card\" content=\"summary_large_image\" \/>\n<meta name=\"twitter:label1\" content=\"Est. reading time\" \/>\n\t<meta name=\"twitter:data1\" content=\"3 minutes\" \/>\n<script type=\"application\/ld+json\" class=\"yoast-schema-graph\">{\"@context\":\"https:\\\/\\\/schema.org\",\"@graph\":[{\"@type\":\"WebPage\",\"@id\":\"https:\\\/\\\/helvident.ch\\\/services\\\/parodontie\\\/\",\"url\":\"https:\\\/\\\/helvident.ch\\\/services\\\/parodontie\\\/\",\"name\":\"La parodontie, sp\u00e9cialit\u00e9 dentaire - HELVIDENT SUISSE\",\"isPartOf\":{\"@id\":\"https:\\\/\\\/helvident.ch\\\/#website\"},\"datePublished\":\"2019-06-14T17:39:36+00:00\",\"dateModified\":\"2022-04-14T08:21:44+00:00\",\"description\":\"La parodontie est une sp\u00e9cialit\u00e9 de la m\u00e9decine dentaire. D\u00e9couvrez les nombreux services offerts dans les cliniques dentaires HELVIDENT \u00e0 Fribourg et St Sulpice.\",\"breadcrumb\":{\"@id\":\"https:\\\/\\\/helvident.ch\\\/services\\\/parodontie\\\/#breadcrumb\"},\"inLanguage\":\"en-US\",\"potentialAction\":[{\"@type\":\"ReadAction\",\"target\":[\"https:\\\/\\\/helvident.ch\\\/services\\\/parodontie\\\/\"]}]},{\"@type\":\"BreadcrumbList\",\"@id\":\"https:\\\/\\\/helvident.ch\\\/services\\\/parodontie\\\/#breadcrumb\",\"itemListElement\":[{\"@type\":\"ListItem\",\"position\":1,\"name\":\"Home\",\"item\":\"https:\\\/\\\/helvident.ch\\\/\"},{\"@type\":\"ListItem\",\"position\":2,\"name\":\"Services\",\"item\":\"https:\\\/\\\/helvident.ch\\\/services\\\/\"},{\"@type\":\"ListItem\",\"position\":3,\"name\":\"Parodontie\"}]},{\"@type\":\"WebSite\",\"@id\":\"https:\\\/\\\/helvident.ch\\\/#website\",\"url\":\"https:\\\/\\\/helvident.ch\\\/\",\"name\":\"Helvident\",\"description\":\"Cliniques Dentaires Lausanne - Aigle - Friboug\",\"publisher\":{\"@id\":\"https:\\\/\\\/helvident.ch\\\/#organization\"},\"potentialAction\":[{\"@type\":\"SearchAction\",\"target\":{\"@type\":\"EntryPoint\",\"urlTemplate\":\"https:\\\/\\\/helvident.ch\\\/?s={search_term_string}\"},\"query-input\":{\"@type\":\"PropertyValueSpecification\",\"valueRequired\":true,\"valueName\":\"search_term_string\"}}],\"inLanguage\":\"en-US\"},{\"@type\":\"Organization\",\"@id\":\"https:\\\/\\\/helvident.ch\\\/#organization\",\"name\":\"Helvident - Cliniques Dentaires\",\"url\":\"https:\\\/\\\/helvident.ch\\\/\",\"logo\":{\"@type\":\"ImageObject\",\"inLanguage\":\"en-US\",\"@id\":\"https:\\\/\\\/helvident.ch\\\/#\\\/schema\\\/logo\\\/image\\\/\",\"url\":\"https:\\\/\\\/helvident.ch\\\/wp-content\\\/uploads\\\/2019\\\/06\\\/logo@2x.png\",\"contentUrl\":\"https:\\\/\\\/helvident.ch\\\/wp-content\\\/uploads\\\/2019\\\/06\\\/logo@2x.png\",\"width\":502,\"height\":120,\"caption\":\"Helvident - Cliniques Dentaires\"},\"image\":{\"@id\":\"https:\\\/\\\/helvident.ch\\\/#\\\/schema\\\/logo\\\/image\\\/\"},\"sameAs\":[\"https:\\\/\\\/www.facebook.com\\\/Helvident-Centre-Dentaire-Fribourg-SA-408825345872856\\\/\"]}]}<\/script>\n<!-- \/ Yoast SEO plugin. -->","yoast_head_json":{"title":"Periodontics, a dental specialty - HELVIDENT SUISSE","description":"Periodontics is a specialty of dentistry. Discover the many services offered by HELVIDENT dental clinics in Fribourg and St Sulpice.","robots":{"index":"index","follow":"follow","max-snippet":"max-snippet:-1","max-image-preview":"max-image-preview:large","max-video-preview":"max-video-preview:-1"},"canonical":"https:\/\/helvident.ch\/en\/services\/periodontics\/","og_locale":"en_US","og_type":"article","og_title":"La parodontie, sp\u00e9cialit\u00e9 dentaire - HELVIDENT SUISSE","og_description":"La parodontie est une sp\u00e9cialit\u00e9 de la m\u00e9decine dentaire. D\u00e9couvrez les nombreux services offerts dans les cliniques dentaires HELVIDENT \u00e0 Fribourg et St Sulpice.","og_url":"https:\/\/helvident.ch\/en\/services\/periodontics\/","og_site_name":"Helvident","article_publisher":"https:\/\/www.facebook.com\/Helvident-Centre-Dentaire-Fribourg-SA-408825345872856\/","article_modified_time":"2022-04-14T08:21:44+00:00","twitter_card":"summary_large_image","twitter_misc":{"Est. reading time":"3 minutes"},"schema":{"@context":"https:\/\/schema.org","@graph":[{"@type":"WebPage","@id":"https:\/\/helvident.ch\/services\/parodontie\/","url":"https:\/\/helvident.ch\/services\/parodontie\/","name":"Periodontics, a dental specialty - HELVIDENT SUISSE","isPartOf":{"@id":"https:\/\/helvident.ch\/#website"},"datePublished":"2019-06-14T17:39:36+00:00","dateModified":"2022-04-14T08:21:44+00:00","description":"Periodontics is a specialty of dentistry. Discover the many services offered by HELVIDENT dental clinics in Fribourg and St Sulpice.","breadcrumb":{"@id":"https:\/\/helvident.ch\/services\/parodontie\/#breadcrumb"},"inLanguage":"en-US","potentialAction":[{"@type":"ReadAction","target":["https:\/\/helvident.ch\/services\/parodontie\/"]}]},{"@type":"BreadcrumbList","@id":"https:\/\/helvident.ch\/services\/parodontie\/#breadcrumb","itemListElement":[{"@type":"ListItem","position":1,"name":"Home","item":"https:\/\/helvident.ch\/"},{"@type":"ListItem","position":2,"name":"Services","item":"https:\/\/helvident.ch\/services\/"},{"@type":"ListItem","position":3,"name":"Parodontie"}]},{"@type":"WebSite","@id":"https:\/\/helvident.ch\/#website","url":"https:\/\/helvident.ch\/","name":"Helvident","description":"Cliniques Dentaires Lausanne - Aigle - Friboug","publisher":{"@id":"https:\/\/helvident.ch\/#organization"},"potentialAction":[{"@type":"SearchAction","target":{"@type":"EntryPoint","urlTemplate":"https:\/\/helvident.ch\/?s={search_term_string}"},"query-input":{"@type":"PropertyValueSpecification","valueRequired":true,"valueName":"search_term_string"}}],"inLanguage":"en-US"},{"@type":"Organization","@id":"https:\/\/helvident.ch\/#organization","name":"Helvident - Dental Clinics","url":"https:\/\/helvident.ch\/","logo":{"@type":"ImageObject","inLanguage":"en-US","@id":"https:\/\/helvident.ch\/#\/schema\/logo\/image\/","url":"https:\/\/helvident.ch\/wp-content\/uploads\/2019\/06\/logo@2x.png","contentUrl":"https:\/\/helvident.ch\/wp-content\/uploads\/2019\/06\/logo@2x.png","width":502,"height":120,"caption":"Helvident - Cliniques Dentaires"},"image":{"@id":"https:\/\/helvident.ch\/#\/schema\/logo\/image\/"},"sameAs":["https:\/\/www.facebook.com\/Helvident-Centre-Dentaire-Fribourg-SA-408825345872856\/"]}]}},"_links":{"self":[{"href":"https:\/\/helvident.ch\/en\/wp-json\/wp\/v2\/pages\/29083","targetHints":{"allow":["GET"]}}],"collection":[{"href":"https:\/\/helvident.ch\/en\/wp-json\/wp\/v2\/pages"}],"about":[{"href":"https:\/\/helvident.ch\/en\/wp-json\/wp\/v2\/types\/page"}],"author":[{"embeddable":true,"href":"https:\/\/helvident.ch\/en\/wp-json\/wp\/v2\/users\/1"}],"replies":[{"embeddable":true,"href":"https:\/\/helvident.ch\/en\/wp-json\/wp\/v2\/comments?post=29083"}],"version-history":[{"count":1,"href":"https:\/\/helvident.ch\/en\/wp-json\/wp\/v2\/pages\/29083\/revisions"}],"predecessor-version":[{"id":30442,"href":"https:\/\/helvident.ch\/en\/wp-json\/wp\/v2\/pages\/29083\/revisions\/30442"}],"up":[{"embeddable":true,"href":"https:\/\/helvident.ch\/en\/wp-json\/wp\/v2\/pages\/29057"}],"wp:attachment":[{"href":"https:\/\/helvident.ch\/en\/wp-json\/wp\/v2\/media?parent=29083"}],"curies":[{"name":"wp","href":"https:\/\/api.w.org\/{rel}","templated":true}]}}