{"id":29078,"date":"2019-06-14T19:32:02","date_gmt":"2019-06-14T17:32:02","guid":{"rendered":"http:\/\/helvident.ch\/?page_id=29078"},"modified":"2019-07-18T10:27:46","modified_gmt":"2019-07-18T08:27:46","slug":"dental-implant","status":"publish","type":"page","link":"https:\/\/helvident.ch\/en\/services\/dental-implant\/","title":{"rendered":"Dental implants"},"content":{"rendered":"<section class=\"section need-toping\" id=\"section_1877332090\">\n\t\t<div class=\"section-bg fill\" >\n\t\t\t\t\t\t\t\t\t\n\t\t\t\n\n\t\t<\/div>\n\n\t\t\n\n\t\t<div class=\"section-content relative\">\n\t\t\t\n\n  <div class=\"banner has-hover\" id=\"banner-156794844\">\n          <div class=\"banner-inner fill\">\n        <div class=\"banner-bg fill\" >\n            <img loading=\"lazy\" decoding=\"async\" width=\"1920\" height=\"350\" src=\"https:\/\/helvident.ch\/wp-content\/uploads\/2019\/06\/denturologie.jpg\" class=\"bg attachment-original size-original\" alt=\"\" \/>                        <div class=\"overlay\"><\/div>            \n                    <\/div>\n\t\t\n        <div class=\"banner-layers container\">\n            <div class=\"fill banner-link\"><\/div>            \n   <div id=\"text-box-172321429\" class=\"text-box banner-layer x50 md-x50 lg-x50 y50 md-y50 lg-y50 res-text\">\n                                <div class=\"text-box-content text dark\">\n              \n              <div class=\"text-inner text-left\">\n                  \n<h1>DENTAL IMPLANT<\/h1>\n              <\/div>\n           <\/div>\n                            \n<style>\n#text-box-172321429 {\n  width: 98%;\n}\n#text-box-172321429 .text-box-content {\n  font-size: 100%;\n}\n<\/style>\n    <\/div>\n \n        <\/div>\n      <\/div>\n\n            \n<style>\n#banner-156794844 {\n  padding-top: 300px;\n}\n#banner-156794844 .overlay {\n  background-color: rgba(0, 0, 0, 0.2);\n}\n#banner-156794844 .banner-bg img {\n  object-position: 50% 50%;\n}\n<\/style>\n  <\/div>\n\n\n\t\t<\/div>\n\n\t\t\n<style>\n#section_1877332090 {\n  padding-top: 0px;\n  padding-bottom: 0px;\n}\n<\/style>\n\t<\/section>\n\t\n\n\t<section class=\"section\" id=\"section_267292683\">\n\t\t<div class=\"section-bg fill\" >\n\t\t\t\t\t\t\t\t\t\n\t\t\t\n\n\t\t<\/div>\n\n\t\t\n\n\t\t<div class=\"section-content relative\">\n\t\t\t\n<div class=\"row align-middle\"  id=\"row-511709188\">\n\n\t<div id=\"col-2136465036\" class=\"col medium-6 small-12 large-6\"  >\n\t\t\t\t<div class=\"col-inner\"  >\n\t\t\t\n\t\t\t\n<p>You have lost a <strong>tooth <\/strong>following a <strong>caries<\/strong>a trauma or <strong>periodontal disease<\/strong> ? The solution: <strong>perform a dental implant<\/strong>. At <a href=\"http:\/\/helvident.ch\/en\/presentation\/\">HELVIDENT<\/a>our team of <strong>dentists <\/strong>performs all routine and specialized <strong>dentistry<\/strong>including the<strong>implantology<\/strong><strong>.<\/strong><\/p>\n<p>You can make an appointment in our <strong>dental center in Fribourg<\/strong> or in our <strong>dental clinic in St Sulpice<\/strong> near Lausanne. We recommend that you consult us as a precautionary measure to avoid <a href=\"#\">dental emergencies<\/a>.<\/p>\n\t\t<\/div>\n\t\t\t\t\t<\/div>\n\n\t\n\n\t<div id=\"col-836231085\" class=\"col medium-6 small-12 large-6\"  >\n\t\t\t\t<div class=\"col-inner\"  >\n\t\t\t\n\t\t\t\n<div class=\"video video-fit mb box-shadow-4\" style=\"padding-top:56.25%;\"><p><iframe loading=\"lazy\" title=\"Dental implants - Lausanne, Aigle, Fribourg\" src=\"https:\/\/player.vimeo.com\/video\/347282248?dnt=1&#038;app_id=122963\" width=\"1020\" height=\"574\" frameborder=\"0\" allow=\"autoplay; fullscreen\" allowfullscreen><\/iframe><\/p>\n<\/div>\n\t\t<\/div>\n\t\t\t\t\t<\/div>\n\n\t\n<\/div>\n<div class=\"row\"  id=\"row-117860000\">\n\n\t<div id=\"col-1105892425\" class=\"col small-12 large-12\"  >\n\t\t\t\t<div class=\"col-inner\"  >\n\t\t\t\n\t\t\t\n\t<div id=\"gap-895229881\" class=\"gap-element clearfix\" style=\"display:block; height:auto;\">\n\t\t\n<style>\n#gap-895229881 {\n  padding-top: 30px;\n}\n<\/style>\n\t<\/div>\n\t\n<div class=\"container section-title-container\" ><h2 class=\"section-title section-title-normal\"><b aria-hidden=\"true\"><\/b><span class=\"section-title-main\" >WHAT IS A DENTAL IMPLANT?<\/span><b aria-hidden=\"true\"><\/b><\/h2><\/div>\n<p>A <strong>dental implant<\/strong> is a <strong>artificial dental root <\/strong>which replaces a defective natural root. It takes the form of a small titanium screw, some manufacturers even use ceramic. It is inserted into the<strong>os de la m<\/strong><strong>\u00e2choire<\/strong> during light surgery.<\/p>\n<p>The bone accepts the screw, and bone cells bond to the titanium surface. This period of fusion generally lasts 2 to 3 months. From then on, the<strong>dental implant<\/strong> is <strong>osseointegrated <\/strong>or stabilized in the bone.<\/p>\n<p>A few weeks after the operation, our <strong>implant dentist<\/strong> sets a <a href=\"#\">dentures<\/a> on the<strong>implant<\/strong>. This replaces the <strong>tooth<\/strong> lost.<\/p>\n\t\t<\/div>\n\t\t\t\t\t<\/div>\n\n\t\n<\/div>\n<div class=\"row\"  id=\"row-1745650040\">\n\n\t<div id=\"col-1695173061\" class=\"col small-12 large-12\"  >\n\t\t\t\t<div class=\"col-inner\"  >\n\t\t\t\n\t\t\t\n<div class=\"container section-title-container\" ><h2 class=\"section-title section-title-normal\"><b aria-hidden=\"true\"><\/b><span class=\"section-title-main\" >WHY HAVE A DENTAL IMPLANT?<\/span><b aria-hidden=\"true\"><\/b><\/h2><\/div>\n<p>The aim of the <strong>dental implant treatment <\/strong>is both aesthetic and functional. More than just a long-term solution for restoring a tooth, you'll see an improvement in the quality of your daily life. You can now <strong>full smile <\/strong>teeth, talk and enjoy all foods without any discomfort. The sensation is comfortable and natural.<\/p>\n<p>In terms of price, the <strong>dental implant placement <\/strong>represents a significant initial investment. However, it proves less costly in the long term than other temporary options. After the initial consultation with your <strong>dental surgeon<\/strong>We'll give you a personalized quote. Several<strong> types and sizes of dental implants<\/strong> are available.<\/p>\n\t\t<\/div>\n\t\t\t\t\t<\/div>\n\n\t\n<\/div>\n<div class=\"row align-middle\"  id=\"row-2024254875\">\n\n\t<div id=\"col-313252834\" class=\"col medium-4 small-12 large-4\"  >\n\t\t\t\t<div class=\"col-inner\"  >\n\t\t\t\n\t\t\t\n\t<div class=\"img has-hover x md-x lg-x y md-y lg-y\" id=\"image_1545834633\">\n\t\t\t\t\t\t\t\t<div class=\"img-inner box-shadow-4 dark\" >\n\t\t\t<img loading=\"lazy\" decoding=\"async\" width=\"1020\" height=\"722\" src=\"https:\/\/helvident.ch\/wp-content\/uploads\/2019\/07\/Implant-1024x725.jpg\" class=\"attachment-large size-large\" alt=\"dental implant made in switzerland\" srcset=\"https:\/\/helvident.ch\/wp-content\/uploads\/2019\/07\/Implant.jpg 1024w, https:\/\/helvident.ch\/wp-content\/uploads\/2019\/07\/Implant-300x212.jpg 300w, https:\/\/helvident.ch\/wp-content\/uploads\/2019\/07\/Implant-768x544.jpg 768w\" sizes=\"auto, (max-width: 1020px) 100vw, 1020px\" \/>\t\t\t\t\t\t\n\t\t\t\t\t<\/div>\n\t\t\t\t\t\t\t\t\n<style>\n#image_1545834633 {\n  width: 87%;\n}\n<\/style>\n\t<\/div>\n\t\n\t\t<\/div>\n\t\t\t\t\t<\/div>\n\n\t\n\n\t<div id=\"col-685793782\" class=\"col medium-8 small-12 large-8\"  >\n\t\t\t\t<div class=\"col-inner\"  >\n\t\t\t\n\t\t\t\n<div class=\"container section-title-container\" ><h2 class=\"section-title section-title-normal\"><b aria-hidden=\"true\"><\/b><span class=\"section-title-main\" >HELVIDENT DENTAL IMPLANTS<\/span><b aria-hidden=\"true\"><\/b><\/h2><\/div>\n<p>Before installing a <strong>implant<\/strong>the <strong>dentist<\/strong> always ensures that the <strong>jaw<\/strong> can hold the screw in place and that the <strong>gums<\/strong> are strong and healthy. This is a prerequisite for a successful operation.<\/p>\n<p>Within the <strong>HELVIDENT dental clinics<\/strong>we decided to work with manufacturers of<strong>implants<\/strong> internationally recognized, such as <strong>Straumann<\/strong>\u00ae. This Swiss company based in the Jura region is one of the 3 leaders in the<strong>implantology<\/strong> in the world. The group is present in a large number of countries. The advantage if you're traveling or living abroad after completing a <strong>dental implant<\/strong> ? There's a good chance you'll find a <strong>dentist<\/strong> who knows the <strong>system<\/strong> <strong>Straumann dental implant<\/strong>\u00ae and has the necessary equipment to treat you.<\/p>\n<p>Please do not hesitate to contact us for more information on our<strong> dental implants<\/strong> or make an appointment with one of our <strong>dentists<\/strong> experts in <strong>implantology<\/strong>.<\/p>\n\t\t<\/div>\n\t\t\t\t\t<\/div>\n\n\t\n<\/div>\n\t\t<\/div>\n\n\t\t\n<style>\n#section_267292683 {\n  padding-top: 60px;\n  padding-bottom: 60px;\n}\n<\/style>\n\t<\/section>","protected":false},"excerpt":{"rendered":"","protected":false},"author":1,"featured_media":0,"parent":29057,"menu_order":0,"comment_status":"closed","ping_status":"closed","template":"page-blank.php","meta":{"_acf_changed":false,"footnotes":""},"class_list":["post-29078","page","type-page","status-publish","hentry"],"acf":[],"yoast_head":"<!-- This site is optimized with the Yoast SEO plugin v27.3 - https:\/\/yoast.com\/product\/yoast-seo-wordpress\/ -->\n<title>Pose d\u2019implants dentaires - HELVIDENT SUISSE<\/title>\n<meta name=\"description\" content=\"La pose d\u2019implants dentaires est un acte sp\u00e9cialis\u00e9 en m\u00e9decine dentaire. D\u00e9couvrez les services de nos cliniques dentaires \u00e0 Lausanne, Aigle, et Fribourg\" \/>\n<meta name=\"robots\" content=\"index, follow, max-snippet:-1, max-image-preview:large, max-video-preview:-1\" \/>\n<link rel=\"canonical\" href=\"https:\/\/helvident.ch\/en\/services\/dental-implant\/\" \/>\n<meta property=\"og:locale\" content=\"en_US\" \/>\n<meta property=\"og:type\" content=\"article\" \/>\n<meta property=\"og:title\" content=\"Pose d\u2019implants dentaires - HELVIDENT SUISSE\" \/>\n<meta property=\"og:description\" content=\"La pose d\u2019implants dentaires est un acte sp\u00e9cialis\u00e9 en m\u00e9decine dentaire. D\u00e9couvrez les services de nos cliniques dentaires \u00e0 Lausanne, Aigle, et Fribourg\" \/>\n<meta property=\"og:url\" content=\"https:\/\/helvident.ch\/en\/services\/dental-implant\/\" \/>\n<meta property=\"og:site_name\" content=\"Helvident\" \/>\n<meta property=\"article:publisher\" content=\"https:\/\/www.facebook.com\/Helvident-Centre-Dentaire-Fribourg-SA-408825345872856\/\" \/>\n<meta property=\"article:modified_time\" content=\"2019-07-18T08:27:46+00:00\" \/>\n<meta name=\"twitter:card\" content=\"summary_large_image\" \/>\n<meta name=\"twitter:label1\" content=\"Est. reading time\" \/>\n\t<meta name=\"twitter:data1\" content=\"3 minutes\" \/>\n<script type=\"application\/ld+json\" class=\"yoast-schema-graph\">{\"@context\":\"https:\\\/\\\/schema.org\",\"@graph\":[{\"@type\":\"WebPage\",\"@id\":\"https:\\\/\\\/helvident.ch\\\/services\\\/implant-dentaire\\\/\",\"url\":\"https:\\\/\\\/helvident.ch\\\/services\\\/implant-dentaire\\\/\",\"name\":\"Pose d\u2019implants dentaires - HELVIDENT SUISSE\",\"isPartOf\":{\"@id\":\"https:\\\/\\\/helvident.ch\\\/#website\"},\"datePublished\":\"2019-06-14T17:32:02+00:00\",\"dateModified\":\"2019-07-18T08:27:46+00:00\",\"description\":\"La pose d\u2019implants dentaires est un acte sp\u00e9cialis\u00e9 en m\u00e9decine dentaire. D\u00e9couvrez les services de nos cliniques dentaires \u00e0 Lausanne, Aigle, et Fribourg\",\"breadcrumb\":{\"@id\":\"https:\\\/\\\/helvident.ch\\\/services\\\/implant-dentaire\\\/#breadcrumb\"},\"inLanguage\":\"en-US\",\"potentialAction\":[{\"@type\":\"ReadAction\",\"target\":[\"https:\\\/\\\/helvident.ch\\\/services\\\/implant-dentaire\\\/\"]}]},{\"@type\":\"BreadcrumbList\",\"@id\":\"https:\\\/\\\/helvident.ch\\\/services\\\/implant-dentaire\\\/#breadcrumb\",\"itemListElement\":[{\"@type\":\"ListItem\",\"position\":1,\"name\":\"Home\",\"item\":\"https:\\\/\\\/helvident.ch\\\/\"},{\"@type\":\"ListItem\",\"position\":2,\"name\":\"Services\",\"item\":\"https:\\\/\\\/helvident.ch\\\/services\\\/\"},{\"@type\":\"ListItem\",\"position\":3,\"name\":\"Implant dentaire\"}]},{\"@type\":\"WebSite\",\"@id\":\"https:\\\/\\\/helvident.ch\\\/#website\",\"url\":\"https:\\\/\\\/helvident.ch\\\/\",\"name\":\"Helvident\",\"description\":\"Cliniques Dentaires Lausanne - Aigle - Friboug\",\"publisher\":{\"@id\":\"https:\\\/\\\/helvident.ch\\\/#organization\"},\"potentialAction\":[{\"@type\":\"SearchAction\",\"target\":{\"@type\":\"EntryPoint\",\"urlTemplate\":\"https:\\\/\\\/helvident.ch\\\/?s={search_term_string}\"},\"query-input\":{\"@type\":\"PropertyValueSpecification\",\"valueRequired\":true,\"valueName\":\"search_term_string\"}}],\"inLanguage\":\"en-US\"},{\"@type\":\"Organization\",\"@id\":\"https:\\\/\\\/helvident.ch\\\/#organization\",\"name\":\"Helvident - Cliniques Dentaires\",\"url\":\"https:\\\/\\\/helvident.ch\\\/\",\"logo\":{\"@type\":\"ImageObject\",\"inLanguage\":\"en-US\",\"@id\":\"https:\\\/\\\/helvident.ch\\\/#\\\/schema\\\/logo\\\/image\\\/\",\"url\":\"https:\\\/\\\/helvident.ch\\\/wp-content\\\/uploads\\\/2019\\\/06\\\/logo@2x.png\",\"contentUrl\":\"https:\\\/\\\/helvident.ch\\\/wp-content\\\/uploads\\\/2019\\\/06\\\/logo@2x.png\",\"width\":502,\"height\":120,\"caption\":\"Helvident - Cliniques Dentaires\"},\"image\":{\"@id\":\"https:\\\/\\\/helvident.ch\\\/#\\\/schema\\\/logo\\\/image\\\/\"},\"sameAs\":[\"https:\\\/\\\/www.facebook.com\\\/Helvident-Centre-Dentaire-Fribourg-SA-408825345872856\\\/\"]}]}<\/script>\n<!-- \/ Yoast SEO plugin. -->","yoast_head_json":{"title":"Dental implant placement - HELVIDENT SUISSE","description":"The placement of dental implants is a specialized dental procedure. Find out more about the services offered by our dental clinics in Lausanne, Aigle and Fribourg.","robots":{"index":"index","follow":"follow","max-snippet":"max-snippet:-1","max-image-preview":"max-image-preview:large","max-video-preview":"max-video-preview:-1"},"canonical":"https:\/\/helvident.ch\/en\/services\/dental-implant\/","og_locale":"en_US","og_type":"article","og_title":"Pose d\u2019implants dentaires - HELVIDENT SUISSE","og_description":"La pose d\u2019implants dentaires est un acte sp\u00e9cialis\u00e9 en m\u00e9decine dentaire. D\u00e9couvrez les services de nos cliniques dentaires \u00e0 Lausanne, Aigle, et Fribourg","og_url":"https:\/\/helvident.ch\/en\/services\/dental-implant\/","og_site_name":"Helvident","article_publisher":"https:\/\/www.facebook.com\/Helvident-Centre-Dentaire-Fribourg-SA-408825345872856\/","article_modified_time":"2019-07-18T08:27:46+00:00","twitter_card":"summary_large_image","twitter_misc":{"Est. reading time":"3 minutes"},"schema":{"@context":"https:\/\/schema.org","@graph":[{"@type":"WebPage","@id":"https:\/\/helvident.ch\/services\/implant-dentaire\/","url":"https:\/\/helvident.ch\/services\/implant-dentaire\/","name":"Dental implant placement - HELVIDENT SUISSE","isPartOf":{"@id":"https:\/\/helvident.ch\/#website"},"datePublished":"2019-06-14T17:32:02+00:00","dateModified":"2019-07-18T08:27:46+00:00","description":"The placement of dental implants is a specialized dental procedure. Find out more about the services offered by our dental clinics in Lausanne, Aigle and Fribourg.","breadcrumb":{"@id":"https:\/\/helvident.ch\/services\/implant-dentaire\/#breadcrumb"},"inLanguage":"en-US","potentialAction":[{"@type":"ReadAction","target":["https:\/\/helvident.ch\/services\/implant-dentaire\/"]}]},{"@type":"BreadcrumbList","@id":"https:\/\/helvident.ch\/services\/implant-dentaire\/#breadcrumb","itemListElement":[{"@type":"ListItem","position":1,"name":"Home","item":"https:\/\/helvident.ch\/"},{"@type":"ListItem","position":2,"name":"Services","item":"https:\/\/helvident.ch\/services\/"},{"@type":"ListItem","position":3,"name":"Implant dentaire"}]},{"@type":"WebSite","@id":"https:\/\/helvident.ch\/#website","url":"https:\/\/helvident.ch\/","name":"Helvident","description":"Cliniques Dentaires Lausanne - Aigle - Friboug","publisher":{"@id":"https:\/\/helvident.ch\/#organization"},"potentialAction":[{"@type":"SearchAction","target":{"@type":"EntryPoint","urlTemplate":"https:\/\/helvident.ch\/?s={search_term_string}"},"query-input":{"@type":"PropertyValueSpecification","valueRequired":true,"valueName":"search_term_string"}}],"inLanguage":"en-US"},{"@type":"Organization","@id":"https:\/\/helvident.ch\/#organization","name":"Helvident - Dental Clinics","url":"https:\/\/helvident.ch\/","logo":{"@type":"ImageObject","inLanguage":"en-US","@id":"https:\/\/helvident.ch\/#\/schema\/logo\/image\/","url":"https:\/\/helvident.ch\/wp-content\/uploads\/2019\/06\/logo@2x.png","contentUrl":"https:\/\/helvident.ch\/wp-content\/uploads\/2019\/06\/logo@2x.png","width":502,"height":120,"caption":"Helvident - Cliniques Dentaires"},"image":{"@id":"https:\/\/helvident.ch\/#\/schema\/logo\/image\/"},"sameAs":["https:\/\/www.facebook.com\/Helvident-Centre-Dentaire-Fribourg-SA-408825345872856\/"]}]}},"_links":{"self":[{"href":"https:\/\/helvident.ch\/en\/wp-json\/wp\/v2\/pages\/29078","targetHints":{"allow":["GET"]}}],"collection":[{"href":"https:\/\/helvident.ch\/en\/wp-json\/wp\/v2\/pages"}],"about":[{"href":"https:\/\/helvident.ch\/en\/wp-json\/wp\/v2\/types\/page"}],"author":[{"embeddable":true,"href":"https:\/\/helvident.ch\/en\/wp-json\/wp\/v2\/users\/1"}],"replies":[{"embeddable":true,"href":"https:\/\/helvident.ch\/en\/wp-json\/wp\/v2\/comments?post=29078"}],"version-history":[{"count":0,"href":"https:\/\/helvident.ch\/en\/wp-json\/wp\/v2\/pages\/29078\/revisions"}],"up":[{"embeddable":true,"href":"https:\/\/helvident.ch\/en\/wp-json\/wp\/v2\/pages\/29057"}],"wp:attachment":[{"href":"https:\/\/helvident.ch\/en\/wp-json\/wp\/v2\/media?parent=29078"}],"curies":[{"name":"wp","href":"https:\/\/api.w.org\/{rel}","templated":true}]}}