{"id":29070,"date":"2019-06-14T19:08:08","date_gmt":"2019-06-14T17:08:08","guid":{"rendered":"http:\/\/helvident.ch\/?page_id=29070"},"modified":"2019-07-18T10:31:26","modified_gmt":"2019-07-18T08:31:26","slug":"orthodontics","status":"publish","type":"page","link":"https:\/\/helvident.ch\/en\/services\/orthodontics\/","title":{"rendered":"Orthodontics"},"content":{"rendered":"<section class=\"section need-toping\" id=\"section_574268498\">\n\t\t<div class=\"section-bg fill\" >\n\t\t\t\t\t\t\t\t\t\n\t\t\t\n\n\t\t<\/div>\n\n\t\t\n\n\t\t<div class=\"section-content relative\">\n\t\t\t\n\n  <div class=\"banner has-hover\" id=\"banner-1398017633\">\n          <div class=\"banner-inner fill\">\n        <div class=\"banner-bg fill\" >\n            <img loading=\"lazy\" decoding=\"async\" width=\"1920\" height=\"350\" src=\"https:\/\/helvident.ch\/wp-content\/uploads\/2019\/06\/orthodontie-1.jpg\" class=\"bg attachment-original size-original\" alt=\"\" \/>                                    \n                    <\/div>\n\t\t\n        <div class=\"banner-layers container\">\n            <div class=\"fill banner-link\"><\/div>            \n   <div id=\"text-box-521482751\" class=\"text-box banner-layer x0 md-x50 lg-x50 y100 md-y50 lg-y50 res-text\">\n                                <div class=\"text-box-content text dark\">\n              \n              <div class=\"text-inner text-left\">\n                  \n<h1><span style=\"font-size: 75%;\">ORTHODONTICS<\/span><\/h1>\n              <\/div>\n           <\/div>\n                            \n<style>\n#text-box-521482751 {\n  width: 98%;\n}\n#text-box-521482751 .text-box-content {\n  font-size: 100%;\n}\n<\/style>\n    <\/div>\n \n        <\/div>\n      <\/div>\n\n            \n<style>\n#banner-1398017633 {\n  padding-top: 300px;\n}\n#banner-1398017633 .banner-bg img {\n  object-position: 61% 97%;\n}\n<\/style>\n  <\/div>\n\n\n\t\t<\/div>\n\n\t\t\n<style>\n#section_574268498 {\n  padding-top: 0px;\n  padding-bottom: 0px;\n}\n<\/style>\n\t<\/section>\n\t\n\n\t<section class=\"section\" id=\"section_1772532442\">\n\t\t<div class=\"section-bg fill\" >\n\t\t\t\t\t\t\t\t\t\n\t\t\t\n\n\t\t<\/div>\n\n\t\t\n\n\t\t<div class=\"section-content relative\">\n\t\t\t\n<div class=\"row\"  id=\"row-1842245119\">\n\n\t<div id=\"col-240628616\" class=\"col medium-12 small-12 large-6\"  >\n\t\t\t\t<div class=\"col-inner\"  >\n\t\t\t\n\t\t\t\n<p>At <a href=\"http:\/\/helvident.ch\/en\/presentation\/\">HELVIDENT<\/a>our team of <strong>dentists <\/strong>performs all routine and specialized <strong>dentistry<\/strong>. They include <strong>orthodontists<\/strong>. Their mission? To offer you the most beautiful <strong>teeth<\/strong>even in the case of<strong> tooth misalignment<\/strong>of <strong>malocclusion<\/strong> or<strong> shifted jaw.<\/strong><\/p>\n<p>We recommend that you seek preventive treatment to avoid <a href=\"#\">dental emergencies<\/a>. You can make an appointment in our <strong>dental center in Fribourg<\/strong> or in our <strong>dental clinic in St Sulpice <\/strong>near Lausanne.<\/p>\n\t<div id=\"gap-1546521265\" class=\"gap-element clearfix\" style=\"display:block; height:auto;\">\n\t\t\n<style>\n#gap-1546521265 {\n  padding-top: 30px;\n}\n<\/style>\n\t<\/div>\n\t\n\t\t<\/div>\n\t\t\t\t\t<\/div>\n\n\t\n\n\t<div id=\"col-2550768\" class=\"col medium-12 small-12 large-6\"  >\n\t\t\t\t<div class=\"col-inner\"  >\n\t\t\t\n\t\t\t\n<div class=\"video video-fit mb box-shadow-4\" style=\"padding-top:56.25%;\"><p><iframe loading=\"lazy\" title=\"Braces - Orthodontics Lausanne, Aigle, Fribourg\" src=\"https:\/\/player.vimeo.com\/video\/346940508?dnt=1&#038;app_id=122963\" width=\"1020\" height=\"574\" frameborder=\"0\" allow=\"autoplay; fullscreen\" allowfullscreen><\/iframe><\/p>\n<\/div>\n\t\t<\/div>\n\t\t\t\t\n<style>\n#col-2550768 > .col-inner {\n  margin: 0 0px 0px 0px;\n}\n<\/style>\n\t<\/div>\n\n\t\n\n\t<div id=\"col-1747254122\" class=\"col medium-12 small-12 large-12\"  >\n\t\t\t\t<div class=\"col-inner\"  >\n\t\t\t\n\t\t\t\n\t<div id=\"gap-861809631\" class=\"gap-element clearfix\" style=\"display:block; height:auto;\">\n\t\t\n<style>\n#gap-861809631 {\n  padding-top: 30px;\n}\n<\/style>\n\t<\/div>\n\t\n<div class=\"container section-title-container\" ><h2 class=\"section-title section-title-normal\"><b aria-hidden=\"true\"><\/b><span class=\"section-title-main\" >WHAT IS ORTHODONTICS?<\/span><b aria-hidden=\"true\"><\/b><\/h2><\/div>\n<p>Just like the <strong><a href=\"#\">periodontics<\/a><\/strong> and the<strong><a href=\"#\">endodontics<\/a><\/strong>, l'<strong>orthodontics<\/strong> is one of many <strong>dental specialties<\/strong>. It is dedicated to <strong>correction of malpositioned jaws and teeth <\/strong>to optimize occlusion (<strong>tooth engagement<\/strong>), as well as the development of bone bases.<\/p>\n<p>L'<strong>orthodontics<\/strong> is designed for children and adults alike. Wearing a <strong>braces<\/strong>a slight force is exerted on the <strong>teeth<\/strong>This movement is made possible by the bone's ability to continually regenerate around the roots. This movement is made possible by the bone's ability to continually regenerate around the roots. The results are impressive.<em>\u00a0<\/em><\/p>\n<p>The aim is both functional and aesthetic. In addition to a more attractive <strong>teeth<\/strong>, l'<strong>orthodontics <\/strong>aids chewing, phonation, breathing, swallowing and the growth of children <strong>maxilla<\/strong>. Patients can also achieve optimal cleaning. The <strong>teeth<\/strong> and thus reduce the risk of problems. <strong>oral hygiene<\/strong>.<\/p>\n\t\t<\/div>\n\t\t\t\t\t<\/div>\n\n\t\n<\/div>\n<div class=\"row align-middle\"  id=\"row-678238865\">\n\n\t<div id=\"col-1222950194\" class=\"col medium-4 small-12 large-4\"  >\n\t\t\t\t<div class=\"col-inner\"  >\n\t\t\t\n\t\t\t\n\t<div class=\"img has-hover x md-x lg-x y md-y lg-y\" id=\"image_2145294034\">\n\t\t\t\t\t\t\t\t<div class=\"img-inner box-shadow-3 dark\" style=\"margin:50px 0px 0px 0px;\">\n\t\t\t<img loading=\"lazy\" decoding=\"async\" width=\"1020\" height=\"680\" src=\"https:\/\/helvident.ch\/wp-content\/uploads\/2019\/07\/enfant_chez_orthodontiste-1024x683.jpeg\" class=\"attachment-large size-large\" alt=\"Girl at the dentist\" srcset=\"https:\/\/helvident.ch\/wp-content\/uploads\/2019\/07\/enfant_chez_orthodontiste-1024x683.jpeg 1024w, https:\/\/helvident.ch\/wp-content\/uploads\/2019\/07\/enfant_chez_orthodontiste-300x200.jpeg 300w, https:\/\/helvident.ch\/wp-content\/uploads\/2019\/07\/enfant_chez_orthodontiste-768x512.jpeg 768w\" sizes=\"auto, (max-width: 1020px) 100vw, 1020px\" \/>\t\t\t\t\t\t\n\t\t\t\t\t<\/div>\n\t\t\t\t\t\t\t\t\n<style>\n#image_2145294034 {\n  width: 100%;\n}\n<\/style>\n\t<\/div>\n\t\n\t\t<\/div>\n\t\t\t\t\t<\/div>\n\n\t\n\n\t<div id=\"col-582678267\" class=\"col medium-12 small-12 large-8\"  >\n\t\t\t\t<div class=\"col-inner\"  >\n\t\t\t\n\t\t\t\n<div class=\"container section-title-container\" ><h2 class=\"section-title section-title-normal\"><b aria-hidden=\"true\"><\/b><span class=\"section-title-main\" >ORTHODONTIC TREATMENTS<\/span><b aria-hidden=\"true\"><\/b><\/h2><\/div>\n<p>Visit <strong>orthodontic treatments<\/strong> can be considered and initiated at any age. The majority of patients have recourse to it at pre-puberty or puberty. That said, more and more adults are consulting the <strong>HELVIDENT clinics<\/strong> to correct the posture of their <strong>teeth<\/strong>.<\/p>\n<p><strong>Overlapping teeth<\/strong>, <strong>misaligned teeth<\/strong> or <strong>over-advanced teeth<\/strong>It doesn't have to be that way. There is a wide range of<strong>orthodontic appliances<\/strong>. They can be removable, semi-removable or fixed, with or without bone anchoring.<\/p>\n<p>L'<strong>orthodontist<\/strong> examines you, before drawing up an assessment and diagnosis. He will suggest the most appropriate option for you. The nature of the treatment and the type of<strong>dental equipment<\/strong> may vary from patient to patient. Your doctor will also explain how to <strong>brush teeth <\/strong>while you're wearing <strong>rings<\/strong>and <strong>elastic bands <\/strong>or a <strong>device<\/strong>.<\/p>\n<p>Once treatment has been completed, a stabilization phase, known as contention, is necessary. When the <strong>teeth<\/strong> have been displaced, the ligament holding them in place and the bone underneath need to heal.<\/p>\n<p>Feel free to consult our <strong>orthodontist<\/strong>. He will give you a personalized estimate at the end of the appointment. You can contact our <strong>dental clinic in Fribourg <\/strong>or in St Sulpice near Lausanne to make an appointment.<\/p>\n\t\t<\/div>\n\t\t\t\t\t<\/div>\n\n\t\n<\/div>\n\t\t<\/div>\n\n\t\t\n<style>\n#section_1772532442 {\n  padding-top: 60px;\n  padding-bottom: 60px;\n}\n<\/style>\n\t<\/section>","protected":false},"excerpt":{"rendered":"","protected":false},"author":1,"featured_media":0,"parent":29057,"menu_order":0,"comment_status":"closed","ping_status":"closed","template":"page-blank.php","meta":{"_acf_changed":false,"footnotes":""},"class_list":["post-29070","page","type-page","status-publish","hentry"],"acf":[],"yoast_head":"<!-- This site is optimized with the Yoast SEO plugin v27.3 - https:\/\/yoast.com\/product\/yoast-seo-wordpress\/ -->\n<title>L\u2019orthodontie, sp\u00e9cialit\u00e9 dentaire - HELVIDENT SUISSE<\/title>\n<meta name=\"description\" content=\"L\u2019orthodontie est une sp\u00e9cialit\u00e9 de la m\u00e9decine dentaire. D\u00e9couvrez les services de nos cliniques dentaires \u00e0 Lausanne, Aigle, et Fribourg\" \/>\n<meta name=\"robots\" content=\"index, follow, max-snippet:-1, max-image-preview:large, max-video-preview:-1\" \/>\n<link rel=\"canonical\" href=\"https:\/\/helvident.ch\/en\/services\/orthodontics\/\" \/>\n<meta property=\"og:locale\" content=\"en_US\" \/>\n<meta property=\"og:type\" content=\"article\" \/>\n<meta property=\"og:title\" content=\"L\u2019orthodontie, sp\u00e9cialit\u00e9 dentaire - HELVIDENT SUISSE\" \/>\n<meta property=\"og:description\" content=\"L\u2019orthodontie est une sp\u00e9cialit\u00e9 de la m\u00e9decine dentaire. D\u00e9couvrez les services de nos cliniques dentaires \u00e0 Lausanne, Aigle, et Fribourg\" \/>\n<meta property=\"og:url\" content=\"https:\/\/helvident.ch\/en\/services\/orthodontics\/\" \/>\n<meta property=\"og:site_name\" content=\"Helvident\" \/>\n<meta property=\"article:publisher\" content=\"https:\/\/www.facebook.com\/Helvident-Centre-Dentaire-Fribourg-SA-408825345872856\/\" \/>\n<meta property=\"article:modified_time\" content=\"2019-07-18T08:31:26+00:00\" \/>\n<meta name=\"twitter:card\" content=\"summary_large_image\" \/>\n<meta name=\"twitter:label1\" content=\"Est. reading time\" \/>\n\t<meta name=\"twitter:data1\" content=\"3 minutes\" \/>\n<script type=\"application\/ld+json\" class=\"yoast-schema-graph\">{\"@context\":\"https:\\\/\\\/schema.org\",\"@graph\":[{\"@type\":\"WebPage\",\"@id\":\"https:\\\/\\\/helvident.ch\\\/services\\\/orthodontie\\\/\",\"url\":\"https:\\\/\\\/helvident.ch\\\/services\\\/orthodontie\\\/\",\"name\":\"L\u2019orthodontie, sp\u00e9cialit\u00e9 dentaire - HELVIDENT SUISSE\",\"isPartOf\":{\"@id\":\"https:\\\/\\\/helvident.ch\\\/#website\"},\"datePublished\":\"2019-06-14T17:08:08+00:00\",\"dateModified\":\"2019-07-18T08:31:26+00:00\",\"description\":\"L\u2019orthodontie est une sp\u00e9cialit\u00e9 de la m\u00e9decine dentaire. D\u00e9couvrez les services de nos cliniques dentaires \u00e0 Lausanne, Aigle, et Fribourg\",\"breadcrumb\":{\"@id\":\"https:\\\/\\\/helvident.ch\\\/services\\\/orthodontie\\\/#breadcrumb\"},\"inLanguage\":\"en-US\",\"potentialAction\":[{\"@type\":\"ReadAction\",\"target\":[\"https:\\\/\\\/helvident.ch\\\/services\\\/orthodontie\\\/\"]}]},{\"@type\":\"BreadcrumbList\",\"@id\":\"https:\\\/\\\/helvident.ch\\\/services\\\/orthodontie\\\/#breadcrumb\",\"itemListElement\":[{\"@type\":\"ListItem\",\"position\":1,\"name\":\"Home\",\"item\":\"https:\\\/\\\/helvident.ch\\\/\"},{\"@type\":\"ListItem\",\"position\":2,\"name\":\"Services\",\"item\":\"https:\\\/\\\/helvident.ch\\\/services\\\/\"},{\"@type\":\"ListItem\",\"position\":3,\"name\":\"Orthodontie\"}]},{\"@type\":\"WebSite\",\"@id\":\"https:\\\/\\\/helvident.ch\\\/#website\",\"url\":\"https:\\\/\\\/helvident.ch\\\/\",\"name\":\"Helvident\",\"description\":\"Cliniques Dentaires Lausanne - Aigle - Friboug\",\"publisher\":{\"@id\":\"https:\\\/\\\/helvident.ch\\\/#organization\"},\"potentialAction\":[{\"@type\":\"SearchAction\",\"target\":{\"@type\":\"EntryPoint\",\"urlTemplate\":\"https:\\\/\\\/helvident.ch\\\/?s={search_term_string}\"},\"query-input\":{\"@type\":\"PropertyValueSpecification\",\"valueRequired\":true,\"valueName\":\"search_term_string\"}}],\"inLanguage\":\"en-US\"},{\"@type\":\"Organization\",\"@id\":\"https:\\\/\\\/helvident.ch\\\/#organization\",\"name\":\"Helvident - Cliniques Dentaires\",\"url\":\"https:\\\/\\\/helvident.ch\\\/\",\"logo\":{\"@type\":\"ImageObject\",\"inLanguage\":\"en-US\",\"@id\":\"https:\\\/\\\/helvident.ch\\\/#\\\/schema\\\/logo\\\/image\\\/\",\"url\":\"https:\\\/\\\/helvident.ch\\\/wp-content\\\/uploads\\\/2019\\\/06\\\/logo@2x.png\",\"contentUrl\":\"https:\\\/\\\/helvident.ch\\\/wp-content\\\/uploads\\\/2019\\\/06\\\/logo@2x.png\",\"width\":502,\"height\":120,\"caption\":\"Helvident - Cliniques Dentaires\"},\"image\":{\"@id\":\"https:\\\/\\\/helvident.ch\\\/#\\\/schema\\\/logo\\\/image\\\/\"},\"sameAs\":[\"https:\\\/\\\/www.facebook.com\\\/Helvident-Centre-Dentaire-Fribourg-SA-408825345872856\\\/\"]}]}<\/script>\n<!-- \/ Yoast SEO plugin. -->","yoast_head_json":{"title":"Orthodontics, a dental specialty - HELVIDENT SUISSE","description":"Orthodontics is a specialty of dentistry. Discover the services offered by our dental clinics in Lausanne, Aigle and Fribourg.","robots":{"index":"index","follow":"follow","max-snippet":"max-snippet:-1","max-image-preview":"max-image-preview:large","max-video-preview":"max-video-preview:-1"},"canonical":"https:\/\/helvident.ch\/en\/services\/orthodontics\/","og_locale":"en_US","og_type":"article","og_title":"L\u2019orthodontie, sp\u00e9cialit\u00e9 dentaire - HELVIDENT SUISSE","og_description":"L\u2019orthodontie est une sp\u00e9cialit\u00e9 de la m\u00e9decine dentaire. D\u00e9couvrez les services de nos cliniques dentaires \u00e0 Lausanne, Aigle, et Fribourg","og_url":"https:\/\/helvident.ch\/en\/services\/orthodontics\/","og_site_name":"Helvident","article_publisher":"https:\/\/www.facebook.com\/Helvident-Centre-Dentaire-Fribourg-SA-408825345872856\/","article_modified_time":"2019-07-18T08:31:26+00:00","twitter_card":"summary_large_image","twitter_misc":{"Est. reading time":"3 minutes"},"schema":{"@context":"https:\/\/schema.org","@graph":[{"@type":"WebPage","@id":"https:\/\/helvident.ch\/services\/orthodontie\/","url":"https:\/\/helvident.ch\/services\/orthodontie\/","name":"Orthodontics, a dental specialty - HELVIDENT SUISSE","isPartOf":{"@id":"https:\/\/helvident.ch\/#website"},"datePublished":"2019-06-14T17:08:08+00:00","dateModified":"2019-07-18T08:31:26+00:00","description":"Orthodontics is a specialty of dentistry. Discover the services offered by our dental clinics in Lausanne, Aigle and Fribourg.","breadcrumb":{"@id":"https:\/\/helvident.ch\/services\/orthodontie\/#breadcrumb"},"inLanguage":"en-US","potentialAction":[{"@type":"ReadAction","target":["https:\/\/helvident.ch\/services\/orthodontie\/"]}]},{"@type":"BreadcrumbList","@id":"https:\/\/helvident.ch\/services\/orthodontie\/#breadcrumb","itemListElement":[{"@type":"ListItem","position":1,"name":"Home","item":"https:\/\/helvident.ch\/"},{"@type":"ListItem","position":2,"name":"Services","item":"https:\/\/helvident.ch\/services\/"},{"@type":"ListItem","position":3,"name":"Orthodontie"}]},{"@type":"WebSite","@id":"https:\/\/helvident.ch\/#website","url":"https:\/\/helvident.ch\/","name":"Helvident","description":"Cliniques Dentaires Lausanne - Aigle - Friboug","publisher":{"@id":"https:\/\/helvident.ch\/#organization"},"potentialAction":[{"@type":"SearchAction","target":{"@type":"EntryPoint","urlTemplate":"https:\/\/helvident.ch\/?s={search_term_string}"},"query-input":{"@type":"PropertyValueSpecification","valueRequired":true,"valueName":"search_term_string"}}],"inLanguage":"en-US"},{"@type":"Organization","@id":"https:\/\/helvident.ch\/#organization","name":"Helvident - Dental Clinics","url":"https:\/\/helvident.ch\/","logo":{"@type":"ImageObject","inLanguage":"en-US","@id":"https:\/\/helvident.ch\/#\/schema\/logo\/image\/","url":"https:\/\/helvident.ch\/wp-content\/uploads\/2019\/06\/logo@2x.png","contentUrl":"https:\/\/helvident.ch\/wp-content\/uploads\/2019\/06\/logo@2x.png","width":502,"height":120,"caption":"Helvident - Cliniques Dentaires"},"image":{"@id":"https:\/\/helvident.ch\/#\/schema\/logo\/image\/"},"sameAs":["https:\/\/www.facebook.com\/Helvident-Centre-Dentaire-Fribourg-SA-408825345872856\/"]}]}},"_links":{"self":[{"href":"https:\/\/helvident.ch\/en\/wp-json\/wp\/v2\/pages\/29070","targetHints":{"allow":["GET"]}}],"collection":[{"href":"https:\/\/helvident.ch\/en\/wp-json\/wp\/v2\/pages"}],"about":[{"href":"https:\/\/helvident.ch\/en\/wp-json\/wp\/v2\/types\/page"}],"author":[{"embeddable":true,"href":"https:\/\/helvident.ch\/en\/wp-json\/wp\/v2\/users\/1"}],"replies":[{"embeddable":true,"href":"https:\/\/helvident.ch\/en\/wp-json\/wp\/v2\/comments?post=29070"}],"version-history":[{"count":0,"href":"https:\/\/helvident.ch\/en\/wp-json\/wp\/v2\/pages\/29070\/revisions"}],"up":[{"embeddable":true,"href":"https:\/\/helvident.ch\/en\/wp-json\/wp\/v2\/pages\/29057"}],"wp:attachment":[{"href":"https:\/\/helvident.ch\/en\/wp-json\/wp\/v2\/media?parent=29070"}],"curies":[{"name":"wp","href":"https:\/\/api.w.org\/{rel}","templated":true}]}}