{"id":29049,"date":"2019-06-14T17:32:15","date_gmt":"2019-06-14T15:32:15","guid":{"rendered":"http:\/\/helvident.ch\/?page_id=29049"},"modified":"2025-02-05T15:50:14","modified_gmt":"2025-02-05T14:50:14","slug":"presentation","status":"publish","type":"page","link":"https:\/\/helvident.ch\/en\/presentation\/","title":{"rendered":"Presentation"},"content":{"rendered":"<p>\n\n\t<section class=\"section need-toping\" id=\"section_657729067\">\n\t\t<div class=\"section-bg fill\" >\n\t\t\t\t\t\t\t\t\t\n\t\t\t\n\n\t\t<\/div>\n\n\t\t\n\n\t\t<div class=\"section-content relative\">\n\t\t\t\n\n\n  <div class=\"banner has-hover\" id=\"banner-238032193\">\n          <div class=\"banner-inner fill\">\n        <div class=\"banner-bg fill\" >\n            <img loading=\"lazy\" decoding=\"async\" width=\"1020\" height=\"191\" src=\"https:\/\/helvident.ch\/wp-content\/uploads\/2019\/06\/matos-1024x192.jpg\" class=\"bg attachment-large size-large\" alt=\"\" \/>                                    \n                    <\/div>\n\t\t\n        <div class=\"banner-layers container\">\n            <div class=\"fill banner-link\"><\/div>            \n\n   <div id=\"text-box-2037570693\" class=\"text-box banner-layer x50 md-x50 lg-x50 y50 md-y50 lg-y50 res-text\">\n                                <div class=\"text-box-content text dark\">\n              \n              <div class=\"text-inner text-center\">\n                  \n\n<\/p>\n<h1><span style=\"font-size: 75%;\">HELVIDENT PRESENTATION<\/span><\/h1>\n<p>\n\n              <\/div>\n           <\/div>\n                            \n<style>\n#text-box-2037570693 {\n  width: 60%;\n}\n#text-box-2037570693 .text-box-content {\n  font-size: 70%;\n}\n@media (min-width:550px) {\n  #text-box-2037570693 {\n    width: 60%;\n  }\n  #text-box-2037570693 .text-box-content {\n    font-size: 100%;\n  }\n}\n<\/style>\n    <\/div>\n \n\n        <\/div>\n      <\/div>\n\n            \n<style>\n#banner-238032193 {\n  padding-top: 300px;\n}\n#banner-238032193 .banner-bg img {\n  object-position: 59% 100%;\n}\n<\/style>\n  <\/div>\n\n\n\n\t\t<\/div>\n\n\t\t\n<style>\n#section_657729067 {\n  padding-top: 0px;\n  padding-bottom: 0px;\n}\n<\/style>\n\t<\/section>\n\t\n\n\t<section class=\"section\" id=\"section_970935423\">\n\t\t<div class=\"section-bg fill\" >\n\t\t\t\t\t\t\t\t\t\n\t\t\t\n\n\t\t<\/div>\n\n\t\t\n\n\t\t<div class=\"section-content relative\">\n\t\t\t\n\n<div class=\"row\"  id=\"row-312231985\">\n\n\n\t<div id=\"col-927761477\" class=\"col medium-6 small-12 large-6\"  >\n\t\t\t\t<div class=\"col-inner\"  >\n\t\t\t\n\t\t\t\n\n<div class=\"container section-title-container\" ><h2 class=\"section-title section-title-normal\"><b aria-hidden=\"true\"><\/b><span class=\"section-title-main\" >OUR HISTORY<\/span><b aria-hidden=\"true\"><\/b><\/h2><\/div>\n\n<\/p>\n<p>We opened the first <a href=\"#\">dental center in Fribourg<\/a> in 2005. From the outset, quality of care, listening to patients and professionalism have been the three pillars of our services.<\/p>\n<ul>\n<li>2005 (April): creation of the CDF <strong>Center Dentaire de Beauregard Fribourg<\/strong> SA.<\/li>\n<li>2007: the <strong>dental center<\/strong> is renamed Ardentis Fribourg SA with the same shareholders and staff.<\/li>\n<li>2010: Dr Ga\u00ebl Butticaz, founder and shareholder, takes over the entire business. <strong>dental center<\/strong> which becomes <strong>HELVIDENT<\/strong>. Personnel retained.<\/li>\n<\/ul>\n<p>Our <strong>dental center<\/strong> supported Gotteron's juniors for one year. Since 2006, through our participation in the Crosse d'Or, we have been sponsors of Fribourg HC Gotteron. Field hockey gives the city of Fribourg a real buzz, and we're happy to play our part.<\/p>\n<p>\n\n\t\t<\/div>\n\t\t\t\t\t<\/div>\n\n\t\n\n\t<div id=\"col-1383277059\" class=\"col medium-6 small-12 large-6\"  >\n\t\t\t\t<div class=\"col-inner\"  >\n\t\t\t\n\t\t\t\n\n\t<div class=\"img has-hover x md-x lg-x y md-y lg-y\" id=\"image_68297751\">\n\t\t\t\t\t\t\t\t<div class=\"img-inner dark\" >\n\t\t\t<img loading=\"lazy\" decoding=\"async\" width=\"800\" height=\"804\" src=\"https:\/\/helvident.ch\/wp-content\/uploads\/2019\/07\/presentation.jpg\" class=\"attachment-large size-large\" alt=\"clinique dentaire lausanne\" srcset=\"https:\/\/helvident.ch\/wp-content\/uploads\/2019\/07\/presentation.jpg 800w, https:\/\/helvident.ch\/wp-content\/uploads\/2019\/07\/presentation-150x150.jpg 150w, https:\/\/helvident.ch\/wp-content\/uploads\/2019\/07\/presentation-768x772.jpg 768w\" sizes=\"auto, (max-width: 800px) 100vw, 800px\" \/>\t\t\t\t\t\t\n\t\t\t\t\t<\/div>\n\t\t\t\t\t\t\t\t\n<style>\n#image_68297751 {\n  width: 100%;\n}\n<\/style>\n\t<\/div>\n\t\n\n\n\t\t<\/div>\n\t\t\t\t\t<\/div>\n\n\t\n\n<\/div>\n<div class=\"row\"  id=\"row-2103568362\">\n\n\n\t<div id=\"col-1196624678\" class=\"col small-12 large-12\"  >\n\t\t\t\t<div class=\"col-inner\"  >\n\t\t\t\n\t\t\t\n\n<div class=\"container section-title-container\" ><h2 class=\"section-title section-title-normal\"><b aria-hidden=\"true\"><\/b><span class=\"section-title-main\" >OUR TEAM<\/span><b aria-hidden=\"true\"><\/b><\/h2><\/div>\n\n<\/p>\n<p>Our team of <strong>dentists <\/strong>gradually expanded in line with the development of the<strong> dental center<\/strong>. We now have around ten of them. Most of them have been with us for more than 5 years.<\/p>\n<p>At <strong>HELVIDENT<\/strong>The efficient, personalized care of our patients is very important to us. That's why you'll be welcomed by the same <strong>dentist<\/strong> at every consultation. Together, you build a relationship of trust that grows stronger over the years. No one knows your mouth better than your <strong>dentist<\/strong> for you!<\/p>\n<p>Our center brings together a variety of specialties to offer you the very best in <strong>dentistry<\/strong> : <strong><a href=\"#\">orthodontics<\/a>periodontics<\/strong>, <strong>pediatric dentistry<\/strong>, <strong>oral surgery<\/strong>, <strong><a href=\"#\">dental implant placement<\/a><\/strong>... Your <strong>dentist<\/strong> <strong>treating <\/strong>may need to collaborate with one of our specialists to obtain advice or carry out a specific treatment.<\/p>\n<p>\n\n\t\t<\/div>\n\t\t\t\t\t<\/div>\n\n\t\n\n<\/div>\n<div class=\"row timing-row\"  id=\"row-400813481\">\n\n\n\t<div id=\"col-1367681628\" class=\"col small-12 large-12\"  >\n\t\t\t\t<div class=\"col-inner\"  >\n\t\t\t\n\t\t\t\n\n<div class=\"container section-title-container\" ><h2 class=\"section-title section-title-normal\"><b aria-hidden=\"true\"><\/b><span class=\"section-title-main\" >HELVIDENT DENTAL CLINIC IN FRIBOURG<\/span><b aria-hidden=\"true\"><\/b><\/h2><\/div>\n\n<\/p>\n<p>We welcome you in a <strong>dental center<\/strong> modern 600 m<sup><small>2<\/small><\/sup> on avenue de Beauregard in Fribourg. A large waiting room allows adults and children to wait in the best conditions. Books, games and recent magazines are available in a pleasant lounge atmosphere.<\/p>\n<p>At <strong>HELVIDENT<\/strong>we do our utmost to offer you optimum comfort during your <strong>dental care<\/strong>. We are aware that a<strong> dental treatment<\/strong> is not always a pleasure, but our team of professionals will reassure you and take good care of you. If you have any questions or comments, please do not hesitate to contact us.<\/p>\n<p>Our <strong>dental center <\/strong>has a private underground parking lot, free of charge for our patients. From the parking lot or building entrance, an elevator takes you directly to the reception area. Access is suitable for people with reduced mobility, as well as strollers.<\/p>\n<ul>\n<li class=\"icon-address\">Av. de Beauregard 10 <br \/>1700 Fribourg<\/li>\n<li class=\"icon-call\">Tel. +41 26 309 26 26<\/li>\n<li class=\"icon-mail\">&#x66;&#114;&#x69;&#x62;&#111;&#x75;&#x72;&#103;&#x40;&#x68;&#101;&#x6c;&#x76;i&#x64;&#x65;n&#x74;&#46;c&#x68;<\/li>\n<\/ul>\n<p>\n\n\t\t<\/div>\n\t\t\t\t\t<\/div>\n\n\t\n\n<\/div>\n<div class=\"row timing-row\"  id=\"row-1271141917\">\n\n\n\t<div id=\"col-885259724\" class=\"col small-12 large-12\"  >\n\t\t\t\t<div class=\"col-inner\"  >\n\t\t\t\n\t\t\t\n\n<div class=\"container section-title-container\" ><h2 class=\"section-title section-title-normal\"><b aria-hidden=\"true\"><\/b><span class=\"section-title-main\" >HELVIDENT DENTAL CLINIC IN ST SULPICE \/ LAUSANNE<\/span><b aria-hidden=\"true\"><\/b><\/h2><\/div>\n\n<\/p>\n<p><strong>HELVIDENT<\/strong> also welcomes you in St Sulpice near Lausanne. Our team carries out all treatments for the <strong>dentistry <\/strong>(<strong>orthodontics<\/strong>, <strong><a href=\"#\">dental implants<\/a><\/strong>, <strong>descaling<\/strong>etc.). Free parking is available for our patients. Easy access by bus 701 or TSOL.<\/p>\n<ul>\n<li class=\"icon-address\">Chemin des M\u00e9mises 2<br \/>1025 St Sulpice (opposite EPFL and UNI)<\/li>\n<li class=\"icon-call\">Tel. +41 21 694 25 25<\/li>\n<li class=\"icon-mail\">&#x73;&#x74;&#45;s&#x75;&#x6c;&#112;ic&#x65;&#x40;&#104;e&#x6c;&#x76;&#105;&#100;e&#x6e;&#x74;&#46;c&#x68;<\/li>\n<\/ul>\n<p>\n\n\t\t<\/div>\n\t\t\t\t\t<\/div>\n\n\t\n\n<\/div>\n<div class=\"row timing-row\"  id=\"row-1700778489\">\n\n\n\t<div id=\"col-1709270830\" class=\"col small-12 large-12\"  >\n\t\t\t\t<div class=\"col-inner\"  >\n\t\t\t\n\t\t\t\n\n<div class=\"container section-title-container\" ><h2 class=\"section-title section-title-normal\"><b aria-hidden=\"true\"><\/b><span class=\"section-title-main\" >CENTER DENTAIRE DE LA TOUR \u00c0 AIGLE, CANTON OF VAUD<\/span><b aria-hidden=\"true\"><\/b><\/h2><\/div>\n\n<\/p>\n<p>We also welcome you at <a href=\"https:\/\/www.centredentairedelatour.ch\" target=\"_blank\" rel=\"noopener noreferrer\">center dentaire De La Tour<\/a> in Aigle, in the canton of Vaud. Appointments are available Monday to Friday, 6.30 a.m. to 8 p.m. and Saturday, 9 a.m. to 12 p.m. The secretary's office is open Monday to Friday, 8 a.m. to 6 p.m. and Saturday, 9 a.m. to 12 p.m.<\/p>\n<ul>\n<li class=\"icon-address\">Route Industrielle 10a<br \/>1860 Aigle<\/li>\n<li class=\"icon-call\">Tel. +4 24 466 55 44<\/li>\n<li class=\"icon-call\">Emergencies outside opening hours: 0848 133 133<\/li>\n<li class=\"icon-mail\">&#105;&#x6e;f&#111;&#x40;c&#101;&#x6e;t&#114;&#x65;d&#101;&#x6e;t&#97;&#x69;r&#101;&#x64;e&#108;&#x61;t&#111;&#x75;r&#46;&#x63;h<\/li>\n<\/ul>\n<p>\n\n\n\t\t<\/div>\n\t\t\t\t\t<\/div>\n\n\t\n\n<\/div>\n\n\t\t<\/div>\n\n\t\t\n<style>\n#section_970935423 {\n  padding-top: 60px;\n  padding-bottom: 60px;\n}\n<\/style>\n\t<\/section>\n\t\n<\/p>","protected":false},"excerpt":{"rendered":"","protected":false},"author":1,"featured_media":0,"parent":0,"menu_order":0,"comment_status":"closed","ping_status":"closed","template":"page-blank.php","meta":{"_acf_changed":false,"footnotes":""},"class_list":["post-29049","page","type-page","status-publish","hentry"],"acf":[],"yoast_head":"<!-- This site is optimized with the Yoast SEO plugin v27.3 - https:\/\/yoast.com\/product\/yoast-seo-wordpress\/ -->\n<title>Pr\u00e9sentation et histoire - HELVIDENT SUISSE<\/title>\n<meta name=\"description\" content=\"HELVIDENT vous accueille dans ses centres dentaires. D\u00e9couvrez notre histoire, nos \u00e9quipes de dentistes et de sp\u00e9cialistes, ainsi que nos cliniques.\" \/>\n<meta name=\"robots\" content=\"index, follow, max-snippet:-1, max-image-preview:large, max-video-preview:-1\" \/>\n<link rel=\"canonical\" href=\"https:\/\/helvident.ch\/en\/presentation\/\" \/>\n<meta property=\"og:locale\" content=\"en_US\" \/>\n<meta property=\"og:type\" content=\"article\" \/>\n<meta property=\"og:title\" content=\"Pr\u00e9sentation et histoire - HELVIDENT SUISSE\" \/>\n<meta property=\"og:description\" content=\"HELVIDENT vous accueille dans ses centres dentaires. D\u00e9couvrez notre histoire, nos \u00e9quipes de dentistes et de sp\u00e9cialistes, ainsi que nos cliniques.\" \/>\n<meta property=\"og:url\" content=\"https:\/\/helvident.ch\/en\/presentation\/\" \/>\n<meta property=\"og:site_name\" content=\"Helvident\" \/>\n<meta property=\"article:publisher\" content=\"https:\/\/www.facebook.com\/Helvident-Centre-Dentaire-Fribourg-SA-408825345872856\/\" \/>\n<meta property=\"article:modified_time\" content=\"2025-02-05T14:50:14+00:00\" \/>\n<meta name=\"twitter:card\" content=\"summary_large_image\" \/>\n<meta name=\"twitter:label1\" content=\"Est. reading time\" \/>\n\t<meta name=\"twitter:data1\" content=\"3 minutes\" \/>\n<script type=\"application\/ld+json\" class=\"yoast-schema-graph\">{\"@context\":\"https:\\\/\\\/schema.org\",\"@graph\":[{\"@type\":\"WebPage\",\"@id\":\"https:\\\/\\\/helvident.ch\\\/presentation\\\/\",\"url\":\"https:\\\/\\\/helvident.ch\\\/presentation\\\/\",\"name\":\"Pr\u00e9sentation et histoire - HELVIDENT SUISSE\",\"isPartOf\":{\"@id\":\"https:\\\/\\\/helvident.ch\\\/#website\"},\"datePublished\":\"2019-06-14T15:32:15+00:00\",\"dateModified\":\"2025-02-05T14:50:14+00:00\",\"description\":\"HELVIDENT vous accueille dans ses centres dentaires. D\u00e9couvrez notre histoire, nos \u00e9quipes de dentistes et de sp\u00e9cialistes, ainsi que nos cliniques.\",\"breadcrumb\":{\"@id\":\"https:\\\/\\\/helvident.ch\\\/presentation\\\/#breadcrumb\"},\"inLanguage\":\"en-US\",\"potentialAction\":[{\"@type\":\"ReadAction\",\"target\":[\"https:\\\/\\\/helvident.ch\\\/presentation\\\/\"]}]},{\"@type\":\"BreadcrumbList\",\"@id\":\"https:\\\/\\\/helvident.ch\\\/presentation\\\/#breadcrumb\",\"itemListElement\":[{\"@type\":\"ListItem\",\"position\":1,\"name\":\"Home\",\"item\":\"https:\\\/\\\/helvident.ch\\\/\"},{\"@type\":\"ListItem\",\"position\":2,\"name\":\"Pr\u00e9sentation\"}]},{\"@type\":\"WebSite\",\"@id\":\"https:\\\/\\\/helvident.ch\\\/#website\",\"url\":\"https:\\\/\\\/helvident.ch\\\/\",\"name\":\"Helvident\",\"description\":\"Cliniques Dentaires Lausanne - Aigle - Friboug\",\"publisher\":{\"@id\":\"https:\\\/\\\/helvident.ch\\\/#organization\"},\"potentialAction\":[{\"@type\":\"SearchAction\",\"target\":{\"@type\":\"EntryPoint\",\"urlTemplate\":\"https:\\\/\\\/helvident.ch\\\/?s={search_term_string}\"},\"query-input\":{\"@type\":\"PropertyValueSpecification\",\"valueRequired\":true,\"valueName\":\"search_term_string\"}}],\"inLanguage\":\"en-US\"},{\"@type\":\"Organization\",\"@id\":\"https:\\\/\\\/helvident.ch\\\/#organization\",\"name\":\"Helvident - Cliniques Dentaires\",\"url\":\"https:\\\/\\\/helvident.ch\\\/\",\"logo\":{\"@type\":\"ImageObject\",\"inLanguage\":\"en-US\",\"@id\":\"https:\\\/\\\/helvident.ch\\\/#\\\/schema\\\/logo\\\/image\\\/\",\"url\":\"https:\\\/\\\/helvident.ch\\\/wp-content\\\/uploads\\\/2019\\\/06\\\/logo@2x.png\",\"contentUrl\":\"https:\\\/\\\/helvident.ch\\\/wp-content\\\/uploads\\\/2019\\\/06\\\/logo@2x.png\",\"width\":502,\"height\":120,\"caption\":\"Helvident - Cliniques Dentaires\"},\"image\":{\"@id\":\"https:\\\/\\\/helvident.ch\\\/#\\\/schema\\\/logo\\\/image\\\/\"},\"sameAs\":[\"https:\\\/\\\/www.facebook.com\\\/Helvident-Centre-Dentaire-Fribourg-SA-408825345872856\\\/\"]}]}<\/script>\n<!-- \/ Yoast SEO plugin. -->","yoast_head_json":{"title":"Presentation and history - HELVIDENT SUISSE","description":"HELVIDENT welcomes you to its dental centers. Find out more about our history, our teams of dentists and specialists, and our clinics.","robots":{"index":"index","follow":"follow","max-snippet":"max-snippet:-1","max-image-preview":"max-image-preview:large","max-video-preview":"max-video-preview:-1"},"canonical":"https:\/\/helvident.ch\/en\/presentation\/","og_locale":"en_US","og_type":"article","og_title":"Pr\u00e9sentation et histoire - HELVIDENT SUISSE","og_description":"HELVIDENT vous accueille dans ses centres dentaires. D\u00e9couvrez notre histoire, nos \u00e9quipes de dentistes et de sp\u00e9cialistes, ainsi que nos cliniques.","og_url":"https:\/\/helvident.ch\/en\/presentation\/","og_site_name":"Helvident","article_publisher":"https:\/\/www.facebook.com\/Helvident-Centre-Dentaire-Fribourg-SA-408825345872856\/","article_modified_time":"2025-02-05T14:50:14+00:00","twitter_card":"summary_large_image","twitter_misc":{"Est. reading time":"3 minutes"},"schema":{"@context":"https:\/\/schema.org","@graph":[{"@type":"WebPage","@id":"https:\/\/helvident.ch\/presentation\/","url":"https:\/\/helvident.ch\/presentation\/","name":"Presentation and history - HELVIDENT SUISSE","isPartOf":{"@id":"https:\/\/helvident.ch\/#website"},"datePublished":"2019-06-14T15:32:15+00:00","dateModified":"2025-02-05T14:50:14+00:00","description":"HELVIDENT welcomes you to its dental centers. Find out more about our history, our teams of dentists and specialists, and our clinics.","breadcrumb":{"@id":"https:\/\/helvident.ch\/presentation\/#breadcrumb"},"inLanguage":"en-US","potentialAction":[{"@type":"ReadAction","target":["https:\/\/helvident.ch\/presentation\/"]}]},{"@type":"BreadcrumbList","@id":"https:\/\/helvident.ch\/presentation\/#breadcrumb","itemListElement":[{"@type":"ListItem","position":1,"name":"Home","item":"https:\/\/helvident.ch\/"},{"@type":"ListItem","position":2,"name":"Pr\u00e9sentation"}]},{"@type":"WebSite","@id":"https:\/\/helvident.ch\/#website","url":"https:\/\/helvident.ch\/","name":"Helvident","description":"Cliniques Dentaires Lausanne - Aigle - Friboug","publisher":{"@id":"https:\/\/helvident.ch\/#organization"},"potentialAction":[{"@type":"SearchAction","target":{"@type":"EntryPoint","urlTemplate":"https:\/\/helvident.ch\/?s={search_term_string}"},"query-input":{"@type":"PropertyValueSpecification","valueRequired":true,"valueName":"search_term_string"}}],"inLanguage":"en-US"},{"@type":"Organization","@id":"https:\/\/helvident.ch\/#organization","name":"Helvident - Dental Clinics","url":"https:\/\/helvident.ch\/","logo":{"@type":"ImageObject","inLanguage":"en-US","@id":"https:\/\/helvident.ch\/#\/schema\/logo\/image\/","url":"https:\/\/helvident.ch\/wp-content\/uploads\/2019\/06\/logo@2x.png","contentUrl":"https:\/\/helvident.ch\/wp-content\/uploads\/2019\/06\/logo@2x.png","width":502,"height":120,"caption":"Helvident - Cliniques Dentaires"},"image":{"@id":"https:\/\/helvident.ch\/#\/schema\/logo\/image\/"},"sameAs":["https:\/\/www.facebook.com\/Helvident-Centre-Dentaire-Fribourg-SA-408825345872856\/"]}]}},"_links":{"self":[{"href":"https:\/\/helvident.ch\/en\/wp-json\/wp\/v2\/pages\/29049","targetHints":{"allow":["GET"]}}],"collection":[{"href":"https:\/\/helvident.ch\/en\/wp-json\/wp\/v2\/pages"}],"about":[{"href":"https:\/\/helvident.ch\/en\/wp-json\/wp\/v2\/types\/page"}],"author":[{"embeddable":true,"href":"https:\/\/helvident.ch\/en\/wp-json\/wp\/v2\/users\/1"}],"replies":[{"embeddable":true,"href":"https:\/\/helvident.ch\/en\/wp-json\/wp\/v2\/comments?post=29049"}],"version-history":[{"count":2,"href":"https:\/\/helvident.ch\/en\/wp-json\/wp\/v2\/pages\/29049\/revisions"}],"predecessor-version":[{"id":30842,"href":"https:\/\/helvident.ch\/en\/wp-json\/wp\/v2\/pages\/29049\/revisions\/30842"}],"wp:attachment":[{"href":"https:\/\/helvident.ch\/en\/wp-json\/wp\/v2\/media?parent=29049"}],"curies":[{"name":"wp","href":"https:\/\/api.w.org\/{rel}","templated":true}]}}