{"id":30035,"date":"2021-01-16T16:10:19","date_gmt":"2021-01-16T15:10:19","guid":{"rendered":"https:\/\/helvident.ch\/?page_id=30035"},"modified":"2021-07-27T14:05:20","modified_gmt":"2021-07-27T12:05:20","slug":"zahnarztpraxis-in-lausanne","status":"publish","type":"page","link":"https:\/\/helvident.ch\/de\/zahnarztpraxis-in-lausanne\/","title":{"rendered":"Zahnarztpraxis Lausanne"},"content":{"rendered":"<p>Bei Helvident begr\u00fc\u00dfen wir Sie und Ihre Angeh\u00f6rigen in einer qualitativ hochwertigen Zahnklinik, in der qualifizierte Fachkr\u00e4fte in einer angenehmen Umgebung arbeiten. Neben einer Vielzahl von allgemeinen, pr\u00e4ventiven, reparierenden und kosmetischen Zahnbehandlungen bieten wir in St-Sulpice, vor den Toren von Lausanne, auch Behandlungen auf dem neuesten Stand der Technik an, wie z.B. 3D-R\u00f6ntgen, und dies dank qualifizierter Zahn\u00e4rzte und Dentalhygienikerinnen.<\/p>\n\n\n\n<p class=\"has-text-align-left\">\u00dcbrigens setzen wir bei allem, was wir tun, die neuesten Schulungen und Technologien ein. Unsere Helvident-Zahnklinik, 5 Minuten von Lausanne entfernt, garantiert Ihnen die beste Erfahrung und die bestm\u00f6glichen Ergebnisse. Rufen Sie noch heute an oder kommen Sie vorbei - wir freuen uns darauf, Sie zu treffen und mit Ihnen \u00fcber Ihre Zahnpflege zu sprechen!<img decoding=\"async\" src=\"\"><\/p>\n\n\n\n<div class=\"wp-block-image\"><figure class=\"aligncenter size-large is-resized\"><img loading=\"lazy\" decoding=\"async\" src=\"https:\/\/helvident.ch\/wp-content\/uploads\/2021\/01\/cabinet_dentaire_lausanne-7-1024x870.jpg\" alt=\"zahnarzt in lausanne\" class=\"wp-image-30041\" width=\"320\" height=\"272\" srcset=\"https:\/\/helvident.ch\/wp-content\/uploads\/2021\/01\/cabinet_dentaire_lausanne-7-1024x870.jpg 1024w, https:\/\/helvident.ch\/wp-content\/uploads\/2021\/01\/cabinet_dentaire_lausanne-7-300x255.jpg 300w, https:\/\/helvident.ch\/wp-content\/uploads\/2021\/01\/cabinet_dentaire_lausanne-7-768x652.jpg 768w, https:\/\/helvident.ch\/wp-content\/uploads\/2021\/01\/cabinet_dentaire_lausanne-7-1536x1304.jpg 1536w, https:\/\/helvident.ch\/wp-content\/uploads\/2021\/01\/cabinet_dentaire_lausanne-7-scaled.jpg 2048w\" sizes=\"auto, (max-width: 320px) 100vw, 320px\" \/><\/figure><\/div>\n\n\n\n<h2 class=\"wp-block-heading\">Warum sollte ich in die Zahnarztpraxis Helvident gehen?<\/h2>\n\n\n\n<p>Unsere Hauptpraxis und unsere Partner haben jeweils jahrzehntelange Erfahrung als Zahn\u00e4rzte. Wir haben auch einen Zahntechniker, der vor Ort zahnmedizinische Produkte herstellt und so Ihre Wartezeit verk\u00fcrzt.<\/p>\n\n\n\n<p>Eine Vielzahl von Behandlungen unter einem Dach, die es unseren Zahn\u00e4rzten erleichtert, sich \u00fcber Ihre Situation auszutauschen und Ihnen so eine Kontinuit\u00e4t der zahnmedizinischen Behandlung zu garantieren.<\/p>\n\n\n\n<p>Unser ger\u00e4umiger und moderner Empfangsbereich bietet eine angenehme Umgebung, in der Sie auf Ihren Zahnbehandlungstermin bei Ihrem Zahnarzt warten k\u00f6nnen.<\/p>\n\n\n\n<p>Termine, die Ihnen passen - wir arbeiten von Montag bis Freitag, daher ist die Behandlung in unserer Zahnarztpraxis Lausanne nach Ihrem Wunsch m\u00f6glich.<\/p>\n\n\n\n<h3 class=\"wp-block-heading\">H<strong>\u00d6ffnungszeiten der Zahnarztpraxis :<\/strong><\/h3>\n\n\n\n<p><strong>Montag bis Freitag <\/strong>mit flexiblen Terminzeiten (zwischen 12 und 13 Uhr) stehen zur Verf\u00fcgung, um Ihren Bed\u00fcrfnissen gerecht zu werden.<\/p>\n\n\n\n<div class=\"wp-block-image\"><figure class=\"aligncenter size-large is-resized\"><img loading=\"lazy\" decoding=\"async\" src=\"https:\/\/helvident.ch\/wp-content\/uploads\/2021\/01\/cabinet_dentaire_lausanne-8-1024x575.jpg\" alt=\"\u00d6ffnungszeiten Zahnarzt in Lausanne\" class=\"wp-image-30042\" width=\"418\" height=\"234\" srcset=\"https:\/\/helvident.ch\/wp-content\/uploads\/2021\/01\/cabinet_dentaire_lausanne-8-1024x575.jpg 1024w, https:\/\/helvident.ch\/wp-content\/uploads\/2021\/01\/cabinet_dentaire_lausanne-8-300x168.jpg 300w, https:\/\/helvident.ch\/wp-content\/uploads\/2021\/01\/cabinet_dentaire_lausanne-8-768x431.jpg 768w, https:\/\/helvident.ch\/wp-content\/uploads\/2021\/01\/cabinet_dentaire_lausanne-8-1536x863.jpg 1536w, https:\/\/helvident.ch\/wp-content\/uploads\/2021\/01\/cabinet_dentaire_lausanne-8-scaled.jpg 2048w\" sizes=\"auto, (max-width: 418px) 100vw, 418px\" \/><\/figure><\/div>\n\n\n\n<h2 class=\"wp-block-heading\"><strong>Wie sieht die Behandlungsstrategie der Zahnklinik aus?<\/strong><\/h2>\n\n\n\n<p>Unser hochqualifiziertes, kompetentes und freundliches Team k\u00fcmmert sich um alle Patienten mit Sorgfalt, W\u00fcrde und Komfort. Jeder im Team, vom Empfangspersonal bis zum Gr\u00fcnder der Praxis, hat die gleiche f\u00fcrsorgliche Einstellung. Wir sind einfach und transparent und erl\u00e4utern beim 1. Treffen alle Aspekte der Behandlung, einschlie\u00dflich des Preises, damit Sie eine fundierte Entscheidung dar\u00fcber treffen k\u00f6nnen, ob Sie weitermachen m\u00f6chten.<\/p>\n\n\n\n<h2 class=\"wp-block-heading\">Welche Produkte und Ger\u00e4te werden von unseren Zahn\u00e4rzten in St-Sulpice bei Lausanne verwendet?<\/h2>\n\n\n\n<ol class=\"wp-block-list\"><li>Hochwertige Zahnimplantate aus Titan, die eine sichere Kaubasis beinhalten, die den nat\u00fcrlichen Z\u00e4hnen gleichkommt<\/li><li>Unsere Zahnaufhellungsmethode garantiert den wei\u00dfesten Farbton, der auf Lausanne in der Schweiz erh\u00e4ltlich ist.<\/li><li>Transparente, umkehrbare Aligner garantieren ein sch\u00f6nes L\u00e4cheln, das Sie ohne Schmerzen erreichen werden.<\/li><li>Kronen, Br\u00fccken, Veneers, F\u00fcllungen und Prothesen aus Porzellan und Keramik, die Ihren nat\u00fcrlichen Z\u00e4hnen entsprechen<\/li><\/ol>\n\n\n\n<div class=\"wp-block-image\"><figure class=\"aligncenter size-large is-resized\"><img loading=\"lazy\" decoding=\"async\" src=\"https:\/\/helvident.ch\/wp-content\/uploads\/2021\/01\/cabinet_dentaire_lausanne-10-1024x821.jpg\" alt=\"Ausstattung einer Zahnarztpraxis\" class=\"wp-image-30044\" width=\"359\" height=\"288\" srcset=\"https:\/\/helvident.ch\/wp-content\/uploads\/2021\/01\/cabinet_dentaire_lausanne-10-1024x821.jpg 1024w, https:\/\/helvident.ch\/wp-content\/uploads\/2021\/01\/cabinet_dentaire_lausanne-10-300x241.jpg 300w, https:\/\/helvident.ch\/wp-content\/uploads\/2021\/01\/cabinet_dentaire_lausanne-10-768x616.jpg 768w, https:\/\/helvident.ch\/wp-content\/uploads\/2021\/01\/cabinet_dentaire_lausanne-10-1536x1232.jpg 1536w, https:\/\/helvident.ch\/wp-content\/uploads\/2021\/01\/cabinet_dentaire_lausanne-10-scaled.jpg 2048w\" sizes=\"auto, (max-width: 359px) 100vw, 359px\" \/><\/figure><\/div>\n\n\n\n<h2 class=\"wp-block-heading\">Was macht unsere \u00e4sthetische Zahnarztpraxis in Lausanne?<\/h2>\n\n\n\n<p>Dies ist die zahnmedizinische Abteilung, die sich um das Aussehen Ihrer Z\u00e4hne k\u00fcmmert.<\/p>\n\n\n\n<p>Die Zahnpflegebehandlungen, die wir anbieten, umfassen :<\/p>\n\n\n\n<h3 class=\"wp-block-heading\">Bleichen von Z\u00e4hnen<\/h3>\n\n\n\n<p>Bei Helvident in St-Sulpice bei Lausanne streben wir danach, die neue, \u00e4sthetische und vielleicht erschwinglichste Zahnheilkunde anzubieten, die auf die Bed\u00fcrfnisse unserer Patienten zugeschnitten ist. Unser erfahrenes und hochqualifiziertes Team aus Zahn\u00e4rzten widmet sich der Bereitstellung von Kundenbetreuung auf h\u00f6chstem Niveau in unserem ersten Stock, einer wirklich angenehmen Umgebung in der Region Lausann.<\/p>\n\n\n\n<p>Wir sind stolz darauf, f\u00fcr jedes Zahnproblem eine L\u00f6sung zu finden oder unseren Patienten sogar ein neues L\u00e4cheln zu entwickeln. Unser Empfangspersonal wird Sie begr\u00fc\u00dfen und daf\u00fcr sorgen, dass Sie sich in unserer Behandlung wohl und sicher f\u00fchlen.<\/p>\n\n\n\n<div class=\"wp-block-image\"><figure class=\"aligncenter size-large is-resized\"><img loading=\"lazy\" decoding=\"async\" src=\"https:\/\/helvident.ch\/wp-content\/uploads\/2021\/01\/cabinet_dentaire_lausanne-4-683x1024.jpg\" alt=\"Zahnaufhellung bei Zahnarzt\" class=\"wp-image-30038\" width=\"320\" height=\"479\" srcset=\"https:\/\/helvident.ch\/wp-content\/uploads\/2021\/01\/cabinet_dentaire_lausanne-4-683x1024.jpg 683w, https:\/\/helvident.ch\/wp-content\/uploads\/2021\/01\/cabinet_dentaire_lausanne-4-200x300.jpg 200w, https:\/\/helvident.ch\/wp-content\/uploads\/2021\/01\/cabinet_dentaire_lausanne-4-768x1152.jpg 768w, https:\/\/helvident.ch\/wp-content\/uploads\/2021\/01\/cabinet_dentaire_lausanne-4-1024x1536.jpg 1024w, https:\/\/helvident.ch\/wp-content\/uploads\/2021\/01\/cabinet_dentaire_lausanne-4-scaled.jpg 1365w\" sizes=\"auto, (max-width: 320px) 100vw, 320px\" \/><\/figure><\/div>\n\n\n\n<p>Das Bleichen der Z\u00e4hne durch unsere&nbsp;<strong>Dentalhygienikerinnen <\/strong>ist die einfachste und kosteng\u00fcnstigste Methode, um Ihr L\u00e4cheln aufzuhellen, Verf\u00e4rbungen zu entfernen und Ihre Z\u00e4hne zu bleichen, sodass sie wei\u00dfer aussehen. Unser Sauerstoffprozess verringert au\u00dferdem den Zahnbelag und beseitigt Zahnfleischbluten und das Risiko von Zahnfleischerkrankungen.<\/p>\n\n\n\n<p>Unsere Zahnarztpraxis in Lausanne, Helvident bietet einen umfassenden zahnmedizinischen Service, der von der vorbeugenden Behandlung und Zahnhygiene bis hin zur wiederherstellenden und \u00e4sthetischen Chirurgie reicht. Alle Einrichtungen sind in unserer Zahnarztpraxis in der N\u00e4he von Lausanne vorhanden, und unsere Dentalhygienikerin wird Ihnen eine geeignete Behandlung vorschlagen.<\/p>\n\n\n\n<h3 class=\"wp-block-heading\">Zahnimplantate durch einen Zahnarzt<\/h3>\n\n\n\n<p>Fehlende Z\u00e4hne k\u00f6nnen dazu f\u00fchren, dass Sie sich weniger selbstbewusst f\u00fchlen, wenn Sie l\u00e4cheln, aber sie k\u00f6nnen auch die umliegenden Z\u00e4hne schw\u00e4chen und die Knochenstruktur sch\u00e4digen. In unserer Zahnarztpraxis in Lausanne k\u00fcmmert sich unser spezialisierter Zahnarzt um Ihre Implantate. So k\u00f6nnen Sie Ihr L\u00e4cheln zur\u00fcckgewinnen und haben den Mut, alles zu essen, was Sie wollen - Sie m\u00fcssen Steaks, \u00c4pfeln oder einem St\u00fcck Brot nicht mehr widerstehen.<\/p>\n\n\n\n<div class=\"wp-block-image\"><figure class=\"aligncenter size-large is-resized\"><img loading=\"lazy\" decoding=\"async\" src=\"https:\/\/helvident.ch\/wp-content\/uploads\/2021\/01\/cabinet_dentaire_lausanne-3-1024x683.jpg\" alt=\"zahnimplantat in lausanne\" class=\"wp-image-30037\" width=\"316\" height=\"210\" srcset=\"https:\/\/helvident.ch\/wp-content\/uploads\/2021\/01\/cabinet_dentaire_lausanne-3-1024x683.jpg 1024w, https:\/\/helvident.ch\/wp-content\/uploads\/2021\/01\/cabinet_dentaire_lausanne-3-300x200.jpg 300w, https:\/\/helvident.ch\/wp-content\/uploads\/2021\/01\/cabinet_dentaire_lausanne-3-768x512.jpg 768w, https:\/\/helvident.ch\/wp-content\/uploads\/2021\/01\/cabinet_dentaire_lausanne-3-1536x1024.jpg 1536w, https:\/\/helvident.ch\/wp-content\/uploads\/2021\/01\/cabinet_dentaire_lausanne-3-scaled.jpg 2048w\" sizes=\"auto, (max-width: 316px) 100vw, 316px\" \/><\/figure><\/div>\n\n\n\n<h3 class=\"wp-block-heading\">Invisalign<\/h3>\n\n\n\n<p>Holen Sie sich ein selbstbewusstes L\u00e4cheln, das mit der richtigen Pflege noch heute einen Unterschied machen kann. Dieses sehr erfolgreiche Behandlungsverfahren verwendet eine <a href=\"https:\/\/helvident.ch\/de\/dienste\/kieferorthopadie-mit-unsichtbaren-alignern\/\">ma\u00dfgeschneiderte Aligner-Serie<\/a> um die Z\u00e4hne schrittweise zu bewegen. Dies ist nun eine Wahl f\u00fcr Patienten, die sich unwohl f\u00fchlen, sichtbare feste Zahnspangen zu tragen, und auch als Behandlung in Lausanne erh\u00e4ltlich.<\/p>\n\n\n\n<h3 class=\"wp-block-heading\">Zahnbehandlungen in der N\u00e4he von Lausanne<\/h3>\n\n\n\n<p class=\"has-text-align-left\">Die allgemeine Zahnpflege umfasst die Diagnose, Vorbeugung und Behandlung einer Vielzahl von Krankheiten und Beschwerden, die sich auf die Z\u00e4hne, das Zahnfleisch und den Kiefer auswirken k\u00f6nnen. Sie umfasst automatisierte R\u00f6ntgenaufnahmen, Routinekontrollen und das t\u00e4gliche Z\u00e4hneputzen und -polieren. Auf dem Bildschirm werden Fotos Ihrer Z\u00e4hne angezeigt, um Ihnen und Ihren Angeh\u00f6rigen konkret zu erkl\u00e4ren, welche Art von Pflege Sie ben\u00f6tigen. Zahn\u00e4rzte k\u00f6nnen auch Mundgesundheits- und Parodontalbehandlungen f\u00fcr Patienten aller Altersgruppen anbieten.<\/p>\n\n\n\n<div class=\"wp-block-image\"><figure class=\"aligncenter size-large is-resized\"><img loading=\"lazy\" decoding=\"async\" src=\"https:\/\/helvident.ch\/wp-content\/uploads\/2021\/01\/cabinet_dentaire_lausanne-2-683x1024.jpg\" alt=\"\" class=\"wp-image-30046\" width=\"246\" height=\"369\" srcset=\"https:\/\/helvident.ch\/wp-content\/uploads\/2021\/01\/cabinet_dentaire_lausanne-2-683x1024.jpg 683w, https:\/\/helvident.ch\/wp-content\/uploads\/2021\/01\/cabinet_dentaire_lausanne-2-200x300.jpg 200w, https:\/\/helvident.ch\/wp-content\/uploads\/2021\/01\/cabinet_dentaire_lausanne-2-768x1152.jpg 768w, https:\/\/helvident.ch\/wp-content\/uploads\/2021\/01\/cabinet_dentaire_lausanne-2-1024x1536.jpg 1024w, https:\/\/helvident.ch\/wp-content\/uploads\/2021\/01\/cabinet_dentaire_lausanne-2-scaled.jpg 1365w\" sizes=\"auto, (max-width: 246px) 100vw, 246px\" \/><\/figure><\/div>\n\n\n\n<p><\/p>","protected":false},"excerpt":{"rendered":"<p>Chez Helvident, nous vous accueillons, vous et vos proches, dans une clinique dentaire de haute qualit\u00e9 ou pratique des professionnels qualifi\u00e9s et cela dans un environnement confortable. En plus d&#8217;une grande vari\u00e9t\u00e9 de traitement dentaires g\u00e9n\u00e9raux, pr\u00e9ventifs, r\u00e9parateurs et cosm\u00e9tiques nous offrons \u00e0 St-Sulpice, aux portes de Lausanne des traitements \u00e0 la pointe de la [&#8230;]\n","protected":false},"author":1,"featured_media":30046,"parent":0,"menu_order":0,"comment_status":"closed","ping_status":"closed","template":"","meta":{"_acf_changed":false,"footnotes":""},"class_list":["post-30035","page","type-page","status-publish","has-post-thumbnail","hentry"],"acf":[],"yoast_head":"<!-- This site is optimized with the Yoast SEO plugin v27.3 - https:\/\/yoast.com\/product\/yoast-seo-wordpress\/ -->\n<title>D\u00e9couvrez Cabinet dentaire Lausanne - Helvident<\/title>\n<meta name=\"description\" content=\"Votre cabinet dentaire \u00e0 Lausanne, pour vous et vos proches, une qualit\u00e9 \u00e9prouv\u00e9e depuis plus de 15 ans et des prix abordables !\" \/>\n<meta name=\"robots\" content=\"index, follow, max-snippet:-1, max-image-preview:large, max-video-preview:-1\" \/>\n<link rel=\"canonical\" href=\"https:\/\/helvident.ch\/de\/zahnarztpraxis-in-lausanne\/\" \/>\n<meta property=\"og:locale\" content=\"de_DE\" \/>\n<meta property=\"og:type\" content=\"article\" \/>\n<meta property=\"og:title\" content=\"D\u00e9couvrez Cabinet dentaire Lausanne - Helvident\" \/>\n<meta property=\"og:description\" content=\"Votre cabinet dentaire \u00e0 Lausanne, pour vous et vos proches, une qualit\u00e9 \u00e9prouv\u00e9e depuis plus de 15 ans et des prix abordables !\" \/>\n<meta property=\"og:url\" content=\"https:\/\/helvident.ch\/de\/zahnarztpraxis-in-lausanne\/\" \/>\n<meta property=\"og:site_name\" content=\"Helvident\" \/>\n<meta property=\"article:publisher\" content=\"https:\/\/www.facebook.com\/Helvident-Centre-Dentaire-Fribourg-SA-408825345872856\/\" \/>\n<meta property=\"article:modified_time\" content=\"2021-07-27T12:05:20+00:00\" \/>\n<meta property=\"og:image\" content=\"https:\/\/helvident.ch\/wp-content\/uploads\/2021\/01\/cabinet_dentaire_lausanne-2-scaled.jpg\" \/>\n\t<meta property=\"og:image:width\" content=\"1365\" \/>\n\t<meta property=\"og:image:height\" content=\"2048\" \/>\n\t<meta property=\"og:image:type\" content=\"image\/jpeg\" \/>\n<meta name=\"twitter:card\" content=\"summary_large_image\" \/>\n<meta name=\"twitter:label1\" content=\"Gesch\u00e4tzte Lesezeit\" \/>\n\t<meta name=\"twitter:data1\" content=\"6\u00a0Minuten\" \/>\n<script type=\"application\/ld+json\" class=\"yoast-schema-graph\">{\"@context\":\"https:\\\/\\\/schema.org\",\"@graph\":[{\"@type\":\"WebPage\",\"@id\":\"https:\\\/\\\/helvident.ch\\\/cabinet-dentaire-a-lausanne\\\/\",\"url\":\"https:\\\/\\\/helvident.ch\\\/cabinet-dentaire-a-lausanne\\\/\",\"name\":\"D\u00e9couvrez Cabinet dentaire Lausanne - Helvident\",\"isPartOf\":{\"@id\":\"https:\\\/\\\/helvident.ch\\\/#website\"},\"primaryImageOfPage\":{\"@id\":\"https:\\\/\\\/helvident.ch\\\/cabinet-dentaire-a-lausanne\\\/#primaryimage\"},\"image\":{\"@id\":\"https:\\\/\\\/helvident.ch\\\/cabinet-dentaire-a-lausanne\\\/#primaryimage\"},\"thumbnailUrl\":\"https:\\\/\\\/helvident.ch\\\/wp-content\\\/uploads\\\/2021\\\/01\\\/cabinet_dentaire_lausanne-2-scaled.jpg\",\"datePublished\":\"2021-01-16T15:10:19+00:00\",\"dateModified\":\"2021-07-27T12:05:20+00:00\",\"description\":\"Votre cabinet dentaire \u00e0 Lausanne, pour vous et vos proches, une qualit\u00e9 \u00e9prouv\u00e9e depuis plus de 15 ans et des prix abordables !\",\"breadcrumb\":{\"@id\":\"https:\\\/\\\/helvident.ch\\\/cabinet-dentaire-a-lausanne\\\/#breadcrumb\"},\"inLanguage\":\"de\",\"potentialAction\":[{\"@type\":\"ReadAction\",\"target\":[\"https:\\\/\\\/helvident.ch\\\/cabinet-dentaire-a-lausanne\\\/\"]}]},{\"@type\":\"ImageObject\",\"inLanguage\":\"de\",\"@id\":\"https:\\\/\\\/helvident.ch\\\/cabinet-dentaire-a-lausanne\\\/#primaryimage\",\"url\":\"https:\\\/\\\/helvident.ch\\\/wp-content\\\/uploads\\\/2021\\\/01\\\/cabinet_dentaire_lausanne-2-scaled.jpg\",\"contentUrl\":\"https:\\\/\\\/helvident.ch\\\/wp-content\\\/uploads\\\/2021\\\/01\\\/cabinet_dentaire_lausanne-2-scaled.jpg\",\"width\":1365,\"height\":2048},{\"@type\":\"BreadcrumbList\",\"@id\":\"https:\\\/\\\/helvident.ch\\\/cabinet-dentaire-a-lausanne\\\/#breadcrumb\",\"itemListElement\":[{\"@type\":\"ListItem\",\"position\":1,\"name\":\"Home\",\"item\":\"https:\\\/\\\/helvident.ch\\\/\"},{\"@type\":\"ListItem\",\"position\":2,\"name\":\"Cabinet dentaire Lausanne\"}]},{\"@type\":\"WebSite\",\"@id\":\"https:\\\/\\\/helvident.ch\\\/#website\",\"url\":\"https:\\\/\\\/helvident.ch\\\/\",\"name\":\"Helvident\",\"description\":\"Cliniques Dentaires Lausanne - Aigle - Friboug\",\"publisher\":{\"@id\":\"https:\\\/\\\/helvident.ch\\\/#organization\"},\"potentialAction\":[{\"@type\":\"SearchAction\",\"target\":{\"@type\":\"EntryPoint\",\"urlTemplate\":\"https:\\\/\\\/helvident.ch\\\/?s={search_term_string}\"},\"query-input\":{\"@type\":\"PropertyValueSpecification\",\"valueRequired\":true,\"valueName\":\"search_term_string\"}}],\"inLanguage\":\"de\"},{\"@type\":\"Organization\",\"@id\":\"https:\\\/\\\/helvident.ch\\\/#organization\",\"name\":\"Helvident - Cliniques Dentaires\",\"url\":\"https:\\\/\\\/helvident.ch\\\/\",\"logo\":{\"@type\":\"ImageObject\",\"inLanguage\":\"de\",\"@id\":\"https:\\\/\\\/helvident.ch\\\/#\\\/schema\\\/logo\\\/image\\\/\",\"url\":\"https:\\\/\\\/helvident.ch\\\/wp-content\\\/uploads\\\/2019\\\/06\\\/logo@2x.png\",\"contentUrl\":\"https:\\\/\\\/helvident.ch\\\/wp-content\\\/uploads\\\/2019\\\/06\\\/logo@2x.png\",\"width\":502,\"height\":120,\"caption\":\"Helvident - Cliniques Dentaires\"},\"image\":{\"@id\":\"https:\\\/\\\/helvident.ch\\\/#\\\/schema\\\/logo\\\/image\\\/\"},\"sameAs\":[\"https:\\\/\\\/www.facebook.com\\\/Helvident-Centre-Dentaire-Fribourg-SA-408825345872856\\\/\"]}]}<\/script>\n<!-- \/ Yoast SEO plugin. -->","yoast_head_json":{"title":"Entdecken Sie Cabinet dentaire Lausanne - Helvident","description":"Ihre Zahnarztpraxis in Lausanne, f\u00fcr Sie und Ihre Lieben, seit \u00fcber 15 Jahren bew\u00e4hrte Qualit\u00e4t und erschwingliche Preise!","robots":{"index":"index","follow":"follow","max-snippet":"max-snippet:-1","max-image-preview":"max-image-preview:large","max-video-preview":"max-video-preview:-1"},"canonical":"https:\/\/helvident.ch\/de\/zahnarztpraxis-in-lausanne\/","og_locale":"de_DE","og_type":"article","og_title":"D\u00e9couvrez Cabinet dentaire Lausanne - Helvident","og_description":"Votre cabinet dentaire \u00e0 Lausanne, pour vous et vos proches, une qualit\u00e9 \u00e9prouv\u00e9e depuis plus de 15 ans et des prix abordables !","og_url":"https:\/\/helvident.ch\/de\/zahnarztpraxis-in-lausanne\/","og_site_name":"Helvident","article_publisher":"https:\/\/www.facebook.com\/Helvident-Centre-Dentaire-Fribourg-SA-408825345872856\/","article_modified_time":"2021-07-27T12:05:20+00:00","og_image":[{"width":1365,"height":2048,"url":"https:\/\/helvident.ch\/wp-content\/uploads\/2021\/01\/cabinet_dentaire_lausanne-2-scaled.jpg","type":"image\/jpeg"}],"twitter_card":"summary_large_image","twitter_misc":{"Gesch\u00e4tzte Lesezeit":"6\u00a0Minuten"},"schema":{"@context":"https:\/\/schema.org","@graph":[{"@type":"WebPage","@id":"https:\/\/helvident.ch\/cabinet-dentaire-a-lausanne\/","url":"https:\/\/helvident.ch\/cabinet-dentaire-a-lausanne\/","name":"Entdecken Sie Cabinet dentaire Lausanne - Helvident","isPartOf":{"@id":"https:\/\/helvident.ch\/#website"},"primaryImageOfPage":{"@id":"https:\/\/helvident.ch\/cabinet-dentaire-a-lausanne\/#primaryimage"},"image":{"@id":"https:\/\/helvident.ch\/cabinet-dentaire-a-lausanne\/#primaryimage"},"thumbnailUrl":"https:\/\/helvident.ch\/wp-content\/uploads\/2021\/01\/cabinet_dentaire_lausanne-2-scaled.jpg","datePublished":"2021-01-16T15:10:19+00:00","dateModified":"2021-07-27T12:05:20+00:00","description":"Ihre Zahnarztpraxis in Lausanne, f\u00fcr Sie und Ihre Lieben, seit \u00fcber 15 Jahren bew\u00e4hrte Qualit\u00e4t und erschwingliche Preise!","breadcrumb":{"@id":"https:\/\/helvident.ch\/cabinet-dentaire-a-lausanne\/#breadcrumb"},"inLanguage":"de","potentialAction":[{"@type":"ReadAction","target":["https:\/\/helvident.ch\/cabinet-dentaire-a-lausanne\/"]}]},{"@type":"ImageObject","inLanguage":"de","@id":"https:\/\/helvident.ch\/cabinet-dentaire-a-lausanne\/#primaryimage","url":"https:\/\/helvident.ch\/wp-content\/uploads\/2021\/01\/cabinet_dentaire_lausanne-2-scaled.jpg","contentUrl":"https:\/\/helvident.ch\/wp-content\/uploads\/2021\/01\/cabinet_dentaire_lausanne-2-scaled.jpg","width":1365,"height":2048},{"@type":"BreadcrumbList","@id":"https:\/\/helvident.ch\/cabinet-dentaire-a-lausanne\/#breadcrumb","itemListElement":[{"@type":"ListItem","position":1,"name":"Home","item":"https:\/\/helvident.ch\/"},{"@type":"ListItem","position":2,"name":"Cabinet dentaire Lausanne"}]},{"@type":"WebSite","@id":"https:\/\/helvident.ch\/#website","url":"https:\/\/helvident.ch\/","name":"Helvident","description":"Zahnkliniken Lausanne - Aigle - Friboug","publisher":{"@id":"https:\/\/helvident.ch\/#organization"},"potentialAction":[{"@type":"SearchAction","target":{"@type":"EntryPoint","urlTemplate":"https:\/\/helvident.ch\/?s={search_term_string}"},"query-input":{"@type":"PropertyValueSpecification","valueRequired":true,"valueName":"search_term_string"}}],"inLanguage":"de"},{"@type":"Organization","@id":"https:\/\/helvident.ch\/#organization","name":"Helvident - Zahnmedizinische Kliniken","url":"https:\/\/helvident.ch\/","logo":{"@type":"ImageObject","inLanguage":"de","@id":"https:\/\/helvident.ch\/#\/schema\/logo\/image\/","url":"https:\/\/helvident.ch\/wp-content\/uploads\/2019\/06\/logo@2x.png","contentUrl":"https:\/\/helvident.ch\/wp-content\/uploads\/2019\/06\/logo@2x.png","width":502,"height":120,"caption":"Helvident - Cliniques Dentaires"},"image":{"@id":"https:\/\/helvident.ch\/#\/schema\/logo\/image\/"},"sameAs":["https:\/\/www.facebook.com\/Helvident-Centre-Dentaire-Fribourg-SA-408825345872856\/"]}]}},"_links":{"self":[{"href":"https:\/\/helvident.ch\/de\/wp-json\/wp\/v2\/pages\/30035","targetHints":{"allow":["GET"]}}],"collection":[{"href":"https:\/\/helvident.ch\/de\/wp-json\/wp\/v2\/pages"}],"about":[{"href":"https:\/\/helvident.ch\/de\/wp-json\/wp\/v2\/types\/page"}],"author":[{"embeddable":true,"href":"https:\/\/helvident.ch\/de\/wp-json\/wp\/v2\/users\/1"}],"replies":[{"embeddable":true,"href":"https:\/\/helvident.ch\/de\/wp-json\/wp\/v2\/comments?post=30035"}],"version-history":[{"count":5,"href":"https:\/\/helvident.ch\/de\/wp-json\/wp\/v2\/pages\/30035\/revisions"}],"predecessor-version":[{"id":30245,"href":"https:\/\/helvident.ch\/de\/wp-json\/wp\/v2\/pages\/30035\/revisions\/30245"}],"wp:featuredmedia":[{"embeddable":true,"href":"https:\/\/helvident.ch\/de\/wp-json\/wp\/v2\/media\/30046"}],"wp:attachment":[{"href":"https:\/\/helvident.ch\/de\/wp-json\/wp\/v2\/media?parent=30035"}],"curies":[{"name":"wp","href":"https:\/\/api.w.org\/{rel}","templated":true}]}}