{"id":29884,"date":"2020-10-14T08:16:08","date_gmt":"2020-10-14T06:16:08","guid":{"rendered":"https:\/\/helvident.ch\/?page_id=29884"},"modified":"2021-01-16T16:07:11","modified_gmt":"2021-01-16T15:07:11","slug":"kieferorthopadie-mit-unsichtbaren-alignern","status":"publish","type":"page","link":"https:\/\/helvident.ch\/de\/dienste\/kieferorthopadie-mit-unsichtbaren-alignern\/","title":{"rendered":"Orthodontie mit unsichtbaren Alignern"},"content":{"rendered":"<section class=\"section need-toping\" id=\"section_1446684417\">\n\t\t<div class=\"section-bg fill\" >\n\t\t\t\t\t\t\t\t\t\n\t\t\t\n\n\t\t<\/div>\n\n\t\t\n\n\t\t<div class=\"section-content relative\">\n\t\t\t\n\n\n  <div class=\"banner has-hover\" id=\"banner-293505088\">\n          <div class=\"banner-inner fill\">\n        <div class=\"banner-bg fill\" >\n            <img loading=\"lazy\" decoding=\"async\" width=\"1920\" height=\"350\" src=\"https:\/\/helvident.ch\/wp-content\/uploads\/2019\/06\/orthodontie-1.jpg\" class=\"bg attachment-original size-original\" alt=\"\" \/>                                    \n                    <\/div>\n\t\t\n        <div class=\"banner-layers container\">\n            <div class=\"fill banner-link\"><\/div>            \n\n   <div id=\"text-box-467826472\" class=\"text-box banner-layer x0 md-x50 lg-x50 y100 md-y50 lg-y50 res-text\">\n                                <div class=\"text-box-content text dark\">\n              \n              <div class=\"text-inner text-left\">\n                  \n\n<h1><span style=\"font-size: 75%;\">Orthodontie mit unsichtbaren Alignern<\/span><\/h1>\n\n              <\/div>\n           <\/div>\n                            \n<style>\n#text-box-467826472 {\n  width: 98%;\n}\n#text-box-467826472 .text-box-content {\n  font-size: 100%;\n}\n<\/style>\n    <\/div>\n \n\n        <\/div>\n      <\/div>\n\n            \n<style>\n#banner-293505088 {\n  padding-top: 300px;\n}\n#banner-293505088 .banner-bg img {\n  object-position: 61% 97%;\n}\n<\/style>\n  <\/div>\n\n\n\n\t\t<\/div>\n\n\t\t\n<style>\n#section_1446684417 {\n  padding-top: 0px;\n  padding-bottom: 0px;\n}\n<\/style>\n\t<\/section>\n\t\n\n\t<section class=\"section\" id=\"section_424925933\">\n\t\t<div class=\"section-bg fill\" >\n\t\t\t\t\t\t\t\t\t\n\t\t\t\n\n\t\t<\/div>\n\n\t\t\n\n\t\t<div class=\"section-content relative\">\n\t\t\t\n\n<div class=\"row\"  id=\"row-50554395\">\n\n\n\t<div id=\"col-207385326\" class=\"col small-12 large-12\"  >\n\t\t\t\t<div class=\"col-inner text-left\"  >\n\t\t\t\n\t\t\t\n\n<p style=\"text-align:justify\">W\u00e4hrend einige Menschen ein sch\u00f6nes, nat\u00fcrliches L\u00e4cheln haben, mussten andere um die perfekte Ausrichtung ihrer Z\u00e4hne k\u00e4mpfen. Der Weg \u00fcber die Metallzahnspange war damals n\u00e4mlich nicht f\u00fcr jeden leicht. Gl\u00fccklicherweise gibt es heute viele Entwicklungen in der Zahnheilkunde und insbesondere in der Kieferorthop\u00e4die. Verabschieden Sie sich von unsch\u00f6nen L\u00e4cheln mit den neuen unsichtbaren Alignern!<\/p>\n\n\t\t<\/div>\n\t\t\t\t\n<style>\n#col-207385326 > .col-inner {\n  padding: 30px 0px 0px 0px;\n}\n<\/style>\n\t<\/div>\n\n\t\n\n<\/div>\n<div class=\"row align-middle\"  id=\"row-1233318642\">\n\n\n\t<div id=\"col-1088515297\" class=\"col medium-12 small-12 large-6\"  >\n\t\t\t\t<div class=\"col-inner\"  >\n\t\t\t\n\t\t\t\n\n<div class=\"container section-title-container\" ><h2 class=\"section-title section-title-normal\"><b aria-hidden=\"true\"><\/b><span class=\"section-title-main\" >KIEFERORTHOP\u00c4DISCHE BEHANDLUNGEN<\/span><b aria-hidden=\"true\"><\/b><\/h2><\/div>\n\n<p style=\"text-align:justify\">Die Kieferorthop\u00e4die geh\u00f6rt zu den vielen zahnmedizinischen Fachgebieten und kann Patienten in jedem Alter verschrieben werden. Sie kann f\u00fcr die Korrektur von Zahn- und Knochenfehlstellungen unerl\u00e4sslich sein. Ein professioneller Kieferorthop\u00e4de wird die Art des Problems und die f\u00fcr den jeweiligen Fall am besten geeignete Zahnspange festlegen. Z\u00f6gern Sie also nicht, einen Fachmann zu kontaktieren! <\/p>\n<p style=\"text-align:justify\">Eine kieferorthop\u00e4dische Behandlung ist in der Regel unerl\u00e4sslich, wenn jemand \u00fcberlappende Z\u00e4hne, einen Fehlbiss, eine Zahnfehlstellung oder einen verschobenen Kiefer hat. Derzeit gibt es eine Reihe von kieferorthop\u00e4dischen Apparaturen zur Auswahl. Je nach Situation k\u00f6nnen sie fest, herausnehmbar, halb herausnehmbar oder ohne Knochenverankerung sein. In einigen F\u00e4llen kann auch eine Mundchirurgie erforderlich sein. <\/p>\n\n\t\t<\/div>\n\t\t\t\t\t<\/div>\n\n\t\n\n\t<div id=\"col-1808848606\" class=\"col medium-6 small-12 large-6\"  >\n\t\t\t\t<div class=\"col-inner\"  >\n\t\t\t\n\t\t\t\n\n<div class=\"video video-fit mb video_helv\" style=\"padding-top:56.25%;\"><div style=\"width: 640px;\" class=\"wp-video\"><video class=\"wp-video-shortcode\" id=\"video-29884-1\" width=\"640\" height=\"360\" preload=\"metadata\" controls=\"controls\"><source type=\"video\/mp4\" src=\"https:\/\/helvident.ch\/wp-content\/uploads\/2020\/10\/HELVIDENT-TRAITEMENT-V2.mp4?_=1\" \/><a href=\"https:\/\/helvident.ch\/wp-content\/uploads\/2020\/10\/HELVIDENT-TRAITEMENT-V2.mp4\">https:\/\/helvident.ch\/wp-content\/uploads\/2020\/10\/HELVIDENT-TRAITEMENT-V2.mp4<\/a><\/video><\/div><\/div>\n\n\n\t\t<\/div>\n\t\t\t\t\t<\/div>\n\n\t\n\n<\/div>\n<div class=\"row\"  id=\"row-1356309553\">\n\n\n\t<div id=\"col-700271599\" class=\"col medium-12 small-12 large-12\"  >\n\t\t\t\t<div class=\"col-inner\"  >\n\t\t\t\n\t\t\t\n\n\t<div id=\"gap-1200763908\" class=\"gap-element clearfix\" style=\"display:block; height:auto;\">\n\t\t\n<style>\n#gap-1200763908 {\n  padding-top: 30px;\n}\n<\/style>\n\t<\/div>\n\t\n\n<div class=\"container section-title-container\" ><h2 class=\"section-title section-title-normal\"><b aria-hidden=\"true\"><\/b><span class=\"section-title-main\" >WAS IST KIEFERORTHOP\u00c4DIE MIT UNSICHTBAREN ALIGNERN?<\/span><b aria-hidden=\"true\"><\/b><\/h2><\/div>\n\n<div class=\"row\"  id=\"row-113018788\">\n\n\n\t<div id=\"col-2143225130\" class=\"col medium-6 small-12 large-6\"  >\n\t\t\t\t<div class=\"col-inner\"  >\n\t\t\t\n\t\t\t\n\n<div class=\"video video-fit mb video_helv\" style=\"padding-top:56.25%;\"><p><div style=\"width: 640px;\" class=\"wp-video\"><video class=\"wp-video-shortcode\" id=\"video-29884-2\" width=\"640\" height=\"360\" preload=\"metadata\" controls=\"controls\"><source type=\"video\/mp4\" src=\"https:\/\/helvident.ch\/wp-content\/uploads\/2020\/10\/HELVIDENT-AVANTAGES-V2-sans-decalage.mp4?_=2\" \/><a href=\"https:\/\/helvident.ch\/wp-content\/uploads\/2020\/10\/HELVIDENT-AVANTAGES-V2-sans-decalage.mp4\">https:\/\/helvident.ch\/wp-content\/uploads\/2020\/10\/HELVIDENT-AVANTAGES-V2-sans-decalage.mp4<\/a><\/video><\/div><\/p>\n<\/div>\n\n\n\t\t<\/div>\n\t\t\t\t\t<\/div>\n\n\t\n\n\t<div id=\"col-1564268819\" class=\"col medium-6 small-12 large-6\"  >\n\t\t\t\t<div class=\"col-inner\"  >\n\t\t\t\n\t\t\t\n\n<p style=\"text-align:justify\">Die Kieferorthop\u00e4die mit unsichtbaren Alignern ist eine von vielen L\u00f6sungen, die f\u00fcr eine kieferorthop\u00e4dische Behandlung angeboten werden. Sie werden empfohlen, um Zahnfehlstellungen zu korrigieren, Platzmangel im Kiefer zu beheben, einen zu gro\u00dfen Abstand zwischen den einzelnen Z\u00e4hnen zu korrigieren oder auch eine Verschiebung zwischen den oberen und unteren Z\u00e4hnen zu korrigieren.<\/p>\n<p style=\"text-align:justify\">Die Funktionsweise der unsichtbaren Aligner ist recht einfach. Der Patient erh\u00e4lt eine transparente, unauff\u00e4llige, aber auch bequeme Schiene. Diese wird ganz genau auf seinen Zahnabdruck abgestimmt. Es handelt sich um eine herausnehmbare kieferorthop\u00e4dische Apparatur, die alle zwei Wochen gewechselt und jeden Tag mindestens 20 Stunden lang getragen werden muss. In der Regel dauert eine Behandlung mit unsichtbaren Alignern je nach Patient zwischen 6 und 18 Monaten. <\/p>\n\n\t\t<\/div>\n\t\t\t\t\t<\/div>\n\n\t\n\n<\/div>\n\n\t\t<\/div>\n\t\t\t\t\t<\/div>\n\n\t\n\n<\/div>\n\n\t\t<\/div>\n\n\t\t\n<style>\n#section_424925933 {\n  padding-top: 0px;\n  padding-bottom: 0px;\n}\n<\/style>\n\t<\/section>","protected":false},"excerpt":{"rendered":"","protected":false},"author":4,"featured_media":0,"parent":29057,"menu_order":0,"comment_status":"closed","ping_status":"closed","template":"page-blank.php","meta":{"_acf_changed":false,"footnotes":""},"class_list":["post-29884","page","type-page","status-publish","hentry"],"acf":[],"yoast_head":"<!-- This site is optimized with the Yoast SEO plugin v27.3 - https:\/\/yoast.com\/product\/yoast-seo-wordpress\/ -->\n<title>L\u2019orthodontie, sp\u00e9cialit\u00e9 dentaire - HELVIDENT SUISSE<\/title>\n<meta name=\"description\" content=\"L\u2019orthodontie est une sp\u00e9cialit\u00e9 de la m\u00e9decine dentaire. D\u00e9couvrez les services de nos cliniques dentaires \u00e0 Lausanne, Aigle, et Fribourg\" \/>\n<meta name=\"robots\" content=\"index, follow, max-snippet:-1, max-image-preview:large, max-video-preview:-1\" \/>\n<link rel=\"canonical\" href=\"https:\/\/helvident.ch\/de\/dienste\/kieferorthopadie-mit-unsichtbaren-alignern\/\" \/>\n<meta property=\"og:locale\" content=\"de_DE\" \/>\n<meta property=\"og:type\" content=\"article\" \/>\n<meta property=\"og:title\" content=\"L\u2019orthodontie, sp\u00e9cialit\u00e9 dentaire - HELVIDENT SUISSE\" \/>\n<meta property=\"og:description\" content=\"L\u2019orthodontie est une sp\u00e9cialit\u00e9 de la m\u00e9decine dentaire. D\u00e9couvrez les services de nos cliniques dentaires \u00e0 Lausanne, Aigle, et Fribourg\" \/>\n<meta property=\"og:url\" content=\"https:\/\/helvident.ch\/de\/dienste\/kieferorthopadie-mit-unsichtbaren-alignern\/\" \/>\n<meta property=\"og:site_name\" content=\"Helvident\" \/>\n<meta property=\"article:publisher\" content=\"https:\/\/www.facebook.com\/Helvident-Centre-Dentaire-Fribourg-SA-408825345872856\/\" \/>\n<meta property=\"article:modified_time\" content=\"2021-01-16T15:07:11+00:00\" \/>\n<meta name=\"twitter:card\" content=\"summary_large_image\" \/>\n<meta name=\"twitter:label1\" content=\"Gesch\u00e4tzte Lesezeit\" \/>\n\t<meta name=\"twitter:data1\" content=\"2\u00a0Minuten\" \/>\n<script type=\"application\/ld+json\" class=\"yoast-schema-graph\">{\"@context\":\"https:\\\/\\\/schema.org\",\"@graph\":[{\"@type\":\"WebPage\",\"@id\":\"https:\\\/\\\/helvident.ch\\\/services\\\/orthodontie-par-aligneurs-invisibles\\\/\",\"url\":\"https:\\\/\\\/helvident.ch\\\/services\\\/orthodontie-par-aligneurs-invisibles\\\/\",\"name\":\"L\u2019orthodontie, sp\u00e9cialit\u00e9 dentaire - HELVIDENT SUISSE\",\"isPartOf\":{\"@id\":\"https:\\\/\\\/helvident.ch\\\/#website\"},\"datePublished\":\"2020-10-14T06:16:08+00:00\",\"dateModified\":\"2021-01-16T15:07:11+00:00\",\"description\":\"L\u2019orthodontie est une sp\u00e9cialit\u00e9 de la m\u00e9decine dentaire. D\u00e9couvrez les services de nos cliniques dentaires \u00e0 Lausanne, Aigle, et Fribourg\",\"breadcrumb\":{\"@id\":\"https:\\\/\\\/helvident.ch\\\/services\\\/orthodontie-par-aligneurs-invisibles\\\/#breadcrumb\"},\"inLanguage\":\"de\",\"potentialAction\":[{\"@type\":\"ReadAction\",\"target\":[\"https:\\\/\\\/helvident.ch\\\/services\\\/orthodontie-par-aligneurs-invisibles\\\/\"]}]},{\"@type\":\"BreadcrumbList\",\"@id\":\"https:\\\/\\\/helvident.ch\\\/services\\\/orthodontie-par-aligneurs-invisibles\\\/#breadcrumb\",\"itemListElement\":[{\"@type\":\"ListItem\",\"position\":1,\"name\":\"Home\",\"item\":\"https:\\\/\\\/helvident.ch\\\/\"},{\"@type\":\"ListItem\",\"position\":2,\"name\":\"Services\",\"item\":\"https:\\\/\\\/helvident.ch\\\/services\\\/\"},{\"@type\":\"ListItem\",\"position\":3,\"name\":\"Orthodontie par aligneurs invisibles\"}]},{\"@type\":\"WebSite\",\"@id\":\"https:\\\/\\\/helvident.ch\\\/#website\",\"url\":\"https:\\\/\\\/helvident.ch\\\/\",\"name\":\"Helvident\",\"description\":\"Cliniques Dentaires Lausanne - Aigle - Friboug\",\"publisher\":{\"@id\":\"https:\\\/\\\/helvident.ch\\\/#organization\"},\"potentialAction\":[{\"@type\":\"SearchAction\",\"target\":{\"@type\":\"EntryPoint\",\"urlTemplate\":\"https:\\\/\\\/helvident.ch\\\/?s={search_term_string}\"},\"query-input\":{\"@type\":\"PropertyValueSpecification\",\"valueRequired\":true,\"valueName\":\"search_term_string\"}}],\"inLanguage\":\"de\"},{\"@type\":\"Organization\",\"@id\":\"https:\\\/\\\/helvident.ch\\\/#organization\",\"name\":\"Helvident - Cliniques Dentaires\",\"url\":\"https:\\\/\\\/helvident.ch\\\/\",\"logo\":{\"@type\":\"ImageObject\",\"inLanguage\":\"de\",\"@id\":\"https:\\\/\\\/helvident.ch\\\/#\\\/schema\\\/logo\\\/image\\\/\",\"url\":\"https:\\\/\\\/helvident.ch\\\/wp-content\\\/uploads\\\/2019\\\/06\\\/logo@2x.png\",\"contentUrl\":\"https:\\\/\\\/helvident.ch\\\/wp-content\\\/uploads\\\/2019\\\/06\\\/logo@2x.png\",\"width\":502,\"height\":120,\"caption\":\"Helvident - Cliniques Dentaires\"},\"image\":{\"@id\":\"https:\\\/\\\/helvident.ch\\\/#\\\/schema\\\/logo\\\/image\\\/\"},\"sameAs\":[\"https:\\\/\\\/www.facebook.com\\\/Helvident-Centre-Dentaire-Fribourg-SA-408825345872856\\\/\"]}]}<\/script>\n<!-- \/ Yoast SEO plugin. -->","yoast_head_json":{"title":"Kieferorthop\u00e4die, ein zahnmedizinisches Fachgebiet - HELVIDENT SUISSE","description":"Die Kieferorthop\u00e4die ist ein Spezialgebiet der Zahnmedizin. Entdecken Sie die Leistungen unserer Zahnkliniken in Lausanne, Aigle und Freiburg.","robots":{"index":"index","follow":"follow","max-snippet":"max-snippet:-1","max-image-preview":"max-image-preview:large","max-video-preview":"max-video-preview:-1"},"canonical":"https:\/\/helvident.ch\/de\/dienste\/kieferorthopadie-mit-unsichtbaren-alignern\/","og_locale":"de_DE","og_type":"article","og_title":"L\u2019orthodontie, sp\u00e9cialit\u00e9 dentaire - HELVIDENT SUISSE","og_description":"L\u2019orthodontie est une sp\u00e9cialit\u00e9 de la m\u00e9decine dentaire. D\u00e9couvrez les services de nos cliniques dentaires \u00e0 Lausanne, Aigle, et Fribourg","og_url":"https:\/\/helvident.ch\/de\/dienste\/kieferorthopadie-mit-unsichtbaren-alignern\/","og_site_name":"Helvident","article_publisher":"https:\/\/www.facebook.com\/Helvident-Centre-Dentaire-Fribourg-SA-408825345872856\/","article_modified_time":"2021-01-16T15:07:11+00:00","twitter_card":"summary_large_image","twitter_misc":{"Gesch\u00e4tzte Lesezeit":"2\u00a0Minuten"},"schema":{"@context":"https:\/\/schema.org","@graph":[{"@type":"WebPage","@id":"https:\/\/helvident.ch\/services\/orthodontie-par-aligneurs-invisibles\/","url":"https:\/\/helvident.ch\/services\/orthodontie-par-aligneurs-invisibles\/","name":"Kieferorthop\u00e4die, ein zahnmedizinisches Fachgebiet - HELVIDENT SUISSE","isPartOf":{"@id":"https:\/\/helvident.ch\/#website"},"datePublished":"2020-10-14T06:16:08+00:00","dateModified":"2021-01-16T15:07:11+00:00","description":"Die Kieferorthop\u00e4die ist ein Spezialgebiet der Zahnmedizin. Entdecken Sie die Leistungen unserer Zahnkliniken in Lausanne, Aigle und Freiburg.","breadcrumb":{"@id":"https:\/\/helvident.ch\/services\/orthodontie-par-aligneurs-invisibles\/#breadcrumb"},"inLanguage":"de","potentialAction":[{"@type":"ReadAction","target":["https:\/\/helvident.ch\/services\/orthodontie-par-aligneurs-invisibles\/"]}]},{"@type":"BreadcrumbList","@id":"https:\/\/helvident.ch\/services\/orthodontie-par-aligneurs-invisibles\/#breadcrumb","itemListElement":[{"@type":"ListItem","position":1,"name":"Home","item":"https:\/\/helvident.ch\/"},{"@type":"ListItem","position":2,"name":"Services","item":"https:\/\/helvident.ch\/services\/"},{"@type":"ListItem","position":3,"name":"Orthodontie par aligneurs invisibles"}]},{"@type":"WebSite","@id":"https:\/\/helvident.ch\/#website","url":"https:\/\/helvident.ch\/","name":"Helvident","description":"Zahnkliniken Lausanne - Aigle - Friboug","publisher":{"@id":"https:\/\/helvident.ch\/#organization"},"potentialAction":[{"@type":"SearchAction","target":{"@type":"EntryPoint","urlTemplate":"https:\/\/helvident.ch\/?s={search_term_string}"},"query-input":{"@type":"PropertyValueSpecification","valueRequired":true,"valueName":"search_term_string"}}],"inLanguage":"de"},{"@type":"Organization","@id":"https:\/\/helvident.ch\/#organization","name":"Helvident - Zahnmedizinische Kliniken","url":"https:\/\/helvident.ch\/","logo":{"@type":"ImageObject","inLanguage":"de","@id":"https:\/\/helvident.ch\/#\/schema\/logo\/image\/","url":"https:\/\/helvident.ch\/wp-content\/uploads\/2019\/06\/logo@2x.png","contentUrl":"https:\/\/helvident.ch\/wp-content\/uploads\/2019\/06\/logo@2x.png","width":502,"height":120,"caption":"Helvident - Cliniques Dentaires"},"image":{"@id":"https:\/\/helvident.ch\/#\/schema\/logo\/image\/"},"sameAs":["https:\/\/www.facebook.com\/Helvident-Centre-Dentaire-Fribourg-SA-408825345872856\/"]}]}},"_links":{"self":[{"href":"https:\/\/helvident.ch\/de\/wp-json\/wp\/v2\/pages\/29884","targetHints":{"allow":["GET"]}}],"collection":[{"href":"https:\/\/helvident.ch\/de\/wp-json\/wp\/v2\/pages"}],"about":[{"href":"https:\/\/helvident.ch\/de\/wp-json\/wp\/v2\/types\/page"}],"author":[{"embeddable":true,"href":"https:\/\/helvident.ch\/de\/wp-json\/wp\/v2\/users\/4"}],"replies":[{"embeddable":true,"href":"https:\/\/helvident.ch\/de\/wp-json\/wp\/v2\/comments?post=29884"}],"version-history":[{"count":5,"href":"https:\/\/helvident.ch\/de\/wp-json\/wp\/v2\/pages\/29884\/revisions"}],"predecessor-version":[{"id":30058,"href":"https:\/\/helvident.ch\/de\/wp-json\/wp\/v2\/pages\/29884\/revisions\/30058"}],"up":[{"embeddable":true,"href":"https:\/\/helvident.ch\/de\/wp-json\/wp\/v2\/pages\/29057"}],"wp:attachment":[{"href":"https:\/\/helvident.ch\/de\/wp-json\/wp\/v2\/media?parent=29884"}],"curies":[{"name":"wp","href":"https:\/\/api.w.org\/{rel}","templated":true}]}}