{"id":29427,"date":"2019-07-17T19:44:47","date_gmt":"2019-07-17T17:44:47","guid":{"rendered":"http:\/\/helvident.ch\/?page_id=29427"},"modified":"2026-03-18T13:23:38","modified_gmt":"2026-03-18T12:23:38","slug":"zahnarztliche-notfalle","status":"publish","type":"page","link":"https:\/\/helvident.ch\/de\/dienste\/zahnarztliche-notfalle\/","title":{"rendered":"Zahn\u00e4rztliche Notf\u00e4lle"},"content":{"rendered":"<section class=\"section need-toping\" id=\"section_126564279\">\n\t\t<div class=\"section-bg fill\" >\n\t\t\t\t\t\t\t\t\t\n\t\t\t\n\n\t\t<\/div>\n\n\t\t\n\n\t\t<div class=\"section-content relative\">\n\t\t\t\n\n\n  <div class=\"banner has-hover\" id=\"banner-123071515\">\n          <div class=\"banner-inner fill\">\n        <div class=\"banner-bg fill\" >\n            <img loading=\"lazy\" decoding=\"async\" width=\"1020\" height=\"191\" src=\"https:\/\/helvident.ch\/wp-content\/uploads\/2019\/06\/matos-1024x192.jpg\" class=\"bg attachment-large size-large\" alt=\"\" \/>                        <div class=\"overlay\"><\/div>            \n                    <\/div>\n\t\t\n        <div class=\"banner-layers container\">\n            <div class=\"fill banner-link\"><\/div>            \n\n   <div id=\"text-box-1740510371\" class=\"text-box banner-layer x50 md-x50 lg-x50 y50 md-y50 lg-y50 res-text\">\n                                <div class=\"text-box-content text dark\">\n              \n              <div class=\"text-inner text-center\">\n                  \n\n<h1>ZAHN\u00c4RZTLICHER NOTFALL IN DER SCHWEIZ<\/h1>\n\n              <\/div>\n           <\/div>\n                            \n<style>\n#text-box-1740510371 {\n  width: 60%;\n}\n#text-box-1740510371 .text-box-content {\n  font-size: 100%;\n}\n<\/style>\n    <\/div>\n \n\n        <\/div>\n      <\/div>\n\n            \n<style>\n#banner-123071515 {\n  padding-top: 300px;\n  background-color: rgba(0, 0, 0, 0.29);\n}\n#banner-123071515 .overlay {\n  background-color: rgba(37, 34, 34, 0.13);\n}\n<\/style>\n  <\/div>\n\n\n\n\t\t<\/div>\n\n\t\t\n<style>\n#section_126564279 {\n  padding-top: 0px;\n  padding-bottom: 0px;\n}\n<\/style>\n\t<\/section>\n\t\n\n\t<section class=\"section\" id=\"section_928380983\">\n\t\t<div class=\"section-bg fill\" >\n\t\t\t\t\t\t\t\t\t\n\t\t\t\n\n\t\t<\/div>\n\n\t\t\n\n\t\t<div class=\"section-content relative\">\n\t\t\t\n\n<div class=\"row align-middle\"  id=\"row-1024312913\">\n\n\n\t<div id=\"col-2060516114\" class=\"col medium-7 small-12 large-7\"  >\n\t\t\t\t<div class=\"col-inner\"  >\n\t\t\t\n\t\t\t\n\n<p><strong>Zahnweh, Abszess oder abgebrochener Zahn<\/strong>Sie brauchen <strong>dringend einen Zahnarzt aufsuchen<\/strong>? Bei <a href=\"#\">HELVIDENT<\/a>Unser Team von <strong>Zahn\u00e4rzte<\/strong> f\u00fchrt alle g\u00e4ngigen und spezialisierten Handlungen der <strong>Zahnmedizin<\/strong>. Wir empfangen Sie am selben Tag ohne Terminvereinbarung.<\/p>\n\t<div id=\"gap-1562209340\" class=\"gap-element clearfix\" style=\"display:block; height:auto;\">\n\t\t\n<style>\n#gap-1562209340 {\n  padding-top: 30px;\n}\n<\/style>\n\t<\/div>\n\t\n\n<div class=\"container section-title-container\" ><h2 class=\"section-title section-title-normal\"><b aria-hidden=\"true\"><\/b><span class=\"section-title-main\" >ZAHN\u00c4RZTLICHE BERATUNG OHNE TERMIN<\/span><b aria-hidden=\"true\"><\/b><\/h2><\/div>\n\n<p>Wir akzeptieren Patienten in <strong>NOTFALL<\/strong> und <strong>ohne Termin<\/strong> in unserem <a href=\"#\">Zahnklinik in Freiburg<\/a> oder in unserem <a href=\"#\">Zahnklinik in St Sulpice<\/a> in der N\u00e4he von Lausanne. Unser Ziel wird dann sein <strong>Zahn- oder Mundschmerzen lindern <\/strong>indem wir Sie so wenig wie m\u00f6glich warten lassen. Wir wissen sehr gut, dass, wenn der <strong>Zahnschmerzen<\/strong> intensiv ist, sollte die Wartezeit zu Ihrer Bequemlichkeit verk\u00fcrzt werden.<\/p>\n<p>Hier sind die wichtigsten <strong>Ursachen f\u00fcr zahn\u00e4rztliche Notf\u00e4lle<\/strong> :<\/p>\n<ul>\n<li>eine <strong>abgebrochener Zahn<\/strong> infolge eines Sturzes, eines Schlags oder <strong>unbehandelte Karies<\/strong> zum Beispiel<\/li>\n<li>eine <strong>Zahnfleischabszess <\/strong><\/li>\n<li>eine <strong>abc<\/strong><strong>\u00e8<\/strong><strong>s zahn\u00e4rztlich<\/strong><\/li>\n<li>eine <strong>Zahnfraktur<\/strong><\/li>\n<li>eine<strong> fehlerhafter Verschluss<\/strong> nicht repariert<\/li>\n<li>eine <strong>Schmerzen im Kiefergelenk<\/strong><\/li>\n<li>eine Verletzung des Gewebes durch das Anbringen einer neuen <a href=\"#\">Zahnersatz<\/a><\/li>\n<\/ul>\n<p>Die <strong>Notfallversorgung<\/strong> <strong>zahn\u00e4rztlich<\/strong> sind direkt nach der Konsultation bei der Empfangsassistentin zu bezahlen. Die <strong>HELVIDENT-Kliniken<\/strong> sind f\u00fcr Kartenzahlungen ausgestattet (Postcard, Maestro, Mastercard, Visa).<\/p>\n\n\t\t<\/div>\n\t\t\t\t\t<\/div>\n\n\t\n\n\t<div id=\"col-2085179393\" class=\"col medium-5 small-12 large-5\"  >\n\t\t\t\t<div class=\"col-inner\"  >\n\t\t\t\n\t\t\t\n\n\t<div id=\"gap-177888901\" class=\"gap-element clearfix\" style=\"display:block; height:auto;\">\n\t\t\n<style>\n#gap-177888901 {\n  padding-top: 30px;\n}\n<\/style>\n\t<\/div>\n\t\n\n\t<div class=\"img has-hover x md-x lg-x y md-y lg-y\" id=\"image_318706152\">\n\t\t\t\t\t\t\t\t<div class=\"img-inner box-shadow-4 dark\" >\n\t\t\t<img loading=\"lazy\" decoding=\"async\" width=\"1020\" height=\"680\" src=\"https:\/\/helvident.ch\/wp-content\/uploads\/2019\/07\/rage_de_dents_urgence_lausanne-1024x683.jpeg\" class=\"attachment-large size-large\" alt=\"behandlung zahnwurzelentz\u00fcndung lausanne\" srcset=\"https:\/\/helvident.ch\/wp-content\/uploads\/2019\/07\/rage_de_dents_urgence_lausanne-1024x683.jpeg 1024w, https:\/\/helvident.ch\/wp-content\/uploads\/2019\/07\/rage_de_dents_urgence_lausanne-300x200.jpeg 300w, https:\/\/helvident.ch\/wp-content\/uploads\/2019\/07\/rage_de_dents_urgence_lausanne-768x512.jpeg 768w, https:\/\/helvident.ch\/wp-content\/uploads\/2019\/07\/rage_de_dents_urgence_lausanne.jpeg 2048w\" sizes=\"auto, (max-width: 1020px) 100vw, 1020px\" \/>\t\t\t\t\t\t\n\t\t\t\t\t<\/div>\n\t\t\t\t\t\t\t\t\n<style>\n#image_318706152 {\n  width: 87%;\n}\n<\/style>\n\t<\/div>\n\t\n\n\n\t\t<\/div>\n\t\t\t\t\t<\/div>\n\n\t\n\n<\/div>\n<div class=\"row\"  id=\"row-1344984266\">\n\n\n\t<div id=\"col-23169374\" class=\"col small-12 large-12\"  >\n\t\t\t\t<div class=\"col-inner\"  >\n\t\t\t\n\t\t\t\n\n<div class=\"container section-title-container\" ><h2 class=\"section-title section-title-normal\"><b aria-hidden=\"true\"><\/b><span class=\"section-title-main\" >DIE BEHANDLUNG NACH EINEM ZAHN\u00c4RZTLICHEN NOTFALL<\/span><b aria-hidden=\"true\"><\/b><\/h2><\/div>\n\n<p>Unser <strong>Zahnarzt<\/strong> lindert die <strong>Zahn- oder Mundschmerzen<\/strong>In manchen F\u00e4llen muss er jedoch einen anderen Termin vereinbaren, um das Problem zu behandeln, wenn es mehr Zeit in Anspruch nimmt. Sie haben die Wahl, die folgenden Behandlungen beim <strong>Zahnarzt in HELVIDENT<\/strong> der Sie empfangen hat<strong> im Notfall <\/strong>oder bei Ihrem <strong>Zahnarzt<\/strong> \u00fcblich.<\/p>\n<p>Unser Team besteht aus einem Dutzend <strong>Zahn\u00e4rzte<\/strong> von denen einige spezialisiert sind auf <strong>Kieferorthop\u00e4die<\/strong>, <strong>Parodontie<\/strong>, <strong>Implantologie<\/strong>, <strong>Endodontie<\/strong> oder in <strong>Zahnmedizin f\u00fcr Kinder<\/strong>.<\/p>\n\n\t\t<\/div>\n\t\t\t\t\t<\/div>\n\n\t\n\n<\/div>\n<div class=\"row\"  id=\"row-1638330633\">\n\n\n\t<div id=\"col-2038036715\" class=\"col small-12 large-12\"  >\n\t\t\t\t<div class=\"col-inner\"  >\n\t\t\t\n\t\t\t\n\n<div class=\"container section-title-container\" ><h2 class=\"section-title section-title-normal\"><b aria-hidden=\"true\"><\/b><span class=\"section-title-main\" >UNSERE ZAHN\u00c4RZTLICHEN NOTFALLKLINIKEN<\/span><b aria-hidden=\"true\"><\/b><\/h2><\/div>\n\n<p>Im Falle von<strong>zahn\u00e4rztlicher oder oraler Notfall<\/strong>Wir empfangen Sie gerne in einem unserer <strong>Zahnkliniken<\/strong> <strong>\u00e0<\/strong> <strong>Freiburg <\/strong>oder in St. Sulpice in der N\u00e4he von Lausanne. Wenn Sie eine Fremdsprache besser als Franz\u00f6sisch sprechen, sollten Sie wissen, dass unser Personal mehrsprachig ist. Es gibt bestimmt jemanden, der Ihre Sprache spricht.<\/p>\n<p>Hier finden Sie unsere \u00d6ffnungszeiten und Kontaktdaten.<\/p>\n\n\t\t<\/div>\n\t\t\t\t\t<\/div>\n\n\t\n\n<\/div>\n<div class=\"row timing-row\"  id=\"row-44797233\">\n\n\n\t<div id=\"col-411782963\" class=\"col small-12 large-12\"  >\n\t\t\t\t<div class=\"col-inner\"  >\n\t\t\t\n\t\t\t\n\n<div class=\"row\"  id=\"row-1023918438\">\n\n\n\t<div id=\"col-1554994158\" class=\"col medium-4 small-12 large-4\"  >\n\t\t\t\t<div class=\"col-inner\"  >\n\t\t\t\n\t\t\t\n\n<h3><strong>ZAHNKLINIK HELVIDENT<\/strong> VON FRIBOURG<\/h3>\n<ul>\n<li class=\"icon-time\">Montag bis Freitag 8:00 - 18:00 Uhr,<br \/>le samedi 9 h &#8211; 13 h<\/li>\n<li class=\"icon-address\">Helvident Centre Dentaire Fribourg SA<br \/>Avenue de Beauregard 10, 1700 Freiburg<\/li>\n<li class=\"icon-call\">+41 26 309 26 26<\/li>\n<li class=\"icon-mail\">&#x66;&#x72;&#105;&#98;o&#x75;&#x72;&#x67;&#64;he&#x6c;&#x76;&#105;&#100;e&#x6e;&#x74;&#x2e;&#99;h<\/li>\n<\/ul>\n\n\t\t<\/div>\n\t\t\t\t\t<\/div>\n\n\t\n\n\t<div id=\"col-923193972\" class=\"col medium-4 small-12 large-4\"  >\n\t\t\t\t<div class=\"col-inner\"  >\n\t\t\t\n\t\t\t\n\n<h3><strong>ZAHNKLINIK HELVIDENT<\/strong> DE ST SULPICE \/ LAUSANNE<\/h3>\n<ul>\n<li class=\"icon-time\">Montag bis Freitag 8:00 - 18:00 Uhr<\/li>\n<li class=\"icon-address\">Helvident Clinique Dentaire SA<br \/>\nChemin des Memises 2, 1025 St-Sulpice<\/li>\n<li class=\"icon-call\">+41 21 694 25 25<\/li>\n<li class=\"icon-mail\">&#115;&#x74;&#x2d;s&#117;&#x6c;p&#105;&#x63;e&#64;&#x68;e&#108;&#x76;&#x69;&#100;&#x65;&#x6e;t&#46;&#x63;h<\/li>\n<\/ul>\n\n\t\t<\/div>\n\t\t\t\t\t<\/div>\n\n\t\n\n\t<div id=\"col-1648436535\" class=\"col medium-4 small-12 large-4\"  >\n\t\t\t\t<div class=\"col-inner\"  >\n\t\t\t\n\t\t\t\n\n<h3><strong>ZAHNMEDIZINISCHES ZENTRUM DES TURMS<\/strong> IN AIGLE, KANTON VAUD<\/h3>\n<ul>\n<li class=\"icon-address\">Route Industrielle 10a<br \/>\n1860 Aigle<\/li>\n<li class=\"icon-call\">Tel. +4 24 466 55 44<\/li>\n<li class=\"icon-call\">Notf\u00e4lle au\u00dferhalb der \u00d6ffnungszeiten: 0848 133 133<\/li>\n<li class=\"icon-mail\"><a href=\"https:\/\/www.centredentairedelatour.ch\/contact\" target=\"_blank\" rel=\"noopener noreferrer\">Zahnmedizinisches Zentrum De La Tour<\/a><\/li>\n<\/ul>\n\n\t\t<\/div>\n\t\t\t\t\t<\/div>\n\n\t\n\n<\/div>\n\n\t\t<\/div>\n\t\t\t\t\t<\/div>\n\n\t\n\n<\/div>\n\n\t\t<\/div>\n\n\t\t\n<style>\n#section_928380983 {\n  padding-top: 60px;\n  padding-bottom: 60px;\n}\n<\/style>\n\t<\/section>","protected":false},"excerpt":{"rendered":"","protected":false},"author":1,"featured_media":0,"parent":29057,"menu_order":0,"comment_status":"closed","ping_status":"closed","template":"page-blank.php","meta":{"_acf_changed":false,"footnotes":""},"class_list":["post-29427","page","type-page","status-publish","hentry"],"acf":[],"yoast_head":"<!-- This site is optimized with the Yoast SEO plugin v27.3 - https:\/\/yoast.com\/product\/yoast-seo-wordpress\/ -->\n<title>Pose de proth\u00e8ses dentaires - HELVIDENT SUISSE<\/title>\n<meta name=\"description\" content=\"La pose de proth\u00e8ses dentaires est un acte courant en m\u00e9decine dentaire. Inlay, couronne ou dentier, D\u00e9couvrez nos cliniques dentaires \u00e0 Lausanne, Aigle, et Fribourg\" \/>\n<meta name=\"robots\" content=\"index, follow, max-snippet:-1, max-image-preview:large, max-video-preview:-1\" \/>\n<link rel=\"canonical\" href=\"https:\/\/helvident.ch\/de\/dienste\/zahnarztliche-notfalle\/\" \/>\n<meta property=\"og:locale\" content=\"de_DE\" \/>\n<meta property=\"og:type\" content=\"article\" \/>\n<meta property=\"og:title\" content=\"Pose de proth\u00e8ses dentaires - HELVIDENT SUISSE\" \/>\n<meta property=\"og:description\" content=\"La pose de proth\u00e8ses dentaires est un acte courant en m\u00e9decine dentaire. Inlay, couronne ou dentier, D\u00e9couvrez nos cliniques dentaires \u00e0 Lausanne, Aigle, et Fribourg\" \/>\n<meta property=\"og:url\" content=\"https:\/\/helvident.ch\/de\/dienste\/zahnarztliche-notfalle\/\" \/>\n<meta property=\"og:site_name\" content=\"Helvident\" \/>\n<meta property=\"article:publisher\" content=\"https:\/\/www.facebook.com\/Helvident-Centre-Dentaire-Fribourg-SA-408825345872856\/\" \/>\n<meta property=\"article:modified_time\" content=\"2026-03-18T12:23:38+00:00\" \/>\n<meta name=\"twitter:card\" content=\"summary_large_image\" \/>\n<meta name=\"twitter:label1\" content=\"Gesch\u00e4tzte Lesezeit\" \/>\n\t<meta name=\"twitter:data1\" content=\"3\u00a0Minuten\" \/>\n<script type=\"application\/ld+json\" class=\"yoast-schema-graph\">{\"@context\":\"https:\\\/\\\/schema.org\",\"@graph\":[{\"@type\":\"WebPage\",\"@id\":\"https:\\\/\\\/helvident.ch\\\/services\\\/urgences-dentaires\\\/\",\"url\":\"https:\\\/\\\/helvident.ch\\\/services\\\/urgences-dentaires\\\/\",\"name\":\"Pose de proth\u00e8ses dentaires - HELVIDENT SUISSE\",\"isPartOf\":{\"@id\":\"https:\\\/\\\/helvident.ch\\\/#website\"},\"datePublished\":\"2019-07-17T17:44:47+00:00\",\"dateModified\":\"2026-03-18T12:23:38+00:00\",\"description\":\"La pose de proth\u00e8ses dentaires est un acte courant en m\u00e9decine dentaire. Inlay, couronne ou dentier, D\u00e9couvrez nos cliniques dentaires \u00e0 Lausanne, Aigle, et Fribourg\",\"breadcrumb\":{\"@id\":\"https:\\\/\\\/helvident.ch\\\/services\\\/urgences-dentaires\\\/#breadcrumb\"},\"inLanguage\":\"de\",\"potentialAction\":[{\"@type\":\"ReadAction\",\"target\":[\"https:\\\/\\\/helvident.ch\\\/services\\\/urgences-dentaires\\\/\"]}]},{\"@type\":\"BreadcrumbList\",\"@id\":\"https:\\\/\\\/helvident.ch\\\/services\\\/urgences-dentaires\\\/#breadcrumb\",\"itemListElement\":[{\"@type\":\"ListItem\",\"position\":1,\"name\":\"Home\",\"item\":\"https:\\\/\\\/helvident.ch\\\/\"},{\"@type\":\"ListItem\",\"position\":2,\"name\":\"Services\",\"item\":\"https:\\\/\\\/helvident.ch\\\/services\\\/\"},{\"@type\":\"ListItem\",\"position\":3,\"name\":\"Urgences dentaires\"}]},{\"@type\":\"WebSite\",\"@id\":\"https:\\\/\\\/helvident.ch\\\/#website\",\"url\":\"https:\\\/\\\/helvident.ch\\\/\",\"name\":\"Helvident\",\"description\":\"Cliniques Dentaires Lausanne - Aigle - Friboug\",\"publisher\":{\"@id\":\"https:\\\/\\\/helvident.ch\\\/#organization\"},\"potentialAction\":[{\"@type\":\"SearchAction\",\"target\":{\"@type\":\"EntryPoint\",\"urlTemplate\":\"https:\\\/\\\/helvident.ch\\\/?s={search_term_string}\"},\"query-input\":{\"@type\":\"PropertyValueSpecification\",\"valueRequired\":true,\"valueName\":\"search_term_string\"}}],\"inLanguage\":\"de\"},{\"@type\":\"Organization\",\"@id\":\"https:\\\/\\\/helvident.ch\\\/#organization\",\"name\":\"Helvident - Cliniques Dentaires\",\"url\":\"https:\\\/\\\/helvident.ch\\\/\",\"logo\":{\"@type\":\"ImageObject\",\"inLanguage\":\"de\",\"@id\":\"https:\\\/\\\/helvident.ch\\\/#\\\/schema\\\/logo\\\/image\\\/\",\"url\":\"https:\\\/\\\/helvident.ch\\\/wp-content\\\/uploads\\\/2019\\\/06\\\/logo@2x.png\",\"contentUrl\":\"https:\\\/\\\/helvident.ch\\\/wp-content\\\/uploads\\\/2019\\\/06\\\/logo@2x.png\",\"width\":502,\"height\":120,\"caption\":\"Helvident - Cliniques Dentaires\"},\"image\":{\"@id\":\"https:\\\/\\\/helvident.ch\\\/#\\\/schema\\\/logo\\\/image\\\/\"},\"sameAs\":[\"https:\\\/\\\/www.facebook.com\\\/Helvident-Centre-Dentaire-Fribourg-SA-408825345872856\\\/\"]}]}<\/script>\n<!-- \/ Yoast SEO plugin. -->","yoast_head_json":{"title":"Einsetzen von Zahnprothesen - HELVIDENT SCHWEIZ","description":"Das Einsetzen von Zahnprothesen ist ein h\u00e4ufiger Vorgang in der Zahnmedizin. Inlay, Krone oder Zahnprothese, Entdecken Sie unsere Zahnkliniken in Lausanne, Aigle und Freiburg.","robots":{"index":"index","follow":"follow","max-snippet":"max-snippet:-1","max-image-preview":"max-image-preview:large","max-video-preview":"max-video-preview:-1"},"canonical":"https:\/\/helvident.ch\/de\/dienste\/zahnarztliche-notfalle\/","og_locale":"de_DE","og_type":"article","og_title":"Pose de proth\u00e8ses dentaires - HELVIDENT SUISSE","og_description":"La pose de proth\u00e8ses dentaires est un acte courant en m\u00e9decine dentaire. Inlay, couronne ou dentier, D\u00e9couvrez nos cliniques dentaires \u00e0 Lausanne, Aigle, et Fribourg","og_url":"https:\/\/helvident.ch\/de\/dienste\/zahnarztliche-notfalle\/","og_site_name":"Helvident","article_publisher":"https:\/\/www.facebook.com\/Helvident-Centre-Dentaire-Fribourg-SA-408825345872856\/","article_modified_time":"2026-03-18T12:23:38+00:00","twitter_card":"summary_large_image","twitter_misc":{"Gesch\u00e4tzte Lesezeit":"3\u00a0Minuten"},"schema":{"@context":"https:\/\/schema.org","@graph":[{"@type":"WebPage","@id":"https:\/\/helvident.ch\/services\/urgences-dentaires\/","url":"https:\/\/helvident.ch\/services\/urgences-dentaires\/","name":"Einsetzen von Zahnprothesen - HELVIDENT SCHWEIZ","isPartOf":{"@id":"https:\/\/helvident.ch\/#website"},"datePublished":"2019-07-17T17:44:47+00:00","dateModified":"2026-03-18T12:23:38+00:00","description":"Das Einsetzen von Zahnprothesen ist ein h\u00e4ufiger Vorgang in der Zahnmedizin. Inlay, Krone oder Zahnprothese, Entdecken Sie unsere Zahnkliniken in Lausanne, Aigle und Freiburg.","breadcrumb":{"@id":"https:\/\/helvident.ch\/services\/urgences-dentaires\/#breadcrumb"},"inLanguage":"de","potentialAction":[{"@type":"ReadAction","target":["https:\/\/helvident.ch\/services\/urgences-dentaires\/"]}]},{"@type":"BreadcrumbList","@id":"https:\/\/helvident.ch\/services\/urgences-dentaires\/#breadcrumb","itemListElement":[{"@type":"ListItem","position":1,"name":"Home","item":"https:\/\/helvident.ch\/"},{"@type":"ListItem","position":2,"name":"Services","item":"https:\/\/helvident.ch\/services\/"},{"@type":"ListItem","position":3,"name":"Urgences dentaires"}]},{"@type":"WebSite","@id":"https:\/\/helvident.ch\/#website","url":"https:\/\/helvident.ch\/","name":"Helvident","description":"Zahnkliniken Lausanne - Aigle - Friboug","publisher":{"@id":"https:\/\/helvident.ch\/#organization"},"potentialAction":[{"@type":"SearchAction","target":{"@type":"EntryPoint","urlTemplate":"https:\/\/helvident.ch\/?s={search_term_string}"},"query-input":{"@type":"PropertyValueSpecification","valueRequired":true,"valueName":"search_term_string"}}],"inLanguage":"de"},{"@type":"Organization","@id":"https:\/\/helvident.ch\/#organization","name":"Helvident - Zahnmedizinische Kliniken","url":"https:\/\/helvident.ch\/","logo":{"@type":"ImageObject","inLanguage":"de","@id":"https:\/\/helvident.ch\/#\/schema\/logo\/image\/","url":"https:\/\/helvident.ch\/wp-content\/uploads\/2019\/06\/logo@2x.png","contentUrl":"https:\/\/helvident.ch\/wp-content\/uploads\/2019\/06\/logo@2x.png","width":502,"height":120,"caption":"Helvident - Cliniques Dentaires"},"image":{"@id":"https:\/\/helvident.ch\/#\/schema\/logo\/image\/"},"sameAs":["https:\/\/www.facebook.com\/Helvident-Centre-Dentaire-Fribourg-SA-408825345872856\/"]}]}},"_links":{"self":[{"href":"https:\/\/helvident.ch\/de\/wp-json\/wp\/v2\/pages\/29427","targetHints":{"allow":["GET"]}}],"collection":[{"href":"https:\/\/helvident.ch\/de\/wp-json\/wp\/v2\/pages"}],"about":[{"href":"https:\/\/helvident.ch\/de\/wp-json\/wp\/v2\/types\/page"}],"author":[{"embeddable":true,"href":"https:\/\/helvident.ch\/de\/wp-json\/wp\/v2\/users\/1"}],"replies":[{"embeddable":true,"href":"https:\/\/helvident.ch\/de\/wp-json\/wp\/v2\/comments?post=29427"}],"version-history":[{"count":3,"href":"https:\/\/helvident.ch\/de\/wp-json\/wp\/v2\/pages\/29427\/revisions"}],"predecessor-version":[{"id":31011,"href":"https:\/\/helvident.ch\/de\/wp-json\/wp\/v2\/pages\/29427\/revisions\/31011"}],"up":[{"embeddable":true,"href":"https:\/\/helvident.ch\/de\/wp-json\/wp\/v2\/pages\/29057"}],"wp:attachment":[{"href":"https:\/\/helvident.ch\/de\/wp-json\/wp\/v2\/media?parent=29427"}],"curies":[{"name":"wp","href":"https:\/\/api.w.org\/{rel}","templated":true}]}}