{"id":29101,"date":"2019-06-14T20:09:10","date_gmt":"2019-06-14T18:09:10","guid":{"rendered":"http:\/\/helvident.ch\/?page_id=29101"},"modified":"2019-07-18T10:37:03","modified_gmt":"2019-07-18T08:37:03","slug":"zahnprothesen","status":"publish","type":"page","link":"https:\/\/helvident.ch\/de\/dienste\/zahnprothesen\/","title":{"rendered":"Zahnprothesen"},"content":{"rendered":"<section class=\"section need-toping\" id=\"section_1849177023\">\n\t\t<div class=\"section-bg fill\" >\n\t\t\t\t\t\t\t\t\t\n\t\t\t\n\n\t\t<\/div>\n\n\t\t\n\n\t\t<div class=\"section-content relative\">\n\t\t\t\n\n  <div class=\"banner has-hover\" id=\"banner-1011491471\">\n          <div class=\"banner-inner fill\">\n        <div class=\"banner-bg fill\" >\n            <img loading=\"lazy\" decoding=\"async\" width=\"1920\" height=\"350\" src=\"https:\/\/helvident.ch\/wp-content\/uploads\/2019\/06\/Implantologie.jpg\" class=\"bg attachment-original size-original\" alt=\"\" \/>                                    \n                    <\/div>\n\t\t\n        <div class=\"banner-layers container\">\n            <div class=\"fill banner-link\"><\/div>            \n   <div id=\"text-box-1460746829\" class=\"text-box banner-layer x50 md-x50 lg-x50 y50 md-y50 lg-y50 res-text\">\n                                <div class=\"text-box-content text dark\">\n              \n              <div class=\"text-inner text-left\">\n                  \n<h1>ZAHNERSATZ<\/h1>\n              <\/div>\n           <\/div>\n                            \n<style>\n#text-box-1460746829 {\n  width: 98%;\n}\n#text-box-1460746829 .text-box-content {\n  font-size: 100%;\n}\n<\/style>\n    <\/div>\n \n        <\/div>\n      <\/div>\n\n            \n<style>\n#banner-1011491471 {\n  padding-top: 300px;\n}\n#banner-1011491471 .banner-bg img {\n  object-position: 76% 3%;\n}\n<\/style>\n  <\/div>\n\n\n\t\t<\/div>\n\n\t\t\n<style>\n#section_1849177023 {\n  padding-top: 0px;\n  padding-bottom: 0px;\n}\n<\/style>\n\t<\/section>\n\t\n\n\t<section class=\"section\" id=\"section_1795314723\">\n\t\t<div class=\"section-bg fill\" >\n\t\t\t\t\t\t\t\t\t\n\t\t\t\n\n\t\t<\/div>\n\n\t\t\n\n\t\t<div class=\"section-content relative\">\n\t\t\t\n<div class=\"row align-middle\"  id=\"row-442092819\">\n\n\t<div id=\"col-461219270\" class=\"col medium-6 small-12 large-6\"  >\n\t\t\t\t<div class=\"col-inner\"  >\n\t\t\t\n\t\t\t\n<p>Bei <a href=\"http:\/\/helvident.ch\/de\/vorstellung\/\">HELVIDENT<\/a>Einige unserer <strong>Zahn\u00e4rzte<\/strong> sind spezialisiert auf das Verlegen von <strong>Zahnersatz<\/strong>. Sie k\u00f6nnen in unserem <strong>zahnmedizinisches Zentrum in Freiburg<\/strong> oder in unserem <strong>Zahnklinik in St Sulpice<\/strong> in der N\u00e4he von Lausanne.  Erfahren Sie mehr \u00fcber die verschiedenen Handlungen, die wir durchf\u00fchren.<\/p>\n\t\t<\/div>\n\t\t\t\t\t<\/div>\n\n\t\n\n\t<div id=\"col-2054578802\" class=\"col medium-6 small-12 large-6\"  >\n\t\t\t\t<div class=\"col-inner\"  >\n\t\t\t\n\t\t\t\n<div class=\"video video-fit mb box-shadow-4\" style=\"padding-top:56.25%;\"><p><iframe loading=\"lazy\" title=\"Herstellung von Zahnprothesen in Lausanne, Aigle, Freiburg\" src=\"https:\/\/player.vimeo.com\/video\/346940180?dnt=1&#038;app_id=122963\" width=\"1020\" height=\"574\" frameborder=\"0\" allow=\"autoplay; fullscreen\" allowfullscreen><\/iframe><\/p>\n<\/div>\n\t\t<\/div>\n\t\t\t\t\t<\/div>\n\n\t\n<\/div>\n<div class=\"row\"  id=\"row-1110035808\">\n\n\t<div id=\"col-1631419623\" class=\"col small-12 large-12\"  >\n\t\t\t\t<div class=\"col-inner\"  >\n\t\t\t\n\t\t\t\n\t<div id=\"gap-741215718\" class=\"gap-element clearfix\" style=\"display:block; height:auto;\">\n\t\t\n<style>\n#gap-741215718 {\n  padding-top: 30px;\n}\n<\/style>\n\t<\/div>\n\t\n<div class=\"container section-title-container\" ><h2 class=\"section-title section-title-normal\"><b aria-hidden=\"true\"><\/b><span class=\"section-title-main\" >FESTSITZENDER ODER GEMEINSAMER ZAHNERSATZ<\/span><b aria-hidden=\"true\"><\/b><\/h2><\/div>\n<h3>DIE VIELFALT DER FESTSITZENDEN PROTHESEN<\/h3>\n<p>Es gibt verschiedene Arten von <strong>festsitzender Zahnersatz<\/strong>. <strong>Onlay, Inlay, Overlay, Veneer, Krone<\/strong> oder <strong>Br\u00fccke<\/strong>Hier sind ihre Unterschiede:<\/p>\n<ul>\n<li>L'<strong>onlay, inlay oder overlay<\/strong> : Es handelt sich um eine <strong>Zahnersatz<\/strong> entworfen, um einen Teil der <strong>Zahn<\/strong>. Sie ist angezeigt, wenn der besch\u00e4digte Teil der <strong>Zahn<\/strong>ist zu gro\u00df, um vom<strong> Zahnarzt <\/strong>direkt, aber zu klein ist, um eine <strong>Zahnkrone<\/strong>.<\/li>\n<li>Die <strong>Zahnverblendung<\/strong> : Das ist eine kleine Keramikschale, die auf eine <strong>Zahn<\/strong>. Diese Art der Restauration wird in den sichtbaren Bereichen verwendet. Sie erfordert eine minimale Pr\u00e4paration der <strong>Zahn<\/strong> und erm\u00f6glicht ein \u00e4sthetisches und lang anhaltendes Ergebnis.<\/li>\n<li>Die <strong>Zahnkrone<\/strong> : Sie bezeichnet im weiteren Sinne die <strong>prothetische Krone<\/strong>eine <strong>Zahnersatz <\/strong>erm\u00f6glicht <strong>einen Zahn sch\u00fctzen <\/strong>die lebendig oder devitalisiert ist. Sie bedeckt den Teil der <strong>Zahn <\/strong>durch Wiederherstellung des koronaren Anteils. Diese Handlung bewahrt die <strong>gepflegter Zahn<\/strong> vor weiteren Angriffen und verhindert gleichzeitig, dass sie entfernt und vollst\u00e4ndig ersetzt werden muss. Eine <strong>Zahnkrone aus Keramik<\/strong> bietet eine perfekte \u00c4sthetik und kann den urspr\u00fcnglichen Farbton einer <strong>Zahn <\/strong>zu dunkel.<\/li>\n<\/ul>\n<p>Die <strong>Zahnbr\u00fccke<\/strong> : Dieser Begriff beschreibt die Vereinigung von zwei <strong>Zahnkronen<\/strong> durch ein Zwischenelement, wie bei einer echten Br\u00fccke. Wenn eine <strong>Zahn<\/strong>am <strong>Zahnarzt<\/strong> basiert auf den <strong>Z\u00e4hne<\/strong> Nachbarn, um sie zu ersetzen. Es ist ein <strong>Br\u00fccke mit 3 Z\u00e4hnen<\/strong>. Unsere <strong>spezialisierte Zahn\u00e4rzte <\/strong>k\u00f6nnen auch Br\u00fccken mit mehr als drei Z\u00e4hnen anfertigen. Diese Art von <strong>Zahnersatz <\/strong>wird aus Keramik hergestellt und garantiert ein hervorragendes \u00e4sthetisches Ergebnis.<\/p>\n<h3>DIE <strong>EINSETZEN EINER ZAHNPROTHESE<\/strong><\/h3>\n<p>Die <strong>Zahnersatz<\/strong> wird in einem <strong>Dentallabor<\/strong>. Sie erfordert die Intervention eines <strong>Zahntechniker<\/strong>, auch bekannt als <strong>Zahntechniker<\/strong>. Hier sind die Schl\u00fcsselschritte :<\/p>\n<ol>\n<li>Die <strong>Zahnarzt <\/strong>fertigt w\u00e4hrend des Beratungsgespr\u00e4chs einen Abdruck Ihrer Z\u00e4hne an.<\/li>\n<li>Die <strong>Zahntechniker<\/strong> entwirft dann im Labor mithilfe eines Gipsmodells die Prothese.<\/li>\n<\/ol>\n<p>Die <strong>Prothese <\/strong>wird auf Ihre <strong>Z\u00e4hne<\/strong> bei der n\u00e4chsten <strong>Zahnarzttermin<\/strong>.<\/p>\n\t\t<\/div>\n\t\t\t\t\t<\/div>\n\n\t\n<\/div>\n<div class=\"row align-middle\"  id=\"row-1446054051\">\n\n\t<div id=\"col-654231019\" class=\"col medium-6 small-12 large-6\"  >\n\t\t\t\t<div class=\"col-inner\"  >\n\t\t\t\n\t\t\t\n<div class=\"video video-fit mb box-shadow-4\" style=\"padding-top:56.25%;\"><p><iframe loading=\"lazy\" title=\"3D-Tool f\u00fcr Zahnprothesen, Lausanne, Aigle, Freiburg\" src=\"https:\/\/player.vimeo.com\/video\/346940000?dnt=1&#038;app_id=122963\" width=\"1020\" height=\"574\" frameborder=\"0\" allow=\"autoplay; fullscreen\" allowfullscreen><\/iframe><\/p>\n<\/div>\n\t\t<\/div>\n\t\t\t\t\t<\/div>\n\n\t\n\n\t<div id=\"col-60731406\" class=\"col medium-6 small-12 large-6\"  >\n\t\t\t\t<div class=\"col-inner\"  >\n\t\t\t\n\t\t\t\n<div class=\"container section-title-container\" ><h2 class=\"section-title section-title-normal\"><b aria-hidden=\"true\"><\/b><span class=\"section-title-main\" >HERAUSNEHMBARER ODER FESTSITZENDER ZAHNERSATZ<\/span><b aria-hidden=\"true\"><\/b><\/h2><\/div>\n<p>Die <strong>herausnehmbare Zahnprothesen<\/strong> stellen jede Art von <strong>Prothese<\/strong> die der Patient selbst entfernen kann. Dieser Vorgang erleichtert die Reinigung der <strong>Prothese<\/strong>der <strong>Zahnfleisch <\/strong>und <strong>Z\u00e4hne <\/strong>die gegebenenfalls noch \u00fcbrig sind. Umgangssprachlich wird sie auch als \"<strong>Gebiss<\/strong>\".<\/p>\n<ul>\n<li>Wenn es noch <strong>Z\u00e4hne<\/strong>Es handelt sich um eine<strong> Teilprothese <\/strong>oder eines <strong>stellite<\/strong>. Diese <strong>Prothese <\/strong>besteht aus einem Metallrahmen, da dieser d\u00fcnner und widerstandsf\u00e4higer ist, sowie aus Haken, mit denen die <strong>Prothese <\/strong>\u00fcber die <strong>Z\u00e4hne<\/strong><\/li>\n<li>Wenn keine <strong>Zahn <\/strong>auf dem Kiefer, handelt es sich um eine <strong>Vollprothese<\/strong>. Sie besteht aus Harz und liegt auf einer m\u00f6glichst gro\u00dfen Fl\u00e4che der Schleimhaut auf. Diese<strong> Prothesen <\/strong>k\u00f6nnen auch von Personen gestellt und gehalten werden <strong>Zahnimplantate<\/strong>.<\/li>\n<\/ul>\n\t\t<\/div>\n\t\t\t\t\t<\/div>\n\n\t\n<\/div>\n\t\t<\/div>\n\n\t\t\n<style>\n#section_1795314723 {\n  padding-top: 60px;\n  padding-bottom: 60px;\n}\n<\/style>\n\t<\/section>","protected":false},"excerpt":{"rendered":"","protected":false},"author":1,"featured_media":0,"parent":29057,"menu_order":0,"comment_status":"closed","ping_status":"closed","template":"page-blank.php","meta":{"_acf_changed":false,"footnotes":""},"class_list":["post-29101","page","type-page","status-publish","hentry"],"acf":[],"yoast_head":"<!-- This site is optimized with the Yoast SEO plugin v27.3 - https:\/\/yoast.com\/product\/yoast-seo-wordpress\/ -->\n<title>Pose de proth\u00e8ses dentaires - HELVIDENT SUISSE<\/title>\n<meta name=\"description\" content=\"La pose de proth\u00e8ses dentaires est un acte courant en m\u00e9decine dentaire. Inlay, couronne ou dentier.. Nos cliniques dentaires \u00e0 Lausanne, Aigle, et Fribourg\" \/>\n<meta name=\"robots\" content=\"index, follow, max-snippet:-1, max-image-preview:large, max-video-preview:-1\" \/>\n<link rel=\"canonical\" href=\"https:\/\/helvident.ch\/de\/dienste\/zahnprothesen\/\" \/>\n<meta property=\"og:locale\" content=\"de_DE\" \/>\n<meta property=\"og:type\" content=\"article\" \/>\n<meta property=\"og:title\" content=\"Pose de proth\u00e8ses dentaires - HELVIDENT SUISSE\" \/>\n<meta property=\"og:description\" content=\"La pose de proth\u00e8ses dentaires est un acte courant en m\u00e9decine dentaire. Inlay, couronne ou dentier.. Nos cliniques dentaires \u00e0 Lausanne, Aigle, et Fribourg\" \/>\n<meta property=\"og:url\" content=\"https:\/\/helvident.ch\/de\/dienste\/zahnprothesen\/\" \/>\n<meta property=\"og:site_name\" content=\"Helvident\" \/>\n<meta property=\"article:publisher\" content=\"https:\/\/www.facebook.com\/Helvident-Centre-Dentaire-Fribourg-SA-408825345872856\/\" \/>\n<meta property=\"article:modified_time\" content=\"2019-07-18T08:37:03+00:00\" \/>\n<meta name=\"twitter:card\" content=\"summary_large_image\" \/>\n<meta name=\"twitter:label1\" content=\"Gesch\u00e4tzte Lesezeit\" \/>\n\t<meta name=\"twitter:data1\" content=\"3\u00a0Minuten\" \/>\n<script type=\"application\/ld+json\" class=\"yoast-schema-graph\">{\"@context\":\"https:\\\/\\\/schema.org\",\"@graph\":[{\"@type\":\"WebPage\",\"@id\":\"https:\\\/\\\/helvident.ch\\\/services\\\/protheses-dentaires\\\/\",\"url\":\"https:\\\/\\\/helvident.ch\\\/services\\\/protheses-dentaires\\\/\",\"name\":\"Pose de proth\u00e8ses dentaires - HELVIDENT SUISSE\",\"isPartOf\":{\"@id\":\"https:\\\/\\\/helvident.ch\\\/#website\"},\"datePublished\":\"2019-06-14T18:09:10+00:00\",\"dateModified\":\"2019-07-18T08:37:03+00:00\",\"description\":\"La pose de proth\u00e8ses dentaires est un acte courant en m\u00e9decine dentaire. Inlay, couronne ou dentier.. Nos cliniques dentaires \u00e0 Lausanne, Aigle, et Fribourg\",\"breadcrumb\":{\"@id\":\"https:\\\/\\\/helvident.ch\\\/services\\\/protheses-dentaires\\\/#breadcrumb\"},\"inLanguage\":\"de\",\"potentialAction\":[{\"@type\":\"ReadAction\",\"target\":[\"https:\\\/\\\/helvident.ch\\\/services\\\/protheses-dentaires\\\/\"]}]},{\"@type\":\"BreadcrumbList\",\"@id\":\"https:\\\/\\\/helvident.ch\\\/services\\\/protheses-dentaires\\\/#breadcrumb\",\"itemListElement\":[{\"@type\":\"ListItem\",\"position\":1,\"name\":\"Home\",\"item\":\"https:\\\/\\\/helvident.ch\\\/\"},{\"@type\":\"ListItem\",\"position\":2,\"name\":\"Services\",\"item\":\"https:\\\/\\\/helvident.ch\\\/services\\\/\"},{\"@type\":\"ListItem\",\"position\":3,\"name\":\"Proth\u00e8ses dentaires\"}]},{\"@type\":\"WebSite\",\"@id\":\"https:\\\/\\\/helvident.ch\\\/#website\",\"url\":\"https:\\\/\\\/helvident.ch\\\/\",\"name\":\"Helvident\",\"description\":\"Cliniques Dentaires Lausanne - Aigle - Friboug\",\"publisher\":{\"@id\":\"https:\\\/\\\/helvident.ch\\\/#organization\"},\"potentialAction\":[{\"@type\":\"SearchAction\",\"target\":{\"@type\":\"EntryPoint\",\"urlTemplate\":\"https:\\\/\\\/helvident.ch\\\/?s={search_term_string}\"},\"query-input\":{\"@type\":\"PropertyValueSpecification\",\"valueRequired\":true,\"valueName\":\"search_term_string\"}}],\"inLanguage\":\"de\"},{\"@type\":\"Organization\",\"@id\":\"https:\\\/\\\/helvident.ch\\\/#organization\",\"name\":\"Helvident - Cliniques Dentaires\",\"url\":\"https:\\\/\\\/helvident.ch\\\/\",\"logo\":{\"@type\":\"ImageObject\",\"inLanguage\":\"de\",\"@id\":\"https:\\\/\\\/helvident.ch\\\/#\\\/schema\\\/logo\\\/image\\\/\",\"url\":\"https:\\\/\\\/helvident.ch\\\/wp-content\\\/uploads\\\/2019\\\/06\\\/logo@2x.png\",\"contentUrl\":\"https:\\\/\\\/helvident.ch\\\/wp-content\\\/uploads\\\/2019\\\/06\\\/logo@2x.png\",\"width\":502,\"height\":120,\"caption\":\"Helvident - Cliniques Dentaires\"},\"image\":{\"@id\":\"https:\\\/\\\/helvident.ch\\\/#\\\/schema\\\/logo\\\/image\\\/\"},\"sameAs\":[\"https:\\\/\\\/www.facebook.com\\\/Helvident-Centre-Dentaire-Fribourg-SA-408825345872856\\\/\"]}]}<\/script>\n<!-- \/ Yoast SEO plugin. -->","yoast_head_json":{"title":"Einsetzen von Zahnprothesen - HELVIDENT SCHWEIZ","description":"Das Einsetzen von Zahnersatz ist ein h\u00e4ufiger Vorgang in der Zahnmedizin. Inlay, Krone oder Zahnprothese. Unsere Zahnkliniken in Lausanne, Aigle und Freiburg","robots":{"index":"index","follow":"follow","max-snippet":"max-snippet:-1","max-image-preview":"max-image-preview:large","max-video-preview":"max-video-preview:-1"},"canonical":"https:\/\/helvident.ch\/de\/dienste\/zahnprothesen\/","og_locale":"de_DE","og_type":"article","og_title":"Pose de proth\u00e8ses dentaires - HELVIDENT SUISSE","og_description":"La pose de proth\u00e8ses dentaires est un acte courant en m\u00e9decine dentaire. Inlay, couronne ou dentier.. Nos cliniques dentaires \u00e0 Lausanne, Aigle, et Fribourg","og_url":"https:\/\/helvident.ch\/de\/dienste\/zahnprothesen\/","og_site_name":"Helvident","article_publisher":"https:\/\/www.facebook.com\/Helvident-Centre-Dentaire-Fribourg-SA-408825345872856\/","article_modified_time":"2019-07-18T08:37:03+00:00","twitter_card":"summary_large_image","twitter_misc":{"Gesch\u00e4tzte Lesezeit":"3\u00a0Minuten"},"schema":{"@context":"https:\/\/schema.org","@graph":[{"@type":"WebPage","@id":"https:\/\/helvident.ch\/services\/protheses-dentaires\/","url":"https:\/\/helvident.ch\/services\/protheses-dentaires\/","name":"Einsetzen von Zahnprothesen - HELVIDENT SCHWEIZ","isPartOf":{"@id":"https:\/\/helvident.ch\/#website"},"datePublished":"2019-06-14T18:09:10+00:00","dateModified":"2019-07-18T08:37:03+00:00","description":"Das Einsetzen von Zahnersatz ist ein h\u00e4ufiger Vorgang in der Zahnmedizin. Inlay, Krone oder Zahnprothese. Unsere Zahnkliniken in Lausanne, Aigle und Freiburg","breadcrumb":{"@id":"https:\/\/helvident.ch\/services\/protheses-dentaires\/#breadcrumb"},"inLanguage":"de","potentialAction":[{"@type":"ReadAction","target":["https:\/\/helvident.ch\/services\/protheses-dentaires\/"]}]},{"@type":"BreadcrumbList","@id":"https:\/\/helvident.ch\/services\/protheses-dentaires\/#breadcrumb","itemListElement":[{"@type":"ListItem","position":1,"name":"Home","item":"https:\/\/helvident.ch\/"},{"@type":"ListItem","position":2,"name":"Services","item":"https:\/\/helvident.ch\/services\/"},{"@type":"ListItem","position":3,"name":"Proth\u00e8ses dentaires"}]},{"@type":"WebSite","@id":"https:\/\/helvident.ch\/#website","url":"https:\/\/helvident.ch\/","name":"Helvident","description":"Zahnkliniken Lausanne - Aigle - Friboug","publisher":{"@id":"https:\/\/helvident.ch\/#organization"},"potentialAction":[{"@type":"SearchAction","target":{"@type":"EntryPoint","urlTemplate":"https:\/\/helvident.ch\/?s={search_term_string}"},"query-input":{"@type":"PropertyValueSpecification","valueRequired":true,"valueName":"search_term_string"}}],"inLanguage":"de"},{"@type":"Organization","@id":"https:\/\/helvident.ch\/#organization","name":"Helvident - Zahnmedizinische Kliniken","url":"https:\/\/helvident.ch\/","logo":{"@type":"ImageObject","inLanguage":"de","@id":"https:\/\/helvident.ch\/#\/schema\/logo\/image\/","url":"https:\/\/helvident.ch\/wp-content\/uploads\/2019\/06\/logo@2x.png","contentUrl":"https:\/\/helvident.ch\/wp-content\/uploads\/2019\/06\/logo@2x.png","width":502,"height":120,"caption":"Helvident - Cliniques Dentaires"},"image":{"@id":"https:\/\/helvident.ch\/#\/schema\/logo\/image\/"},"sameAs":["https:\/\/www.facebook.com\/Helvident-Centre-Dentaire-Fribourg-SA-408825345872856\/"]}]}},"_links":{"self":[{"href":"https:\/\/helvident.ch\/de\/wp-json\/wp\/v2\/pages\/29101","targetHints":{"allow":["GET"]}}],"collection":[{"href":"https:\/\/helvident.ch\/de\/wp-json\/wp\/v2\/pages"}],"about":[{"href":"https:\/\/helvident.ch\/de\/wp-json\/wp\/v2\/types\/page"}],"author":[{"embeddable":true,"href":"https:\/\/helvident.ch\/de\/wp-json\/wp\/v2\/users\/1"}],"replies":[{"embeddable":true,"href":"https:\/\/helvident.ch\/de\/wp-json\/wp\/v2\/comments?post=29101"}],"version-history":[{"count":0,"href":"https:\/\/helvident.ch\/de\/wp-json\/wp\/v2\/pages\/29101\/revisions"}],"up":[{"embeddable":true,"href":"https:\/\/helvident.ch\/de\/wp-json\/wp\/v2\/pages\/29057"}],"wp:attachment":[{"href":"https:\/\/helvident.ch\/de\/wp-json\/wp\/v2\/media?parent=29101"}],"curies":[{"name":"wp","href":"https:\/\/api.w.org\/{rel}","templated":true}]}}