{"id":29092,"date":"2019-06-14T19:53:41","date_gmt":"2019-06-14T17:53:41","guid":{"rendered":"http:\/\/helvident.ch\/?page_id=29092"},"modified":"2022-02-23T15:07:14","modified_gmt":"2022-02-23T14:07:14","slug":"zahnhygiene-und-bleichen","status":"publish","type":"page","link":"https:\/\/helvident.ch\/de\/dienste\/zahnhygiene-und-bleichen\/","title":{"rendered":"Zahnhygiene und Bleichen"},"content":{"rendered":"<section class=\"section need-toping\" id=\"section_974817524\">\n\t\t<div class=\"section-bg fill\" >\n\t\t\t\t\t\t\t\t\t\n\t\t\t\n\n\t\t<\/div>\n\n\t\t\n\n\t\t<div class=\"section-content relative\">\n\t\t\t\n\n\n  <div class=\"banner has-hover\" id=\"banner-938278928\">\n          <div class=\"banner-inner fill\">\n        <div class=\"banner-bg fill\" >\n            <img loading=\"lazy\" decoding=\"async\" width=\"1920\" height=\"350\" src=\"https:\/\/helvident.ch\/wp-content\/uploads\/2019\/06\/dentisterie_esthC\u0327tique.jpg\" class=\"bg attachment-original size-original\" alt=\"\" \/>                                    \n                    <\/div>\n\t\t\n        <div class=\"banner-layers container\">\n            <div class=\"fill banner-link\"><\/div>            \n\n   <div id=\"text-box-2102197350\" class=\"text-box banner-layer x50 md-x50 lg-x50 y50 md-y50 lg-y50 res-text\">\n                                <div class=\"text-box-content text dark\">\n              \n              <div class=\"text-inner text-left\">\n                  \n\n<h1>ZAHNHYGIENE<br \/>\nUND BLANCHIMENT<\/h1>\n\n              <\/div>\n           <\/div>\n                            \n<style>\n#text-box-2102197350 {\n  width: 98%;\n}\n#text-box-2102197350 .text-box-content {\n  font-size: 100%;\n}\n<\/style>\n    <\/div>\n \n\n        <\/div>\n      <\/div>\n\n            \n<style>\n#banner-938278928 {\n  padding-top: 300px;\n}\n#banner-938278928 .banner-bg img {\n  object-position: 49% 36%;\n}\n<\/style>\n  <\/div>\n\n\n\n\t\t<\/div>\n\n\t\t\n<style>\n#section_974817524 {\n  padding-top: 0px;\n  padding-bottom: 0px;\n}\n<\/style>\n\t<\/section>\n\t\n\n\t<section class=\"section\" id=\"section_748954557\">\n\t\t<div class=\"section-bg fill\" >\n\t\t\t\t\t\t\t\t\t\n\t\t\t\n\n\t\t<\/div>\n\n\t\t\n\n\t\t<div class=\"section-content relative\">\n\t\t\t\n\n<div class=\"row align-middle\"  id=\"row-46717751\">\n\n\n\t<div id=\"col-1899599183\" class=\"col medium-6 small-12 large-6\"  >\n\t\t\t\t<div class=\"col-inner\"  >\n\t\t\t\n\t\t\t\n\n<p>Bei <a href=\"http:\/\/helvident.ch\/de\/vorstellung\/\">HELVIDENT<\/a>Unser Team von <strong>Zahn\u00e4rzte <\/strong>f\u00fchrt alle \u00fcblichen Handlungen der <strong>Zahnmedizin<\/strong>. Ihr L\u00e4cheln steht bei uns im Mittelpunkt. Sie k\u00f6nnen in unserem <strong>zahnmedizinisches Zentrum in Freiburg<\/strong> oder in unserem <strong>Zahnklinik in St Sulpice<\/strong> in der N\u00e4he von Lausanne.<\/p>\n\n\t\t<\/div>\n\t\t\t\t\t<\/div>\n\n\t\n\n\t<div id=\"col-1888519765\" class=\"col medium-6 small-12 large-6\"  >\n\t\t\t\t<div class=\"col-inner\"  >\n\t\t\t\n\t\t\t\n\n<div class=\"video video-fit mb box-shadow-4\" style=\"padding-top:56.25%;\"><iframe loading=\"lazy\" title=\"Zahnbleaching Lausanne - Aigle - Freiburg\" src=\"https:\/\/player.vimeo.com\/video\/346940250?dnt=1&#038;app_id=122963\" width=\"1020\" height=\"574\" frameborder=\"0\" allow=\"autoplay; fullscreen\" allowfullscreen><\/iframe><\/div>\n\n\n\t\t<\/div>\n\t\t\t\t\t<\/div>\n\n\t\n\n<\/div>\n<div class=\"row\"  id=\"row-943108910\">\n\n\n\t<div id=\"col-328830382\" class=\"col small-12 large-12\"  >\n\t\t\t\t<div class=\"col-inner\"  >\n\t\t\t\n\t\t\t\n\n<div class=\"container section-title-container\" ><h2 class=\"section-title section-title-normal\"><b aria-hidden=\"true\"><\/b><span class=\"section-title-main\" >ZAHNBELAG<\/span><b aria-hidden=\"true\"><\/b><\/h2><\/div>\n\n<p>Die <strong>Zahnbelag <\/strong>ist eine wei\u00dfliche Substanz, die sich auf der Oberfl\u00e4che von<strong> Z\u00e4hne<\/strong>. Sie setzt sich aus Speiseresten, Speichel und Bakterien zusammen. Sie ist eine der Ursachen f\u00fcr die <strong>Kariesbildung<\/strong> und <strong>Zahnfleischprobleme<\/strong>.<\/p>\n<p>Die Bakterien der <strong>Zahnbelag <\/strong>ern\u00e4hren sich von schnellen Zuckern. Sie nehmen ihn auf, vermehren sich und scheiden eine S\u00e4ure aus. Diese S\u00e4ure greift die <strong>Zahnoberfl\u00e4che<\/strong> (l'<strong>Emaille<\/strong>). Im Laufe der Zeit bildet sich ein Hohlraum, der sich kontinuierlich vertieft, bis er die <strong>Dentin<\/strong>und dann das <strong>Zahnnerv <\/strong>wenn nicht rechtzeitig eine Behandlung durchgef\u00fchrt wird. Wir empfehlen Ihnen, vorbeugend zum Arzt zu gehen, um die <a href=\"#\">zahn\u00e4rztliche Notf\u00e4lle<\/a>.<\/p>\n\n\t\t<\/div>\n\t\t\t\t\t<\/div>\n\n\t\n\n<\/div>\n<div class=\"row\"  id=\"row-536816049\">\n\n\n\t<div id=\"col-893376994\" class=\"col small-12 large-12\"  >\n\t\t\t\t<div class=\"col-inner\"  >\n\t\t\t\n\t\t\t\n\n<div class=\"container section-title-container\" ><h2 class=\"section-title section-title-normal\"><b aria-hidden=\"true\"><\/b><span class=\"section-title-main\" >KARIE<\/span><b aria-hidden=\"true\"><\/b><\/h2><\/div>\n\n<p>Die <strong>Karies<\/strong> ist eine Erkrankung, die durch<strong>Ver\u00e4nderungen des Zahnschmelzes <\/strong>oder der <strong>Dentin des Zahns<\/strong>. Sie \u00e4hnelt einem Hohlraum, der durch die allm\u00e4hliche Zerst\u00f6rung der <strong>Zahn<\/strong>.<\/p>\n<p>Die <strong>Karies<\/strong> ist die dritth\u00e4ufigste Erkrankung der Welt. Die Hinzuf\u00fcgung des <strong>Fluor <\/strong>in der Ern\u00e4hrung und in <strong>Zahnpasten<\/strong>Die meisten Menschen, die sich mit dem Thema besch\u00e4ftigen, wissen, dass es sich um eine Krankheit handelt. <strong>zahn\u00e4rztlich <\/strong>f\u00fcr eine gewisse Zeit.<\/p>\n<p>Heutzutage f\u00fchren jedoch neue Essgewohnheiten (Naschen, zuckerhaltige Getr\u00e4nke, Limonaden, Kekse, Schokolade usw.) dazu, dass die<strong> Zahnkaries <\/strong>sind wieder auf dem Vormarsch.<\/p>\n\n\t\t<\/div>\n\t\t\t\t\t<\/div>\n\n\t\n\n<\/div>\n<div class=\"row\"  id=\"row-1398708509\">\n\n\n\t<div id=\"col-1917269669\" class=\"col small-12 large-12\"  >\n\t\t\t\t<div class=\"col-inner\"  >\n\t\t\t\n\t\t\t\n\n<div class=\"container section-title-container\" ><h2 class=\"section-title section-title-normal\"><b aria-hidden=\"true\"><\/b><span class=\"section-title-main\" >ENTFERNUNG<\/span><b aria-hidden=\"true\"><\/b><\/h2><\/div>\n\n<p>Die <strong>Entkalkung<\/strong> besteht aus der Entfernung des <strong>Weinstein <\/strong>der sich auf den <strong>Z\u00e4hne<\/strong>. Es ist das Ergebnis der Verkalkung oder Mineralisierung der <strong>Zahnbelag<\/strong> im Laufe der Jahre.<\/p>\n<p>Im Gegensatz zur <strong>Zahnbelag<\/strong>am <strong>Weinstein<\/strong> kann nicht mit einer<strong> Zahnb\u00fcrste <\/strong>oder des <strong>Zahnseide<\/strong>. Es erfordert den Einsatz eines Fachmanns wie eines <strong>Zahnarzt<\/strong>eine <strong>Hygieniker<\/strong> oder eine <strong>Prophylaxeassistentin<\/strong> mit Instrumenten zum Kratzen und Abziehen des <strong>Weinstein<\/strong>.<\/p>\n<p>Die<strong> Weinstein<\/strong> ist verantwortlich f\u00fcr das Vergilben Ihrer <strong>Z\u00e4hne<\/strong>. Er irritiert die <strong>Zahnfleisch <\/strong>und verursacht auf Dauer einen <strong>Zahnlockerung<\/strong>.<\/p>\n<p>Eine <strong>Entkalkung<\/strong> regelm\u00e4\u00dfig, erg\u00e4nzt durch einen <strong>Zahnkontrolle<\/strong>Die meisten Menschen, die an einer Krankheit leiden, haben ein erh\u00f6htes Risiko, an einer Krankheit zu erkranken, und k\u00f6nnen behandelt werden, bevor es zu sp\u00e4t ist.<\/p>\n\n\n\t\t<\/div>\n\t\t\t\t\t<\/div>\n\n\t\n\n<\/div>\n<div class=\"row align-middle\"  id=\"row-2083441587\">\n\n\n\t<div id=\"col-1905714073\" class=\"col medium-4 small-12 large-4\"  >\n\t\t\t\t<div class=\"col-inner\"  >\n\t\t\t\n\t\t\t\n\n\t<div class=\"img has-hover x md-x lg-x y md-y lg-y\" id=\"image_1084679607\">\n\t\t\t\t\t\t\t\t<div class=\"img-inner box-shadow-4 dark\" >\n\t\t\t<img loading=\"lazy\" decoding=\"async\" width=\"1020\" height=\"680\" src=\"https:\/\/helvident.ch\/wp-content\/uploads\/2019\/07\/Endodontie-2-1024x683.jpg\" class=\"attachment-large size-large\" alt=\"Zahnbehandlung Lausanne\" srcset=\"https:\/\/helvident.ch\/wp-content\/uploads\/2019\/07\/Endodontie-2.jpg 1024w, https:\/\/helvident.ch\/wp-content\/uploads\/2019\/07\/Endodontie-2-300x200.jpg 300w, https:\/\/helvident.ch\/wp-content\/uploads\/2019\/07\/Endodontie-2-768x512.jpg 768w\" sizes=\"auto, (max-width: 1020px) 100vw, 1020px\" \/>\t\t\t\t\t\t\n\t\t\t\t\t<\/div>\n\t\t\t\t\t\t\t\t\n<style>\n#image_1084679607 {\n  width: 83%;\n}\n<\/style>\n\t<\/div>\n\t\n\n\n\t\t<\/div>\n\t\t\t\t\t<\/div>\n\n\t\n\n\t<div id=\"col-1154766333\" class=\"col medium-8 small-12 large-8\"  >\n\t\t\t\t<div class=\"col-inner\"  >\n\t\t\t\n\t\t\t\n\n<div class=\"container section-title-container\" ><h2 class=\"section-title section-title-normal\"><b aria-hidden=\"true\"><\/b><span class=\"section-title-main\" >ZAHNPUTZTECHNIKEN<\/span><b aria-hidden=\"true\"><\/b><\/h2><\/div>\n\n<p>Zus\u00e4tzlich zu den <strong>Zahn\u00e4rzte<\/strong>Das Team von<strong>HELVIDENT<\/strong> Konto der <strong>Hygieniker <\/strong>und <strong>Prophylaxe-Assistentinnen<\/strong>. Diese professionellen<strong>Mund- und Zahnhygiene <\/strong>haben vier Hauptaufgaben:<\/p>\n<ul>\n<li>einen <strong>Kontrolle der Z\u00e4hne und der Mundh\u00f6hle<\/strong><\/li>\n<li><strong>Zahnstein entfernen<\/strong><\/li>\n<li>unterrichten die <strong>Zahnputztechniken<\/strong> die f\u00fcr die Situation des einzelnen Patienten am besten geeignet sind<\/li>\n<li>Ihre Fragen und Anliegen individuell beantworten.<\/li>\n<\/ul>\n<p>Jeder Mund ist etwas anders. Daher sollten die Techniken sowie die verwendeten Mittel an den jeweiligen Einzelfall angepasst werden.<\/p>\n\n\t\t<\/div>\n\t\t\t\t\t<\/div>\n\n\t\n\n<\/div>\n<div class=\"row align-middle\"  id=\"row-1505075201\">\n\n\n\t<div id=\"col-129442655\" class=\"col small-12 large-12\"  >\n\t\t\t\t<div class=\"col-inner\"  >\n\t\t\t\n\t\t\t\n\n<div class=\"container section-title-container\" ><h2 class=\"section-title section-title-normal\"><b aria-hidden=\"true\"><\/b><span class=\"section-title-main\" >ZAHNAUFHELLUNG<\/span><b aria-hidden=\"true\"><\/b><\/h2><\/div>\n\n<p>Die <strong>Zahnaufhellung <\/strong>erfolgt durch Auftragen von Gel auf die<strong> Z\u00e4hne<\/strong>. Je nach Konzentration und Dauer der Anwendung liefert dieses Produkt mehr oder weniger intensive Ergebnisse. Es besteht aus <strong>Carbamidperoxid<\/strong>. Er entfernt die angesammelten Verf\u00e4rbungen auf den <strong>Z\u00e4hne<\/strong> und in den Unvollkommenheiten des<strong>Emaille<\/strong>.<\/p>\n<h3>EINE ZAHNAUFHELLUNG IN DER ZAHNARZTPRAXIS DURCHF\u00dcHREN<\/h3>\n<p>So l\u00e4uft der Akt der <strong>Geldw\u00e4sche <\/strong>in einem <strong>zahnmedizinisches Zentrum HELVIDENT<\/strong> :<\/p>\n<ul>\n<li>Auftragen eines konzentrierten Gels auf Ihre Z\u00e4hne und eines Schutzes auf das Zahnfleisch<\/li>\n<li>Erste Sitzung von 8 Minuten: Das Gel wird unter dem Einfluss einer speziellen, sehr starken Lampe aktiviert.<\/li>\n<li>Wechsel des Gels und zweite 8-min\u00fctige Sitzung<\/li>\n<\/ul>\n<p>Eine ganze Sitzung von <strong>Zahnaufhellung<\/strong> beinhaltet in der Regel drei Anwendungen des Gels unter der Lampe. Wenn nach mehreren Wochen das Ergebnis nicht ausreicht, erhalten Sie eine zus\u00e4tzliche Sitzung.<\/p>\n\n\t\t<\/div>\n\t\t\t\t\t<\/div>\n\n\t\n\n<\/div>\n<div class=\"row align-middle\"  id=\"row-265861189\">\n\n\n\t<div id=\"col-309001914\" class=\"col medium-6 small-12 large-6\"  >\n\t\t\t\t<div class=\"col-inner\"  >\n\t\t\t\n\t\t\t\n\n<h3>EINE ZAHNAUFHELLUNG ZU HAUSE DURCHF\u00dcHREN<\/h3>\n<p><strong>HELVIDENT<\/strong> bietet Ihnen die Option, einen <strong>Geldw\u00e4sche<\/strong> bei Ihnen zu Hause. Sie vereinbaren zun\u00e4chst einen Termin mit einem unserer<strong> Zahn\u00e4rzte<\/strong> um die <strong>Abdr\u00fccke Ihrer Z\u00e4hne<\/strong>. Die <strong>Dentallabor<\/strong> f\u00fchrt dann 2 <strong>Dachrinnen<\/strong> ma\u00dfgeschneidert, die Sie gerne abholen k\u00f6nnen.<\/p>\n<p>Zu Hause angekommen, tragen Sie das mitgelieferte Gel in den <strong>Dachrinnen<\/strong> bevor du sie auf deine <strong>Z\u00e4hne<\/strong>. Diesen Vorgang wiederholen Sie jeden Tag, bis Sie die gew\u00fcnschte Wei\u00dfe erreicht haben. Dies kann je nach Fall 5 Tage oder 20 Tage dauern.<\/p>\n\n\t\t<\/div>\n\t\t\t\t\t<\/div>\n\n\t\n\n\t<div id=\"col-1128523371\" class=\"col medium-6 small-12 large-6\"  >\n\t\t\t\t<div class=\"col-inner\"  >\n\t\t\t\n\t\t\t\n\n<div class=\"video video-fit mb box-shadow-4\" style=\"padding-top:56.25%;\"><p><iframe loading=\"lazy\" title=\"Professionelles Zahnbleaching\" src=\"https:\/\/player.vimeo.com\/video\/346940699?dnt=1&#038;app_id=122963\" width=\"1020\" height=\"574\" frameborder=\"0\" allow=\"autoplay; fullscreen\" allowfullscreen><\/iframe><\/p>\n<\/div>\n\n\n\t\t<\/div>\n\t\t\t\t\t<\/div>\n\n\t\n\n<\/div>\n\n\t\t<\/div>\n\n\t\t\n<style>\n#section_748954557 {\n  padding-top: 60px;\n  padding-bottom: 60px;\n}\n<\/style>\n\t<\/section>","protected":false},"excerpt":{"rendered":"","protected":false},"author":1,"featured_media":0,"parent":29057,"menu_order":0,"comment_status":"closed","ping_status":"closed","template":"page-blank.php","meta":{"_acf_changed":false,"footnotes":""},"class_list":["post-29092","page","type-page","status-publish","hentry"],"acf":[],"yoast_head":"<!-- This site is optimized with the Yoast SEO plugin v27.3 - https:\/\/yoast.com\/product\/yoast-seo-wordpress\/ -->\n<title>Hygi\u00e8ne dentaire et blanchiment des dents - HELVIDENT SUISSE<\/title>\n<meta name=\"description\" content=\"Plaque dentaire, carie, tartre et dents jaunes sont des probl\u00e8mes courants en m\u00e9decine dentaire. D\u00e9couvrez les services des cliniques HELVIDENT en Suisse.\" \/>\n<meta name=\"robots\" content=\"index, follow, max-snippet:-1, max-image-preview:large, max-video-preview:-1\" \/>\n<link rel=\"canonical\" href=\"https:\/\/helvident.ch\/de\/dienste\/zahnhygiene-und-bleichen\/\" \/>\n<meta property=\"og:locale\" content=\"de_DE\" \/>\n<meta property=\"og:type\" content=\"article\" \/>\n<meta property=\"og:title\" content=\"Hygi\u00e8ne dentaire et blanchiment des dents - HELVIDENT SUISSE\" \/>\n<meta property=\"og:description\" content=\"Plaque dentaire, carie, tartre et dents jaunes sont des probl\u00e8mes courants en m\u00e9decine dentaire. D\u00e9couvrez les services des cliniques HELVIDENT en Suisse.\" \/>\n<meta property=\"og:url\" content=\"https:\/\/helvident.ch\/de\/dienste\/zahnhygiene-und-bleichen\/\" \/>\n<meta property=\"og:site_name\" content=\"Helvident\" \/>\n<meta property=\"article:publisher\" content=\"https:\/\/www.facebook.com\/Helvident-Centre-Dentaire-Fribourg-SA-408825345872856\/\" \/>\n<meta property=\"article:modified_time\" content=\"2022-02-23T14:07:14+00:00\" \/>\n<meta name=\"twitter:card\" content=\"summary_large_image\" \/>\n<meta name=\"twitter:label1\" content=\"Gesch\u00e4tzte Lesezeit\" \/>\n\t<meta name=\"twitter:data1\" content=\"5\u00a0Minuten\" \/>\n<script type=\"application\/ld+json\" class=\"yoast-schema-graph\">{\"@context\":\"https:\\\/\\\/schema.org\",\"@graph\":[{\"@type\":\"WebPage\",\"@id\":\"https:\\\/\\\/helvident.ch\\\/services\\\/hygiene-dentaire-et-blanchiment\\\/\",\"url\":\"https:\\\/\\\/helvident.ch\\\/services\\\/hygiene-dentaire-et-blanchiment\\\/\",\"name\":\"Hygi\u00e8ne dentaire et blanchiment des dents - HELVIDENT SUISSE\",\"isPartOf\":{\"@id\":\"https:\\\/\\\/helvident.ch\\\/#website\"},\"datePublished\":\"2019-06-14T17:53:41+00:00\",\"dateModified\":\"2022-02-23T14:07:14+00:00\",\"description\":\"Plaque dentaire, carie, tartre et dents jaunes sont des probl\u00e8mes courants en m\u00e9decine dentaire. D\u00e9couvrez les services des cliniques HELVIDENT en Suisse.\",\"breadcrumb\":{\"@id\":\"https:\\\/\\\/helvident.ch\\\/services\\\/hygiene-dentaire-et-blanchiment\\\/#breadcrumb\"},\"inLanguage\":\"de\",\"potentialAction\":[{\"@type\":\"ReadAction\",\"target\":[\"https:\\\/\\\/helvident.ch\\\/services\\\/hygiene-dentaire-et-blanchiment\\\/\"]}]},{\"@type\":\"BreadcrumbList\",\"@id\":\"https:\\\/\\\/helvident.ch\\\/services\\\/hygiene-dentaire-et-blanchiment\\\/#breadcrumb\",\"itemListElement\":[{\"@type\":\"ListItem\",\"position\":1,\"name\":\"Home\",\"item\":\"https:\\\/\\\/helvident.ch\\\/\"},{\"@type\":\"ListItem\",\"position\":2,\"name\":\"Services\",\"item\":\"https:\\\/\\\/helvident.ch\\\/services\\\/\"},{\"@type\":\"ListItem\",\"position\":3,\"name\":\"Hygi\u00e8ne dentaire et blanchiment\"}]},{\"@type\":\"WebSite\",\"@id\":\"https:\\\/\\\/helvident.ch\\\/#website\",\"url\":\"https:\\\/\\\/helvident.ch\\\/\",\"name\":\"Helvident\",\"description\":\"Cliniques Dentaires Lausanne - Aigle - Friboug\",\"publisher\":{\"@id\":\"https:\\\/\\\/helvident.ch\\\/#organization\"},\"potentialAction\":[{\"@type\":\"SearchAction\",\"target\":{\"@type\":\"EntryPoint\",\"urlTemplate\":\"https:\\\/\\\/helvident.ch\\\/?s={search_term_string}\"},\"query-input\":{\"@type\":\"PropertyValueSpecification\",\"valueRequired\":true,\"valueName\":\"search_term_string\"}}],\"inLanguage\":\"de\"},{\"@type\":\"Organization\",\"@id\":\"https:\\\/\\\/helvident.ch\\\/#organization\",\"name\":\"Helvident - Cliniques Dentaires\",\"url\":\"https:\\\/\\\/helvident.ch\\\/\",\"logo\":{\"@type\":\"ImageObject\",\"inLanguage\":\"de\",\"@id\":\"https:\\\/\\\/helvident.ch\\\/#\\\/schema\\\/logo\\\/image\\\/\",\"url\":\"https:\\\/\\\/helvident.ch\\\/wp-content\\\/uploads\\\/2019\\\/06\\\/logo@2x.png\",\"contentUrl\":\"https:\\\/\\\/helvident.ch\\\/wp-content\\\/uploads\\\/2019\\\/06\\\/logo@2x.png\",\"width\":502,\"height\":120,\"caption\":\"Helvident - Cliniques Dentaires\"},\"image\":{\"@id\":\"https:\\\/\\\/helvident.ch\\\/#\\\/schema\\\/logo\\\/image\\\/\"},\"sameAs\":[\"https:\\\/\\\/www.facebook.com\\\/Helvident-Centre-Dentaire-Fribourg-SA-408825345872856\\\/\"]}]}<\/script>\n<!-- \/ Yoast SEO plugin. -->","yoast_head_json":{"title":"Zahnhygiene und Zahnaufhellung - HELVIDENT SCHWEIZ","description":"Plaque, Karies, Zahnstein und gelbe Z\u00e4hne sind h\u00e4ufige Probleme in der Zahnmedizin. Erfahren Sie mehr \u00fcber die Leistungen der HELVIDENT-Kliniken in der Schweiz.","robots":{"index":"index","follow":"follow","max-snippet":"max-snippet:-1","max-image-preview":"max-image-preview:large","max-video-preview":"max-video-preview:-1"},"canonical":"https:\/\/helvident.ch\/de\/dienste\/zahnhygiene-und-bleichen\/","og_locale":"de_DE","og_type":"article","og_title":"Hygi\u00e8ne dentaire et blanchiment des dents - HELVIDENT SUISSE","og_description":"Plaque dentaire, carie, tartre et dents jaunes sont des probl\u00e8mes courants en m\u00e9decine dentaire. D\u00e9couvrez les services des cliniques HELVIDENT en Suisse.","og_url":"https:\/\/helvident.ch\/de\/dienste\/zahnhygiene-und-bleichen\/","og_site_name":"Helvident","article_publisher":"https:\/\/www.facebook.com\/Helvident-Centre-Dentaire-Fribourg-SA-408825345872856\/","article_modified_time":"2022-02-23T14:07:14+00:00","twitter_card":"summary_large_image","twitter_misc":{"Gesch\u00e4tzte Lesezeit":"5\u00a0Minuten"},"schema":{"@context":"https:\/\/schema.org","@graph":[{"@type":"WebPage","@id":"https:\/\/helvident.ch\/services\/hygiene-dentaire-et-blanchiment\/","url":"https:\/\/helvident.ch\/services\/hygiene-dentaire-et-blanchiment\/","name":"Zahnhygiene und Zahnaufhellung - HELVIDENT SCHWEIZ","isPartOf":{"@id":"https:\/\/helvident.ch\/#website"},"datePublished":"2019-06-14T17:53:41+00:00","dateModified":"2022-02-23T14:07:14+00:00","description":"Plaque, Karies, Zahnstein und gelbe Z\u00e4hne sind h\u00e4ufige Probleme in der Zahnmedizin. Erfahren Sie mehr \u00fcber die Leistungen der HELVIDENT-Kliniken in der Schweiz.","breadcrumb":{"@id":"https:\/\/helvident.ch\/services\/hygiene-dentaire-et-blanchiment\/#breadcrumb"},"inLanguage":"de","potentialAction":[{"@type":"ReadAction","target":["https:\/\/helvident.ch\/services\/hygiene-dentaire-et-blanchiment\/"]}]},{"@type":"BreadcrumbList","@id":"https:\/\/helvident.ch\/services\/hygiene-dentaire-et-blanchiment\/#breadcrumb","itemListElement":[{"@type":"ListItem","position":1,"name":"Home","item":"https:\/\/helvident.ch\/"},{"@type":"ListItem","position":2,"name":"Services","item":"https:\/\/helvident.ch\/services\/"},{"@type":"ListItem","position":3,"name":"Hygi\u00e8ne dentaire et blanchiment"}]},{"@type":"WebSite","@id":"https:\/\/helvident.ch\/#website","url":"https:\/\/helvident.ch\/","name":"Helvident","description":"Zahnkliniken Lausanne - Aigle - Friboug","publisher":{"@id":"https:\/\/helvident.ch\/#organization"},"potentialAction":[{"@type":"SearchAction","target":{"@type":"EntryPoint","urlTemplate":"https:\/\/helvident.ch\/?s={search_term_string}"},"query-input":{"@type":"PropertyValueSpecification","valueRequired":true,"valueName":"search_term_string"}}],"inLanguage":"de"},{"@type":"Organization","@id":"https:\/\/helvident.ch\/#organization","name":"Helvident - Zahnmedizinische Kliniken","url":"https:\/\/helvident.ch\/","logo":{"@type":"ImageObject","inLanguage":"de","@id":"https:\/\/helvident.ch\/#\/schema\/logo\/image\/","url":"https:\/\/helvident.ch\/wp-content\/uploads\/2019\/06\/logo@2x.png","contentUrl":"https:\/\/helvident.ch\/wp-content\/uploads\/2019\/06\/logo@2x.png","width":502,"height":120,"caption":"Helvident - Cliniques Dentaires"},"image":{"@id":"https:\/\/helvident.ch\/#\/schema\/logo\/image\/"},"sameAs":["https:\/\/www.facebook.com\/Helvident-Centre-Dentaire-Fribourg-SA-408825345872856\/"]}]}},"_links":{"self":[{"href":"https:\/\/helvident.ch\/de\/wp-json\/wp\/v2\/pages\/29092","targetHints":{"allow":["GET"]}}],"collection":[{"href":"https:\/\/helvident.ch\/de\/wp-json\/wp\/v2\/pages"}],"about":[{"href":"https:\/\/helvident.ch\/de\/wp-json\/wp\/v2\/types\/page"}],"author":[{"embeddable":true,"href":"https:\/\/helvident.ch\/de\/wp-json\/wp\/v2\/users\/1"}],"replies":[{"embeddable":true,"href":"https:\/\/helvident.ch\/de\/wp-json\/wp\/v2\/comments?post=29092"}],"version-history":[{"count":1,"href":"https:\/\/helvident.ch\/de\/wp-json\/wp\/v2\/pages\/29092\/revisions"}],"predecessor-version":[{"id":30404,"href":"https:\/\/helvident.ch\/de\/wp-json\/wp\/v2\/pages\/29092\/revisions\/30404"}],"up":[{"embeddable":true,"href":"https:\/\/helvident.ch\/de\/wp-json\/wp\/v2\/pages\/29057"}],"wp:attachment":[{"href":"https:\/\/helvident.ch\/de\/wp-json\/wp\/v2\/media?parent=29092"}],"curies":[{"name":"wp","href":"https:\/\/api.w.org\/{rel}","templated":true}]}}