{"id":29088,"date":"2019-06-14T19:47:50","date_gmt":"2019-06-14T17:47:50","guid":{"rendered":"http:\/\/helvident.ch\/?page_id=29088"},"modified":"2019-07-18T10:18:05","modified_gmt":"2019-07-18T08:18:05","slug":"endodontie","status":"publish","type":"page","link":"https:\/\/helvident.ch\/de\/dienste\/endodontie\/","title":{"rendered":"Endodontie"},"content":{"rendered":"<section class=\"section need-toping\" id=\"section_1645980494\">\n\t\t<div class=\"section-bg fill\" >\n\t\t\t\t\t\t\t\t\t\n\t\t\t\n\n\t\t<\/div>\n\n\t\t\n\n\t\t<div class=\"section-content relative\">\n\t\t\t\n\n  <div class=\"banner has-hover\" id=\"banner-1215262335\">\n          <div class=\"banner-inner fill\">\n        <div class=\"banner-bg fill\" >\n            <img loading=\"lazy\" decoding=\"async\" width=\"1920\" height=\"350\" src=\"https:\/\/helvident.ch\/wp-content\/uploads\/2019\/06\/Dentisterie-familiale.jpg\" class=\"bg attachment-original size-original\" alt=\"\" \/>                        <div class=\"overlay\"><\/div>            \n                    <\/div>\n\t\t\n        <div class=\"banner-layers container\">\n            <div class=\"fill banner-link\"><\/div>            \n   <div id=\"text-box-1698284968\" class=\"text-box banner-layer x50 md-x50 lg-x50 y50 md-y50 lg-y50 res-text\">\n                                <div class=\"text-box-content text dark\">\n              \n              <div class=\"text-inner text-left\">\n                  \n<h1>ENDODONTIE<\/h1>\n              <\/div>\n           <\/div>\n                            \n<style>\n#text-box-1698284968 {\n  width: 98%;\n}\n#text-box-1698284968 .text-box-content {\n  font-size: 31%;\n}\n@media (min-width:550px) {\n  #text-box-1698284968 .text-box-content {\n    font-size: 100%;\n  }\n}\n<\/style>\n    <\/div>\n \n        <\/div>\n      <\/div>\n\n            \n<style>\n#banner-1215262335 {\n  padding-top: 300px;\n}\n#banner-1215262335 .overlay {\n  background-color: rgba(0, 0, 0, 0.2);\n}\n#banner-1215262335 .banner-bg img {\n  object-position: 79% 18%;\n}\n<\/style>\n  <\/div>\n\n\n\t\t<\/div>\n\n\t\t\n<style>\n#section_1645980494 {\n  padding-top: 0px;\n  padding-bottom: 0px;\n}\n<\/style>\n\t<\/section>\n\t\n\n\t<section class=\"section\" id=\"section_1169335446\">\n\t\t<div class=\"section-bg fill\" >\n\t\t\t\t\t\t\t\t\t\n\t\t\t\n\n\t\t<\/div>\n\n\t\t\n\n\t\t<div class=\"section-content relative\">\n\t\t\t\n<div class=\"row align-middle align-center\"  id=\"row-959794009\">\n\n\t<div id=\"col-1705380991\" class=\"col medium-6 small-12 large-6\"  >\n\t\t\t\t<div class=\"col-inner\"  >\n\t\t\t\n\t\t\t\n<p>Bei <a href=\"http:\/\/helvident.ch\/de\/vorstellung\/\">HELVIDENT<\/a>Unser Team von <strong>Zahn\u00e4rzte <\/strong>f\u00fchrt alle g\u00e4ngigen und spezialisierten Handlungen der <strong>Zahnmedizin<\/strong>. Sie k\u00f6nnen in unserem <strong>zahnmedizinisches Zentrum in Freiburg<\/strong> oder in unserem <strong>Zahnklinik in St Sulpice<\/strong> in der N\u00e4he von Lausanne.<\/p>\n<p>Zu den erg\u00e4nzenden Spezialisierungen zum<strong>Odontologie<\/strong>Einige von ihnen sind bekannt wie die<a href=\"http:\/\/helvident.ch\/de\/dienste\/kieferorthopadie\/\">Kieferorthop\u00e4die<\/a>andere hingegen sind weniger beliebt. Dies ist der Fall bei<strong>Endodontie<\/strong>.<\/p>\n<p>L'<strong>Endodontie<\/strong> bezeichnet Behandlungen, die die<strong>Zahninneres<\/strong>. Sie zielen auf die Vorbeugung, Diagnose und Behandlung von Pathologien des <strong>inneres Kanalsystem des Gebisses<\/strong>. Sie betreffen zum Beispiel Entz\u00fcndungen und Infektionen, die die <strong>Zahnpulpa <\/strong>und die<strong> periradikul\u00e4re Gewebe.<\/strong><\/p>\n<p>L'<strong>Endodontologe <\/strong>ist ein Spezialist, der m\u00f6glicherweise mit anderen zusammenarbeiten muss <strong>Zahnspezialisten <\/strong>aus verschiedenen Disziplinen, um komplexe F\u00e4lle zu bearbeiten. Bei <strong>HELVIDENT<\/strong>Wir bringen alle Dienste von <strong>Zahnmedizin <\/strong>an einem Ort, um Ihnen eine umfassende und optimale endodontische Versorgung zu bieten.<\/p>\n\t\t<\/div>\n\t\t\t\t\t<\/div>\n\n\t\n\n\t<div id=\"col-2025620025\" class=\"col medium-6 small-12 large-6\"  >\n\t\t\t\t<div class=\"col-inner\"  >\n\t\t\t\n\t\t\t\n<div class=\"video video-fit mb box-shadow-4\" style=\"padding-top:56.25%;\"><p><iframe loading=\"lazy\" title=\"Dentalmikroskop\" src=\"https:\/\/player.vimeo.com\/video\/346940359?dnt=1&#038;app_id=122963\" width=\"1020\" height=\"574\" frameborder=\"0\" allow=\"autoplay; fullscreen\" allowfullscreen><\/iframe><\/p>\n<\/div>\n\t\t<\/div>\n\t\t\t\t\t<\/div>\n\n\t\n<\/div>\n<div class=\"row\"  id=\"row-2090936519\">\n\n\t<div id=\"col-1547361272\" class=\"col small-12 large-12\"  >\n\t\t\t\t<div class=\"col-inner\"  >\n\t\t\t\n\t\t\t\n\t<div id=\"gap-428795003\" class=\"gap-element clearfix\" style=\"display:block; height:auto;\">\n\t\t\n<style>\n#gap-428795003 {\n  padding-top: 30px;\n}\n<\/style>\n\t<\/div>\n\t\n<div class=\"container section-title-container\" ><h2 class=\"section-title section-title-normal\"><b aria-hidden=\"true\"><\/b><span class=\"section-title-main\" >ZAHNWURZELBEHANDLUNG<\/span><b aria-hidden=\"true\"><\/b><\/h2><\/div>\n<p>L'<strong>Endodont<\/strong> ist die<strong> innerer Teil des Zahns<\/strong>. Dieser Raum, genannt <strong>Pulpakammer<\/strong> im Jargon <strong>zahn\u00e4rztlich<\/strong>Die Pulpa enth\u00e4lt lebende Zellen, Blutgef\u00e4\u00dfe und Nervenfasern. Das Fruchtfleisch setzt sich in den Wurzelkan\u00e4len fort.<\/p>\n<p>Die Besch\u00e4digung des Fruchtfleisches f\u00fchrt zu einer <strong>L\u00e4sion im apikalen Bereich<\/strong> (der <strong>Zahnspitze<\/strong>). Der Nerv kann nekrotisch werden. Durch das Absterben von Zellen innerhalb des<strong> Zahn<\/strong> kann zu starken Schmerzen und Infektionen f\u00fchren. Wir empfehlen Ihnen, vorbeugend zum Arzt zu gehen, um die <a href=\"#\">zahn\u00e4rztliche Notf\u00e4lle<\/a>.<\/p>\n<p>Mehrere Faktoren k\u00f6nnen dies verursachen<strong> endodontisch bedingte L\u00e4sion<\/strong> :<\/p>\n<ul>\n<li>eine Pulpaexposition nach einer <strong>Karies<\/strong> oder zu einer tiefen Restauration<\/li>\n<li>eine <strong>Koronarriss<\/strong> das Fruchtfleisch verbinden<\/li>\n<li>einen Unfall oder ein Trauma im Bereich des Kiefers<\/li>\n<li>eine starke Reizung<\/li>\n<\/ul>\n<p>Die <strong>endodontische Therapie <\/strong>wird zun\u00e4chst ein Loch bis zum Fruchtfleisch gegraben. L'<strong>Endodontologe <\/strong>f\u00fchrt dann die chemische und mechanische Reinigung der <strong>Pulpakammer <\/strong>und seiner Kan\u00e4le. Er entfernt nekrotische Zellen und desinfiziert den K\u00f6rper.<strong>Zahninneres<\/strong>. Die Behandlung endet mit dem wasserdichten Verschlie\u00dfen der Kan\u00e4le und der <strong>Pulpakammer <\/strong>mit einem geeigneten Mittel behandelt. Dadurch wird das Risiko einer sp\u00e4teren Neuinfektion stark eingeschr\u00e4nkt.<\/p>\n\t\t<\/div>\n\t\t\t\t\t<\/div>\n\n\t\n<\/div>\n<div class=\"row\"  id=\"row-1353715996\">\n\n\t<div id=\"col-1015750666\" class=\"col small-12 large-12\"  >\n\t\t\t\t<div class=\"col-inner\"  >\n\t\t\t\n\t\t\t\n<div class=\"container section-title-container\" ><h2 class=\"section-title section-title-normal\"><b aria-hidden=\"true\"><\/b><span class=\"section-title-main\" >VERWENDUNG DES DENTALMIKROSKOPS<\/span><b aria-hidden=\"true\"><\/b><\/h2><\/div>\n<p>Die Kan\u00e4le, die in der <strong>Zahnwurzel<\/strong> k\u00f6nnen manchmal extrem kleine Durchmesser haben. Trotz der starken Lichter unserer <strong>Zahnarztpraxen<\/strong>Wenn Sie den Eingang zu den Wurzelkan\u00e4len mit dem blo\u00dfen Auge nicht erkennen k\u00f6nnen, ist es manchmal schwierig, ihn zu erkennen.<\/p>\n<p>In diesem Fall wird die<strong>Endodontologe <\/strong>greift auf einen <strong>Dentalmikroskop<\/strong> leistungsstarkes Ger\u00e4t, das eine viel genauere Vergr\u00f6\u00dferung und Untersuchung von <strong>Zahn-, Pulpa- und Periradikul\u00e4rstrukturen<\/strong>. Dies erh\u00f6ht die Erfolgschancen und damit die Prognose Ihres <strong>Zahn <\/strong>langfristig.<\/p>\n<p>Bei <strong>HELVIDENT<\/strong>In unserem Zentrum f\u00fcr Zahnmedizin tun wir alles, um die Qualit\u00e4t und Nachhaltigkeit der Behandlungen, die wir unseren Patienten anbieten, zu gew\u00e4hrleisten. Ihr L\u00e4cheln steht bei uns im Mittelpunkt. Z\u00f6gern Sie nicht, einen Termin zu vereinbaren, sobald Sie unter einem <strong>Schmerz von<\/strong><strong>Ursprung im Mund oder in den Z\u00e4hnen<\/strong><\/p>\n\t\t<\/div>\n\t\t\t\t\t<\/div>\n\n\t\n<\/div>\n<div class=\"row\"  id=\"row-1292686932\">\n\n\t<div id=\"col-789234336\" class=\"col small-12 large-12\"  >\n\t\t\t\t<div class=\"col-inner\"  >\n\t\t\t\n\t\t\t\n<div class=\"container section-title-container\" ><h2 class=\"section-title section-title-normal\"><b aria-hidden=\"true\"><\/b><span class=\"section-title-main\" >PARODONTALE BEHANDLUNGEN<\/span><b aria-hidden=\"true\"><\/b><\/h2><\/div>\n<p>Zur Behandlung von <strong>entz\u00fcndliche Erkrankungen des Zahnhalteapparats<\/strong>Die <strong>Zahnb\u00fcrste<\/strong> und der<strong> Zahnseide<\/strong> nicht ausreichen.<\/p>\n<p>Eine <strong>Hygieniker<\/strong>ein <strong>Zahnarzt<\/strong> oder ein <strong>Parodontologe <\/strong>muss schnell eingreifen, um Sie zu behandeln. Je fr\u00fcher die Krankheit behandelt wird, desto weniger Gewebe wird zerst\u00f6rt und desto weniger werden Sie unter den Folgen des bakteriellen Angriffs leiden. So maximieren Sie die Chancen, dass Sie nach den<strong> Zahnpflege<\/strong>.<\/p>\n<p>Das Team von<strong>HELVIDENT<\/strong> z\u00e4hlt eine <strong>Parodontologe<\/strong>. Sie ist <strong>Zahnarzt<\/strong> spezialisiert auf diese Art von <strong>Zahnpathologien<\/strong> mit denen sie sich t\u00e4glich befasst.<\/p>\n\t\t<\/div>\n\t\t\t\t\t<\/div>\n\n\t\n<\/div>\n<div class=\"row align-middle align-center\"  id=\"row-723623695\">\n\n\t<div id=\"col-598126885\" class=\"col medium-4 small-12 large-4\"  >\n\t\t\t\t<div class=\"col-inner\"  >\n\t\t\t\n\t\t\t\n\t<div class=\"img has-hover x md-x lg-x y md-y lg-y\" id=\"image_972750155\">\n\t\t\t\t\t\t\t\t<div class=\"img-inner box-shadow-4 dark\" >\n\t\t\t<img loading=\"lazy\" decoding=\"async\" width=\"1020\" height=\"680\" src=\"https:\/\/helvident.ch\/wp-content\/uploads\/2019\/07\/Radiographie_bouche-1024x683.jpg\" class=\"attachment-large size-large\" alt=\"R\u00f6ntgenbild_Mund\" srcset=\"https:\/\/helvident.ch\/wp-content\/uploads\/2019\/07\/Radiographie_bouche.jpg 1024w, https:\/\/helvident.ch\/wp-content\/uploads\/2019\/07\/Radiographie_bouche-300x200.jpg 300w, https:\/\/helvident.ch\/wp-content\/uploads\/2019\/07\/Radiographie_bouche-768x512.jpg 768w\" sizes=\"auto, (max-width: 1020px) 100vw, 1020px\" \/>\t\t\t\t\t\t\n\t\t\t\t\t<\/div>\n\t\t\t\t\t\t\t\t\n<style>\n#image_972750155 {\n  width: 87%;\n}\n<\/style>\n\t<\/div>\n\t\n\t\t<\/div>\n\t\t\t\t\t<\/div>\n\n\t\n\n\t<div id=\"col-835127877\" class=\"col medium-8 small-12 large-8\"  >\n\t\t\t\t<div class=\"col-inner\"  >\n\t\t\t\n\t\t\t\n<div class=\"container section-title-container\" ><h2 class=\"section-title section-title-normal\"><b aria-hidden=\"true\"><\/b><span class=\"section-title-main\" >DIE ZAHNR\u00d6NTGENAUFNAHME<\/span><b aria-hidden=\"true\"><\/b><\/h2><\/div>\n<p>Die <strong>HELVIDENT Zahnmedizinische Zentren <\/strong>sind mit modernster Technologie ausgestattet. Unser Team erstellt digitale R\u00f6ntgenaufnahmen, die die R\u00f6ntgenstrahlendosis, die die Patienten erhalten, verringern.<\/p>\n<p>Unser <strong>Parodontologe <\/strong>kann dazu veranlasst werden, Ihnen eine <strong>Zahnr\u00f6ntgen<\/strong> um den Schaden des bakteriellen Angriffs zu beurteilen. Diese Bilder helfen ihm bei seiner Diagnose und der Wahl der f\u00fcr Ihre Situation am besten geeigneten L\u00f6sung.<\/p>\n<p>Z\u00f6gern Sie nicht, uns f\u00fcr weitere Informationen \u00fcber unsere<strong> Zahnbehandlungen<\/strong> oder um einen Termin mit unserem <strong>Parodontologe<\/strong>.<\/p>\n\t\t<\/div>\n\t\t\t\t\t<\/div>\n\n\t\n<\/div>\n\t\t<\/div>\n\n\t\t\n<style>\n#section_1169335446 {\n  padding-top: 60px;\n  padding-bottom: 60px;\n}\n<\/style>\n\t<\/section>","protected":false},"excerpt":{"rendered":"","protected":false},"author":1,"featured_media":0,"parent":29057,"menu_order":0,"comment_status":"closed","ping_status":"closed","template":"page-blank.php","meta":{"_acf_changed":false,"footnotes":""},"class_list":["post-29088","page","type-page","status-publish","hentry"],"acf":[],"yoast_head":"<!-- This site is optimized with the Yoast SEO plugin v27.3 - https:\/\/yoast.com\/product\/yoast-seo-wordpress\/ -->\n<title>L\u2019endodontie, sp\u00e9cialit\u00e9 dentaire - HELVIDENT SUISSE<\/title>\n<meta name=\"description\" content=\"L\u2019endodontie est une sp\u00e9cialit\u00e9 de la m\u00e9decine dentaire. D\u00e9couvrez les services offerts dans les cliniques dentaires HELVIDENT \u00e0 Lausanne, Aigle, Fribourg.\" \/>\n<meta name=\"robots\" content=\"index, follow, max-snippet:-1, max-image-preview:large, max-video-preview:-1\" \/>\n<link rel=\"canonical\" href=\"https:\/\/helvident.ch\/de\/dienste\/endodontie\/\" \/>\n<meta property=\"og:locale\" content=\"de_DE\" \/>\n<meta property=\"og:type\" content=\"article\" \/>\n<meta property=\"og:title\" content=\"L\u2019endodontie, sp\u00e9cialit\u00e9 dentaire - HELVIDENT SUISSE\" \/>\n<meta property=\"og:description\" content=\"L\u2019endodontie est une sp\u00e9cialit\u00e9 de la m\u00e9decine dentaire. D\u00e9couvrez les services offerts dans les cliniques dentaires HELVIDENT \u00e0 Lausanne, Aigle, Fribourg.\" \/>\n<meta property=\"og:url\" content=\"https:\/\/helvident.ch\/de\/dienste\/endodontie\/\" \/>\n<meta property=\"og:site_name\" content=\"Helvident\" \/>\n<meta property=\"article:publisher\" content=\"https:\/\/www.facebook.com\/Helvident-Centre-Dentaire-Fribourg-SA-408825345872856\/\" \/>\n<meta property=\"article:modified_time\" content=\"2019-07-18T08:18:05+00:00\" \/>\n<meta name=\"twitter:card\" content=\"summary_large_image\" \/>\n<meta name=\"twitter:label1\" content=\"Gesch\u00e4tzte Lesezeit\" \/>\n\t<meta name=\"twitter:data1\" content=\"4\u00a0Minuten\" \/>\n<script type=\"application\/ld+json\" class=\"yoast-schema-graph\">{\"@context\":\"https:\\\/\\\/schema.org\",\"@graph\":[{\"@type\":\"WebPage\",\"@id\":\"https:\\\/\\\/helvident.ch\\\/services\\\/endodontie\\\/\",\"url\":\"https:\\\/\\\/helvident.ch\\\/services\\\/endodontie\\\/\",\"name\":\"L\u2019endodontie, sp\u00e9cialit\u00e9 dentaire - HELVIDENT SUISSE\",\"isPartOf\":{\"@id\":\"https:\\\/\\\/helvident.ch\\\/#website\"},\"datePublished\":\"2019-06-14T17:47:50+00:00\",\"dateModified\":\"2019-07-18T08:18:05+00:00\",\"description\":\"L\u2019endodontie est une sp\u00e9cialit\u00e9 de la m\u00e9decine dentaire. D\u00e9couvrez les services offerts dans les cliniques dentaires HELVIDENT \u00e0 Lausanne, Aigle, Fribourg.\",\"breadcrumb\":{\"@id\":\"https:\\\/\\\/helvident.ch\\\/services\\\/endodontie\\\/#breadcrumb\"},\"inLanguage\":\"de\",\"potentialAction\":[{\"@type\":\"ReadAction\",\"target\":[\"https:\\\/\\\/helvident.ch\\\/services\\\/endodontie\\\/\"]}]},{\"@type\":\"BreadcrumbList\",\"@id\":\"https:\\\/\\\/helvident.ch\\\/services\\\/endodontie\\\/#breadcrumb\",\"itemListElement\":[{\"@type\":\"ListItem\",\"position\":1,\"name\":\"Home\",\"item\":\"https:\\\/\\\/helvident.ch\\\/\"},{\"@type\":\"ListItem\",\"position\":2,\"name\":\"Services\",\"item\":\"https:\\\/\\\/helvident.ch\\\/services\\\/\"},{\"@type\":\"ListItem\",\"position\":3,\"name\":\"Endodontie\"}]},{\"@type\":\"WebSite\",\"@id\":\"https:\\\/\\\/helvident.ch\\\/#website\",\"url\":\"https:\\\/\\\/helvident.ch\\\/\",\"name\":\"Helvident\",\"description\":\"Cliniques Dentaires Lausanne - Aigle - Friboug\",\"publisher\":{\"@id\":\"https:\\\/\\\/helvident.ch\\\/#organization\"},\"potentialAction\":[{\"@type\":\"SearchAction\",\"target\":{\"@type\":\"EntryPoint\",\"urlTemplate\":\"https:\\\/\\\/helvident.ch\\\/?s={search_term_string}\"},\"query-input\":{\"@type\":\"PropertyValueSpecification\",\"valueRequired\":true,\"valueName\":\"search_term_string\"}}],\"inLanguage\":\"de\"},{\"@type\":\"Organization\",\"@id\":\"https:\\\/\\\/helvident.ch\\\/#organization\",\"name\":\"Helvident - Cliniques Dentaires\",\"url\":\"https:\\\/\\\/helvident.ch\\\/\",\"logo\":{\"@type\":\"ImageObject\",\"inLanguage\":\"de\",\"@id\":\"https:\\\/\\\/helvident.ch\\\/#\\\/schema\\\/logo\\\/image\\\/\",\"url\":\"https:\\\/\\\/helvident.ch\\\/wp-content\\\/uploads\\\/2019\\\/06\\\/logo@2x.png\",\"contentUrl\":\"https:\\\/\\\/helvident.ch\\\/wp-content\\\/uploads\\\/2019\\\/06\\\/logo@2x.png\",\"width\":502,\"height\":120,\"caption\":\"Helvident - Cliniques Dentaires\"},\"image\":{\"@id\":\"https:\\\/\\\/helvident.ch\\\/#\\\/schema\\\/logo\\\/image\\\/\"},\"sameAs\":[\"https:\\\/\\\/www.facebook.com\\\/Helvident-Centre-Dentaire-Fribourg-SA-408825345872856\\\/\"]}]}<\/script>\n<!-- \/ Yoast SEO plugin. -->","yoast_head_json":{"title":"Endodontie, ein zahnmedizinisches Fachgebiet - HELVIDENT SUISSE","description":"Die Endodontie ist ein Spezialgebiet der Zahnmedizin. Erfahren Sie mehr \u00fcber die Dienstleistungen der HELVIDENT-Zahnkliniken in Lausanne, Aigle und Freiburg.","robots":{"index":"index","follow":"follow","max-snippet":"max-snippet:-1","max-image-preview":"max-image-preview:large","max-video-preview":"max-video-preview:-1"},"canonical":"https:\/\/helvident.ch\/de\/dienste\/endodontie\/","og_locale":"de_DE","og_type":"article","og_title":"L\u2019endodontie, sp\u00e9cialit\u00e9 dentaire - HELVIDENT SUISSE","og_description":"L\u2019endodontie est une sp\u00e9cialit\u00e9 de la m\u00e9decine dentaire. D\u00e9couvrez les services offerts dans les cliniques dentaires HELVIDENT \u00e0 Lausanne, Aigle, Fribourg.","og_url":"https:\/\/helvident.ch\/de\/dienste\/endodontie\/","og_site_name":"Helvident","article_publisher":"https:\/\/www.facebook.com\/Helvident-Centre-Dentaire-Fribourg-SA-408825345872856\/","article_modified_time":"2019-07-18T08:18:05+00:00","twitter_card":"summary_large_image","twitter_misc":{"Gesch\u00e4tzte Lesezeit":"4\u00a0Minuten"},"schema":{"@context":"https:\/\/schema.org","@graph":[{"@type":"WebPage","@id":"https:\/\/helvident.ch\/services\/endodontie\/","url":"https:\/\/helvident.ch\/services\/endodontie\/","name":"Endodontie, ein zahnmedizinisches Fachgebiet - HELVIDENT SUISSE","isPartOf":{"@id":"https:\/\/helvident.ch\/#website"},"datePublished":"2019-06-14T17:47:50+00:00","dateModified":"2019-07-18T08:18:05+00:00","description":"Die Endodontie ist ein Spezialgebiet der Zahnmedizin. Erfahren Sie mehr \u00fcber die Dienstleistungen der HELVIDENT-Zahnkliniken in Lausanne, Aigle und Freiburg.","breadcrumb":{"@id":"https:\/\/helvident.ch\/services\/endodontie\/#breadcrumb"},"inLanguage":"de","potentialAction":[{"@type":"ReadAction","target":["https:\/\/helvident.ch\/services\/endodontie\/"]}]},{"@type":"BreadcrumbList","@id":"https:\/\/helvident.ch\/services\/endodontie\/#breadcrumb","itemListElement":[{"@type":"ListItem","position":1,"name":"Home","item":"https:\/\/helvident.ch\/"},{"@type":"ListItem","position":2,"name":"Services","item":"https:\/\/helvident.ch\/services\/"},{"@type":"ListItem","position":3,"name":"Endodontie"}]},{"@type":"WebSite","@id":"https:\/\/helvident.ch\/#website","url":"https:\/\/helvident.ch\/","name":"Helvident","description":"Zahnkliniken Lausanne - Aigle - Friboug","publisher":{"@id":"https:\/\/helvident.ch\/#organization"},"potentialAction":[{"@type":"SearchAction","target":{"@type":"EntryPoint","urlTemplate":"https:\/\/helvident.ch\/?s={search_term_string}"},"query-input":{"@type":"PropertyValueSpecification","valueRequired":true,"valueName":"search_term_string"}}],"inLanguage":"de"},{"@type":"Organization","@id":"https:\/\/helvident.ch\/#organization","name":"Helvident - Zahnmedizinische Kliniken","url":"https:\/\/helvident.ch\/","logo":{"@type":"ImageObject","inLanguage":"de","@id":"https:\/\/helvident.ch\/#\/schema\/logo\/image\/","url":"https:\/\/helvident.ch\/wp-content\/uploads\/2019\/06\/logo@2x.png","contentUrl":"https:\/\/helvident.ch\/wp-content\/uploads\/2019\/06\/logo@2x.png","width":502,"height":120,"caption":"Helvident - Cliniques Dentaires"},"image":{"@id":"https:\/\/helvident.ch\/#\/schema\/logo\/image\/"},"sameAs":["https:\/\/www.facebook.com\/Helvident-Centre-Dentaire-Fribourg-SA-408825345872856\/"]}]}},"_links":{"self":[{"href":"https:\/\/helvident.ch\/de\/wp-json\/wp\/v2\/pages\/29088","targetHints":{"allow":["GET"]}}],"collection":[{"href":"https:\/\/helvident.ch\/de\/wp-json\/wp\/v2\/pages"}],"about":[{"href":"https:\/\/helvident.ch\/de\/wp-json\/wp\/v2\/types\/page"}],"author":[{"embeddable":true,"href":"https:\/\/helvident.ch\/de\/wp-json\/wp\/v2\/users\/1"}],"replies":[{"embeddable":true,"href":"https:\/\/helvident.ch\/de\/wp-json\/wp\/v2\/comments?post=29088"}],"version-history":[{"count":0,"href":"https:\/\/helvident.ch\/de\/wp-json\/wp\/v2\/pages\/29088\/revisions"}],"up":[{"embeddable":true,"href":"https:\/\/helvident.ch\/de\/wp-json\/wp\/v2\/pages\/29057"}],"wp:attachment":[{"href":"https:\/\/helvident.ch\/de\/wp-json\/wp\/v2\/media?parent=29088"}],"curies":[{"name":"wp","href":"https:\/\/api.w.org\/{rel}","templated":true}]}}