{"id":29083,"date":"2019-06-14T19:39:36","date_gmt":"2019-06-14T17:39:36","guid":{"rendered":"http:\/\/helvident.ch\/?page_id=29083"},"modified":"2022-04-14T10:21:44","modified_gmt":"2022-04-14T08:21:44","slug":"parodontie","status":"publish","type":"page","link":"https:\/\/helvident.ch\/de\/dienste\/parodontie\/","title":{"rendered":"Parodontologie"},"content":{"rendered":"<section class=\"section need-toping\" id=\"section_949240848\">\n\t\t<div class=\"section-bg fill\" >\n\t\t\t\t\t\t\t\t\t\n\t\t\t\n\n\t\t<\/div>\n\n\t\t\n\n\t\t<div class=\"section-content relative\">\n\t\t\t\n\n\n  <div class=\"banner has-hover\" id=\"banner-1723313419\">\n          <div class=\"banner-inner fill\">\n        <div class=\"banner-bg fill\" >\n            <img loading=\"lazy\" decoding=\"async\" width=\"2048\" height=\"1367\" src=\"https:\/\/helvident.ch\/wp-content\/uploads\/2019\/07\/pardontie_lausanne.jpeg\" class=\"bg attachment-original size-original\" alt=\"\" \/>                                    \n                    <\/div>\n\t\t\n        <div class=\"banner-layers container\">\n            <div class=\"fill banner-link\"><\/div>            \n\n   <div id=\"text-box-2111798318\" class=\"text-box banner-layer parodontie x50 md-x50 lg-x50 y50 md-y50 lg-y50 res-text\">\n                                <div class=\"text-box-content text dark\">\n              \n              <div class=\"text-inner text-left\">\n                  \n\n<h1>PARODONTIE<\/h1>\n\n              <\/div>\n           <\/div>\n                            \n<style>\n#text-box-2111798318 {\n  width: 98%;\n}\n#text-box-2111798318 .text-box-content {\n  font-size: 100%;\n}\n<\/style>\n    <\/div>\n \n\n        <\/div>\n      <\/div>\n\n            \n<style>\n#banner-1723313419 {\n  padding-top: 300px;\n}\n#banner-1723313419 .banner-bg img {\n  object-position: 66% 27%;\n}\n<\/style>\n  <\/div>\n\n\n\n\t\t<\/div>\n\n\t\t\n<style>\n#section_949240848 {\n  padding-top: 0px;\n  padding-bottom: 0px;\n}\n<\/style>\n\t<\/section>\n\t\n\n\t<section class=\"section\" id=\"section_783077611\">\n\t\t<div class=\"section-bg fill\" >\n\t\t\t\t\t\t\t\t\t\n\t\t\t\n\n\t\t<\/div>\n\n\t\t\n\n\t\t<div class=\"section-content relative\">\n\t\t\t\n\n<div class=\"row\"  id=\"row-332344035\">\n\n\n\t<div id=\"col-1474070557\" class=\"col small-12 large-12\"  >\n\t\t\t\t<div class=\"col-inner\"  >\n\t\t\t\n\t\t\t\n\n<p>Sie leiden an einer Empfindlichkeit oder einem <strong>Blutungen aus Ihrem Zahnfleisch<\/strong> ? Wir empfehlen Ihnen, schnell einen <strong>Zahnarzt<\/strong> zur Vermeidung von <a href=\"#\">zahn\u00e4rztliche Notf\u00e4lle<\/a>.<\/p>\n<p>Bei <a href=\"http:\/\/helvident.ch\/de\/vorstellung\/\">HELVIDENT<\/a>Unser Team von <strong>Zahn\u00e4rzte <\/strong>f\u00fchrt alle g\u00e4ngigen und spezialisierten Handlungen der <strong>Zahnmedizin<\/strong>. Sie k\u00f6nnen einen Termin in unserem <strong>zahnmedizinisches Zentrum in Freiburg<\/strong> oder in unserem <strong>Zahnklinik in St Sulpice<\/strong> in der N\u00e4he von Lausanne.<\/p>\n\t<div id=\"gap-1225534394\" class=\"gap-element clearfix\" style=\"display:block; height:auto;\">\n\t\t\n<style>\n#gap-1225534394 {\n  padding-top: 30px;\n}\n<\/style>\n\t<\/div>\n\t\n\n<div class=\"container section-title-container\" ><h2 class=\"section-title section-title-normal\"><b aria-hidden=\"true\"><\/b><span class=\"section-title-main\" >WAS IST PARODONTOLOGIE?<\/span><b aria-hidden=\"true\"><\/b><\/h2><\/div>\n\n<p>Die <strong>Parodontie<\/strong> stellt eine Spezialit\u00e4t der <strong>Zahnmedizin<\/strong>, ebenso wie der<a href=\"http:\/\/helvident.ch\/de\/dienste\/kieferorthopadie\/\">Kieferorthop\u00e4die<\/a> oder die<a href=\"#\">Endodontie<\/a>.<\/p>\n<p>Die <strong>Parodontium<\/strong> bezeichnet die Gesamtheit des Gewebes, das die <strong>Zahn<\/strong> und halten sie luftdicht im Kieferknochen fest. Er fasst die <strong>Zahnfleisch<\/strong>am<strong> Knochengewebe<\/strong>am <strong>c\u00e9ment <\/strong>und der<strong> parodontales Ligament<\/strong>.<\/p>\n\n\t\t<\/div>\n\t\t\t\t\t<\/div>\n\n\t\n\n<\/div>\n<div class=\"row align-middle\"  id=\"row-867818270\">\n\n\n\t<div id=\"col-1297030209\" class=\"col medium-6 small-12 large-6\"  >\n\t\t\t\t<div class=\"col-inner\"  >\n\t\t\t\n\t\t\t\n\n<div class=\"container section-title-container\" ><h2 class=\"section-title section-title-normal\"><b aria-hidden=\"true\"><\/b><span class=\"section-title-main\" >GINGIVITIS ODER PARODONTITIS?<\/span><b aria-hidden=\"true\"><\/b><\/h2><\/div>\n\n<p>Die <strong>Parodontitis<\/strong> ist eine entz\u00fcndliche Erkrankung, die das St\u00fctzgewebe der <strong>Zahn<\/strong>. Sie wird durch Bakterien verursacht.<\/p>\n<p>Zun\u00e4chst findet der bakterielle Befall auf der Oberfl\u00e4che statt. Er \u00e4u\u00dfert sich durch eine <strong>Empfindlichkeit des Zahnfleischs <\/strong>und <strong>Blutungen<\/strong>. Das sind die allerersten Symptome. Bei rechtzeitiger Behandlung ist dieses Stadium der Entz\u00fcndung umkehrbar. Es kommt noch nicht zu einer Zerst\u00f6rung des <strong>Parodontium<\/strong>. Es handelt sich um eine <strong>Gingivitis<\/strong>.<\/p>\n<p>Mit der Zeit dringt der bakterielle Angriff tiefer in das Gewebe vor und sinkt entlang der <strong>Zahnwurzel<\/strong>. Es kommt zu einer Zerst\u00f6rung des Knochengewebes. In diesem Stadium ist der Verlust des Materials unumkehrbar. Der <strong>Zahnarzt<\/strong> <strong>spezialisiert<\/strong> diagnostiziert dann eine <strong>Parodontitis<\/strong>. Auf Dauer ist der Patient nicht mehr in der Lage, richtig zu kauen, und der betroffene Zahn l\u00f6st sich schlie\u00dflich. Sch\u00e4tzungen zufolge sind 70 % der <strong>Zahnverluste<\/strong> bei Erwachsenen werden durch eine <strong>Parodontitis<\/strong>.<\/p>\n\n\n\t\t<\/div>\n\t\t\t\t\t<\/div>\n\n\t\n\n\t<div id=\"col-1511624827\" class=\"col medium-6 small-12 large-6\"  >\n\t\t\t\t<div class=\"col-inner\"  >\n\t\t\t\n\t\t\t\n\n\t<div class=\"img has-hover x md-x lg-x y md-y lg-y\" id=\"image_592270587\">\n\t\t\t\t\t\t\t\t<div class=\"img-inner box-shadow-4 dark\" >\n\t\t\t<img loading=\"lazy\" decoding=\"async\" width=\"1020\" height=\"680\" src=\"https:\/\/helvident.ch\/wp-content\/uploads\/2019\/07\/parondontite_traitement_lausanne_aigle_fribourg-1024x683.jpeg\" class=\"attachment-large size-large\" alt=\"Zahnschmerzen Behandlung lausanne\" srcset=\"https:\/\/helvident.ch\/wp-content\/uploads\/2019\/07\/parondontite_traitement_lausanne_aigle_fribourg-1024x683.jpeg 1024w, https:\/\/helvident.ch\/wp-content\/uploads\/2019\/07\/parondontite_traitement_lausanne_aigle_fribourg-300x200.jpeg 300w, https:\/\/helvident.ch\/wp-content\/uploads\/2019\/07\/parondontite_traitement_lausanne_aigle_fribourg-768x512.jpeg 768w, https:\/\/helvident.ch\/wp-content\/uploads\/2019\/07\/parondontite_traitement_lausanne_aigle_fribourg.jpeg 2048w\" sizes=\"auto, (max-width: 1020px) 100vw, 1020px\" \/>\t\t\t\t\t\t\n\t\t\t\t\t<\/div>\n\t\t\t\t\t\t\t\t\n<style>\n#image_592270587 {\n  width: 87%;\n}\n<\/style>\n\t<\/div>\n\t\n\n\n\t\t<\/div>\n\t\t\t\t\t<\/div>\n\n\t\n\n<\/div>\n<div class=\"row\"  id=\"row-890644488\">\n\n\n\t<div id=\"col-1764919937\" class=\"col small-12 large-12\"  >\n\t\t\t\t<div class=\"col-inner\"  >\n\t\t\t\n\t\t\t\n\n<div class=\"container section-title-container\" ><h2 class=\"section-title section-title-normal\"><b aria-hidden=\"true\"><\/b><span class=\"section-title-main\" >PARODONTALE BEHANDLUNGEN<\/span><b aria-hidden=\"true\"><\/b><\/h2><\/div>\n\n<p>Zur Behandlung von <strong>entz\u00fcndliche Erkrankungen des Zahnhalteapparats<\/strong>Die <strong>Zahnb\u00fcrste<\/strong> und der<strong> Zahnseide<\/strong> nicht ausreichen.<\/p>\n<p>Eine <strong>Hygieniker<\/strong>ein <strong>Zahnarzt<\/strong> oder ein <strong>Parodontologe <\/strong>muss schnell eingreifen, um Sie zu behandeln. Je fr\u00fcher die Krankheit behandelt wird, desto weniger Gewebe wird zerst\u00f6rt und desto weniger werden Sie unter den Folgen des bakteriellen Angriffs leiden. So maximieren Sie die Chancen, dass Sie nach den<strong> Zahnpflege<\/strong>.<\/p>\n<p>Das Team von<strong>HELVIDENT<\/strong> z\u00e4hlt eine <strong>Parodontologe<\/strong>. Sie ist <strong>Zahnarzt<\/strong> spezialisiert auf diese Art von <strong>Zahnpathologien<\/strong> mit denen sie sich t\u00e4glich befasst.<\/p>\n\n\t\t<\/div>\n\t\t\t\t\t<\/div>\n\n\t\n\n<\/div>\n<div class=\"row align-middle\"  id=\"row-1778103585\">\n\n\n\t<div id=\"col-1518851466\" class=\"col medium-6 small-12 large-6\"  >\n\t\t\t\t<div class=\"col-inner\"  >\n\t\t\t\n\t\t\t\n\n<div class=\"video video-fit mb box-shadow-4\" style=\"padding-top:56.25%;\"><iframe loading=\"lazy\" title=\"Zahn\u00e4rztliche Panoramar\u00f6ntgenaufnahme\" src=\"https:\/\/player.vimeo.com\/video\/348652885?dnt=1&#038;app_id=122963\" width=\"1020\" height=\"574\" frameborder=\"0\" allow=\"autoplay; fullscreen\" allowfullscreen><\/iframe><\/div>\n\n\n\t\t<\/div>\n\t\t\t\t\t<\/div>\n\n\t\n\n\t<div id=\"col-259283335\" class=\"col medium-6 small-12 large-6\"  >\n\t\t\t\t<div class=\"col-inner\"  >\n\t\t\t\n\t\t\t\n\n<div class=\"container section-title-container\" ><h2 class=\"section-title section-title-normal\"><b aria-hidden=\"true\"><\/b><span class=\"section-title-main\" >DIE ZAHNR\u00d6NTGENAUFNAHME<\/span><b aria-hidden=\"true\"><\/b><\/h2><\/div>\n\n<p>Die <strong>HELVIDENT Zahnmedizinische Zentren <\/strong>sind mit modernster Technologie ausgestattet. Unser Team erstellt digitale R\u00f6ntgenaufnahmen, die die R\u00f6ntgenstrahlendosis, die die Patienten erhalten, verringern.<\/p>\n<p>Unser <strong>Parodontologe <\/strong>kann dazu veranlasst werden, Ihnen eine <strong>Zahnr\u00f6ntgen<\/strong> um den Schaden des bakteriellen Angriffs zu beurteilen. Diese Bilder helfen ihm bei seiner Diagnose und der Wahl der f\u00fcr Ihre Situation am besten geeigneten L\u00f6sung.<\/p>\n<p>Z\u00f6gern Sie nicht, uns f\u00fcr weitere Informationen \u00fcber unsere<strong> Zahnbehandlungen<\/strong> oder um einen Termin mit unserem <strong>Parodontologe<\/strong>.<\/p>\n\n\t\t<\/div>\n\t\t\t\t\t<\/div>\n\n\t\n\n<\/div>\n\n\t\t<\/div>\n\n\t\t\n<style>\n#section_783077611 {\n  padding-top: 60px;\n  padding-bottom: 60px;\n}\n<\/style>\n\t<\/section>","protected":false},"excerpt":{"rendered":"","protected":false},"author":1,"featured_media":0,"parent":29057,"menu_order":0,"comment_status":"closed","ping_status":"closed","template":"page-blank.php","meta":{"_acf_changed":false,"footnotes":""},"class_list":["post-29083","page","type-page","status-publish","hentry"],"acf":[],"yoast_head":"<!-- This site is optimized with the Yoast SEO plugin v27.3 - https:\/\/yoast.com\/product\/yoast-seo-wordpress\/ -->\n<title>La parodontie, sp\u00e9cialit\u00e9 dentaire - HELVIDENT SUISSE<\/title>\n<meta name=\"description\" content=\"La parodontie est une sp\u00e9cialit\u00e9 de la m\u00e9decine dentaire. D\u00e9couvrez les nombreux services offerts dans les cliniques dentaires HELVIDENT \u00e0 Fribourg et St Sulpice.\" \/>\n<meta name=\"robots\" content=\"index, follow, max-snippet:-1, max-image-preview:large, max-video-preview:-1\" \/>\n<link rel=\"canonical\" href=\"https:\/\/helvident.ch\/de\/dienste\/parodontie\/\" \/>\n<meta property=\"og:locale\" content=\"de_DE\" \/>\n<meta property=\"og:type\" content=\"article\" \/>\n<meta property=\"og:title\" content=\"La parodontie, sp\u00e9cialit\u00e9 dentaire - HELVIDENT SUISSE\" \/>\n<meta property=\"og:description\" content=\"La parodontie est une sp\u00e9cialit\u00e9 de la m\u00e9decine dentaire. D\u00e9couvrez les nombreux services offerts dans les cliniques dentaires HELVIDENT \u00e0 Fribourg et St Sulpice.\" \/>\n<meta property=\"og:url\" content=\"https:\/\/helvident.ch\/de\/dienste\/parodontie\/\" \/>\n<meta property=\"og:site_name\" content=\"Helvident\" \/>\n<meta property=\"article:publisher\" content=\"https:\/\/www.facebook.com\/Helvident-Centre-Dentaire-Fribourg-SA-408825345872856\/\" \/>\n<meta property=\"article:modified_time\" content=\"2022-04-14T08:21:44+00:00\" \/>\n<meta name=\"twitter:card\" content=\"summary_large_image\" \/>\n<meta name=\"twitter:label1\" content=\"Gesch\u00e4tzte Lesezeit\" \/>\n\t<meta name=\"twitter:data1\" content=\"3\u00a0Minuten\" \/>\n<script type=\"application\/ld+json\" class=\"yoast-schema-graph\">{\"@context\":\"https:\\\/\\\/schema.org\",\"@graph\":[{\"@type\":\"WebPage\",\"@id\":\"https:\\\/\\\/helvident.ch\\\/services\\\/parodontie\\\/\",\"url\":\"https:\\\/\\\/helvident.ch\\\/services\\\/parodontie\\\/\",\"name\":\"La parodontie, sp\u00e9cialit\u00e9 dentaire - HELVIDENT SUISSE\",\"isPartOf\":{\"@id\":\"https:\\\/\\\/helvident.ch\\\/#website\"},\"datePublished\":\"2019-06-14T17:39:36+00:00\",\"dateModified\":\"2022-04-14T08:21:44+00:00\",\"description\":\"La parodontie est une sp\u00e9cialit\u00e9 de la m\u00e9decine dentaire. D\u00e9couvrez les nombreux services offerts dans les cliniques dentaires HELVIDENT \u00e0 Fribourg et St Sulpice.\",\"breadcrumb\":{\"@id\":\"https:\\\/\\\/helvident.ch\\\/services\\\/parodontie\\\/#breadcrumb\"},\"inLanguage\":\"de\",\"potentialAction\":[{\"@type\":\"ReadAction\",\"target\":[\"https:\\\/\\\/helvident.ch\\\/services\\\/parodontie\\\/\"]}]},{\"@type\":\"BreadcrumbList\",\"@id\":\"https:\\\/\\\/helvident.ch\\\/services\\\/parodontie\\\/#breadcrumb\",\"itemListElement\":[{\"@type\":\"ListItem\",\"position\":1,\"name\":\"Home\",\"item\":\"https:\\\/\\\/helvident.ch\\\/\"},{\"@type\":\"ListItem\",\"position\":2,\"name\":\"Services\",\"item\":\"https:\\\/\\\/helvident.ch\\\/services\\\/\"},{\"@type\":\"ListItem\",\"position\":3,\"name\":\"Parodontie\"}]},{\"@type\":\"WebSite\",\"@id\":\"https:\\\/\\\/helvident.ch\\\/#website\",\"url\":\"https:\\\/\\\/helvident.ch\\\/\",\"name\":\"Helvident\",\"description\":\"Cliniques Dentaires Lausanne - Aigle - Friboug\",\"publisher\":{\"@id\":\"https:\\\/\\\/helvident.ch\\\/#organization\"},\"potentialAction\":[{\"@type\":\"SearchAction\",\"target\":{\"@type\":\"EntryPoint\",\"urlTemplate\":\"https:\\\/\\\/helvident.ch\\\/?s={search_term_string}\"},\"query-input\":{\"@type\":\"PropertyValueSpecification\",\"valueRequired\":true,\"valueName\":\"search_term_string\"}}],\"inLanguage\":\"de\"},{\"@type\":\"Organization\",\"@id\":\"https:\\\/\\\/helvident.ch\\\/#organization\",\"name\":\"Helvident - Cliniques Dentaires\",\"url\":\"https:\\\/\\\/helvident.ch\\\/\",\"logo\":{\"@type\":\"ImageObject\",\"inLanguage\":\"de\",\"@id\":\"https:\\\/\\\/helvident.ch\\\/#\\\/schema\\\/logo\\\/image\\\/\",\"url\":\"https:\\\/\\\/helvident.ch\\\/wp-content\\\/uploads\\\/2019\\\/06\\\/logo@2x.png\",\"contentUrl\":\"https:\\\/\\\/helvident.ch\\\/wp-content\\\/uploads\\\/2019\\\/06\\\/logo@2x.png\",\"width\":502,\"height\":120,\"caption\":\"Helvident - Cliniques Dentaires\"},\"image\":{\"@id\":\"https:\\\/\\\/helvident.ch\\\/#\\\/schema\\\/logo\\\/image\\\/\"},\"sameAs\":[\"https:\\\/\\\/www.facebook.com\\\/Helvident-Centre-Dentaire-Fribourg-SA-408825345872856\\\/\"]}]}<\/script>\n<!-- \/ Yoast SEO plugin. -->","yoast_head_json":{"title":"Parodontologie, ein zahnmedizinisches Fachgebiet - HELVIDENT SUISSE","description":"Die Parodontologie ist ein Spezialgebiet der Zahnmedizin. Entdecken Sie die zahlreichen Leistungen, die in den HELVIDENT-Zahnkliniken in Freiburg und St. Sulpice angeboten werden.","robots":{"index":"index","follow":"follow","max-snippet":"max-snippet:-1","max-image-preview":"max-image-preview:large","max-video-preview":"max-video-preview:-1"},"canonical":"https:\/\/helvident.ch\/de\/dienste\/parodontie\/","og_locale":"de_DE","og_type":"article","og_title":"La parodontie, sp\u00e9cialit\u00e9 dentaire - HELVIDENT SUISSE","og_description":"La parodontie est une sp\u00e9cialit\u00e9 de la m\u00e9decine dentaire. D\u00e9couvrez les nombreux services offerts dans les cliniques dentaires HELVIDENT \u00e0 Fribourg et St Sulpice.","og_url":"https:\/\/helvident.ch\/de\/dienste\/parodontie\/","og_site_name":"Helvident","article_publisher":"https:\/\/www.facebook.com\/Helvident-Centre-Dentaire-Fribourg-SA-408825345872856\/","article_modified_time":"2022-04-14T08:21:44+00:00","twitter_card":"summary_large_image","twitter_misc":{"Gesch\u00e4tzte Lesezeit":"3\u00a0Minuten"},"schema":{"@context":"https:\/\/schema.org","@graph":[{"@type":"WebPage","@id":"https:\/\/helvident.ch\/services\/parodontie\/","url":"https:\/\/helvident.ch\/services\/parodontie\/","name":"Parodontologie, ein zahnmedizinisches Fachgebiet - HELVIDENT SUISSE","isPartOf":{"@id":"https:\/\/helvident.ch\/#website"},"datePublished":"2019-06-14T17:39:36+00:00","dateModified":"2022-04-14T08:21:44+00:00","description":"Die Parodontologie ist ein Spezialgebiet der Zahnmedizin. Entdecken Sie die zahlreichen Leistungen, die in den HELVIDENT-Zahnkliniken in Freiburg und St. Sulpice angeboten werden.","breadcrumb":{"@id":"https:\/\/helvident.ch\/services\/parodontie\/#breadcrumb"},"inLanguage":"de","potentialAction":[{"@type":"ReadAction","target":["https:\/\/helvident.ch\/services\/parodontie\/"]}]},{"@type":"BreadcrumbList","@id":"https:\/\/helvident.ch\/services\/parodontie\/#breadcrumb","itemListElement":[{"@type":"ListItem","position":1,"name":"Home","item":"https:\/\/helvident.ch\/"},{"@type":"ListItem","position":2,"name":"Services","item":"https:\/\/helvident.ch\/services\/"},{"@type":"ListItem","position":3,"name":"Parodontie"}]},{"@type":"WebSite","@id":"https:\/\/helvident.ch\/#website","url":"https:\/\/helvident.ch\/","name":"Helvident","description":"Zahnkliniken Lausanne - Aigle - Friboug","publisher":{"@id":"https:\/\/helvident.ch\/#organization"},"potentialAction":[{"@type":"SearchAction","target":{"@type":"EntryPoint","urlTemplate":"https:\/\/helvident.ch\/?s={search_term_string}"},"query-input":{"@type":"PropertyValueSpecification","valueRequired":true,"valueName":"search_term_string"}}],"inLanguage":"de"},{"@type":"Organization","@id":"https:\/\/helvident.ch\/#organization","name":"Helvident - Zahnmedizinische Kliniken","url":"https:\/\/helvident.ch\/","logo":{"@type":"ImageObject","inLanguage":"de","@id":"https:\/\/helvident.ch\/#\/schema\/logo\/image\/","url":"https:\/\/helvident.ch\/wp-content\/uploads\/2019\/06\/logo@2x.png","contentUrl":"https:\/\/helvident.ch\/wp-content\/uploads\/2019\/06\/logo@2x.png","width":502,"height":120,"caption":"Helvident - Cliniques Dentaires"},"image":{"@id":"https:\/\/helvident.ch\/#\/schema\/logo\/image\/"},"sameAs":["https:\/\/www.facebook.com\/Helvident-Centre-Dentaire-Fribourg-SA-408825345872856\/"]}]}},"_links":{"self":[{"href":"https:\/\/helvident.ch\/de\/wp-json\/wp\/v2\/pages\/29083","targetHints":{"allow":["GET"]}}],"collection":[{"href":"https:\/\/helvident.ch\/de\/wp-json\/wp\/v2\/pages"}],"about":[{"href":"https:\/\/helvident.ch\/de\/wp-json\/wp\/v2\/types\/page"}],"author":[{"embeddable":true,"href":"https:\/\/helvident.ch\/de\/wp-json\/wp\/v2\/users\/1"}],"replies":[{"embeddable":true,"href":"https:\/\/helvident.ch\/de\/wp-json\/wp\/v2\/comments?post=29083"}],"version-history":[{"count":1,"href":"https:\/\/helvident.ch\/de\/wp-json\/wp\/v2\/pages\/29083\/revisions"}],"predecessor-version":[{"id":30442,"href":"https:\/\/helvident.ch\/de\/wp-json\/wp\/v2\/pages\/29083\/revisions\/30442"}],"up":[{"embeddable":true,"href":"https:\/\/helvident.ch\/de\/wp-json\/wp\/v2\/pages\/29057"}],"wp:attachment":[{"href":"https:\/\/helvident.ch\/de\/wp-json\/wp\/v2\/media?parent=29083"}],"curies":[{"name":"wp","href":"https:\/\/api.w.org\/{rel}","templated":true}]}}