{"id":29078,"date":"2019-06-14T19:32:02","date_gmt":"2019-06-14T17:32:02","guid":{"rendered":"http:\/\/helvident.ch\/?page_id=29078"},"modified":"2019-07-18T10:27:46","modified_gmt":"2019-07-18T08:27:46","slug":"zahnimplantat","status":"publish","type":"page","link":"https:\/\/helvident.ch\/de\/dienste\/zahnimplantat\/","title":{"rendered":"Zahnimplantat"},"content":{"rendered":"<section class=\"section need-toping\" id=\"section_1694805747\">\n\t\t<div class=\"section-bg fill\" >\n\t\t\t\t\t\t\t\t\t\n\t\t\t\n\n\t\t<\/div>\n\n\t\t\n\n\t\t<div class=\"section-content relative\">\n\t\t\t\n\n  <div class=\"banner has-hover\" id=\"banner-365716014\">\n          <div class=\"banner-inner fill\">\n        <div class=\"banner-bg fill\" >\n            <img loading=\"lazy\" decoding=\"async\" width=\"1920\" height=\"350\" src=\"https:\/\/helvident.ch\/wp-content\/uploads\/2019\/06\/denturologie.jpg\" class=\"bg attachment-original size-original\" alt=\"\" \/>                        <div class=\"overlay\"><\/div>            \n                    <\/div>\n\t\t\n        <div class=\"banner-layers container\">\n            <div class=\"fill banner-link\"><\/div>            \n   <div id=\"text-box-1485136377\" class=\"text-box banner-layer x50 md-x50 lg-x50 y50 md-y50 lg-y50 res-text\">\n                                <div class=\"text-box-content text dark\">\n              \n              <div class=\"text-inner text-left\">\n                  \n<h1>ZAHNIMPLANTAT<\/h1>\n              <\/div>\n           <\/div>\n                            \n<style>\n#text-box-1485136377 {\n  width: 98%;\n}\n#text-box-1485136377 .text-box-content {\n  font-size: 100%;\n}\n<\/style>\n    <\/div>\n \n        <\/div>\n      <\/div>\n\n            \n<style>\n#banner-365716014 {\n  padding-top: 300px;\n}\n#banner-365716014 .overlay {\n  background-color: rgba(0, 0, 0, 0.2);\n}\n#banner-365716014 .banner-bg img {\n  object-position: 50% 50%;\n}\n<\/style>\n  <\/div>\n\n\n\t\t<\/div>\n\n\t\t\n<style>\n#section_1694805747 {\n  padding-top: 0px;\n  padding-bottom: 0px;\n}\n<\/style>\n\t<\/section>\n\t\n\n\t<section class=\"section\" id=\"section_238989762\">\n\t\t<div class=\"section-bg fill\" >\n\t\t\t\t\t\t\t\t\t\n\t\t\t\n\n\t\t<\/div>\n\n\t\t\n\n\t\t<div class=\"section-content relative\">\n\t\t\t\n<div class=\"row align-middle\"  id=\"row-1298771935\">\n\n\t<div id=\"col-1824629070\" class=\"col medium-6 small-12 large-6\"  >\n\t\t\t\t<div class=\"col-inner\"  >\n\t\t\t\n\t\t\t\n<p>Sie haben eine <strong>Zahn <\/strong>infolge einer <strong>Karies<\/strong>Die meisten Menschen haben eine <strong>Parodontalerkrankung<\/strong> ? Die L\u00f6sung : <strong>ein Zahnimplantat durchf\u00fchren<\/strong>. Bei <a href=\"http:\/\/helvident.ch\/de\/vorstellung\/\">HELVIDENT<\/a>Unser Team von <strong>Zahn\u00e4rzte <\/strong>f\u00fchrt alle g\u00e4ngigen und spezialisierten Handlungen der <strong>Zahnmedizin<\/strong>einschlie\u00dflich des<strong>Implantologie<\/strong><strong>.<\/strong><\/p>\n<p>Sie k\u00f6nnen einen Termin in unserem <strong>zahnmedizinisches Zentrum in Freiburg<\/strong> oder in unserem <strong>Zahnklinik in St Sulpice<\/strong> in der N\u00e4he von Lausanne. Wir empfehlen Ihnen, vorbeugend zum Arzt zu gehen, um die <a href=\"#\">zahn\u00e4rztliche Notf\u00e4lle<\/a>.<\/p>\n\t\t<\/div>\n\t\t\t\t\t<\/div>\n\n\t\n\n\t<div id=\"col-474637505\" class=\"col medium-6 small-12 large-6\"  >\n\t\t\t\t<div class=\"col-inner\"  >\n\t\t\t\n\t\t\t\n<div class=\"video video-fit mb box-shadow-4\" style=\"padding-top:56.25%;\"><p><iframe loading=\"lazy\" title=\"Zahnimplantat - Lausanne, Aigle, Freiburg\" src=\"https:\/\/player.vimeo.com\/video\/347282248?dnt=1&#038;app_id=122963\" width=\"1020\" height=\"574\" frameborder=\"0\" allow=\"autoplay; fullscreen\" allowfullscreen><\/iframe><\/p>\n<\/div>\n\t\t<\/div>\n\t\t\t\t\t<\/div>\n\n\t\n<\/div>\n<div class=\"row\"  id=\"row-1192973786\">\n\n\t<div id=\"col-1492603302\" class=\"col small-12 large-12\"  >\n\t\t\t\t<div class=\"col-inner\"  >\n\t\t\t\n\t\t\t\n\t<div id=\"gap-1157464636\" class=\"gap-element clearfix\" style=\"display:block; height:auto;\">\n\t\t\n<style>\n#gap-1157464636 {\n  padding-top: 30px;\n}\n<\/style>\n\t<\/div>\n\t\n<div class=\"container section-title-container\" ><h2 class=\"section-title section-title-normal\"><b aria-hidden=\"true\"><\/b><span class=\"section-title-main\" >WAS IST EIN ZAHNIMPLANTAT?<\/span><b aria-hidden=\"true\"><\/b><\/h2><\/div>\n<p>Eine <strong>Zahnimplantat<\/strong> ist eine <strong>k\u00fcnstliche Zahnwurzel <\/strong>die eine defekte nat\u00fcrliche Wurzel ersetzt. Sie hat die Form einer kleinen Schraube aus Titan oder bei manchen Herstellern auch aus Keramik. Diese wird in die<strong>knochen der m<\/strong><strong>\u00e2choire<\/strong> bei einem leichten chirurgischen Eingriff<\/p>\n<p>Der Knochen akzeptiert diese Schraube und die Knochenzellen kommen an die Oberfl\u00e4che des Titans. Diese Verschmelzungsphase dauert in der Regel 2 bis 3 Monate. Ab diesem Zeitpunkt sagt man, dass der<strong>Zahnimplantat<\/strong> ist <strong>osteo-integriert <\/strong>oder im Knochen stabilisiert.<\/p>\n<p>Einige Wochen nach der Operation wurde unser <strong>auf Implantologie spezialisierter Zahnarzt<\/strong> legt eine <a href=\"#\">Zahnersatz<\/a> \u00fcber die<strong>Implantat<\/strong>. Diese ersetzt die <strong>Zahn<\/strong> verloren.<\/p>\n\t\t<\/div>\n\t\t\t\t\t<\/div>\n\n\t\n<\/div>\n<div class=\"row\"  id=\"row-480561343\">\n\n\t<div id=\"col-972327294\" class=\"col small-12 large-12\"  >\n\t\t\t\t<div class=\"col-inner\"  >\n\t\t\t\n\t\t\t\n<div class=\"container section-title-container\" ><h2 class=\"section-title section-title-normal\"><b aria-hidden=\"true\"><\/b><span class=\"section-title-main\" >WARUM EIN ZAHNIMPLANTAT?<\/span><b aria-hidden=\"true\"><\/b><\/h2><\/div>\n<p>Das Ziel des <strong>Zahnimplantatbehandlung <\/strong>ist sowohl \u00e4sthetisch als auch funktionell. Mehr als eine dauerhafte L\u00f6sung zur Wiederherstellung eines Zahns stellen Sie eine Verbesserung Ihrer Lebensqualit\u00e4t im Alltag fest. Sie k\u00f6nnen <strong>aus vollem Herzen l\u00e4cheln <\/strong>Z\u00e4hne, sprechen und alle Speisen ohne Beschwerden genie\u00dfen. Das Gef\u00fchl ist angenehm und nat\u00fcrlich.<\/p>\n<p>Preislich gesehen ist die <strong>Einsetzen eines Zahnimplantats <\/strong>stellt anfangs eine hohe Investition dar. Sie erweist sich jedoch langfristig als weniger kostspielig als andere tempor\u00e4re Optionen. Nach der ersten Beratung mit Ihrem <strong>Zahnarzt<\/strong>Wir werden Ihnen ein individuelles Angebot unterbreiten. Mehrere<strong> Arten und Gr\u00f6\u00dfen von Zahnimplantaten<\/strong> sind verf\u00fcgbar.<\/p>\n\t\t<\/div>\n\t\t\t\t\t<\/div>\n\n\t\n<\/div>\n<div class=\"row align-middle\"  id=\"row-233586280\">\n\n\t<div id=\"col-824028717\" class=\"col medium-4 small-12 large-4\"  >\n\t\t\t\t<div class=\"col-inner\"  >\n\t\t\t\n\t\t\t\n\t<div class=\"img has-hover x md-x lg-x y md-y lg-y\" id=\"image_1681715211\">\n\t\t\t\t\t\t\t\t<div class=\"img-inner box-shadow-4 dark\" >\n\t\t\t<img loading=\"lazy\" decoding=\"async\" width=\"1020\" height=\"722\" src=\"https:\/\/helvident.ch\/wp-content\/uploads\/2019\/07\/Implant-1024x725.jpg\" class=\"attachment-large size-large\" alt=\"zahnimplantat in der schweiz hergestellt\" srcset=\"https:\/\/helvident.ch\/wp-content\/uploads\/2019\/07\/Implant.jpg 1024w, https:\/\/helvident.ch\/wp-content\/uploads\/2019\/07\/Implant-300x212.jpg 300w, https:\/\/helvident.ch\/wp-content\/uploads\/2019\/07\/Implant-768x544.jpg 768w\" sizes=\"auto, (max-width: 1020px) 100vw, 1020px\" \/>\t\t\t\t\t\t\n\t\t\t\t\t<\/div>\n\t\t\t\t\t\t\t\t\n<style>\n#image_1681715211 {\n  width: 87%;\n}\n<\/style>\n\t<\/div>\n\t\n\t\t<\/div>\n\t\t\t\t\t<\/div>\n\n\t\n\n\t<div id=\"col-2076500033\" class=\"col medium-8 small-12 large-8\"  >\n\t\t\t\t<div class=\"col-inner\"  >\n\t\t\t\n\t\t\t\n<div class=\"container section-title-container\" ><h2 class=\"section-title section-title-normal\"><b aria-hidden=\"true\"><\/b><span class=\"section-title-main\" >ZAHNIMPLANTATE BEI HELVIDENT<\/span><b aria-hidden=\"true\"><\/b><\/h2><\/div>\n<p>Vor dem Legen eines <strong>Implantat<\/strong>am <strong>Zahnarzt<\/strong> stellt immer sicher, dass die <strong>Kiefer<\/strong> des Patienten die Schraube halten kann und dass die <strong>Zahnfleisch<\/strong> stark und gesund sind. Dies ist eine unabdingbare Voraussetzung, um den Erfolg zu gew\u00e4hrleisten.<\/p>\n<p>Innerhalb der <strong>HELVIDENT Zahnkliniken<\/strong>Wir haben beschlossen, mit den Herstellern von<strong>Implantate<\/strong> international anerkannt sind, wie z. B. <strong>Straumann<\/strong>\u00ae. Dieses Schweizer Unternehmen mit Sitz im Jura ist einer der drei f\u00fchrenden Anbieter von<strong>Implantologie<\/strong> auf der ganzen Welt. Der Konzern ist in einer Vielzahl von L\u00e4ndern vertreten. Der Vorteil, wenn Sie ins Ausland reisen oder dort leben, nachdem Sie einen <strong>Zahnimplantat<\/strong> ? Dann haben Sie gute Chancen, einen <strong>Zahnarzt<\/strong> der den <strong>System<\/strong> <strong>Straumann Zahnimplantat<\/strong>\u00ae und verf\u00fcgt \u00fcber die notwendige Ausr\u00fcstung, um Sie zu behandeln.<\/p>\n<p>Z\u00f6gern Sie nicht, uns zu kontaktieren, um weitere Informationen \u00fcber unsere<strong> Zahnimplantate<\/strong> oder vereinbaren Sie einen Termin mit einem unserer <strong>Zahn\u00e4rzte<\/strong> Experten in <strong>Implantologie<\/strong>.<\/p>\n\t\t<\/div>\n\t\t\t\t\t<\/div>\n\n\t\n<\/div>\n\t\t<\/div>\n\n\t\t\n<style>\n#section_238989762 {\n  padding-top: 60px;\n  padding-bottom: 60px;\n}\n<\/style>\n\t<\/section>","protected":false},"excerpt":{"rendered":"","protected":false},"author":1,"featured_media":0,"parent":29057,"menu_order":0,"comment_status":"closed","ping_status":"closed","template":"page-blank.php","meta":{"_acf_changed":false,"footnotes":""},"class_list":["post-29078","page","type-page","status-publish","hentry"],"acf":[],"yoast_head":"<!-- This site is optimized with the Yoast SEO plugin v27.3 - https:\/\/yoast.com\/product\/yoast-seo-wordpress\/ -->\n<title>Pose d\u2019implants dentaires - HELVIDENT SUISSE<\/title>\n<meta name=\"description\" content=\"La pose d\u2019implants dentaires est un acte sp\u00e9cialis\u00e9 en m\u00e9decine dentaire. D\u00e9couvrez les services de nos cliniques dentaires \u00e0 Lausanne, Aigle, et Fribourg\" \/>\n<meta name=\"robots\" content=\"index, follow, max-snippet:-1, max-image-preview:large, max-video-preview:-1\" \/>\n<link rel=\"canonical\" href=\"https:\/\/helvident.ch\/de\/dienste\/zahnimplantat\/\" \/>\n<meta property=\"og:locale\" content=\"de_DE\" \/>\n<meta property=\"og:type\" content=\"article\" \/>\n<meta property=\"og:title\" content=\"Pose d\u2019implants dentaires - HELVIDENT SUISSE\" \/>\n<meta property=\"og:description\" content=\"La pose d\u2019implants dentaires est un acte sp\u00e9cialis\u00e9 en m\u00e9decine dentaire. D\u00e9couvrez les services de nos cliniques dentaires \u00e0 Lausanne, Aigle, et Fribourg\" \/>\n<meta property=\"og:url\" content=\"https:\/\/helvident.ch\/de\/dienste\/zahnimplantat\/\" \/>\n<meta property=\"og:site_name\" content=\"Helvident\" \/>\n<meta property=\"article:publisher\" content=\"https:\/\/www.facebook.com\/Helvident-Centre-Dentaire-Fribourg-SA-408825345872856\/\" \/>\n<meta property=\"article:modified_time\" content=\"2019-07-18T08:27:46+00:00\" \/>\n<meta name=\"twitter:card\" content=\"summary_large_image\" \/>\n<meta name=\"twitter:label1\" content=\"Gesch\u00e4tzte Lesezeit\" \/>\n\t<meta name=\"twitter:data1\" content=\"3\u00a0Minuten\" \/>\n<script type=\"application\/ld+json\" class=\"yoast-schema-graph\">{\"@context\":\"https:\\\/\\\/schema.org\",\"@graph\":[{\"@type\":\"WebPage\",\"@id\":\"https:\\\/\\\/helvident.ch\\\/services\\\/implant-dentaire\\\/\",\"url\":\"https:\\\/\\\/helvident.ch\\\/services\\\/implant-dentaire\\\/\",\"name\":\"Pose d\u2019implants dentaires - HELVIDENT SUISSE\",\"isPartOf\":{\"@id\":\"https:\\\/\\\/helvident.ch\\\/#website\"},\"datePublished\":\"2019-06-14T17:32:02+00:00\",\"dateModified\":\"2019-07-18T08:27:46+00:00\",\"description\":\"La pose d\u2019implants dentaires est un acte sp\u00e9cialis\u00e9 en m\u00e9decine dentaire. D\u00e9couvrez les services de nos cliniques dentaires \u00e0 Lausanne, Aigle, et Fribourg\",\"breadcrumb\":{\"@id\":\"https:\\\/\\\/helvident.ch\\\/services\\\/implant-dentaire\\\/#breadcrumb\"},\"inLanguage\":\"de\",\"potentialAction\":[{\"@type\":\"ReadAction\",\"target\":[\"https:\\\/\\\/helvident.ch\\\/services\\\/implant-dentaire\\\/\"]}]},{\"@type\":\"BreadcrumbList\",\"@id\":\"https:\\\/\\\/helvident.ch\\\/services\\\/implant-dentaire\\\/#breadcrumb\",\"itemListElement\":[{\"@type\":\"ListItem\",\"position\":1,\"name\":\"Home\",\"item\":\"https:\\\/\\\/helvident.ch\\\/\"},{\"@type\":\"ListItem\",\"position\":2,\"name\":\"Services\",\"item\":\"https:\\\/\\\/helvident.ch\\\/services\\\/\"},{\"@type\":\"ListItem\",\"position\":3,\"name\":\"Implant dentaire\"}]},{\"@type\":\"WebSite\",\"@id\":\"https:\\\/\\\/helvident.ch\\\/#website\",\"url\":\"https:\\\/\\\/helvident.ch\\\/\",\"name\":\"Helvident\",\"description\":\"Cliniques Dentaires Lausanne - Aigle - Friboug\",\"publisher\":{\"@id\":\"https:\\\/\\\/helvident.ch\\\/#organization\"},\"potentialAction\":[{\"@type\":\"SearchAction\",\"target\":{\"@type\":\"EntryPoint\",\"urlTemplate\":\"https:\\\/\\\/helvident.ch\\\/?s={search_term_string}\"},\"query-input\":{\"@type\":\"PropertyValueSpecification\",\"valueRequired\":true,\"valueName\":\"search_term_string\"}}],\"inLanguage\":\"de\"},{\"@type\":\"Organization\",\"@id\":\"https:\\\/\\\/helvident.ch\\\/#organization\",\"name\":\"Helvident - Cliniques Dentaires\",\"url\":\"https:\\\/\\\/helvident.ch\\\/\",\"logo\":{\"@type\":\"ImageObject\",\"inLanguage\":\"de\",\"@id\":\"https:\\\/\\\/helvident.ch\\\/#\\\/schema\\\/logo\\\/image\\\/\",\"url\":\"https:\\\/\\\/helvident.ch\\\/wp-content\\\/uploads\\\/2019\\\/06\\\/logo@2x.png\",\"contentUrl\":\"https:\\\/\\\/helvident.ch\\\/wp-content\\\/uploads\\\/2019\\\/06\\\/logo@2x.png\",\"width\":502,\"height\":120,\"caption\":\"Helvident - Cliniques Dentaires\"},\"image\":{\"@id\":\"https:\\\/\\\/helvident.ch\\\/#\\\/schema\\\/logo\\\/image\\\/\"},\"sameAs\":[\"https:\\\/\\\/www.facebook.com\\\/Helvident-Centre-Dentaire-Fribourg-SA-408825345872856\\\/\"]}]}<\/script>\n<!-- \/ Yoast SEO plugin. -->","yoast_head_json":{"title":"Einsetzen von Zahnimplantaten - HELVIDENT SCHWEIZ","description":"Das Einsetzen von Zahnimplantaten ist eine Spezialbehandlung in der Zahnmedizin. Entdecken Sie die Leistungen unserer Zahnkliniken in Lausanne, Aigle und Freiburg.","robots":{"index":"index","follow":"follow","max-snippet":"max-snippet:-1","max-image-preview":"max-image-preview:large","max-video-preview":"max-video-preview:-1"},"canonical":"https:\/\/helvident.ch\/de\/dienste\/zahnimplantat\/","og_locale":"de_DE","og_type":"article","og_title":"Pose d\u2019implants dentaires - HELVIDENT SUISSE","og_description":"La pose d\u2019implants dentaires est un acte sp\u00e9cialis\u00e9 en m\u00e9decine dentaire. D\u00e9couvrez les services de nos cliniques dentaires \u00e0 Lausanne, Aigle, et Fribourg","og_url":"https:\/\/helvident.ch\/de\/dienste\/zahnimplantat\/","og_site_name":"Helvident","article_publisher":"https:\/\/www.facebook.com\/Helvident-Centre-Dentaire-Fribourg-SA-408825345872856\/","article_modified_time":"2019-07-18T08:27:46+00:00","twitter_card":"summary_large_image","twitter_misc":{"Gesch\u00e4tzte Lesezeit":"3\u00a0Minuten"},"schema":{"@context":"https:\/\/schema.org","@graph":[{"@type":"WebPage","@id":"https:\/\/helvident.ch\/services\/implant-dentaire\/","url":"https:\/\/helvident.ch\/services\/implant-dentaire\/","name":"Einsetzen von Zahnimplantaten - HELVIDENT SCHWEIZ","isPartOf":{"@id":"https:\/\/helvident.ch\/#website"},"datePublished":"2019-06-14T17:32:02+00:00","dateModified":"2019-07-18T08:27:46+00:00","description":"Das Einsetzen von Zahnimplantaten ist eine Spezialbehandlung in der Zahnmedizin. Entdecken Sie die Leistungen unserer Zahnkliniken in Lausanne, Aigle und Freiburg.","breadcrumb":{"@id":"https:\/\/helvident.ch\/services\/implant-dentaire\/#breadcrumb"},"inLanguage":"de","potentialAction":[{"@type":"ReadAction","target":["https:\/\/helvident.ch\/services\/implant-dentaire\/"]}]},{"@type":"BreadcrumbList","@id":"https:\/\/helvident.ch\/services\/implant-dentaire\/#breadcrumb","itemListElement":[{"@type":"ListItem","position":1,"name":"Home","item":"https:\/\/helvident.ch\/"},{"@type":"ListItem","position":2,"name":"Services","item":"https:\/\/helvident.ch\/services\/"},{"@type":"ListItem","position":3,"name":"Implant dentaire"}]},{"@type":"WebSite","@id":"https:\/\/helvident.ch\/#website","url":"https:\/\/helvident.ch\/","name":"Helvident","description":"Zahnkliniken Lausanne - Aigle - Friboug","publisher":{"@id":"https:\/\/helvident.ch\/#organization"},"potentialAction":[{"@type":"SearchAction","target":{"@type":"EntryPoint","urlTemplate":"https:\/\/helvident.ch\/?s={search_term_string}"},"query-input":{"@type":"PropertyValueSpecification","valueRequired":true,"valueName":"search_term_string"}}],"inLanguage":"de"},{"@type":"Organization","@id":"https:\/\/helvident.ch\/#organization","name":"Helvident - Zahnmedizinische Kliniken","url":"https:\/\/helvident.ch\/","logo":{"@type":"ImageObject","inLanguage":"de","@id":"https:\/\/helvident.ch\/#\/schema\/logo\/image\/","url":"https:\/\/helvident.ch\/wp-content\/uploads\/2019\/06\/logo@2x.png","contentUrl":"https:\/\/helvident.ch\/wp-content\/uploads\/2019\/06\/logo@2x.png","width":502,"height":120,"caption":"Helvident - Cliniques Dentaires"},"image":{"@id":"https:\/\/helvident.ch\/#\/schema\/logo\/image\/"},"sameAs":["https:\/\/www.facebook.com\/Helvident-Centre-Dentaire-Fribourg-SA-408825345872856\/"]}]}},"_links":{"self":[{"href":"https:\/\/helvident.ch\/de\/wp-json\/wp\/v2\/pages\/29078","targetHints":{"allow":["GET"]}}],"collection":[{"href":"https:\/\/helvident.ch\/de\/wp-json\/wp\/v2\/pages"}],"about":[{"href":"https:\/\/helvident.ch\/de\/wp-json\/wp\/v2\/types\/page"}],"author":[{"embeddable":true,"href":"https:\/\/helvident.ch\/de\/wp-json\/wp\/v2\/users\/1"}],"replies":[{"embeddable":true,"href":"https:\/\/helvident.ch\/de\/wp-json\/wp\/v2\/comments?post=29078"}],"version-history":[{"count":0,"href":"https:\/\/helvident.ch\/de\/wp-json\/wp\/v2\/pages\/29078\/revisions"}],"up":[{"embeddable":true,"href":"https:\/\/helvident.ch\/de\/wp-json\/wp\/v2\/pages\/29057"}],"wp:attachment":[{"href":"https:\/\/helvident.ch\/de\/wp-json\/wp\/v2\/media?parent=29078"}],"curies":[{"name":"wp","href":"https:\/\/api.w.org\/{rel}","templated":true}]}}