{"id":29070,"date":"2019-06-14T19:08:08","date_gmt":"2019-06-14T17:08:08","guid":{"rendered":"http:\/\/helvident.ch\/?page_id=29070"},"modified":"2019-07-18T10:31:26","modified_gmt":"2019-07-18T08:31:26","slug":"kieferorthopadie","status":"publish","type":"page","link":"https:\/\/helvident.ch\/de\/dienste\/kieferorthopadie\/","title":{"rendered":"Kieferorthop\u00e4die"},"content":{"rendered":"<section class=\"section need-toping\" id=\"section_1102454589\">\n\t\t<div class=\"section-bg fill\" >\n\t\t\t\t\t\t\t\t\t\n\t\t\t\n\n\t\t<\/div>\n\n\t\t\n\n\t\t<div class=\"section-content relative\">\n\t\t\t\n\n  <div class=\"banner has-hover\" id=\"banner-24389014\">\n          <div class=\"banner-inner fill\">\n        <div class=\"banner-bg fill\" >\n            <img loading=\"lazy\" decoding=\"async\" width=\"1920\" height=\"350\" src=\"https:\/\/helvident.ch\/wp-content\/uploads\/2019\/06\/orthodontie-1.jpg\" class=\"bg attachment-original size-original\" alt=\"\" \/>                                    \n                    <\/div>\n\t\t\n        <div class=\"banner-layers container\">\n            <div class=\"fill banner-link\"><\/div>            \n   <div id=\"text-box-1370591433\" class=\"text-box banner-layer x0 md-x50 lg-x50 y100 md-y50 lg-y50 res-text\">\n                                <div class=\"text-box-content text dark\">\n              \n              <div class=\"text-inner text-left\">\n                  \n<h1><span style=\"font-size: 75%;\">ORTHODONTIE<\/span><\/h1>\n              <\/div>\n           <\/div>\n                            \n<style>\n#text-box-1370591433 {\n  width: 98%;\n}\n#text-box-1370591433 .text-box-content {\n  font-size: 100%;\n}\n<\/style>\n    <\/div>\n \n        <\/div>\n      <\/div>\n\n            \n<style>\n#banner-24389014 {\n  padding-top: 300px;\n}\n#banner-24389014 .banner-bg img {\n  object-position: 61% 97%;\n}\n<\/style>\n  <\/div>\n\n\n\t\t<\/div>\n\n\t\t\n<style>\n#section_1102454589 {\n  padding-top: 0px;\n  padding-bottom: 0px;\n}\n<\/style>\n\t<\/section>\n\t\n\n\t<section class=\"section\" id=\"section_1392893520\">\n\t\t<div class=\"section-bg fill\" >\n\t\t\t\t\t\t\t\t\t\n\t\t\t\n\n\t\t<\/div>\n\n\t\t\n\n\t\t<div class=\"section-content relative\">\n\t\t\t\n<div class=\"row\"  id=\"row-2005231488\">\n\n\t<div id=\"col-2085620372\" class=\"col medium-12 small-12 large-6\"  >\n\t\t\t\t<div class=\"col-inner\"  >\n\t\t\t\n\t\t\t\n<p>Bei <a href=\"http:\/\/helvident.ch\/de\/vorstellung\/\">HELVIDENT<\/a>Unser Team von <strong>Zahn\u00e4rzte <\/strong>f\u00fchrt alle g\u00e4ngigen und spezialisierten Handlungen der <strong>Zahnmedizin<\/strong>. Sie z\u00e4hlt insbesondere <strong>Kieferorthop\u00e4den<\/strong>. Ihre Mission? Ihnen die sch\u00f6nste <strong>Verzahnungen<\/strong>, auch bei<strong> Zahnfehlstellung<\/strong>von <strong>Malokklusion<\/strong> oder von<strong> verschobener Kiefer.<\/strong><\/p>\n<p>Wir empfehlen Ihnen, vorbeugend zum Arzt zu gehen, um die <a href=\"#\">zahn\u00e4rztliche Notf\u00e4lle<\/a>. Sie k\u00f6nnen einen Termin in unserem <strong>zahnmedizinisches Zentrum in Freiburg<\/strong> oder in unserem <strong>Zahnklinik in St Sulpice <\/strong>in der N\u00e4he von Lausanne.<\/p>\n\t<div id=\"gap-1106188669\" class=\"gap-element clearfix\" style=\"display:block; height:auto;\">\n\t\t\n<style>\n#gap-1106188669 {\n  padding-top: 30px;\n}\n<\/style>\n\t<\/div>\n\t\n\t\t<\/div>\n\t\t\t\t\t<\/div>\n\n\t\n\n\t<div id=\"col-1662511008\" class=\"col medium-12 small-12 large-6\"  >\n\t\t\t\t<div class=\"col-inner\"  >\n\t\t\t\n\t\t\t\n<div class=\"video video-fit mb box-shadow-4\" style=\"padding-top:56.25%;\"><p><iframe loading=\"lazy\" title=\"Zahnspange - Kieferorthop\u00e4die Lausanne, Aigle, Freiburg\" src=\"https:\/\/player.vimeo.com\/video\/346940508?dnt=1&#038;app_id=122963\" width=\"1020\" height=\"574\" frameborder=\"0\" allow=\"autoplay; fullscreen\" allowfullscreen><\/iframe><\/p>\n<\/div>\n\t\t<\/div>\n\t\t\t\t\n<style>\n#col-1662511008 > .col-inner {\n  margin: 0 0px 0px 0px;\n}\n<\/style>\n\t<\/div>\n\n\t\n\n\t<div id=\"col-1960432808\" class=\"col medium-12 small-12 large-12\"  >\n\t\t\t\t<div class=\"col-inner\"  >\n\t\t\t\n\t\t\t\n\t<div id=\"gap-2105839552\" class=\"gap-element clearfix\" style=\"display:block; height:auto;\">\n\t\t\n<style>\n#gap-2105839552 {\n  padding-top: 30px;\n}\n<\/style>\n\t<\/div>\n\t\n<div class=\"container section-title-container\" ><h2 class=\"section-title section-title-normal\"><b aria-hidden=\"true\"><\/b><span class=\"section-title-main\" >WAS IST KIEFERORTHOP\u00c4DIE?<\/span><b aria-hidden=\"true\"><\/b><\/h2><\/div>\n<p>Genauso wie die <strong><a href=\"#\">Parodontie<\/a><\/strong> und die<strong><a href=\"#\">Endodontie<\/a><\/strong>, l'<strong>Kieferorthop\u00e4die<\/strong> ist eine von vielen <strong>zahnmedizinische Fachrichtungen<\/strong>. Sie widmet sich der <strong>Korrektur von Fehlstellungen des Kiefers und der Z\u00e4hne <\/strong>um die Okklusion zu optimieren (<strong>Zahneingriff<\/strong>), sowie die Entwicklung der Knochenbasis.<\/p>\n<p>L'<strong>Kieferorthop\u00e4die<\/strong> richtet sich sowohl an Kinder als auch an Erwachsene. Mit dem Tragen eines <strong>Zahnspange<\/strong>In der Regel wird eine leichte Kraft auf die <strong>Z\u00e4hne<\/strong>Dadurch k\u00f6nnen sie sich nach und nach bewegen. Diese Bewegung wird durch die F\u00e4higkeit des Knochens erm\u00f6glicht, sich um die Wurzeln herum st\u00e4ndig zu regenerieren. Die Ergebnisse sind beeindruckend.<em>\u00a0<\/em><\/p>\n<p>Das Ziel ist sowohl funktional als auch \u00e4sthetisch. Neben einer sch\u00f6neren <strong>Verzahnung<\/strong>, l'<strong>Kieferorthop\u00e4die <\/strong>f\u00f6rdert das Kauen, Sprechen, Atmen, Schlucken und das Wachstum von <strong>Kieferknochen<\/strong>. Auch Patienten k\u00f6nnen eine optimale Reinigung durchf\u00fchren. Denn <strong>Z\u00e4hne<\/strong> gut ausgerichtet sind, erleichtern das Putzen und vermindern so die Entstehung von Problemen <strong>Mundpflege<\/strong>.<\/p>\n\t\t<\/div>\n\t\t\t\t\t<\/div>\n\n\t\n<\/div>\n<div class=\"row align-middle\"  id=\"row-1757741869\">\n\n\t<div id=\"col-1375776662\" class=\"col medium-4 small-12 large-4\"  >\n\t\t\t\t<div class=\"col-inner\"  >\n\t\t\t\n\t\t\t\n\t<div class=\"img has-hover x md-x lg-x y md-y lg-y\" id=\"image_1390958081\">\n\t\t\t\t\t\t\t\t<div class=\"img-inner box-shadow-3 dark\" style=\"margin:50px 0px 0px 0px;\">\n\t\t\t<img loading=\"lazy\" decoding=\"async\" width=\"1020\" height=\"680\" src=\"https:\/\/helvident.ch\/wp-content\/uploads\/2019\/07\/enfant_chez_orthodontiste-1024x683.jpeg\" class=\"attachment-large size-large\" alt=\"M\u00e4dchen, das beim Zahnarzt ist\" srcset=\"https:\/\/helvident.ch\/wp-content\/uploads\/2019\/07\/enfant_chez_orthodontiste-1024x683.jpeg 1024w, https:\/\/helvident.ch\/wp-content\/uploads\/2019\/07\/enfant_chez_orthodontiste-300x200.jpeg 300w, https:\/\/helvident.ch\/wp-content\/uploads\/2019\/07\/enfant_chez_orthodontiste-768x512.jpeg 768w\" sizes=\"auto, (max-width: 1020px) 100vw, 1020px\" \/>\t\t\t\t\t\t\n\t\t\t\t\t<\/div>\n\t\t\t\t\t\t\t\t\n<style>\n#image_1390958081 {\n  width: 100%;\n}\n<\/style>\n\t<\/div>\n\t\n\t\t<\/div>\n\t\t\t\t\t<\/div>\n\n\t\n\n\t<div id=\"col-613942235\" class=\"col medium-12 small-12 large-8\"  >\n\t\t\t\t<div class=\"col-inner\"  >\n\t\t\t\n\t\t\t\n<div class=\"container section-title-container\" ><h2 class=\"section-title section-title-normal\"><b aria-hidden=\"true\"><\/b><span class=\"section-title-main\" >KIEFERORTHOP\u00c4DISCHE BEHANDLUNGEN<\/span><b aria-hidden=\"true\"><\/b><\/h2><\/div>\n<p>Die <strong>kieferorthop\u00e4dische Behandlungen<\/strong> k\u00f6nnen in jedem Alter in Betracht gezogen und eingeleitet werden. Die meisten Patienten wenden sie in der Vorpubert\u00e4t oder Pubert\u00e4t an. Es gibt jedoch auch immer mehr Erwachsene, die sich an die <strong>HELVIDENT-Kliniken<\/strong> um die Haltung ihrer <strong>Z\u00e4hne<\/strong>.<\/p>\n<p><strong>\u00dcberlappende Z\u00e4hne<\/strong>, <strong>schief stehende Z\u00e4hne<\/strong> oder <strong>zu weit vorstehende Z\u00e4hne<\/strong>ist dies kein unabwendbares Schicksal. Es gibt eine gro\u00dfe Auswahl an<strong>orthodontische Ger\u00e4te<\/strong>. Sie k\u00f6nnen herausnehmbar, halb herausnehmbar, festsitzend mit oder ohne Knochenverankerung sein.<\/p>\n<p>L'<strong>Kieferorthop\u00e4de<\/strong> untersucht Sie, bevor er eine Bilanz und eine Diagnose erstellt. Er schl\u00e4gt Ihnen die Option vor, die f\u00fcr Sie am besten geeignet ist. Die Art der Behandlung und die Art der<strong>Zahnspange<\/strong> kann von Patient zu Patient unterschiedlich sein. Ihr Arzt erkl\u00e4rt Ihnen auch, wie Sie sich <strong>Z\u00e4hne putzen <\/strong>w\u00e4hrend der Zeit, in der Sie tragen <strong>Ringe<\/strong>Die <strong>Gummib\u00e4nder <\/strong>oder ein <strong>Ger\u00e4t<\/strong>.<\/p>\n<p>Nach Abschluss der Behandlung ist eine Stabilisierungsphase, die sogenannte contention, erforderlich. Wenn n\u00e4mlich die <strong>Z\u00e4hne<\/strong> verschoben wurden, m\u00fcssen sich das Band, das sie zusammenh\u00e4lt, und der darunter liegende Knochen festigen.<\/p>\n<p>Z\u00f6gern Sie nicht, unseren <strong>Kieferorthop\u00e4de<\/strong>. Er wird Ihnen nach dem Termin einen pers\u00f6nlichen Kostenvoranschlag unterbreiten. Sie k\u00f6nnen sich an unseren <strong>Zahnklinik in Freiburg <\/strong>oder in St. Sulpice bei Lausanne, um einen Termin zu vereinbaren.<\/p>\n\t\t<\/div>\n\t\t\t\t\t<\/div>\n\n\t\n<\/div>\n\t\t<\/div>\n\n\t\t\n<style>\n#section_1392893520 {\n  padding-top: 60px;\n  padding-bottom: 60px;\n}\n<\/style>\n\t<\/section>","protected":false},"excerpt":{"rendered":"","protected":false},"author":1,"featured_media":0,"parent":29057,"menu_order":0,"comment_status":"closed","ping_status":"closed","template":"page-blank.php","meta":{"_acf_changed":false,"footnotes":""},"class_list":["post-29070","page","type-page","status-publish","hentry"],"acf":[],"yoast_head":"<!-- This site is optimized with the Yoast SEO plugin v27.3 - https:\/\/yoast.com\/product\/yoast-seo-wordpress\/ -->\n<title>L\u2019orthodontie, sp\u00e9cialit\u00e9 dentaire - HELVIDENT SUISSE<\/title>\n<meta name=\"description\" content=\"L\u2019orthodontie est une sp\u00e9cialit\u00e9 de la m\u00e9decine dentaire. D\u00e9couvrez les services de nos cliniques dentaires \u00e0 Lausanne, Aigle, et Fribourg\" \/>\n<meta name=\"robots\" content=\"index, follow, max-snippet:-1, max-image-preview:large, max-video-preview:-1\" \/>\n<link rel=\"canonical\" href=\"https:\/\/helvident.ch\/de\/dienste\/kieferorthopadie\/\" \/>\n<meta property=\"og:locale\" content=\"de_DE\" \/>\n<meta property=\"og:type\" content=\"article\" \/>\n<meta property=\"og:title\" content=\"L\u2019orthodontie, sp\u00e9cialit\u00e9 dentaire - HELVIDENT SUISSE\" \/>\n<meta property=\"og:description\" content=\"L\u2019orthodontie est une sp\u00e9cialit\u00e9 de la m\u00e9decine dentaire. D\u00e9couvrez les services de nos cliniques dentaires \u00e0 Lausanne, Aigle, et Fribourg\" \/>\n<meta property=\"og:url\" content=\"https:\/\/helvident.ch\/de\/dienste\/kieferorthopadie\/\" \/>\n<meta property=\"og:site_name\" content=\"Helvident\" \/>\n<meta property=\"article:publisher\" content=\"https:\/\/www.facebook.com\/Helvident-Centre-Dentaire-Fribourg-SA-408825345872856\/\" \/>\n<meta property=\"article:modified_time\" content=\"2019-07-18T08:31:26+00:00\" \/>\n<meta name=\"twitter:card\" content=\"summary_large_image\" \/>\n<meta name=\"twitter:label1\" content=\"Gesch\u00e4tzte Lesezeit\" \/>\n\t<meta name=\"twitter:data1\" content=\"3\u00a0Minuten\" \/>\n<script type=\"application\/ld+json\" class=\"yoast-schema-graph\">{\"@context\":\"https:\\\/\\\/schema.org\",\"@graph\":[{\"@type\":\"WebPage\",\"@id\":\"https:\\\/\\\/helvident.ch\\\/services\\\/orthodontie\\\/\",\"url\":\"https:\\\/\\\/helvident.ch\\\/services\\\/orthodontie\\\/\",\"name\":\"L\u2019orthodontie, sp\u00e9cialit\u00e9 dentaire - HELVIDENT SUISSE\",\"isPartOf\":{\"@id\":\"https:\\\/\\\/helvident.ch\\\/#website\"},\"datePublished\":\"2019-06-14T17:08:08+00:00\",\"dateModified\":\"2019-07-18T08:31:26+00:00\",\"description\":\"L\u2019orthodontie est une sp\u00e9cialit\u00e9 de la m\u00e9decine dentaire. D\u00e9couvrez les services de nos cliniques dentaires \u00e0 Lausanne, Aigle, et Fribourg\",\"breadcrumb\":{\"@id\":\"https:\\\/\\\/helvident.ch\\\/services\\\/orthodontie\\\/#breadcrumb\"},\"inLanguage\":\"de\",\"potentialAction\":[{\"@type\":\"ReadAction\",\"target\":[\"https:\\\/\\\/helvident.ch\\\/services\\\/orthodontie\\\/\"]}]},{\"@type\":\"BreadcrumbList\",\"@id\":\"https:\\\/\\\/helvident.ch\\\/services\\\/orthodontie\\\/#breadcrumb\",\"itemListElement\":[{\"@type\":\"ListItem\",\"position\":1,\"name\":\"Home\",\"item\":\"https:\\\/\\\/helvident.ch\\\/\"},{\"@type\":\"ListItem\",\"position\":2,\"name\":\"Services\",\"item\":\"https:\\\/\\\/helvident.ch\\\/services\\\/\"},{\"@type\":\"ListItem\",\"position\":3,\"name\":\"Orthodontie\"}]},{\"@type\":\"WebSite\",\"@id\":\"https:\\\/\\\/helvident.ch\\\/#website\",\"url\":\"https:\\\/\\\/helvident.ch\\\/\",\"name\":\"Helvident\",\"description\":\"Cliniques Dentaires Lausanne - Aigle - Friboug\",\"publisher\":{\"@id\":\"https:\\\/\\\/helvident.ch\\\/#organization\"},\"potentialAction\":[{\"@type\":\"SearchAction\",\"target\":{\"@type\":\"EntryPoint\",\"urlTemplate\":\"https:\\\/\\\/helvident.ch\\\/?s={search_term_string}\"},\"query-input\":{\"@type\":\"PropertyValueSpecification\",\"valueRequired\":true,\"valueName\":\"search_term_string\"}}],\"inLanguage\":\"de\"},{\"@type\":\"Organization\",\"@id\":\"https:\\\/\\\/helvident.ch\\\/#organization\",\"name\":\"Helvident - Cliniques Dentaires\",\"url\":\"https:\\\/\\\/helvident.ch\\\/\",\"logo\":{\"@type\":\"ImageObject\",\"inLanguage\":\"de\",\"@id\":\"https:\\\/\\\/helvident.ch\\\/#\\\/schema\\\/logo\\\/image\\\/\",\"url\":\"https:\\\/\\\/helvident.ch\\\/wp-content\\\/uploads\\\/2019\\\/06\\\/logo@2x.png\",\"contentUrl\":\"https:\\\/\\\/helvident.ch\\\/wp-content\\\/uploads\\\/2019\\\/06\\\/logo@2x.png\",\"width\":502,\"height\":120,\"caption\":\"Helvident - Cliniques Dentaires\"},\"image\":{\"@id\":\"https:\\\/\\\/helvident.ch\\\/#\\\/schema\\\/logo\\\/image\\\/\"},\"sameAs\":[\"https:\\\/\\\/www.facebook.com\\\/Helvident-Centre-Dentaire-Fribourg-SA-408825345872856\\\/\"]}]}<\/script>\n<!-- \/ Yoast SEO plugin. -->","yoast_head_json":{"title":"Kieferorthop\u00e4die, ein zahnmedizinisches Fachgebiet - HELVIDENT SUISSE","description":"Die Kieferorthop\u00e4die ist ein Spezialgebiet der Zahnmedizin. Entdecken Sie die Leistungen unserer Zahnkliniken in Lausanne, Aigle und Freiburg.","robots":{"index":"index","follow":"follow","max-snippet":"max-snippet:-1","max-image-preview":"max-image-preview:large","max-video-preview":"max-video-preview:-1"},"canonical":"https:\/\/helvident.ch\/de\/dienste\/kieferorthopadie\/","og_locale":"de_DE","og_type":"article","og_title":"L\u2019orthodontie, sp\u00e9cialit\u00e9 dentaire - HELVIDENT SUISSE","og_description":"L\u2019orthodontie est une sp\u00e9cialit\u00e9 de la m\u00e9decine dentaire. D\u00e9couvrez les services de nos cliniques dentaires \u00e0 Lausanne, Aigle, et Fribourg","og_url":"https:\/\/helvident.ch\/de\/dienste\/kieferorthopadie\/","og_site_name":"Helvident","article_publisher":"https:\/\/www.facebook.com\/Helvident-Centre-Dentaire-Fribourg-SA-408825345872856\/","article_modified_time":"2019-07-18T08:31:26+00:00","twitter_card":"summary_large_image","twitter_misc":{"Gesch\u00e4tzte Lesezeit":"3\u00a0Minuten"},"schema":{"@context":"https:\/\/schema.org","@graph":[{"@type":"WebPage","@id":"https:\/\/helvident.ch\/services\/orthodontie\/","url":"https:\/\/helvident.ch\/services\/orthodontie\/","name":"Kieferorthop\u00e4die, ein zahnmedizinisches Fachgebiet - HELVIDENT SUISSE","isPartOf":{"@id":"https:\/\/helvident.ch\/#website"},"datePublished":"2019-06-14T17:08:08+00:00","dateModified":"2019-07-18T08:31:26+00:00","description":"Die Kieferorthop\u00e4die ist ein Spezialgebiet der Zahnmedizin. Entdecken Sie die Leistungen unserer Zahnkliniken in Lausanne, Aigle und Freiburg.","breadcrumb":{"@id":"https:\/\/helvident.ch\/services\/orthodontie\/#breadcrumb"},"inLanguage":"de","potentialAction":[{"@type":"ReadAction","target":["https:\/\/helvident.ch\/services\/orthodontie\/"]}]},{"@type":"BreadcrumbList","@id":"https:\/\/helvident.ch\/services\/orthodontie\/#breadcrumb","itemListElement":[{"@type":"ListItem","position":1,"name":"Home","item":"https:\/\/helvident.ch\/"},{"@type":"ListItem","position":2,"name":"Services","item":"https:\/\/helvident.ch\/services\/"},{"@type":"ListItem","position":3,"name":"Orthodontie"}]},{"@type":"WebSite","@id":"https:\/\/helvident.ch\/#website","url":"https:\/\/helvident.ch\/","name":"Helvident","description":"Zahnkliniken Lausanne - Aigle - Friboug","publisher":{"@id":"https:\/\/helvident.ch\/#organization"},"potentialAction":[{"@type":"SearchAction","target":{"@type":"EntryPoint","urlTemplate":"https:\/\/helvident.ch\/?s={search_term_string}"},"query-input":{"@type":"PropertyValueSpecification","valueRequired":true,"valueName":"search_term_string"}}],"inLanguage":"de"},{"@type":"Organization","@id":"https:\/\/helvident.ch\/#organization","name":"Helvident - Zahnmedizinische Kliniken","url":"https:\/\/helvident.ch\/","logo":{"@type":"ImageObject","inLanguage":"de","@id":"https:\/\/helvident.ch\/#\/schema\/logo\/image\/","url":"https:\/\/helvident.ch\/wp-content\/uploads\/2019\/06\/logo@2x.png","contentUrl":"https:\/\/helvident.ch\/wp-content\/uploads\/2019\/06\/logo@2x.png","width":502,"height":120,"caption":"Helvident - Cliniques Dentaires"},"image":{"@id":"https:\/\/helvident.ch\/#\/schema\/logo\/image\/"},"sameAs":["https:\/\/www.facebook.com\/Helvident-Centre-Dentaire-Fribourg-SA-408825345872856\/"]}]}},"_links":{"self":[{"href":"https:\/\/helvident.ch\/de\/wp-json\/wp\/v2\/pages\/29070","targetHints":{"allow":["GET"]}}],"collection":[{"href":"https:\/\/helvident.ch\/de\/wp-json\/wp\/v2\/pages"}],"about":[{"href":"https:\/\/helvident.ch\/de\/wp-json\/wp\/v2\/types\/page"}],"author":[{"embeddable":true,"href":"https:\/\/helvident.ch\/de\/wp-json\/wp\/v2\/users\/1"}],"replies":[{"embeddable":true,"href":"https:\/\/helvident.ch\/de\/wp-json\/wp\/v2\/comments?post=29070"}],"version-history":[{"count":0,"href":"https:\/\/helvident.ch\/de\/wp-json\/wp\/v2\/pages\/29070\/revisions"}],"up":[{"embeddable":true,"href":"https:\/\/helvident.ch\/de\/wp-json\/wp\/v2\/pages\/29057"}],"wp:attachment":[{"href":"https:\/\/helvident.ch\/de\/wp-json\/wp\/v2\/media?parent=29070"}],"curies":[{"name":"wp","href":"https:\/\/api.w.org\/{rel}","templated":true}]}}