{"id":29049,"date":"2019-06-14T17:32:15","date_gmt":"2019-06-14T15:32:15","guid":{"rendered":"http:\/\/helvident.ch\/?page_id=29049"},"modified":"2025-02-05T15:50:14","modified_gmt":"2025-02-05T14:50:14","slug":"vorstellung","status":"publish","type":"page","link":"https:\/\/helvident.ch\/de\/vorstellung\/","title":{"rendered":"Pr\u00e4sentation"},"content":{"rendered":"<p>\n\n\t<section class=\"section need-toping\" id=\"section_742997434\">\n\t\t<div class=\"section-bg fill\" >\n\t\t\t\t\t\t\t\t\t\n\t\t\t\n\n\t\t<\/div>\n\n\t\t\n\n\t\t<div class=\"section-content relative\">\n\t\t\t\n\n\n  <div class=\"banner has-hover\" id=\"banner-1511303978\">\n          <div class=\"banner-inner fill\">\n        <div class=\"banner-bg fill\" >\n            <img loading=\"lazy\" decoding=\"async\" width=\"1020\" height=\"191\" src=\"https:\/\/helvident.ch\/wp-content\/uploads\/2019\/06\/matos-1024x192.jpg\" class=\"bg attachment-large size-large\" alt=\"\" \/>                                    \n                    <\/div>\n\t\t\n        <div class=\"banner-layers container\">\n            <div class=\"fill banner-link\"><\/div>            \n\n   <div id=\"text-box-916141297\" class=\"text-box banner-layer x50 md-x50 lg-x50 y50 md-y50 lg-y50 res-text\">\n                                <div class=\"text-box-content text dark\">\n              \n              <div class=\"text-inner text-center\">\n                  \n\n<\/p>\n<h1><span style=\"font-size: 75%;\">VORSTELLUNG VON HELVIDENT<\/span><\/h1>\n<p>\n\n              <\/div>\n           <\/div>\n                            \n<style>\n#text-box-916141297 {\n  width: 60%;\n}\n#text-box-916141297 .text-box-content {\n  font-size: 70%;\n}\n@media (min-width:550px) {\n  #text-box-916141297 {\n    width: 60%;\n  }\n  #text-box-916141297 .text-box-content {\n    font-size: 100%;\n  }\n}\n<\/style>\n    <\/div>\n \n\n        <\/div>\n      <\/div>\n\n            \n<style>\n#banner-1511303978 {\n  padding-top: 300px;\n}\n#banner-1511303978 .banner-bg img {\n  object-position: 59% 100%;\n}\n<\/style>\n  <\/div>\n\n\n\n\t\t<\/div>\n\n\t\t\n<style>\n#section_742997434 {\n  padding-top: 0px;\n  padding-bottom: 0px;\n}\n<\/style>\n\t<\/section>\n\t\n\n\t<section class=\"section\" id=\"section_1294075936\">\n\t\t<div class=\"section-bg fill\" >\n\t\t\t\t\t\t\t\t\t\n\t\t\t\n\n\t\t<\/div>\n\n\t\t\n\n\t\t<div class=\"section-content relative\">\n\t\t\t\n\n<div class=\"row\"  id=\"row-1027644325\">\n\n\n\t<div id=\"col-1165531410\" class=\"col medium-6 small-12 large-6\"  >\n\t\t\t\t<div class=\"col-inner\"  >\n\t\t\t\n\t\t\t\n\n<div class=\"container section-title-container\" ><h2 class=\"section-title section-title-normal\"><b aria-hidden=\"true\"><\/b><span class=\"section-title-main\" >UNSERE GESCHICHTE<\/span><b aria-hidden=\"true\"><\/b><\/h2><\/div>\n\n<\/p>\n<p>Wir er\u00f6ffneten den ersten <a href=\"#\">zahnmedizinisches Zentrum in Freiburg<\/a> im Jahr 2005 gegr\u00fcndet. Von Anfang an waren die Qualit\u00e4t der Pflege, das Eingehen auf die Patienten und die Professionalit\u00e4t die drei Grundpfeiler unserer Dienstleistungen.<\/p>\n<ul>\n<li>2005 (April): Gr\u00fcndung der EFK <strong>Centre Dentaire de Beauregard Freiburg<\/strong> SA.<\/li>\n<li>2007: Der <strong>Zahnzentrum<\/strong> wird in Ardentis Fribourg SA umbenannt, mit denselben Aktion\u00e4ren und demselben Personal.<\/li>\n<li>2010: Dr. Ga\u00ebl Butticaz, Gr\u00fcnder und Aktion\u00e4r, \u00fcbernimmt das Unternehmen vollst\u00e4ndig. <strong>Zahnzentrum<\/strong> die zu <strong>HELVIDENT<\/strong>. Das Personal wird beibehalten.<\/li>\n<\/ul>\n<p>Unser <strong>Zahnzentrum<\/strong> unterst\u00fctzte ein Jahr lang die Junioren von Gotteron. Seit 2006 sind wir durch unsere Teilnahme an der Crosse d'Or Sponsoren des Fribourg HC Gotteron. Hockey l\u00e4sst die Stadt Freiburg vibrieren und wir freuen uns, auf unserer Ebene daran teilhaben zu k\u00f6nnen.<\/p>\n<p>\n\n\t\t<\/div>\n\t\t\t\t\t<\/div>\n\n\t\n\n\t<div id=\"col-555490934\" class=\"col medium-6 small-12 large-6\"  >\n\t\t\t\t<div class=\"col-inner\"  >\n\t\t\t\n\t\t\t\n\n\t<div class=\"img has-hover x md-x lg-x y md-y lg-y\" id=\"image_1993329683\">\n\t\t\t\t\t\t\t\t<div class=\"img-inner dark\" >\n\t\t\t<img loading=\"lazy\" decoding=\"async\" width=\"800\" height=\"804\" src=\"https:\/\/helvident.ch\/wp-content\/uploads\/2019\/07\/presentation.jpg\" class=\"attachment-large size-large\" alt=\"zahnklinik lausanne\" srcset=\"https:\/\/helvident.ch\/wp-content\/uploads\/2019\/07\/presentation.jpg 800w, https:\/\/helvident.ch\/wp-content\/uploads\/2019\/07\/presentation-150x150.jpg 150w, https:\/\/helvident.ch\/wp-content\/uploads\/2019\/07\/presentation-768x772.jpg 768w\" sizes=\"auto, (max-width: 800px) 100vw, 800px\" \/>\t\t\t\t\t\t\n\t\t\t\t\t<\/div>\n\t\t\t\t\t\t\t\t\n<style>\n#image_1993329683 {\n  width: 100%;\n}\n<\/style>\n\t<\/div>\n\t\n\n\n\t\t<\/div>\n\t\t\t\t\t<\/div>\n\n\t\n\n<\/div>\n<div class=\"row\"  id=\"row-1571822189\">\n\n\n\t<div id=\"col-735211403\" class=\"col small-12 large-12\"  >\n\t\t\t\t<div class=\"col-inner\"  >\n\t\t\t\n\t\t\t\n\n<div class=\"container section-title-container\" ><h2 class=\"section-title section-title-normal\"><b aria-hidden=\"true\"><\/b><span class=\"section-title-main\" >UNSER TEAM<\/span><b aria-hidden=\"true\"><\/b><\/h2><\/div>\n\n<\/p>\n<p>Unser Team von <strong>Zahn\u00e4rzte <\/strong>hat sich allm\u00e4hlich vergr\u00f6\u00dfert, indem sie mit der Entwicklung des<strong> Zahnzentrum<\/strong>. Heute z\u00e4hlt sie etwa zehn von ihnen. Die meisten von ihnen arbeiten seit mehr als f\u00fcnf Jahren bei uns.<\/p>\n<p>Bei <strong>HELVIDENT<\/strong>Die effiziente und pers\u00f6nliche Betreuung unserer Patienten liegt uns sehr am Herzen. Aus diesem Grund werden Sie von demselben <strong>Zahnarzt<\/strong> bei jeder Konsultation. Gemeinsam bauen Sie ein Vertrauensverh\u00e4ltnis auf, das sich im Laufe der Jahre festigt. Niemand kennt Ihren Mund besser als Ihr <strong>Zahnarzt<\/strong> zugewiesen!<\/p>\n<p>Unser Zentrum vereint verschiedene Fachrichtungen, um Ihnen das Beste der <strong>Zahnmedizin<\/strong> : <strong><a href=\"#\">Kieferorthop\u00e4die<\/a>Parodontitis<\/strong>, <strong>Kinderzahnheilkunde<\/strong>, <strong>Oralchirurgie<\/strong>, <strong><a href=\"#\">Einsetzen von Zahnimplantaten<\/a><\/strong>... Ihr <strong>Zahnarzt<\/strong> <strong>bearbeitend <\/strong>muss m\u00f6glicherweise mit einem unserer Spezialisten zusammenarbeiten, um eine Beratung zu erhalten oder eine bestimmte Behandlung durchzuf\u00fchren.<\/p>\n<p>\n\n\t\t<\/div>\n\t\t\t\t\t<\/div>\n\n\t\n\n<\/div>\n<div class=\"row timing-row\"  id=\"row-653182730\">\n\n\n\t<div id=\"col-1460230754\" class=\"col small-12 large-12\"  >\n\t\t\t\t<div class=\"col-inner\"  >\n\t\t\t\n\t\t\t\n\n<div class=\"container section-title-container\" ><h2 class=\"section-title section-title-normal\"><b aria-hidden=\"true\"><\/b><span class=\"section-title-main\" >ZAHNKLINIK HELVIDENT IN FREIBURG<\/span><b aria-hidden=\"true\"><\/b><\/h2><\/div>\n\n<\/p>\n<p>Wir begr\u00fc\u00dfen Sie in einem <strong>Zahnzentrum<\/strong> modern 600 m<sup><small>2<\/small><\/sup> an der Avenue de Beauregard in Freiburg. Ein gro\u00dfer Wartesaal bietet Erwachsenen und Kindern die M\u00f6glichkeit, unter optimalen Bedingungen zu warten. In einer angenehmen Lounge-Atmosph\u00e4re stehen Ihnen B\u00fccher, Spiele und aktuelle Zeitschriften zur Verf\u00fcgung.<\/p>\n<p>Bei <strong>HELVIDENT<\/strong>Wir tun alles, um Ihnen w\u00e4hrend Ihrer Reise einen optimalen Komfort zu bieten. <strong>Zahnpflege<\/strong>. Wir sind uns bewusst, dass ein<strong> Zahnbehandlung<\/strong> ist nicht immer ein Zuckerschlecken, aber unser professionelles Team wird Ihnen Sicherheit geben und Sie f\u00fcrsorglich pflegen. Z\u00f6gern Sie nicht, Fragen zu stellen und uns Ihre Anmerkungen mitzuteilen.<\/p>\n<p>Unser <strong>Zahnzentrum <\/strong>verf\u00fcgt \u00fcber eine eigene Tiefgarage, die f\u00fcr unsere Patienten kostenlos ist. Vom Parkplatz oder vom Eingang des Geb\u00e4udes bringt Sie ein Aufzug direkt in den Empfangsbereich. Der Zugang ist f\u00fcr Personen mit eingeschr\u00e4nkter Mobilit\u00e4t sowie f\u00fcr Kinderwagen geeignet.<\/p>\n<ul>\n<li class=\"icon-address\">Av. de Beauregard 10 <br \/>1700 Freiburg<\/li>\n<li class=\"icon-call\">Tel. +41 26 309 26 26<\/li>\n<li class=\"icon-mail\">&#102;&#114;&#x69;&#x62;&#111;&#117;&#x72;&#x67;&#64;&#104;&#x65;&#x6c;&#118;&#105;&#x64;&#x65;&#110;&#116;&#x2e;&#x63;&#104;<\/li>\n<\/ul>\n<p>\n\n\t\t<\/div>\n\t\t\t\t\t<\/div>\n\n\t\n\n<\/div>\n<div class=\"row timing-row\"  id=\"row-1781535428\">\n\n\n\t<div id=\"col-1234206116\" class=\"col small-12 large-12\"  >\n\t\t\t\t<div class=\"col-inner\"  >\n\t\t\t\n\t\t\t\n\n<div class=\"container section-title-container\" ><h2 class=\"section-title section-title-normal\"><b aria-hidden=\"true\"><\/b><span class=\"section-title-main\" >ZAHNKLINIK HELVIDENT IN ST SULPICE \/ LAUSANNE<\/span><b aria-hidden=\"true\"><\/b><\/h2><\/div>\n\n<\/p>\n<p><strong>HELVIDENT<\/strong> empf\u00e4ngt Sie auch in St Sulpice in der N\u00e4he von Lausanne. Unser Team f\u00fchrt alle Behandlungen von der <strong>Zahnmedizin <\/strong>(<strong>Kieferorthop\u00e4die<\/strong>, <strong><a href=\"#\">Zahnimplantate<\/a><\/strong>, <strong>Entkalkung<\/strong>, usw.). Unseren Patienten steht ein kostenloser Parkplatz zur Verf\u00fcgung. Einfacher Zugang mit dem Bus 701 oder der TSOL.<\/p>\n<ul>\n<li class=\"icon-address\">Chemin des M\u00e9mises 2<br \/>1025 St Sulpice (gegen\u00fcber der EPFL und der UNI)<\/li>\n<li class=\"icon-call\">Tel. +41 21 694 25 25<\/li>\n<li class=\"icon-mail\">st-s&#117;&#108;&#112;&#105;&#99;&#101;&#64;&#x68;&#x65;&#x6c;&#x76;&#x69;&#x64;&#x65;&#x6e;&#x74;&#46;ch<\/li>\n<\/ul>\n<p>\n\n\t\t<\/div>\n\t\t\t\t\t<\/div>\n\n\t\n\n<\/div>\n<div class=\"row timing-row\"  id=\"row-1870756723\">\n\n\n\t<div id=\"col-1783257116\" class=\"col small-12 large-12\"  >\n\t\t\t\t<div class=\"col-inner\"  >\n\t\t\t\n\t\t\t\n\n<div class=\"container section-title-container\" ><h2 class=\"section-title section-title-normal\"><b aria-hidden=\"true\"><\/b><span class=\"section-title-main\" >ZAHN\u00c4RZTLICHES ZENTRUM DE LA TOUR IN AIGLE, KANTON VAUD<\/span><b aria-hidden=\"true\"><\/b><\/h2><\/div>\n\n<\/p>\n<p>Wir begr\u00fc\u00dfen Sie auch im <a href=\"https:\/\/www.centredentairedelatour.ch\" target=\"_blank\" rel=\"noopener noreferrer\">zahnmedizinisches Zentrum De La Tour<\/a> in Aigle im Kanton Waadt. Vereinbaren Sie einen Termin von Montag bis Freitag von 6:30 bis 20:00 Uhr und am Samstag von 9:00 bis 12:00 Uhr. Das Sekretariat ist montags bis freitags von 8:00 bis 18:00 Uhr und samstags von 9:00 bis 12:00 Uhr ge\u00f6ffnet.<\/p>\n<ul>\n<li class=\"icon-address\">Route Industrielle 10a<br \/>1860 Aigle<\/li>\n<li class=\"icon-call\">Tel. +4 24 466 55 44<\/li>\n<li class=\"icon-call\">Notf\u00e4lle au\u00dferhalb der \u00d6ffnungszeiten: 0848 133 133<\/li>\n<li class=\"icon-mail\">i&#110;&#x66;&#x6f;&#x40;c&#101;&#110;&#x74;&#x72;e&#100;&#101;&#x6e;&#x74;ai&#114;&#x65;&#x64;&#x65;l&#97;&#x74;&#x6f;&#x75;r&#46;&#99;&#x68;<\/li>\n<\/ul>\n<p>\n\n\n\t\t<\/div>\n\t\t\t\t\t<\/div>\n\n\t\n\n<\/div>\n\n\t\t<\/div>\n\n\t\t\n<style>\n#section_1294075936 {\n  padding-top: 60px;\n  padding-bottom: 60px;\n}\n<\/style>\n\t<\/section>\n\t\n<\/p>","protected":false},"excerpt":{"rendered":"","protected":false},"author":1,"featured_media":0,"parent":0,"menu_order":0,"comment_status":"closed","ping_status":"closed","template":"page-blank.php","meta":{"_acf_changed":false,"footnotes":""},"class_list":["post-29049","page","type-page","status-publish","hentry"],"acf":[],"yoast_head":"<!-- This site is optimized with the Yoast SEO plugin v27.3 - https:\/\/yoast.com\/product\/yoast-seo-wordpress\/ -->\n<title>Pr\u00e9sentation et histoire - HELVIDENT SUISSE<\/title>\n<meta name=\"description\" content=\"HELVIDENT vous accueille dans ses centres dentaires. D\u00e9couvrez notre histoire, nos \u00e9quipes de dentistes et de sp\u00e9cialistes, ainsi que nos cliniques.\" \/>\n<meta name=\"robots\" content=\"index, follow, max-snippet:-1, max-image-preview:large, max-video-preview:-1\" \/>\n<link rel=\"canonical\" href=\"https:\/\/helvident.ch\/de\/vorstellung\/\" \/>\n<meta property=\"og:locale\" content=\"de_DE\" \/>\n<meta property=\"og:type\" content=\"article\" \/>\n<meta property=\"og:title\" content=\"Pr\u00e9sentation et histoire - HELVIDENT SUISSE\" \/>\n<meta property=\"og:description\" content=\"HELVIDENT vous accueille dans ses centres dentaires. D\u00e9couvrez notre histoire, nos \u00e9quipes de dentistes et de sp\u00e9cialistes, ainsi que nos cliniques.\" \/>\n<meta property=\"og:url\" content=\"https:\/\/helvident.ch\/de\/vorstellung\/\" \/>\n<meta property=\"og:site_name\" content=\"Helvident\" \/>\n<meta property=\"article:publisher\" content=\"https:\/\/www.facebook.com\/Helvident-Centre-Dentaire-Fribourg-SA-408825345872856\/\" \/>\n<meta property=\"article:modified_time\" content=\"2025-02-05T14:50:14+00:00\" \/>\n<meta name=\"twitter:card\" content=\"summary_large_image\" \/>\n<meta name=\"twitter:label1\" content=\"Gesch\u00e4tzte Lesezeit\" \/>\n\t<meta name=\"twitter:data1\" content=\"3\u00a0Minuten\" \/>\n<script type=\"application\/ld+json\" class=\"yoast-schema-graph\">{\"@context\":\"https:\\\/\\\/schema.org\",\"@graph\":[{\"@type\":\"WebPage\",\"@id\":\"https:\\\/\\\/helvident.ch\\\/presentation\\\/\",\"url\":\"https:\\\/\\\/helvident.ch\\\/presentation\\\/\",\"name\":\"Pr\u00e9sentation et histoire - HELVIDENT SUISSE\",\"isPartOf\":{\"@id\":\"https:\\\/\\\/helvident.ch\\\/#website\"},\"datePublished\":\"2019-06-14T15:32:15+00:00\",\"dateModified\":\"2025-02-05T14:50:14+00:00\",\"description\":\"HELVIDENT vous accueille dans ses centres dentaires. D\u00e9couvrez notre histoire, nos \u00e9quipes de dentistes et de sp\u00e9cialistes, ainsi que nos cliniques.\",\"breadcrumb\":{\"@id\":\"https:\\\/\\\/helvident.ch\\\/presentation\\\/#breadcrumb\"},\"inLanguage\":\"de\",\"potentialAction\":[{\"@type\":\"ReadAction\",\"target\":[\"https:\\\/\\\/helvident.ch\\\/presentation\\\/\"]}]},{\"@type\":\"BreadcrumbList\",\"@id\":\"https:\\\/\\\/helvident.ch\\\/presentation\\\/#breadcrumb\",\"itemListElement\":[{\"@type\":\"ListItem\",\"position\":1,\"name\":\"Home\",\"item\":\"https:\\\/\\\/helvident.ch\\\/\"},{\"@type\":\"ListItem\",\"position\":2,\"name\":\"Pr\u00e9sentation\"}]},{\"@type\":\"WebSite\",\"@id\":\"https:\\\/\\\/helvident.ch\\\/#website\",\"url\":\"https:\\\/\\\/helvident.ch\\\/\",\"name\":\"Helvident\",\"description\":\"Cliniques Dentaires Lausanne - Aigle - Friboug\",\"publisher\":{\"@id\":\"https:\\\/\\\/helvident.ch\\\/#organization\"},\"potentialAction\":[{\"@type\":\"SearchAction\",\"target\":{\"@type\":\"EntryPoint\",\"urlTemplate\":\"https:\\\/\\\/helvident.ch\\\/?s={search_term_string}\"},\"query-input\":{\"@type\":\"PropertyValueSpecification\",\"valueRequired\":true,\"valueName\":\"search_term_string\"}}],\"inLanguage\":\"de\"},{\"@type\":\"Organization\",\"@id\":\"https:\\\/\\\/helvident.ch\\\/#organization\",\"name\":\"Helvident - Cliniques Dentaires\",\"url\":\"https:\\\/\\\/helvident.ch\\\/\",\"logo\":{\"@type\":\"ImageObject\",\"inLanguage\":\"de\",\"@id\":\"https:\\\/\\\/helvident.ch\\\/#\\\/schema\\\/logo\\\/image\\\/\",\"url\":\"https:\\\/\\\/helvident.ch\\\/wp-content\\\/uploads\\\/2019\\\/06\\\/logo@2x.png\",\"contentUrl\":\"https:\\\/\\\/helvident.ch\\\/wp-content\\\/uploads\\\/2019\\\/06\\\/logo@2x.png\",\"width\":502,\"height\":120,\"caption\":\"Helvident - Cliniques Dentaires\"},\"image\":{\"@id\":\"https:\\\/\\\/helvident.ch\\\/#\\\/schema\\\/logo\\\/image\\\/\"},\"sameAs\":[\"https:\\\/\\\/www.facebook.com\\\/Helvident-Centre-Dentaire-Fribourg-SA-408825345872856\\\/\"]}]}<\/script>\n<!-- \/ Yoast SEO plugin. -->","yoast_head_json":{"title":"Vorstellung und Geschichte - HELVIDENT SCHWEIZ","description":"HELVIDENT hei\u00dft Sie in seinen Zahnarztpraxen willkommen. Erfahren Sie mehr \u00fcber unsere Geschichte, unsere Teams aus Zahn\u00e4rzten und Spezialisten sowie unsere Kliniken.","robots":{"index":"index","follow":"follow","max-snippet":"max-snippet:-1","max-image-preview":"max-image-preview:large","max-video-preview":"max-video-preview:-1"},"canonical":"https:\/\/helvident.ch\/de\/vorstellung\/","og_locale":"de_DE","og_type":"article","og_title":"Pr\u00e9sentation et histoire - HELVIDENT SUISSE","og_description":"HELVIDENT vous accueille dans ses centres dentaires. D\u00e9couvrez notre histoire, nos \u00e9quipes de dentistes et de sp\u00e9cialistes, ainsi que nos cliniques.","og_url":"https:\/\/helvident.ch\/de\/vorstellung\/","og_site_name":"Helvident","article_publisher":"https:\/\/www.facebook.com\/Helvident-Centre-Dentaire-Fribourg-SA-408825345872856\/","article_modified_time":"2025-02-05T14:50:14+00:00","twitter_card":"summary_large_image","twitter_misc":{"Gesch\u00e4tzte Lesezeit":"3\u00a0Minuten"},"schema":{"@context":"https:\/\/schema.org","@graph":[{"@type":"WebPage","@id":"https:\/\/helvident.ch\/presentation\/","url":"https:\/\/helvident.ch\/presentation\/","name":"Vorstellung und Geschichte - HELVIDENT SCHWEIZ","isPartOf":{"@id":"https:\/\/helvident.ch\/#website"},"datePublished":"2019-06-14T15:32:15+00:00","dateModified":"2025-02-05T14:50:14+00:00","description":"HELVIDENT hei\u00dft Sie in seinen Zahnarztpraxen willkommen. Erfahren Sie mehr \u00fcber unsere Geschichte, unsere Teams aus Zahn\u00e4rzten und Spezialisten sowie unsere Kliniken.","breadcrumb":{"@id":"https:\/\/helvident.ch\/presentation\/#breadcrumb"},"inLanguage":"de","potentialAction":[{"@type":"ReadAction","target":["https:\/\/helvident.ch\/presentation\/"]}]},{"@type":"BreadcrumbList","@id":"https:\/\/helvident.ch\/presentation\/#breadcrumb","itemListElement":[{"@type":"ListItem","position":1,"name":"Home","item":"https:\/\/helvident.ch\/"},{"@type":"ListItem","position":2,"name":"Pr\u00e9sentation"}]},{"@type":"WebSite","@id":"https:\/\/helvident.ch\/#website","url":"https:\/\/helvident.ch\/","name":"Helvident","description":"Zahnkliniken Lausanne - Aigle - Friboug","publisher":{"@id":"https:\/\/helvident.ch\/#organization"},"potentialAction":[{"@type":"SearchAction","target":{"@type":"EntryPoint","urlTemplate":"https:\/\/helvident.ch\/?s={search_term_string}"},"query-input":{"@type":"PropertyValueSpecification","valueRequired":true,"valueName":"search_term_string"}}],"inLanguage":"de"},{"@type":"Organization","@id":"https:\/\/helvident.ch\/#organization","name":"Helvident - Zahnmedizinische Kliniken","url":"https:\/\/helvident.ch\/","logo":{"@type":"ImageObject","inLanguage":"de","@id":"https:\/\/helvident.ch\/#\/schema\/logo\/image\/","url":"https:\/\/helvident.ch\/wp-content\/uploads\/2019\/06\/logo@2x.png","contentUrl":"https:\/\/helvident.ch\/wp-content\/uploads\/2019\/06\/logo@2x.png","width":502,"height":120,"caption":"Helvident - Cliniques Dentaires"},"image":{"@id":"https:\/\/helvident.ch\/#\/schema\/logo\/image\/"},"sameAs":["https:\/\/www.facebook.com\/Helvident-Centre-Dentaire-Fribourg-SA-408825345872856\/"]}]}},"_links":{"self":[{"href":"https:\/\/helvident.ch\/de\/wp-json\/wp\/v2\/pages\/29049","targetHints":{"allow":["GET"]}}],"collection":[{"href":"https:\/\/helvident.ch\/de\/wp-json\/wp\/v2\/pages"}],"about":[{"href":"https:\/\/helvident.ch\/de\/wp-json\/wp\/v2\/types\/page"}],"author":[{"embeddable":true,"href":"https:\/\/helvident.ch\/de\/wp-json\/wp\/v2\/users\/1"}],"replies":[{"embeddable":true,"href":"https:\/\/helvident.ch\/de\/wp-json\/wp\/v2\/comments?post=29049"}],"version-history":[{"count":2,"href":"https:\/\/helvident.ch\/de\/wp-json\/wp\/v2\/pages\/29049\/revisions"}],"predecessor-version":[{"id":30842,"href":"https:\/\/helvident.ch\/de\/wp-json\/wp\/v2\/pages\/29049\/revisions\/30842"}],"wp:attachment":[{"href":"https:\/\/helvident.ch\/de\/wp-json\/wp\/v2\/media?parent=29049"}],"curies":[{"name":"wp","href":"https:\/\/api.w.org\/{rel}","templated":true}]}}