{"id":28969,"date":"2019-06-08T00:48:21","date_gmt":"2019-06-07T22:48:21","guid":{"rendered":"http:\/\/helvident.ch\/?page_id=28969"},"modified":"2025-02-05T15:47:24","modified_gmt":"2025-02-05T14:47:24","slug":"notfalle","status":"publish","type":"page","link":"https:\/\/helvident.ch\/de\/notfalle\/","title":{"rendered":"Notf\u00e4lle"},"content":{"rendered":"<section class=\"section need-toping\" id=\"section_1566563075\">\n\t\t<div class=\"section-bg fill\" >\n\t\t\t\t\t\t\t\t\t\n\t\t\t\n\n\t\t<\/div>\n\n\t\t\n\n\t\t<div class=\"section-content relative\">\n\t\t\t\n\n\n  <div class=\"banner has-hover\" id=\"banner-2006347806\">\n          <div class=\"banner-inner fill\">\n        <div class=\"banner-bg fill\" >\n            <img loading=\"lazy\" decoding=\"async\" width=\"1020\" height=\"191\" src=\"https:\/\/helvident.ch\/wp-content\/uploads\/2019\/06\/matos-1024x192.jpg\" class=\"bg attachment-large size-large\" alt=\"\" \/>                                    \n                    <\/div>\n\t\t\n        <div class=\"banner-layers container\">\n            <div class=\"fill banner-link\"><\/div>            \n\n   <div id=\"text-box-1508858710\" class=\"text-box banner-layer x50 md-x50 lg-x50 y50 md-y50 lg-y50 res-text\">\n                                <div class=\"text-box-content text dark\">\n              \n              <div class=\"text-inner text-center\">\n                  \n\n<h1>Zahn\u00e4rztliche Notf\u00e4lle<\/h1>\n\n              <\/div>\n           <\/div>\n                            \n<style>\n#text-box-1508858710 {\n  width: 60%;\n}\n#text-box-1508858710 .text-box-content {\n  font-size: 100%;\n}\n<\/style>\n    <\/div>\n \n\n        <\/div>\n      <\/div>\n\n            \n<style>\n#banner-2006347806 {\n  padding-top: 300px;\n}\n<\/style>\n  <\/div>\n\n\n\n\t\t<\/div>\n\n\t\t\n<style>\n#section_1566563075 {\n  padding-top: 0px;\n  padding-bottom: 0px;\n}\n<\/style>\n\t<\/section>\n\t\n\n\t<section class=\"section\" id=\"section_522289381\">\n\t\t<div class=\"section-bg fill\" >\n\t\t\t\t\t\t\t\t\t\n\t\t\t\n\n\t\t<\/div>\n\n\t\t\n\n\t\t<div class=\"section-content relative\">\n\t\t\t\n\n<div class=\"row\"  id=\"row-723979063\">\n\n\n\t<div id=\"col-790291316\" class=\"col medium-8 small-12 large-8\"  >\n\t\t\t\t<div class=\"col-inner\"  >\n\t\t\t\n\t\t\t\n\n<div class=\"container section-title-container\" ><h2 class=\"section-title section-title-normal\"><b aria-hidden=\"true\"><\/b><span class=\"section-title-main\" >Zahn\u00e4rztliche Notf\u00e4lle von Montag bis Samstag<\/span><b aria-hidden=\"true\"><\/b><\/h2><\/div>\n\n<p>Zahnschmerzen oder -traumata k\u00f6nnen jederzeit auftreten. Deshalb halten unsere Zahn\u00e4rzte jeden Tag Zeitfenster frei, um auf zahn\u00e4rztliche Notf\u00e4lle reagieren zu k\u00f6nnen.\u00a0<\/p>\n<p>Von Montag bis Samstag - w\u00e4hrend der \u00d6ffnungszeiten - sind wir in der Lage, Ihre zahn\u00e4rztlichen Notf\u00e4lle zu versorgen. Um die beste Unterst\u00fctzung zu erhalten, rufen Sie uns bitte an, bevor Sie eine unserer Zahnkliniken aufsuchen. <\/p>\n\n\t\t<\/div>\n\t\t\t\t\t<\/div>\n\n\t\n\n\t<div id=\"col-373180222\" class=\"col medium-4 small-12 large-4\"  >\n\t\t\t\t<div class=\"col-inner\"  >\n\t\t\t\n\t\t\t\n\n\t<div class=\"img has-hover x md-x lg-x y md-y lg-y\" id=\"image_136026607\">\n\t\t\t\t\t\t\t\t<div class=\"img-inner dark\" >\n\t\t\t<img loading=\"lazy\" decoding=\"async\" width=\"428\" height=\"433\" src=\"https:\/\/helvident.ch\/wp-content\/uploads\/2019\/06\/dental.png\" class=\"attachment-original size-original\" alt=\"\" srcset=\"https:\/\/helvident.ch\/wp-content\/uploads\/2019\/06\/dental.png 428w, https:\/\/helvident.ch\/wp-content\/uploads\/2019\/06\/dental-297x300.png 297w\" sizes=\"auto, (max-width: 428px) 100vw, 428px\" \/>\t\t\t\t\t\t\n\t\t\t\t\t<\/div>\n\t\t\t\t\t\t\t\t\n<style>\n#image_136026607 {\n  width: 100%;\n}\n<\/style>\n\t<\/div>\n\t\n\n\n\t\t<\/div>\n\t\t\t\t\t<\/div>\n\n\t\n\n<\/div>\n<div class=\"container section-title-container\" ><h2 class=\"section-title section-title-normal\"><b aria-hidden=\"true\"><\/b><span class=\"section-title-main\" >\u00d6ffnungszeiten unserer Zahnarztpraxen<\/span><b aria-hidden=\"true\"><\/b><\/h2><\/div>\n\n<div class=\"row timing-row\"  id=\"row-1790779187\">\n\n\n\t<div id=\"col-53079254\" class=\"col small-12 large-12\"  >\n\t\t\t\t<div class=\"col-inner\"  >\n\t\t\t\n\t\t\t\n\n<div class=\"row\"  id=\"row-1175649994\">\n\n\n\t<div id=\"col-723117524\" class=\"col medium-4 small-12 large-4\"  >\n\t\t\t\t<div class=\"col-inner\"  >\n\t\t\t\n\t\t\t\n\n<h3>Klinik St-Sulpice \/ Lausanne<\/h3>\n<ul>\n<li class=\"icon-time\">Woche: von 7 Uhr bis 19 Uhr <br \/>Samstag: geschlossen<\/li>\n<li class=\"icon-address\">Ch des Memises 2<br \/>1025 St Sulpice<\/li>\n<li class=\"icon-call\">Tel. +41 21 694 25 25<\/li>\n<li class=\"icon-mail\">&#115;&#x74;&#45;&#x73;u&#x6c;p&#105;&#x63;&#101;&#x40;h&#x65;l&#118;&#x69;&#100;&#x65;n&#x74;&#46;&#99;&#x68;<\/li>\n<\/ul>\n\n\t\t<\/div>\n\t\t\t\t\t<\/div>\n\n\t\n\n\t<div id=\"col-654764909\" class=\"col medium-4 small-12 large-4\"  >\n\t\t\t\t<div class=\"col-inner\"  >\n\t\t\t\n\t\t\t\n\n<h3>Klinik Freiburg<\/h3>\n<ul>\n<li class=\"icon-time\">Woche: von 7 Uhr bis 19 Uhr <br \/> Samstag: von 9 bis 16 Uhr<\/li>\n<li class=\"icon-address\">Av. de Beauregard 10 <br \/>1700 Freiburg<\/li>\n<li class=\"icon-call\">Tel. +41 26 309 26 26<\/li>\n<li class=\"icon-mail\">&#102;&#x72;&#105;&#x62;&#111;&#x75;r&#x67;&#64;&#104;&#x65;&#108;&#x76;&#105;&#x64;e&#x6e;t&#46;&#x63;&#104;<\/li>\n<\/ul>\n\n\t\t<\/div>\n\t\t\t\t\t<\/div>\n\n\t\n\n\t<div id=\"col-752166757\" class=\"col medium-4 small-12 large-4\"  >\n\t\t\t\t<div class=\"col-inner\"  >\n\t\t\t\n\t\t\t\n\n<h3>Klinik La Tour \/ Aigle<\/h3>\n<ul>\n<li class=\"icon-time\">Woche: von 6:30 bis 20:00 Uhr <br \/> Samstag: von 9 bis 12 Uhr<\/li>\n<li class=\"icon-address\">Route Industrielle 10a<br \/>\n1860 Aigle<\/li>\n<li class=\"icon-call\">Tel. +41 24 466 55 44<\/li>\n<li class=\"icon-mail\">&#x69;&#110;&#x66;&#111;&#64;&#x63;&#101;n&#x74;&#114;&#x65;&#x64;e&#x6e;&#116;a&#x69;&#114;&#x65;&#x64;e&#x6c;&#97;t&#x6f;&#117;r&#x2e;&#99;&#x68;<\/li>\n<\/ul>\n\n\n\t\t<\/div>\n\t\t\t\t\t<\/div>\n\n\t\n\n<\/div>\n\n\t\t<\/div>\n\t\t\t\t\t<\/div>\n\n\t\n\n<\/div>\n<div class=\"row opening-table-row\"  id=\"row-1503729462\">\n\n\n\t<div id=\"col-168781509\" class=\"col small-12 large-12\"  >\n\t\t\t\t<div class=\"col-inner\"  >\n\t\t\t\n\t\t\t\n\n<div class=\"container section-title-container\" ><h3 class=\"section-title section-title-normal\"><b aria-hidden=\"true\"><\/b><span class=\"section-title-main\" >\u00d6ffnungszeiten an Feiertagen<\/span><b aria-hidden=\"true\"><\/b><\/h3><\/div>\n\n<table>\n<tr>\n<th> Urlaub <\/th><\/p>\n<th> Termine 2019 <\/th><\/p>\n<th> Klinik La Tour <br \/> \/ Adler<\/th><\/p>\n<th> Klinik Freiburg <\/th><\/p>\n<th> St-Sulpice-Klinik <br \/> \/ Lausanne <\/th><br \/>\n<\/tr><\/p>\n<tr>\n<td> Karfreitag <\/td><\/p>\n<td> Freitag, 19. April <\/td><\/p>\n<td> 9:00 bis 12:00 Uhr <\/td><\/p>\n<td> 9:00 bis 12:00 Uhr <\/td><\/p>\n<td> 9:00 bis 12:00 Uhr <\/td><br \/>\n<\/tr><\/p>\n<tr>\n<td> Ostermontag <\/td><\/p>\n<td> Montag, 22. April <\/td><\/p>\n<td> 9:00 bis 12:00 Uhr <\/td><\/p>\n<td> 9:00 bis 12:00 Uhr <\/td><\/p>\n<td> &#8211; <\/td><br \/>\n<\/tr><\/p>\n<tr>\n<td> Aufstieg <\/td><\/p>\n<td> Donnerstag, 30. Mai <\/td><\/p>\n<td> &#8211; <\/td><\/p>\n<td> 9:00 bis 12:00 Uhr <\/td><\/p>\n<td> 9:00 bis 12:00 Uhr <\/td><br \/>\n<\/tr><\/p>\n<tr>\n<td> Pfingsten <\/td><\/p>\n<td> Montag, 10. Juni <\/td><\/p>\n<td> 9:00 bis 12:00 Uhr <\/td><\/p>\n<td> 9:00 bis 12:00 Uhr <\/td><\/p>\n<td> 9:00 bis 12:00 Uhr <\/td><br \/>\n<\/tr><\/p>\n<tr>\n<td> Nationalfeiertag <\/td><\/p>\n<td> Donnerstag, 1. August <\/td><\/p>\n<td> 9:00 bis 12:00 Uhr <\/td><\/p>\n<td> &#8211; <\/td><\/p>\n<td> 9:00 bis 12:00 Uhr <\/td><br \/>\n<\/tr><\/p>\n<tr>\n<td> Genfer Fasten <\/td><\/p>\n<td> Donnerstag, 5. September <\/td><\/p>\n<td> 9:00 bis 12:00 Uhr <\/td><\/p>\n<td> 9:00 bis 12:00 Uhr <\/td><\/p>\n<td> &#8211; <\/td><br \/>\n<\/tr><\/p>\n<tr>\n<td> Weihnachten <\/td><\/p>\n<td> Mittwoch, 25. Dezember <\/td><\/p>\n<td> 9:00 bis 12:00 Uhr <\/td><\/p>\n<td> 9:00 bis 12:00 Uhr <\/td><\/p>\n<td> 9:00 bis 12:00 Uhr <\/td><br \/>\n<\/tr><\/p>\n<tr>\n<td> Silvester <\/td><\/p>\n<td> Dienstag, 31. Dezember <\/td><\/p>\n<td> &#8211; <\/td><\/p>\n<td> 9:00 bis 12:00 Uhr <\/td><\/p>\n<td> 9:00 bis 12:00 Uhr <\/td><br \/>\n<\/tr><\/p>\n<tr>\n<td> Neues Jahr <\/td><\/p>\n<td> Mittwoch, 1. Januar 2020 <\/td><\/p>\n<td> 9:00 bis 12:00 Uhr <\/td><\/p>\n<td> 9:00 bis 12:00 Uhr <\/td><\/p>\n<td> 9:00 bis 12:00 Uhr <\/td><br \/>\n<\/tr><br \/>\n<\/table>\n\n\t\t<\/div>\n\t\t\t\t\t<\/div>\n\n\t\n\n<\/div>\n\n\t\t<\/div>\n\n\t\t\n<style>\n#section_522289381 {\n  padding-top: 60px;\n  padding-bottom: 60px;\n}\n<\/style>\n\t<\/section>","protected":false},"excerpt":{"rendered":"","protected":false},"author":1,"featured_media":0,"parent":0,"menu_order":0,"comment_status":"closed","ping_status":"closed","template":"page-blank.php","meta":{"_acf_changed":false,"footnotes":""},"class_list":["post-28969","page","type-page","status-publish","hentry"],"acf":[],"yoast_head":"<!-- This site is optimized with the Yoast SEO plugin v27.3 - https:\/\/yoast.com\/product\/yoast-seo-wordpress\/ -->\n<title>Urgences dentaires Lausanne, Aigle, Fribourg - Helvident<\/title>\n<meta name=\"description\" content=\"Urgences dentaires en suisse romande, Lausanne, Aigle, Fribourg. Sans rendez-vous, mais appel pr\u00e9ablable afin bien vous soignez.\" \/>\n<meta name=\"robots\" content=\"index, follow, max-snippet:-1, max-image-preview:large, max-video-preview:-1\" \/>\n<link rel=\"canonical\" href=\"https:\/\/helvident.ch\/de\/notfalle\/\" \/>\n<meta property=\"og:locale\" content=\"de_DE\" \/>\n<meta property=\"og:type\" content=\"article\" \/>\n<meta property=\"og:title\" content=\"Urgences dentaires Lausanne, Aigle, Fribourg - Helvident\" \/>\n<meta property=\"og:description\" content=\"Urgences dentaires en suisse romande, Lausanne, Aigle, Fribourg. Sans rendez-vous, mais appel pr\u00e9ablable afin bien vous soignez.\" \/>\n<meta property=\"og:url\" content=\"https:\/\/helvident.ch\/de\/notfalle\/\" \/>\n<meta property=\"og:site_name\" content=\"Helvident\" \/>\n<meta property=\"article:publisher\" content=\"https:\/\/www.facebook.com\/Helvident-Centre-Dentaire-Fribourg-SA-408825345872856\/\" \/>\n<meta property=\"article:modified_time\" content=\"2025-02-05T14:47:24+00:00\" \/>\n<meta name=\"twitter:card\" content=\"summary_large_image\" \/>\n<meta name=\"twitter:label1\" content=\"Gesch\u00e4tzte Lesezeit\" \/>\n\t<meta name=\"twitter:data1\" content=\"2\u00a0Minuten\" \/>\n<script type=\"application\/ld+json\" class=\"yoast-schema-graph\">{\"@context\":\"https:\\\/\\\/schema.org\",\"@graph\":[{\"@type\":\"WebPage\",\"@id\":\"https:\\\/\\\/helvident.ch\\\/urgences\\\/\",\"url\":\"https:\\\/\\\/helvident.ch\\\/urgences\\\/\",\"name\":\"Urgences dentaires Lausanne, Aigle, Fribourg - Helvident\",\"isPartOf\":{\"@id\":\"https:\\\/\\\/helvident.ch\\\/#website\"},\"datePublished\":\"2019-06-07T22:48:21+00:00\",\"dateModified\":\"2025-02-05T14:47:24+00:00\",\"description\":\"Urgences dentaires en suisse romande, Lausanne, Aigle, Fribourg. Sans rendez-vous, mais appel pr\u00e9ablable afin bien vous soignez.\",\"breadcrumb\":{\"@id\":\"https:\\\/\\\/helvident.ch\\\/urgences\\\/#breadcrumb\"},\"inLanguage\":\"de\",\"potentialAction\":[{\"@type\":\"ReadAction\",\"target\":[\"https:\\\/\\\/helvident.ch\\\/urgences\\\/\"]}]},{\"@type\":\"BreadcrumbList\",\"@id\":\"https:\\\/\\\/helvident.ch\\\/urgences\\\/#breadcrumb\",\"itemListElement\":[{\"@type\":\"ListItem\",\"position\":1,\"name\":\"Home\",\"item\":\"https:\\\/\\\/helvident.ch\\\/\"},{\"@type\":\"ListItem\",\"position\":2,\"name\":\"Urgences\"}]},{\"@type\":\"WebSite\",\"@id\":\"https:\\\/\\\/helvident.ch\\\/#website\",\"url\":\"https:\\\/\\\/helvident.ch\\\/\",\"name\":\"Helvident\",\"description\":\"Cliniques Dentaires Lausanne - Aigle - Friboug\",\"publisher\":{\"@id\":\"https:\\\/\\\/helvident.ch\\\/#organization\"},\"potentialAction\":[{\"@type\":\"SearchAction\",\"target\":{\"@type\":\"EntryPoint\",\"urlTemplate\":\"https:\\\/\\\/helvident.ch\\\/?s={search_term_string}\"},\"query-input\":{\"@type\":\"PropertyValueSpecification\",\"valueRequired\":true,\"valueName\":\"search_term_string\"}}],\"inLanguage\":\"de\"},{\"@type\":\"Organization\",\"@id\":\"https:\\\/\\\/helvident.ch\\\/#organization\",\"name\":\"Helvident - Cliniques Dentaires\",\"url\":\"https:\\\/\\\/helvident.ch\\\/\",\"logo\":{\"@type\":\"ImageObject\",\"inLanguage\":\"de\",\"@id\":\"https:\\\/\\\/helvident.ch\\\/#\\\/schema\\\/logo\\\/image\\\/\",\"url\":\"https:\\\/\\\/helvident.ch\\\/wp-content\\\/uploads\\\/2019\\\/06\\\/logo@2x.png\",\"contentUrl\":\"https:\\\/\\\/helvident.ch\\\/wp-content\\\/uploads\\\/2019\\\/06\\\/logo@2x.png\",\"width\":502,\"height\":120,\"caption\":\"Helvident - Cliniques Dentaires\"},\"image\":{\"@id\":\"https:\\\/\\\/helvident.ch\\\/#\\\/schema\\\/logo\\\/image\\\/\"},\"sameAs\":[\"https:\\\/\\\/www.facebook.com\\\/Helvident-Centre-Dentaire-Fribourg-SA-408825345872856\\\/\"]}]}<\/script>\n<!-- \/ Yoast SEO plugin. -->","yoast_head_json":{"title":"Zahn\u00e4rztliche Notf\u00e4lle Lausanne, Aigle, Freiburg - Helvident","description":"Zahn\u00e4rztliche Notf\u00e4lle in der Westschweiz, Lausanne, Aigle, Freiburg. Ohne Termin, aber mit vorherigem Anruf, damit Sie gut versorgt sind.","robots":{"index":"index","follow":"follow","max-snippet":"max-snippet:-1","max-image-preview":"max-image-preview:large","max-video-preview":"max-video-preview:-1"},"canonical":"https:\/\/helvident.ch\/de\/notfalle\/","og_locale":"de_DE","og_type":"article","og_title":"Urgences dentaires Lausanne, Aigle, Fribourg - Helvident","og_description":"Urgences dentaires en suisse romande, Lausanne, Aigle, Fribourg. Sans rendez-vous, mais appel pr\u00e9ablable afin bien vous soignez.","og_url":"https:\/\/helvident.ch\/de\/notfalle\/","og_site_name":"Helvident","article_publisher":"https:\/\/www.facebook.com\/Helvident-Centre-Dentaire-Fribourg-SA-408825345872856\/","article_modified_time":"2025-02-05T14:47:24+00:00","twitter_card":"summary_large_image","twitter_misc":{"Gesch\u00e4tzte Lesezeit":"2\u00a0Minuten"},"schema":{"@context":"https:\/\/schema.org","@graph":[{"@type":"WebPage","@id":"https:\/\/helvident.ch\/urgences\/","url":"https:\/\/helvident.ch\/urgences\/","name":"Zahn\u00e4rztliche Notf\u00e4lle Lausanne, Aigle, Freiburg - Helvident","isPartOf":{"@id":"https:\/\/helvident.ch\/#website"},"datePublished":"2019-06-07T22:48:21+00:00","dateModified":"2025-02-05T14:47:24+00:00","description":"Zahn\u00e4rztliche Notf\u00e4lle in der Westschweiz, Lausanne, Aigle, Freiburg. Ohne Termin, aber mit vorherigem Anruf, damit Sie gut versorgt sind.","breadcrumb":{"@id":"https:\/\/helvident.ch\/urgences\/#breadcrumb"},"inLanguage":"de","potentialAction":[{"@type":"ReadAction","target":["https:\/\/helvident.ch\/urgences\/"]}]},{"@type":"BreadcrumbList","@id":"https:\/\/helvident.ch\/urgences\/#breadcrumb","itemListElement":[{"@type":"ListItem","position":1,"name":"Home","item":"https:\/\/helvident.ch\/"},{"@type":"ListItem","position":2,"name":"Urgences"}]},{"@type":"WebSite","@id":"https:\/\/helvident.ch\/#website","url":"https:\/\/helvident.ch\/","name":"Helvident","description":"Zahnkliniken Lausanne - Aigle - Friboug","publisher":{"@id":"https:\/\/helvident.ch\/#organization"},"potentialAction":[{"@type":"SearchAction","target":{"@type":"EntryPoint","urlTemplate":"https:\/\/helvident.ch\/?s={search_term_string}"},"query-input":{"@type":"PropertyValueSpecification","valueRequired":true,"valueName":"search_term_string"}}],"inLanguage":"de"},{"@type":"Organization","@id":"https:\/\/helvident.ch\/#organization","name":"Helvident - Zahnmedizinische Kliniken","url":"https:\/\/helvident.ch\/","logo":{"@type":"ImageObject","inLanguage":"de","@id":"https:\/\/helvident.ch\/#\/schema\/logo\/image\/","url":"https:\/\/helvident.ch\/wp-content\/uploads\/2019\/06\/logo@2x.png","contentUrl":"https:\/\/helvident.ch\/wp-content\/uploads\/2019\/06\/logo@2x.png","width":502,"height":120,"caption":"Helvident - Cliniques Dentaires"},"image":{"@id":"https:\/\/helvident.ch\/#\/schema\/logo\/image\/"},"sameAs":["https:\/\/www.facebook.com\/Helvident-Centre-Dentaire-Fribourg-SA-408825345872856\/"]}]}},"_links":{"self":[{"href":"https:\/\/helvident.ch\/de\/wp-json\/wp\/v2\/pages\/28969","targetHints":{"allow":["GET"]}}],"collection":[{"href":"https:\/\/helvident.ch\/de\/wp-json\/wp\/v2\/pages"}],"about":[{"href":"https:\/\/helvident.ch\/de\/wp-json\/wp\/v2\/types\/page"}],"author":[{"embeddable":true,"href":"https:\/\/helvident.ch\/de\/wp-json\/wp\/v2\/users\/1"}],"replies":[{"embeddable":true,"href":"https:\/\/helvident.ch\/de\/wp-json\/wp\/v2\/comments?post=28969"}],"version-history":[{"count":1,"href":"https:\/\/helvident.ch\/de\/wp-json\/wp\/v2\/pages\/28969\/revisions"}],"predecessor-version":[{"id":30840,"href":"https:\/\/helvident.ch\/de\/wp-json\/wp\/v2\/pages\/28969\/revisions\/30840"}],"wp:attachment":[{"href":"https:\/\/helvident.ch\/de\/wp-json\/wp\/v2\/media?parent=28969"}],"curies":[{"name":"wp","href":"https:\/\/api.w.org\/{rel}","templated":true}]}}